{"id":27,"date":"2024-04-04T03:04:22","date_gmt":"2024-04-04T00:04:22","guid":{"rendered":"https:\/\/sisu.ut.ee\/aktiivope\/soovitused-oppijale\/"},"modified":"2024-04-04T03:04:36","modified_gmt":"2024-04-04T00:04:36","slug":"soovitused-oppijale","status":"publish","type":"page","link":"https:\/\/sisu.ut.ee\/aktiivope\/soovitused-oppijale\/","title":{"rendered":"Soovitused \u00f5ppijale"},"content":{"rendered":"<ul id=\"yui_3_15_0_3_1475041431106_677\">\n<li>P\u00fc\u00fca sundida end \u00f5igel ajal t\u00f6\u00f6d alustama ja l\u00f5petama.<\/li>\n<li>Kui oled ajah\u00e4das, informeeri oma r\u00fchmakaaslasi ette, mitte tagantj\u00e4rele.<\/li>\n<li>Loe t\u00e4helepanelikult l\u00e4bi \u00f5ppematerjal, millel \u00fclesanne baseerub.<\/li>\n<li>Loe t\u00e4helepanelikult l\u00e4bi t\u00f6\u00f6juhised.<\/li>\n<li>Kontrollige, kas k\u00f5ik on r\u00fchmas \u00fchtemoodi \u00fclesandest aru saanud \u2013 kirjuta\/\u00fctle enda r\u00fchmakaaslastele, mida te sinu arvates peaksite edasi tegema.<\/li>\n<li>Leppige r\u00fchmas kokku osa\u00fclesanded ja t\u00e4htajad.<\/li>\n<li>Julgusta oma r\u00fchmakaaslasi ja vajadusel juhenda neid.<\/li>\n<li>Vajadusel (ka \u00fclesande t\u00e4psustamiseks) k\u00fcsi abi\/n\u00f5u kursuse juhendajalt v\u00f5i tuutorilt.<\/li>\n<li>\u00c4rge kalduge r\u00fchmas teemast k\u00f5rvale \u2013 vajadusel tee r\u00fchmakaaslasele asjakohane m\u00e4rkus v\u00f5i suuna teda k\u00fcsimusega.<\/li>\n<li>Kasutage r\u00fchmas suhtlemiseks erinevaid\/sobivaid vahendeid: as\u00fcnkroonseid ja s\u00fcnkroonseid.<\/li>\n<li>Suhtu kriitiliselt loetud ja kuuldud informatsiooni, mitte kirjutajasse ja \u00fctlejasse.<\/li>\n<li>Keskendu parima lahenduseni j\u00f5udmisele, mitte v\u00f5idule.<\/li>\n<li>Julgusta kaas\u00f5ppijaid oma m\u00f5tteid avaldama, et koguda v\u00f5imalikult palju vajalikku infot.<\/li>\n<li>Kuula \u00e4ra k\u00f5igi ideed, isegi kui ise nendega n\u00f5us ei ole.<\/li>\n<li>Kui kellegi m\u00f5te j\u00e4\u00e4b arusaamatuks, k\u00fcsi \u00fcle v\u00f5i palu t\u00e4psustada.<\/li>\n<li>P\u00fc\u00fca m\u00f5ista m\u00f5lema poole seisukohti.<\/li>\n<li>Ole valmis muutma oma isiklikku seisukohta, kui t\u00f5endid n\u00e4itavad selgelt vastupidist.<\/li>\n<\/ul>\n","protected":false},"excerpt":{"rendered":"<p>P\u00fc\u00fca sundida end \u00f5igel ajal t\u00f6\u00f6d alustama ja l\u00f5petama. Kui oled ajah\u00e4das, informeeri oma r\u00fchmakaaslasi ette, mitte tagantj\u00e4rele. Loe t\u00e4helepanelikult l\u00e4bi \u00f5ppematerjal, millel \u00fclesanne baseerub. Loe t\u00e4helepanelikult l\u00e4bi t\u00f6\u00f6juhised. Kontrollige, kas k\u00f5ik on r\u00fchmas \u00fchtemoodi \u00fclesandest aru saanud \u2013 kirjuta\/\u00fctle &#8230;<\/p>\n","protected":false},"author":9,"featured_media":0,"parent":0,"menu_order":0,"comment_status":"closed","ping_status":"closed","template":"","meta":{"_acf_changed":false,"inline_featured_image":false,"footnotes":""},"class_list":["post-27","page","type-page","status-publish","hentry"],"acf":[],"_links":{"self":[{"href":"https:\/\/sisu.ut.ee\/aktiivope\/wp-json\/wp\/v2\/pages\/27","targetHints":{"allow":["GET"]}}],"collection":[{"href":"https:\/\/sisu.ut.ee\/aktiivope\/wp-json\/wp\/v2\/pages"}],"about":[{"href":"https:\/\/sisu.ut.ee\/aktiivope\/wp-json\/wp\/v2\/types\/page"}],"author":[{"embeddable":true,"href":"https:\/\/sisu.ut.ee\/aktiivope\/wp-json\/wp\/v2\/users\/9"}],"replies":[{"embeddable":true,"href":"https:\/\/sisu.ut.ee\/aktiivope\/wp-json\/wp\/v2\/comments?post=27"}],"version-history":[{"count":1,"href":"https:\/\/sisu.ut.ee\/aktiivope\/wp-json\/wp\/v2\/pages\/27\/revisions"}],"predecessor-version":[{"id":148,"href":"https:\/\/sisu.ut.ee\/aktiivope\/wp-json\/wp\/v2\/pages\/27\/revisions\/148"}],"wp:attachment":[{"href":"https:\/\/sisu.ut.ee\/aktiivope\/wp-json\/wp\/v2\/media?parent=27"}],"curies":[{"name":"wp","href":"https:\/\/api.w.org\/{rel}","templated":true}]}}