{"id":26,"date":"2024-04-04T03:04:22","date_gmt":"2024-04-04T00:04:22","guid":{"rendered":"https:\/\/sisu.ut.ee\/aktiivope\/voimalikud-probleemid-ja-lahendused\/"},"modified":"2024-04-04T03:04:36","modified_gmt":"2024-04-04T00:04:36","slug":"voimalikud-probleemid-ja-lahendused","status":"publish","type":"page","link":"https:\/\/sisu.ut.ee\/aktiivope\/voimalikud-probleemid-ja-lahendused\/","title":{"rendered":"V\u00f5imalikud probleemid ja lahendused"},"content":{"rendered":"<p>R\u00fchmat\u00f6\u00f6s sagedamini ettetulevad probleemid on:<\/p>\n<ul>\n<li><span>mitteaktiivsed osalejad \u2013 komplekteerige r\u00fchm \u00fcmber (j\u00e4tke passiivsed \u00f5ppijad r\u00fchmast v\u00e4lja v\u00f5i looge neist eraldi r\u00fchm);<\/span><\/li>\n<li><span>\u00f5petaja \u201cei n\u00e4e\u201d kogu r\u00fchma tegevusi (\u00f5ppijad v\u00f5ivad suhelda ka teiste vahenditega) \u2013 vajadusel m\u00e4\u00e4rake vastavad tingimused\/n\u00f5uded, paluge \u00f5ppijatel \u00fcksteise t\u00f6\u00f6d\/panust hinnata;<\/span><\/li>\n<li><span>ebav\u00f5rdne t\u00f6\u00f6jaotus r\u00fchmas \u2013 laske r\u00fchmal enda t\u00f6\u00f6d hinnata ja esitada r\u00fchmale selged tingimused, mida igalt \u00f5ppijalt r\u00fchmas oodatakse;<\/span><\/li>\n<li><span>r\u00fchm ei k\u00e4ivitu (halb modereerimine) \u2013 andke vastav \u00fclesanne \u00fchele r\u00fchmaliikmele, j\u00e4lgige ise r\u00fchma t\u00f6\u00f6d ja julgustage, \u00e4rge kasutage r\u00fchmat\u00f6\u00f6d kohe kursuse alguses;<\/span><\/li>\n<li><span>suur ajakulu r\u00fchmas kulub t\u00f6\u00f6 organiseerimisele \u2013 vajadusel looge ise r\u00fchmad ja jagage \u00fclesanded;<\/span><\/li>\n<li><span>\u00f5ppijad ei saa \u00f5petajalt tagasisidet \u2013 \u00e4rge eeldage, et r\u00fchm saab ise k\u00f5igega hakkama;<\/span><\/li>\n<li><span>r\u00fchm liiga heterogeenne (ei sobitu) \u2013 laske \u00f5ppijatel ise r\u00fchmadesse liituda;<\/span><\/li>\n<li><span>r\u00fchmas \u00f5ppijaid liiga palju v\u00f5i liiga v\u00e4he \u2013 alar\u00fchma optimaalne suurus on 3-6 \u00f5ppijat;<\/span><\/li>\n<li><span>ebaselged juhised \u2013 j\u00e4lgige \u00f5ppijate tegevust ja vajadusel t\u00e4psustage ning suunake;<\/span><\/li>\n<li><span>hilisem r\u00fchmat\u00f6\u00f6sse l\u00fclitumine \u2013 liitke hilineja v\u00e4ikseima r\u00fchmaga, moodustage hilinejatest eraldi r\u00fchm, laske sooritada \u00fclesanne individuaalselt (v\u00f5iks olla ette teada!);<\/span><\/li>\n<li><span>ei loeta juhiseid \u2013 r\u00f5hutage r\u00fchmat\u00f6\u00f6 alguses, mida ja kust lugeda;<\/span><\/li>\n<li><span>m\u00f5ne \u00f5ppija liigne aktiivsus \u2013 andke lisa\u00fclesanne (modereerimine, kokkuv\u00f5tte tegemine);<\/span><\/li>\n<li><span>tehnilised probleemid \u2013 kasutage l\u00e4biproovitud vahendeid, alguses j\u00e4tke aega vahendite testimiseks, kirjutage t\u00e4psed juhised;<\/span><\/li>\n<li><span>\u00f5ppijad ei oska oma aega planeerida \u2013 andke vahet\u00e4htajad.<\/span><\/li>\n<\/ul>\n","protected":false},"excerpt":{"rendered":"<p>R\u00fchmat\u00f6\u00f6s sagedamini ettetulevad probleemid on: mitteaktiivsed osalejad \u2013 komplekteerige r\u00fchm \u00fcmber (j\u00e4tke passiivsed \u00f5ppijad r\u00fchmast v\u00e4lja v\u00f5i looge neist eraldi r\u00fchm); \u00f5petaja \u201cei n\u00e4e\u201d kogu r\u00fchma tegevusi (\u00f5ppijad v\u00f5ivad suhelda ka teiste vahenditega) \u2013 vajadusel m\u00e4\u00e4rake vastavad tingimused\/n\u00f5uded, paluge \u00f5ppijatel &#8230;<\/p>\n","protected":false},"author":9,"featured_media":0,"parent":0,"menu_order":0,"comment_status":"closed","ping_status":"closed","template":"","meta":{"_acf_changed":false,"inline_featured_image":false,"footnotes":""},"class_list":["post-26","page","type-page","status-publish","hentry"],"acf":[],"_links":{"self":[{"href":"https:\/\/sisu.ut.ee\/aktiivope\/wp-json\/wp\/v2\/pages\/26","targetHints":{"allow":["GET"]}}],"collection":[{"href":"https:\/\/sisu.ut.ee\/aktiivope\/wp-json\/wp\/v2\/pages"}],"about":[{"href":"https:\/\/sisu.ut.ee\/aktiivope\/wp-json\/wp\/v2\/types\/page"}],"author":[{"embeddable":true,"href":"https:\/\/sisu.ut.ee\/aktiivope\/wp-json\/wp\/v2\/users\/9"}],"replies":[{"embeddable":true,"href":"https:\/\/sisu.ut.ee\/aktiivope\/wp-json\/wp\/v2\/comments?post=26"}],"version-history":[{"count":1,"href":"https:\/\/sisu.ut.ee\/aktiivope\/wp-json\/wp\/v2\/pages\/26\/revisions"}],"predecessor-version":[{"id":147,"href":"https:\/\/sisu.ut.ee\/aktiivope\/wp-json\/wp\/v2\/pages\/26\/revisions\/147"}],"wp:attachment":[{"href":"https:\/\/sisu.ut.ee\/aktiivope\/wp-json\/wp\/v2\/media?parent=26"}],"curies":[{"name":"wp","href":"https:\/\/api.w.org\/{rel}","templated":true}]}}