{"id":24,"date":"2024-04-04T03:04:22","date_gmt":"2024-04-04T00:04:22","guid":{"rendered":"https:\/\/sisu.ut.ee\/aktiivope\/ruhmatoo-planeerimine-ja-ettevalmistamine\/"},"modified":"2024-04-04T03:04:36","modified_gmt":"2024-04-04T00:04:36","slug":"ruhmatoo-planeerimine-ja-ettevalmistamine","status":"publish","type":"page","link":"https:\/\/sisu.ut.ee\/aktiivope\/ruhmatoo-planeerimine-ja-ettevalmistamine\/","title":{"rendered":"R\u00fchmat\u00f6\u00f6 planeerimine ja ettevalmistamine"},"content":{"rendered":"<p id=\"yui_3_15_0_3_1475041317468_660\">R\u00fchmat\u00f6\u00f6 eeldab \u00f5petajalt \u00fcsna palju t\u00f6\u00f6d nii ettevalmistuse kui l\u00e4biviimise etapis. \u00d5petaja koostab \u00fclesande, valib r\u00fchmat\u00f6\u00f6ks sobivad tehnilised vahendid v\u00f5i suunab \u00f5ppijaid nende leidmisele, ta koostab kriteeriumid r\u00fchmat\u00f6\u00f6s osalemiseks ja hindamiseks ning j\u00e4lgib, suunab, annab tagasisidet r\u00fchmat\u00f6\u00f6 ajal ja j\u00e4rel.\u00a0<\/p>\n<p><span data-mce-mark=\"1\">Soovitused \u00f5petajale:<br><\/span><\/p>\n<ul>\n<li><span data-mce-mark=\"1\">S\u00f5nastage \u00fclesanne v\u00f5imalikult t\u00e4pselt.<\/span><\/li>\n<li><span data-mce-mark=\"1\">M\u00f5elge: Miks kasutada just r\u00fchmat\u00f6\u00f6d?<\/span><\/li>\n<li><span data-mce-mark=\"1\">\u00c4rge j\u00e4tke r\u00fchmi omap\u00e4i \u2013 suunake, juhtige ja julgustage neid.<\/span><\/li>\n<li><span data-mce-mark=\"1\">Laske \u00f5ppijaid valida (r\u00fchma, \u00fclesannet) \u2013 see suurendab nende vastutust.<\/span><\/li>\n<li><span data-mce-mark=\"1\">Andke \u00f5ppijatele tagasisidet nii r\u00fchmat\u00f6\u00f6 k\u00e4igus kui j\u00e4rel.<\/span><\/li>\n<\/ul>\n<p><span data-mce-mark=\"1\">R\u00fchmat\u00f6\u00f6ks tuleb ette valmistada mitmeid materjale:<\/span><\/p>\n<ul>\n<li><span data-mce-mark=\"1\">juhised r\u00fchmadesse jaotumiseks;<\/span><\/li>\n<li><span data-mce-mark=\"1\">tehniliste vahendi(te) kasutamise juhised;<\/span><\/li>\n<li><span data-mce-mark=\"1\">sisulised juhised (\u00fclesande eesm\u00e4rgid \u2013 mida \u00f5ppija peaks \u00f5ppima selle k\u00e4igus, \u00fclesande kirjeldus);<\/span><\/li>\n<li><span data-mce-mark=\"1\">r\u00fchmat\u00f6\u00f6 vormistamise ja esitamise juhised;<\/span><\/li>\n<li><span data-mce-mark=\"1\">hindamise kriteeriumid ja osalemise n\u00f5uded (sh t\u00f6\u00f6ks planeeritud aeg).<\/span><\/li>\n<\/ul>\n<p><span data-mce-mark=\"1\">R\u00fchmadesse jagamine v\u00f5ib toimuda mitmel moel. \u00dcldiselt peetakse optimaalseks r\u00fchma suuruseks 3-6 inimest. V\u00f5imaluse korral v\u00f5iks lasta \u00f5ppijatel ise r\u00fchma valida: kas teiste r\u00fchmaliikmete j\u00e4rgi, \u00fclesande j\u00e4rgi (kui r\u00fchmiti on erinevad \u00fclesanded). Loomulikult v\u00f5ib ka \u00f5ppej\u00f5ud \u00f5ppijad r\u00fchmadesse jagada. \u00d5pikeskkonnas Moodle saab \u00f5ppijatest r\u00fchmad automaatselt luua v\u00f5i lasta \u00f5ppijatel ise sobivasse r\u00fchma registreeruda. V\u00f5ib teha ka vikilehe, kus iga \u00f5ppija oma nime r\u00fchmanime juurde kirjutab.<br><\/span><\/p>\n<p><span data-mce-mark=\"1\">Eelnevalt tuleb l\u00e4bi m\u00f5elda ka r\u00fchmat\u00f6\u00f6 korraldus:<\/span><\/p>\n<ul>\n<li><span data-mce-mark=\"1\">iga r\u00fchmaliige teeb t\u00f6\u00f6 eraldi, ja seej\u00e4rel pannakse k\u00f5igi r\u00fchmaliikmete t\u00f6\u00f6d kokku ning esitatakse \u00fchiselt;<\/span><\/li>\n<li><span data-mce-mark=\"1\">terve r\u00fchm toimetab \u00fchiselt sama faili;<\/span><\/li>\n<li><span data-mce-mark=\"1\">\u00f5ppijatele v\u00f5ib jagada (v\u00f5i jagavad nad ise) erinevad rollid \u2013 erinevad \u00fclesanded<\/span><span data-mce-mark=\"1\">\u00a0(n\u00e4iteks \u00fcks modereerib, teine otsib materjale, kolmas kirjutab jne).<\/span><\/li>\n<\/ul>\n<p><span data-mce-mark=\"1\">R\u00fchmaliikmete aktiivsuse ning loomingu mugavaks hindamiseks v\u00f5ib lasta \u00f5ppijate nimed l\u00f5ikude juurde kirjutada v\u00f5i t\u00f6\u00f6 l\u00f5pus paluda neil endil \u00fcksteise osalust anal\u00fc\u00fcsida ja hinnata.<\/span><\/p>\n<p><span data-mce-mark=\"1\">N\u00e4ited r\u00fchmat\u00f6\u00f6 korraldamiseks:<\/span><\/p>\n<ul>\n<li><span data-mce-mark=\"1\">Kasutatakse r\u00fchma privaatset foorumit, kuhu r\u00fchmaliikmed postitavad oma m\u00f5tteid probleemi kohta. Keegi r\u00fchmaliikmetest teeb l\u00f5pus postitustest kokkuv\u00f5tte ja esitab selle r\u00fchma nimel.<\/span><\/li>\n<li><span data-mce-mark=\"1\">R\u00fchmaliikmed kirjutavad iga\u00fcks r\u00fchmat\u00f6\u00f6 vahendi abil \u00fchisesse faili oma m\u00f5tteid.<\/span><span data-mce-mark=\"1\">\u00a0L\u00f5pus teeb keegi r\u00fchmaliikmetest k\u00f5igi arvamustest kokkuv\u00f5tte, m\u00e4rkides arvamuste ja<\/span><span data-mce-mark=\"1\">\u00a0kommentaaride j\u00e4rel sulgudesse, kes selle osa autor oli.<\/span><\/li>\n<\/ul>\n<p>Moodle\u2019is saab r\u00fchmat\u00f6\u00f6ks kasutada j\u00e4rgmisi tegevusi:<\/p>\n<ul>\n<li>foorum \u2013 loote foorumi (as\u00fcnkroonseks suhtlemiseks, r\u00fchmat\u00f6\u00f6 esitamiseks) ja m\u00e4\u00e4rate sellele sobiva r\u00fchmare\u017eiimi;<\/li>\n<li>viki \u2013 loote viki ja m\u00e4\u00e4rate sellele sobiva r\u00fchmare\u017eiimi (iga r\u00fchma liige saab toimetada vaid enda r\u00fchma vikit);<\/li>\n<li>jututuba \u2013 s\u00fcnkroonseks suhtlemiseks;<\/li>\n<li>m\u00f5istekaart \u2013 igale r\u00fchmale tuleb luua eraldi m\u00f5istekaart (ei pruugi igas Moodle\u2019is olla).<\/li>\n<\/ul>\n<p id=\"yui_3_15_0_3_1475041317468_682\">Lisaks sellele saate kasutada erinevaid veebip\u00f5hiseid \u00fchiskirjutamisvahendeid (nt <strong>Google Docs<\/strong> (<a id=\"publishedDocumentUrl\" href=\"http:\/\/docs.google.com\/Presentation?id=dg8c7b3k_9dhxp4fhn\" target=\"_blank\" rel=\"noopener\">http:\/\/docs.google.com\/)<\/a>, <strong>Wikispaces<\/strong> (<a href=\"http:\/\/www.wikispaces.com\/\" target=\"_blank\" rel=\"noopener\">http:\/\/www.wikispaces.com\/<\/a>), <strong>WriteURL<\/strong> (<a href=\"http:\/\/www.writeurl.com\/\" target=\"_blank\" rel=\"noopener\">http:\/\/www.writeurl.com\/<\/a>), <strong>Bubbl<\/strong> (<a href=\"http:\/\/bubbl.us\/\" target=\"_blank\" rel=\"noopener\">http:\/\/bubbl.us\/<\/a>) jne) ja suhtlusvahendeid (<strong>Skype<\/strong>, <strong>appear.in<\/strong> \u2013\u00a0<a href=\"https:\/\/appear.in\/\" target=\"_blank\" rel=\"noopener\">https:\/\/appear.in\/<\/a>\u00a0videokonverentsi jaoks).<\/p>\n","protected":false},"excerpt":{"rendered":"<p>R\u00fchmat\u00f6\u00f6 eeldab \u00f5petajalt \u00fcsna palju t\u00f6\u00f6d nii ettevalmistuse kui l\u00e4biviimise etapis. \u00d5petaja koostab \u00fclesande, valib r\u00fchmat\u00f6\u00f6ks sobivad tehnilised vahendid v\u00f5i suunab \u00f5ppijaid nende leidmisele, ta koostab kriteeriumid r\u00fchmat\u00f6\u00f6s osalemiseks ja hindamiseks ning j\u00e4lgib, suunab, annab tagasisidet r\u00fchmat\u00f6\u00f6 ajal ja j\u00e4rel.\u00a0 &#8230;<\/p>\n","protected":false},"author":9,"featured_media":0,"parent":0,"menu_order":0,"comment_status":"closed","ping_status":"closed","template":"","meta":{"_acf_changed":false,"inline_featured_image":false,"footnotes":""},"class_list":["post-24","page","type-page","status-publish","hentry"],"acf":[],"_links":{"self":[{"href":"https:\/\/sisu.ut.ee\/aktiivope\/wp-json\/wp\/v2\/pages\/24","targetHints":{"allow":["GET"]}}],"collection":[{"href":"https:\/\/sisu.ut.ee\/aktiivope\/wp-json\/wp\/v2\/pages"}],"about":[{"href":"https:\/\/sisu.ut.ee\/aktiivope\/wp-json\/wp\/v2\/types\/page"}],"author":[{"embeddable":true,"href":"https:\/\/sisu.ut.ee\/aktiivope\/wp-json\/wp\/v2\/users\/9"}],"replies":[{"embeddable":true,"href":"https:\/\/sisu.ut.ee\/aktiivope\/wp-json\/wp\/v2\/comments?post=24"}],"version-history":[{"count":1,"href":"https:\/\/sisu.ut.ee\/aktiivope\/wp-json\/wp\/v2\/pages\/24\/revisions"}],"predecessor-version":[{"id":145,"href":"https:\/\/sisu.ut.ee\/aktiivope\/wp-json\/wp\/v2\/pages\/24\/revisions\/145"}],"wp:attachment":[{"href":"https:\/\/sisu.ut.ee\/aktiivope\/wp-json\/wp\/v2\/media?parent=24"}],"curies":[{"name":"wp","href":"https:\/\/api.w.org\/{rel}","templated":true}]}}