{"id":23,"date":"2024-04-04T03:04:22","date_gmt":"2024-04-04T00:04:22","guid":{"rendered":"https:\/\/sisu.ut.ee\/aktiivope\/ruhmatoo-eesmargid\/"},"modified":"2024-04-04T03:04:36","modified_gmt":"2024-04-04T00:04:36","slug":"ruhmatoo-eesmargid","status":"publish","type":"page","link":"https:\/\/sisu.ut.ee\/aktiivope\/ruhmatoo-eesmargid\/","title":{"rendered":"R\u00fchmat\u00f6\u00f6 eesm\u00e4rgid"},"content":{"rendered":"<p>\u00dcks olulisemad tingimusi r\u00fchmat\u00f6\u00f6 \u00f5nnestumiseks on selguse n\u00f5ue \u2013 miks tehakse just r\u00fchmat\u00f6\u00f6d, mida selle r\u00fchmat\u00f6\u00f6 kaudu tahetakse saavutada ja mida \u00e4ra \u00f5ppida.<\/p>\n<p><span>R\u00fchmat\u00f6\u00f6l v\u00f5ivad olla erinevad eesm\u00e4rgid ning iga eesm\u00e4rgi saavutamiseks tuleks valida k\u00f5ige sobivam r\u00fchmat\u00f6\u00f6 meetod (strateegia):<\/span><\/p>\n<ul>\n<li><span>uue materjali esitamine, uue info omandamine (seminar, mosaiik);<\/span><\/li>\n<li><span>anal\u00fc\u00fcsioskuste kujunemise toetamine (v\u00e4itlused, juhtumite anal\u00fc\u00fcs, simulatsioonid); sotsiaalsete oskuste kujundamine, koost\u00f6\u00f6 edendamine, demokraatlike\u00a0<\/span><span>harjumuste kujundamine\/demokraatia \u00f5ppimine (r\u00fchmaarutelud, lumepalli veeretamine, diskussioonid, akvaarium, 5-minutine lavastus);<\/span><\/li>\n<li><span>erinevate arusaamade, seisukohtade ja hoiakute v\u00e4ljatoomine ning tunnustamine, oma kogemuse paigutamine teadmisesse (akadeemiline vaidlus, rollim\u00e4ngud, intervjuu, ridade moodustamine);<\/span><\/li>\n<li><span>uute ideede genereerimine, probleemilahenduse oskused (ajur\u00fcnnak, juhtumite anal\u00fc\u00fcs, avatud ruumi meetod);<\/span><\/li>\n<li><span>v\u00f5imaluste loomine \u00f5ppijatele iseennast tundma \u00f5ppida (iseseisvuse tunnetamine, oma tugevuste ja n\u00f5rkuste tundma\u00f5ppimine).<\/span><\/li>\n<\/ul>\n<p><span>R\u00fchmat\u00f6\u00f6 puhul on positiivne, et:<\/span><\/p>\n<ul>\n<li><span>suurem vastustus kandub \u00f5ppijatele;<\/span><\/li>\n<li><span>paraneb t\u00f6\u00f6 kvaliteet (\u00fchislooming);<\/span><\/li>\n<li><span>suhtlemine aktiveerub (loob \u00f5pikogukonna);<\/span><\/li>\n<li><span>suureneb \u00fcksteise toetamine ja \u00f5petamine;<\/span><\/li>\n<li><span>arenevad r\u00fchmat\u00f6\u00f6oskused;<\/span><\/li>\n<li><span>osaliselt v\u00e4heneb \u00f5petaja t\u00f6\u00f6koormus.<\/span><\/li>\n<\/ul>\n","protected":false},"excerpt":{"rendered":"<p>\u00dcks olulisemad tingimusi r\u00fchmat\u00f6\u00f6 \u00f5nnestumiseks on selguse n\u00f5ue \u2013 miks tehakse just r\u00fchmat\u00f6\u00f6d, mida selle r\u00fchmat\u00f6\u00f6 kaudu tahetakse saavutada ja mida \u00e4ra \u00f5ppida. R\u00fchmat\u00f6\u00f6l v\u00f5ivad olla erinevad eesm\u00e4rgid ning iga eesm\u00e4rgi saavutamiseks tuleks valida k\u00f5ige sobivam r\u00fchmat\u00f6\u00f6 meetod (strateegia): uue &#8230;<\/p>\n","protected":false},"author":9,"featured_media":0,"parent":0,"menu_order":0,"comment_status":"closed","ping_status":"closed","template":"","meta":{"_acf_changed":false,"inline_featured_image":false,"footnotes":""},"class_list":["post-23","page","type-page","status-publish","hentry"],"acf":[],"_links":{"self":[{"href":"https:\/\/sisu.ut.ee\/aktiivope\/wp-json\/wp\/v2\/pages\/23","targetHints":{"allow":["GET"]}}],"collection":[{"href":"https:\/\/sisu.ut.ee\/aktiivope\/wp-json\/wp\/v2\/pages"}],"about":[{"href":"https:\/\/sisu.ut.ee\/aktiivope\/wp-json\/wp\/v2\/types\/page"}],"author":[{"embeddable":true,"href":"https:\/\/sisu.ut.ee\/aktiivope\/wp-json\/wp\/v2\/users\/9"}],"replies":[{"embeddable":true,"href":"https:\/\/sisu.ut.ee\/aktiivope\/wp-json\/wp\/v2\/comments?post=23"}],"version-history":[{"count":1,"href":"https:\/\/sisu.ut.ee\/aktiivope\/wp-json\/wp\/v2\/pages\/23\/revisions"}],"predecessor-version":[{"id":144,"href":"https:\/\/sisu.ut.ee\/aktiivope\/wp-json\/wp\/v2\/pages\/23\/revisions\/144"}],"wp:attachment":[{"href":"https:\/\/sisu.ut.ee\/aktiivope\/wp-json\/wp\/v2\/media?parent=23"}],"curies":[{"name":"wp","href":"https:\/\/api.w.org\/{rel}","templated":true}]}}