{"id":22,"date":"2024-04-04T03:04:22","date_gmt":"2024-04-04T00:04:22","guid":{"rendered":"https:\/\/sisu.ut.ee\/aktiivope\/ruhmatoo-e-oppes\/"},"modified":"2024-04-04T03:04:36","modified_gmt":"2024-04-04T00:04:36","slug":"ruhmatoo-e-oppes","status":"publish","type":"page","link":"https:\/\/sisu.ut.ee\/aktiivope\/ruhmatoo-e-oppes\/","title":{"rendered":"4. R\u00fchmat\u00f6\u00f6 e-\u00f5ppes"},"content":{"rendered":"<p><img loading=\"lazy\" decoding=\"async\" width=\"263\" height=\"261\" class=\"alignnone wp-image-51\" style=\"float: right\" src=\"https:\/\/sisu.ut.ee\/wp-content\/uploads\/sites\/187\/ruhmatoo.png\" title=\"ruhmatoo.png\" alt=\"ruhmatoo.png\" srcset=\"https:\/\/sisu.ut.ee\/wp-content\/uploads\/sites\/187\/ruhmatoo.png 263w, https:\/\/sisu.ut.ee\/wp-content\/uploads\/sites\/187\/ruhmatoo-150x150.png 150w\" sizes=\"auto, (max-width: 263px) 100vw, 263px\"><\/p>\n<p style=\"text-align: left\"><em>Mari Karm<\/em><\/p>\n<p><\/p>\n<p>R\u00fchmat\u00f6\u00f6de korraldamise puhul kipub nii m\u00f5nigi kord t\u00e4helepanuta j\u00e4\u00e4ma asjaolu, et iga inimeste kogum ei ole veel r\u00fchm. Tihti loodetakse, et koost\u00f6ine \u00f5ppimine toimub ka inimeste kogumis, ilma et oleks vaja vaeva n\u00e4ha r\u00fchma loomise ja kujundamisega.<\/p>\n<p><span>R\u00fchmale iseloomulikud jooned on j\u00e4rgmised:<\/span><\/p>\n<ul>\n<li><span>r\u00fchma liikmed tajuvad end kui r\u00fchma;<\/span><\/li>\n<li><span>jagatud ettekujutused, m\u00f5tted, ideed \u2013 tajutakse midagi \u00fchist ja \u00fchendavat;<\/span><\/li>\n<li><span>r\u00fchma liikmed usuvad, et saavad r\u00fchmas tegutsemise kaudu rahuldada m\u00f5nda oma vajadust v\u00f5i huvi;<\/span><\/li>\n<li><span>r\u00fchma liikmete tegevus on vastastikuses s\u00f5ltuvuses \u2013 iga liikme iga tegevus m\u00f5jutab teisi;<\/span><\/li>\n<li><span>r\u00fchmas on kujunenud oma normid, rollid, staatus, v\u00f5imu- ja emotsionaalsed suhted;<\/span><\/li>\n<li><span>grupi liikmed suhtlevad omavahel ning m\u00f5jutavad \u00fcksteist selle suhtlemise k\u00e4igus.<\/span><\/li>\n<li><span>r\u00fchma liikmed tahavad r\u00fchma kuuluda ja hoiavad omavahel kokku (Jaques, 2000).<\/span><\/li>\n<\/ul>\n<ul><\/ul>\n<p><span>R\u00fchmade koostoimimise alased uurimused on sageli tehtud t\u00f6\u00f6alastes gruppides, ent \u00f5ppimise kontekstis v\u00f5ivad m\u00f5ne \u00fclesande v\u00f5i projekti t\u00e4itmiseks moodustatud r\u00fchmad t\u00f6\u00f6alastest erineda. \u00d5ppe\u00fclesande t\u00e4itmiseks moodustatud r\u00fchmad tegutsevad koos l\u00fchemat aega; r\u00fchmad v\u00f5ivad kujuneda \u00fcsna juhuslikult, ilma et oleks arvestatud iga liikme oskuste v\u00f5i eelteadmistega; r\u00fchma liikmetel puudub ettekujutus \u00fcksteise oskustest ja p\u00e4devusest (Caspersz jt, 2006).<\/span><\/p>\n<p><span>\u00dcheks olulisemaks r\u00fchma t\u00f5husa tegutsemise aspektiks loetakse selle v\u00f5imet m\u00e4\u00e4ratleda eesm\u00e4rki ning liikuda edukalt selles suunas. Eesm\u00e4rgile v\u00f5ib l\u00e4heneda rohkem v\u00f5i v\u00e4hem ning eesm\u00e4rgi saavutamine t\u00e4hendab, et k\u00f5ik \u00fclesanded on t\u00e4idetud.<\/span><\/p>\n","protected":false},"excerpt":{"rendered":"<p>Mari Karm R\u00fchmat\u00f6\u00f6de korraldamise puhul kipub nii m\u00f5nigi kord t\u00e4helepanuta j\u00e4\u00e4ma asjaolu, et iga inimeste kogum ei ole veel r\u00fchm. Tihti loodetakse, et koost\u00f6ine \u00f5ppimine toimub ka inimeste kogumis, ilma et oleks vaja vaeva n\u00e4ha r\u00fchma loomise ja kujundamisega. R\u00fchmale &#8230;<\/p>\n","protected":false},"author":9,"featured_media":0,"parent":0,"menu_order":0,"comment_status":"closed","ping_status":"closed","template":"","meta":{"_acf_changed":false,"inline_featured_image":false,"footnotes":""},"class_list":["post-22","page","type-page","status-publish","hentry"],"acf":[],"_links":{"self":[{"href":"https:\/\/sisu.ut.ee\/aktiivope\/wp-json\/wp\/v2\/pages\/22","targetHints":{"allow":["GET"]}}],"collection":[{"href":"https:\/\/sisu.ut.ee\/aktiivope\/wp-json\/wp\/v2\/pages"}],"about":[{"href":"https:\/\/sisu.ut.ee\/aktiivope\/wp-json\/wp\/v2\/types\/page"}],"author":[{"embeddable":true,"href":"https:\/\/sisu.ut.ee\/aktiivope\/wp-json\/wp\/v2\/users\/9"}],"replies":[{"embeddable":true,"href":"https:\/\/sisu.ut.ee\/aktiivope\/wp-json\/wp\/v2\/comments?post=22"}],"version-history":[{"count":1,"href":"https:\/\/sisu.ut.ee\/aktiivope\/wp-json\/wp\/v2\/pages\/22\/revisions"}],"predecessor-version":[{"id":143,"href":"https:\/\/sisu.ut.ee\/aktiivope\/wp-json\/wp\/v2\/pages\/22\/revisions\/143"}],"wp:attachment":[{"href":"https:\/\/sisu.ut.ee\/aktiivope\/wp-json\/wp\/v2\/media?parent=22"}],"curies":[{"name":"wp","href":"https:\/\/api.w.org\/{rel}","templated":true}]}}