{"id":20,"date":"2024-04-04T03:04:22","date_gmt":"2024-04-04T00:04:22","guid":{"rendered":"https:\/\/sisu.ut.ee\/aktiivope\/videoloeng\/"},"modified":"2024-04-04T03:04:36","modified_gmt":"2024-04-04T00:04:36","slug":"videoloeng","status":"publish","type":"page","link":"https:\/\/sisu.ut.ee\/aktiivope\/videoloeng\/","title":{"rendered":"Videoloeng"},"content":{"rendered":"<p>\n\t<span data-mce-mark=\"1\">Uue materjali esitamise \u00fcheks v\u00f5imaluseks on <\/span><span data-mce-mark=\"1\">videoloengud. <\/span>Videoloengu kaudu saab \u00f5petaja edastada k\u00f5ige uuemat informatsiooni, tekitada vaimustust oma valdkonna vastu, anda materjalist \u00fclevaate ning r\u00f5hutada olulist. Samas peab loengu puhul silmas pidama, et \u00f5ppijad suudavad loengut t\u00e4helepanelikult j\u00e4lgida maksimaalselt 15-20 minutit, sageli vaid 10 minutit ning et nad unustavad 24 tunni jooksul enamiku loengul kuuldud infost, kui neil pole vaja kuuldud teadmisi kasutada.\n<\/p>\n<p>\n\tSellest tulenevalt on v\u00e4ga oluline l\u00e4bi m\u00f5elda, kuidas hoida \u00f5ppija t\u00e4helepanu videoloengu kuulamisel ning kuidas suunata teda \u00f5pitavaid teadmisi v\u00f5imalikult kohe rakendama. Seet\u00f5ttu tuleks klassikalisele loengule eelistada <span data-mce-mark=\"1\">suhtlusp\u00f5hise loengu<\/span> vormi. Suhtlusp\u00f5hise loengu puhul suunatakse \u00f5ppijaid erinevate \u00fclesannete abil m\u00f5tlema, s\u00fcvenema ja \u00f5pitavale t\u00e4hendust andma kohe loengu k\u00e4igus. \u00dclesannete eesm\u00e4rgiks v\u00f5ib olla eelteadmiste esiletoomine, huvi \u00e4ratamine, vahekokkuv\u00f5tete tegemine, \u00f5pitule isikliku t\u00e4henduse andmine v\u00f5i rakendusv\u00f5imaluste leidmine.\n<\/p>\n<p>\n\t<span data-mce-mark=\"1\"><span data-mce-mark=\"1\">M\u00f5ned n\u00e4ited v\u00f5imalikest \u00fclesannetest:<\/span><\/span>\n<\/p>\n<ul>\n<li>\n\t\t<span data-mce-mark=\"1\">L\u00fchites<\/span>tid \u2013 loengu jooksul peavad \u00f5ppijad vastama l\u00fchikestele testidele kuuldud loenguosa kohta. Vastuseid kontrollivad \u00f5ppijad ise v\u00f5i teeb seda arvuti.\n\t<\/li>\n<li>\n\t\t<span data-mce-mark=\"1\">Enne ja p\u00e4rast \u2013 \u00f5ppijad hindavad teatud v\u00e4iteid loengu alguses ja samu v\u00e4iteid loengu l\u00f5pus. Oma hinnanguid v\u00e4idete \u00f5igsusele kontrollivad \u00f5ppijad ise.<\/span>\n\t<\/li>\n<li>\n\t\t<span data-mce-mark=\"1\">L\u00fchikirjutamised \u2013 loengu jooksul esitatakse \u00f5ppijatele k\u00fcsimusi, millele nad peavad kirjalikult e-keskkonnas vastama.<\/span>\n\t<\/li>\n<li>\n\t\t<span data-mce-mark=\"1\">Kokkuv\u00f5tte s\u00f5nastamine \u2013 loengu l\u00f5puks koostavad \u00f5ppijad l\u00fchikokkuv\u00f5tte kuuldud teema kohta.<\/span>\n\t<\/li>\n<li>\n\t\t<span data-mce-mark=\"1\">Materjali t\u00e4iendamine \u2013 \u00f5ppijad peavad kuuldud materjali p\u00f5hjal t\u00e4iendama e-keskkonnas olevat kirjalikku materjali (n\u00e4iteks vikis).<\/span>\n\t<\/li>\n<li>\n\t\t<span data-mce-mark=\"1\">K\u00fcsimuste koostamine (kirjalikult) loengu kohta (k\u00fcsimused \u00f5petajale, k\u00fcsimused kaas\u00f5ppijatele). K\u00fcsimused v\u00f5ivad olla adresseeritud \u00f5petajale \u2013 \u00f5ppija toob v\u00e4lja, mis talle j\u00e4i arusaamatuks, millised osad vajaksid t\u00e4iendavat selgitust. K\u00fcsimused v\u00f5ib esitada foorumisse. Samuti v\u00f5ivad k\u00fcsimused olla suunatud kaas\u00f5ppijatele (arutelu k\u00e4ivitamiseks).<\/span>\n\t<\/li>\n<\/ul>\n<p>\n\t<span>Video vaatamise saab muuta aktiivsemaks programmi <span><strong>PlayPosit <\/strong> (<a href=\"https:\/\/www.playposit.com\/learn\/k12\" target=\"_blank\" rel=\"noopener\">https:\/\/www.playposit.com\/learn\/k12<\/a>) v\u00f5i <strong>H5P interaktiivse video<\/strong> (olemas ka Moodle\u2019is) abil.<\/span><\/span><\/p>\n","protected":false},"excerpt":{"rendered":"<p>Uue materjali esitamise \u00fcheks v\u00f5imaluseks on videoloengud. Videoloengu kaudu saab \u00f5petaja edastada k\u00f5ige uuemat informatsiooni, tekitada vaimustust oma valdkonna vastu, anda materjalist \u00fclevaate ning r\u00f5hutada olulist. Samas peab loengu puhul silmas pidama, et \u00f5ppijad suudavad loengut t\u00e4helepanelikult j\u00e4lgida maksimaalselt 15-20 &#8230;<\/p>\n","protected":false},"author":9,"featured_media":0,"parent":0,"menu_order":0,"comment_status":"closed","ping_status":"closed","template":"","meta":{"_acf_changed":false,"inline_featured_image":false,"footnotes":""},"class_list":["post-20","page","type-page","status-publish","hentry"],"acf":[],"_links":{"self":[{"href":"https:\/\/sisu.ut.ee\/aktiivope\/wp-json\/wp\/v2\/pages\/20","targetHints":{"allow":["GET"]}}],"collection":[{"href":"https:\/\/sisu.ut.ee\/aktiivope\/wp-json\/wp\/v2\/pages"}],"about":[{"href":"https:\/\/sisu.ut.ee\/aktiivope\/wp-json\/wp\/v2\/types\/page"}],"author":[{"embeddable":true,"href":"https:\/\/sisu.ut.ee\/aktiivope\/wp-json\/wp\/v2\/users\/9"}],"replies":[{"embeddable":true,"href":"https:\/\/sisu.ut.ee\/aktiivope\/wp-json\/wp\/v2\/comments?post=20"}],"version-history":[{"count":1,"href":"https:\/\/sisu.ut.ee\/aktiivope\/wp-json\/wp\/v2\/pages\/20\/revisions"}],"predecessor-version":[{"id":141,"href":"https:\/\/sisu.ut.ee\/aktiivope\/wp-json\/wp\/v2\/pages\/20\/revisions\/141"}],"wp:attachment":[{"href":"https:\/\/sisu.ut.ee\/aktiivope\/wp-json\/wp\/v2\/media?parent=20"}],"curies":[{"name":"wp","href":"https:\/\/api.w.org\/{rel}","templated":true}]}}