{"id":17,"date":"2024-04-04T03:04:22","date_gmt":"2024-04-04T00:04:22","guid":{"rendered":"https:\/\/sisu.ut.ee\/aktiivope\/tekstiga-tootamine\/"},"modified":"2024-04-04T03:04:36","modified_gmt":"2024-04-04T00:04:36","slug":"tekstiga-tootamine","status":"publish","type":"page","link":"https:\/\/sisu.ut.ee\/aktiivope\/tekstiga-tootamine\/","title":{"rendered":"Tekstiga t\u00f6\u00f6tamine"},"content":{"rendered":"<p>Tekstiga t\u00f6\u00f6tamine on klassikaline \u00f5ppemeetod. T\u00e4nap\u00e4eval on sellele lisandunud informatsiooni saamise v\u00f5imalustena video- ja audiomaterjaliga tutvumine. Mida k\u00e4ttesaadavamaks \u00f5ppematerjalid muutuvad, seda arukam on lasta \u00f5ppijatel nendega iseseisvalt t\u00f6\u00f6tada, selmet neid auditoorses vormis tutvustada. Auditoorset aega saab sel juhul kasutada iseseisvalt omandatu \u00fcle arutamiseks, selle kinnistamiseks ja ebaselgete kohtade selgitamiseks.<\/p>\n<p><span data-mce-mark=\"1\">J\u00e4rgnevas osas keskendume peamiselt tekstidest \u00f5ppimisele, sest see, mis kehtib tekstide puhul, kehtib suures osas ka audio- ja videofailide abil \u00f5ppimise kohta.\u00a0<br><\/span><\/p>\n<p><span data-mce-mark=\"1\">E-\u00f5ppes v\u00f5ivad tekstid, millega tutvutakse ja mille abil \u00f5pitakse, olla erinevad:<\/span><\/p>\n<ol>\n<li><span data-mce-mark=\"1\">spetsiaalselt selle \u00f5ppeaine jaoks \u00f5petaja poolt koostatud kokkuv\u00f5tvad tekstid;<\/span><\/li>\n<li><span data-mce-mark=\"1\">veebikeskkonnas avaldatud teiste autorite poolt kirjutatud \u00f5ppeotstarbelised tekstid;<\/span><\/li>\n<li><span data-mce-mark=\"1\">muud tekstid, mida \u00f5ppijatel tuleb iseseisvalt leida ja siis nendega tutvuda.<\/span><\/li>\n<\/ol>\n<p><span>Iseseisev t\u00f6\u00f6 tekstiga on \u00f5ppijale \u00fcks keerukamaid \u00f5ppimise viise \u2013 ta t\u00f6\u00f6tab \u00fcldjuhul omaette ja kui loetust \u00f5ppimine pole toetatud mingite muude \u00f5ppe- v\u00f5ib hindamismeetoditega, v\u00f5ib \u00f5ppija motivatsioon kiiresti h\u00e4\u00e4buda. Eriti suur on see oht keerukate abstraktsete tekstide puhul.\u00a0<\/span><\/p>\n<p><span>Teksti lugemise juures on oluline selle m\u00f5istmine ja loetu rakendamisv\u00f5imaluste n\u00e4gemine. \u00d5petajale on j\u00e4lle t\u00e4htis olla kindel, et tekstiga on ikka tutvutud ja sellest on \u00f5pitud.<\/span><\/p>\n","protected":false},"excerpt":{"rendered":"<p>Tekstiga t\u00f6\u00f6tamine on klassikaline \u00f5ppemeetod. T\u00e4nap\u00e4eval on sellele lisandunud informatsiooni saamise v\u00f5imalustena video- ja audiomaterjaliga tutvumine. Mida k\u00e4ttesaadavamaks \u00f5ppematerjalid muutuvad, seda arukam on lasta \u00f5ppijatel nendega iseseisvalt t\u00f6\u00f6tada, selmet neid auditoorses vormis tutvustada. Auditoorset aega saab sel juhul kasutada iseseisvalt &#8230;<\/p>\n","protected":false},"author":9,"featured_media":0,"parent":0,"menu_order":0,"comment_status":"closed","ping_status":"closed","template":"","meta":{"_acf_changed":false,"inline_featured_image":false,"footnotes":""},"class_list":["post-17","page","type-page","status-publish","hentry"],"acf":[],"_links":{"self":[{"href":"https:\/\/sisu.ut.ee\/aktiivope\/wp-json\/wp\/v2\/pages\/17","targetHints":{"allow":["GET"]}}],"collection":[{"href":"https:\/\/sisu.ut.ee\/aktiivope\/wp-json\/wp\/v2\/pages"}],"about":[{"href":"https:\/\/sisu.ut.ee\/aktiivope\/wp-json\/wp\/v2\/types\/page"}],"author":[{"embeddable":true,"href":"https:\/\/sisu.ut.ee\/aktiivope\/wp-json\/wp\/v2\/users\/9"}],"replies":[{"embeddable":true,"href":"https:\/\/sisu.ut.ee\/aktiivope\/wp-json\/wp\/v2\/comments?post=17"}],"version-history":[{"count":1,"href":"https:\/\/sisu.ut.ee\/aktiivope\/wp-json\/wp\/v2\/pages\/17\/revisions"}],"predecessor-version":[{"id":138,"href":"https:\/\/sisu.ut.ee\/aktiivope\/wp-json\/wp\/v2\/pages\/17\/revisions\/138"}],"wp:attachment":[{"href":"https:\/\/sisu.ut.ee\/aktiivope\/wp-json\/wp\/v2\/media?parent=17"}],"curies":[{"name":"wp","href":"https:\/\/api.w.org\/{rel}","templated":true}]}}