{"id":15,"date":"2024-04-04T03:04:22","date_gmt":"2024-04-04T00:04:22","guid":{"rendered":"https:\/\/sisu.ut.ee\/aktiivope\/uue-oppimist-toetavad-oppemeetodid\/"},"modified":"2024-04-04T03:04:36","modified_gmt":"2024-04-04T00:04:36","slug":"uue-oppimist-toetavad-oppemeetodid","status":"publish","type":"page","link":"https:\/\/sisu.ut.ee\/aktiivope\/uue-oppimist-toetavad-oppemeetodid\/","title":{"rendered":"3. Iseseisvat \u00f5ppimist toetavad meetodid"},"content":{"rendered":"<p style=\"text-align: left\"><img loading=\"lazy\" decoding=\"async\" width=\"209\" height=\"247\" class=\"alignnone wp-image-50\" style=\"float: right\" src=\"https:\/\/sisu.ut.ee\/wp-content\/uploads\/sites\/187\/iseseisev_oppimine.png\" title=\"iseseisev_oppimine.png\" alt=\"iseseisev_oppimine.png\"><em>Mari Karm<\/em><\/p>\n<p><\/p>\n<p><span data-mce-mark=\"1\">Uue \u00f5ppimise etapis tutuvub \u00f5ppija uue teabega teksti lugemise, materjali kuulamise v\u00f5i vaatamise v\u00f5i millegi kogemise teel.<\/span><\/p>\n<p>Uue \u00f5ppimist toetavate \u00f5ppemeetodite eesm\u00e4rgiks on aidata kaasa \u00f5pitava t\u00e4henduse m\u00f5istmisele. Samuti on oluline toetada uute teadmiste l\u00f5imimist olemasolevasse teadmiste s\u00fcsteemi.<\/p>\n<p>Uut infot suudavad paremini m\u00f5ista need \u00f5ppijad, kes oskavad oma \u00f5ppimis- ja m\u00f5istmisprotsessi teadlikult j\u00e4lgida: esitada k\u00fcsimusi, p\u00f6\u00f6rduda tagasi segaseks j\u00e4\u00e4nud koha juurde, kontrollida s\u00f5nade t\u00e4hendust ja m\u00f5istete definitsioone, meenutada varem\u00f5pitud kontseptsioone jms. Uue materjali m\u00f5istmise h\u00f5lbustamiseks saab \u00f5petaja erinevate \u00fclesannete kaudu neid protsesse toetada.\u00a0<\/p>\n<p>Uued teadmised muutuvad omaseks, kui neid konkretiseerida n\u00e4idetega ja seostada eelnevate teadmistega. Seoste loomine toimub, kui uusi teadmisi hakatakse kasutama probleemide lahendamisel. Lahendada tuleks erinevaid \u00fclesandeid, kasutades teadmisi eri kontekstides.<\/p>\n<p style=\"text-align: right\">[<a href=\"https:\/\/sisu.ut.ee\/aktiivope\/individuaalsed-ulesanded-naited\">N\u00e4ited<\/a>]<\/p>\n","protected":false},"excerpt":{"rendered":"<p>Mari Karm Uue \u00f5ppimise etapis tutuvub \u00f5ppija uue teabega teksti lugemise, materjali kuulamise v\u00f5i vaatamise v\u00f5i millegi kogemise teel. Uue \u00f5ppimist toetavate \u00f5ppemeetodite eesm\u00e4rgiks on aidata kaasa \u00f5pitava t\u00e4henduse m\u00f5istmisele. Samuti on oluline toetada uute teadmiste l\u00f5imimist olemasolevasse teadmiste s\u00fcsteemi. &#8230;<\/p>\n","protected":false},"author":9,"featured_media":0,"parent":0,"menu_order":0,"comment_status":"closed","ping_status":"closed","template":"","meta":{"_acf_changed":false,"inline_featured_image":false,"footnotes":""},"class_list":["post-15","page","type-page","status-publish","hentry"],"acf":[],"_links":{"self":[{"href":"https:\/\/sisu.ut.ee\/aktiivope\/wp-json\/wp\/v2\/pages\/15","targetHints":{"allow":["GET"]}}],"collection":[{"href":"https:\/\/sisu.ut.ee\/aktiivope\/wp-json\/wp\/v2\/pages"}],"about":[{"href":"https:\/\/sisu.ut.ee\/aktiivope\/wp-json\/wp\/v2\/types\/page"}],"author":[{"embeddable":true,"href":"https:\/\/sisu.ut.ee\/aktiivope\/wp-json\/wp\/v2\/users\/9"}],"replies":[{"embeddable":true,"href":"https:\/\/sisu.ut.ee\/aktiivope\/wp-json\/wp\/v2\/comments?post=15"}],"version-history":[{"count":1,"href":"https:\/\/sisu.ut.ee\/aktiivope\/wp-json\/wp\/v2\/pages\/15\/revisions"}],"predecessor-version":[{"id":136,"href":"https:\/\/sisu.ut.ee\/aktiivope\/wp-json\/wp\/v2\/pages\/15\/revisions\/136"}],"wp:attachment":[{"href":"https:\/\/sisu.ut.ee\/aktiivope\/wp-json\/wp\/v2\/media?parent=15"}],"curies":[{"name":"wp","href":"https:\/\/api.w.org\/{rel}","templated":true}]}}