{"id":14,"date":"2024-04-04T03:04:21","date_gmt":"2024-04-04T00:04:21","guid":{"rendered":"https:\/\/sisu.ut.ee\/aktiivope\/kasutatud-allikad-0\/"},"modified":"2024-04-04T03:04:36","modified_gmt":"2024-04-04T00:04:36","slug":"kasutatud-allikad-0","status":"publish","type":"page","link":"https:\/\/sisu.ut.ee\/aktiivope\/kasutatud-allikad-0\/","title":{"rendered":"Kasutatud allikad"},"content":{"rendered":"<ul id=\"yui_3_15_0_3_1475040857580_659\">\n<li><span>R\u00e4\u00e4gel. K. (2004). Tants \u00fcmber t\u00f6\u00f6posti. Pegasus O\u00dc.<\/span><\/li>\n<li><span data-mce-mark=\"1\">McKeachie, W.J., Chism, N., Menges, R., Svinicki, M., Weinstein, C.E. (1994). Teaching Tips. Strategies, Reserach and Theory for College and Universiry Teachers. D.C.Heath and Company.<\/span><\/li>\n<li><span data-mce-mark=\"1\">Icebreakers, Warm-up, Review, and Motivator Activities \u2013\u00a0<a href=\"http:\/\/www.nwlink.com\/~Donclark\/leader\/icebreak.html\" target=\"_blank\" rel=\"noopener\">http:\/\/www.nwlink.com\/~Donclark\/leader\/icebreak.html<\/a><\/span><\/li>\n<li><span>Top 10 Ice Breakers of 2009 \u2013\u00a0<a href=\"http:\/\/adulted.about.com\/od\/icebreakers\/tp\/topten2009.htm\" target=\"_blank\" rel=\"noopener\">http:\/\/adulted.about.com\/od\/icebreakers\/tp\/topten2009.htm<\/a><\/span><\/li>\n<\/ul>\n<h2>Lisamaterjalid<\/h2>\n<div class=\"no-overflow\">\n<ul>\n<li>Online Induction: Icebreaker Activities \u2013\u00a0<a href=\"http:\/\/www.dontwasteyourtime.co.uk\/elearning\/online-induction-icebreaker-activities\/\" target=\"_blank\" rel=\"noopener\">http:\/\/www.dontwasteyourtime.co.uk\/elearning\/online-induction-icebreaker-activities\/<\/a><\/li>\n<li>Warm-Ups \u2013\u00a0<a href=\"http:\/\/learnimprov.com\/?page_id=33\" target=\"_blank\" rel=\"noopener\">http:\/\/learnimprov.com\/?page_id=33<\/a><\/li>\n<\/ul>\n<\/div>\n","protected":false},"excerpt":{"rendered":"<p>R\u00e4\u00e4gel. K. (2004). Tants \u00fcmber t\u00f6\u00f6posti. Pegasus O\u00dc. McKeachie, W.J., Chism, N., Menges, R., Svinicki, M., Weinstein, C.E. (1994). Teaching Tips. Strategies, Reserach and Theory for College and Universiry Teachers. D.C.Heath and Company. Icebreakers, Warm-up, Review, and Motivator Activities \u2013\u00a0http:\/\/www.nwlink.com\/~Donclark\/leader\/icebreak.html &#8230;<\/p>\n","protected":false},"author":9,"featured_media":0,"parent":0,"menu_order":0,"comment_status":"closed","ping_status":"closed","template":"","meta":{"_acf_changed":false,"inline_featured_image":false,"footnotes":""},"class_list":["post-14","page","type-page","status-publish","hentry"],"acf":[],"_links":{"self":[{"href":"https:\/\/sisu.ut.ee\/aktiivope\/wp-json\/wp\/v2\/pages\/14","targetHints":{"allow":["GET"]}}],"collection":[{"href":"https:\/\/sisu.ut.ee\/aktiivope\/wp-json\/wp\/v2\/pages"}],"about":[{"href":"https:\/\/sisu.ut.ee\/aktiivope\/wp-json\/wp\/v2\/types\/page"}],"author":[{"embeddable":true,"href":"https:\/\/sisu.ut.ee\/aktiivope\/wp-json\/wp\/v2\/users\/9"}],"replies":[{"embeddable":true,"href":"https:\/\/sisu.ut.ee\/aktiivope\/wp-json\/wp\/v2\/comments?post=14"}],"version-history":[{"count":1,"href":"https:\/\/sisu.ut.ee\/aktiivope\/wp-json\/wp\/v2\/pages\/14\/revisions"}],"predecessor-version":[{"id":162,"href":"https:\/\/sisu.ut.ee\/aktiivope\/wp-json\/wp\/v2\/pages\/14\/revisions\/162"}],"wp:attachment":[{"href":"https:\/\/sisu.ut.ee\/aktiivope\/wp-json\/wp\/v2\/media?parent=14"}],"curies":[{"name":"wp","href":"https:\/\/api.w.org\/{rel}","templated":true}]}}