{"id":10,"date":"2024-04-04T03:04:21","date_gmt":"2024-04-04T00:04:21","guid":{"rendered":"https:\/\/sisu.ut.ee\/aktiivope\/tutvumisharjutused\/"},"modified":"2024-04-04T03:04:36","modified_gmt":"2024-04-04T00:04:36","slug":"tutvumisharjutused","status":"publish","type":"page","link":"https:\/\/sisu.ut.ee\/aktiivope\/tutvumisharjutused\/","title":{"rendered":"Tutvumisharjutused"},"content":{"rendered":"<h2>\n\t<span>1. Kes ma olen ja kust ma tulen<\/span><br>\n<\/h2>\n<p>\n\t<span>Kui r\u00fchmaliikmed on p\u00e4rit erinevatest kohtadest, on tore v\u00f5imalus lasta iga\u00fchel m\u00e4rkida enda elukoht\/s\u00fcnnikoht Eesti kaardile. V\u00f5ib lasta lisada ka enda l\u00fchitutvustuse. L\u00fchitutvustuse puhul v\u00f5iks ette anda aspektid, mille kohta \u00f5ppijad v\u00f5iksid infot jagada (n\u00e4iteks nimi, ootused antud kurususele, varasemad kogemused e-\u00f5ppega, miks otsustasid osaleda antud kursusel vms).<\/span>\n<\/p>\n<p>\n\tSelleks saab edukalt kasutada Google\u2019i rakendust <strong>Google Maps<\/strong> aadressil <a href=\"http:\/\/maps.google.com\/\" target=\"_blank\" rel=\"noopener\">http:\/\/maps.google.com\/<\/a>. Kaarte vaadata saavad k\u00f5ik soovijad, kuid enda infot kaardile lisada vaid Google\u2019i konto omanikud. Keegi peaks lihtsalt aluskaardi valmis tegema, vastavalt seadistama ja teistele osalistele loodud kaardi veebiaadressi edastama. Kui loote kaardi, m\u00e4\u00e4rake see <em>Public-kaardiks<\/em> ning <em>Collaborate<\/em> lingi alt valige <em>Allow anyone to edit this map<\/em> \u2013 siis saavad k\u00f5ik seda kaarti t\u00e4iendada.\n<\/p>\n<p>\n\tMaailmakaardile v\u00f5ib lasta \u00f5ppijatel m\u00e4rkida k\u00f5ige huvitavam koht, kus on reisil k\u00e4idud vms.\n<\/p>\n<p>\n\t<img loading=\"lazy\" decoding=\"async\" width=\"662\" height=\"404\" class=\"alignnone wp-image-47\" style=\"margin-left: auto;margin-right: auto\" src=\"https:\/\/sisu.ut.ee\/wp-content\/uploads\/sites\/187\/kust_oled.png\" title=\"kust_oled.png\" alt=\"kust_oled.png\" srcset=\"https:\/\/sisu.ut.ee\/wp-content\/uploads\/sites\/187\/kust_oled.png 662w, https:\/\/sisu.ut.ee\/wp-content\/uploads\/sites\/187\/kust_oled-300x183.png 300w\" sizes=\"auto, (max-width: 662px) 100vw, 662px\">\n<\/p>\n<h2>\n\t<span>2. V\u00f5imalusi enesetutvustamise mitmekesistamiseks<\/span><br>\n<\/h2>\n<p>\n\t<span>Paluda \u00f5ppijatel saata n\u00e4iteks foorumisse pilt v\u00f5i muusikapala, mis iseloomustab \u00f5ppeprotsessis osalejat kui \u00f5ppijat, tema suhtumist \u00f5ppimisse, hetkemeeleolu jne. <\/span><span>Samuti v\u00f5ib iga \u00f5ppija luua veebi (nt <strong>Weebly<\/strong> \u2013 <a href=\"http:\/\/www.weebly.com\/\" target=\"_blank\" rel=\"noopener\">http:\/\/www.weebly.com<\/a>) enda kohta infolehe ja saata selle aadressi teistele \u00f5ppijatele. V\u00f5i siis salvestada endast atraktiivse esitluse veebirakendusega <\/span><strong>Prezi<\/strong> (<a href=\"http:\/\/prezi.com\/\" target=\"_blank\" rel=\"noopener\">http:\/\/prezi.com\/<\/a>), <strong>Emaze<\/strong> (<a href=\"https:\/\/www.emaze.com\/\" target=\"_blank\" rel=\"noopener\">https:\/\/www.emaze.com\/<\/a>), <strong>Powtoon<\/strong> (<a href=\"https:\/\/www.powtoon.com\/\" target=\"_blank\" rel=\"noopener\">https:\/\/www.powtoon.com\/<\/a>), luua koomiksi (<strong>Make Beliefs Comix<\/strong> \u2013 <a href=\"http:\/\/www.makebeliefscomix.com\/\" target=\"_blank\" rel=\"noopener\">http:\/\/www.makebeliefscomix.com\/<\/a>) v\u00f5i joonistada ise pliiatsiga rakendusega <strong>Pencil Madness<\/strong> (<a data-url=\"http:\/\/pencilmadness.com\/app\" href=\"http:\/\/pencilmadness.com\/app\" target=\"_blank\" title=\"\" rel=\"noopener\">http:\/\/pencilmadness.com\/app<\/a>) v\u00f5i <strong>InspirARTion<\/strong> (<a href=\"http:\/\/intelloware.com\/art\/\" target=\"_blank\" rel=\"noopener\">http:\/\/intelloware.com\/art\/<\/a>).\n<\/p>\n<p>\n\t<span>V\u00f5ib ka p<\/span><span>aluda saata mitu pilti: \u00fcks, mis iseloomustab \u00f5ppijat, kui ta on \u00f5nnelik, heas tujus, teine, mis iseloomustab teda, kui on \u00f5nnetu \/halvas tujus; pilt, mis peegeldab tema suurimat \u00f5nnestumist ja suurimat v\u00e4ljakutset. <\/span><span>Sellist pildikolaa\u017ei on mugav teha veebip\u00f5hise programmiga <\/span><strong>Photovisi<\/strong> (<a href=\"http:\/\/www.photovisi.com\/\" target=\"_blank\" rel=\"noopener\">http:\/\/www.photovisi.com\/<\/a>) v\u00f5i <strong>Picassohead<\/strong> (<a href=\"http:\/\/www.picassohead.com\/\" target=\"_blank\" rel=\"noopener\">http:\/\/www.picassohead.com\/<\/a>). Kelmikalt liikuvat n\u00e4ofotot saab aga teha lehek\u00fcljel <a href=\"http:\/\/cartoon.pho.to\/\" target=\"_blank\" rel=\"noopener\">http:\/\/cartoon.pho.to\/<\/a> (laadida <span>foto n\u00e4opildiga \u00fcles, teha linnuke <em>Face morphing<\/em> ja valida animatsioon). Olulistest v\u00f5i iseloomulikest s\u00f5nadest ja lausetest saab pildi joonistada rakendusega <strong>Texter<\/strong> (<a href=\"http:\/\/tholman.com\/texter\/\" target=\"_blank\" rel=\"noopener\">http:\/\/tholman.com\/texter\/<\/a>).<\/span>\n<\/p>\n<p>\n\t<span data-mce-mark=\"1\">Teemasid ja aspekte, mida \u00f5ppijad jagavad, v\u00f5ib varieerida l\u00e4htuvalt \u00f5pitavast teemast ja \u00f5ppijate vanusest.<\/span>\n<\/p>\n<p>\n\t<span>\u00dcksteisega tutvumiseks saab kasutada ka Moodle\u2019i s\u00f5nastikku ja sellega seotud plokki \u2013 juhuslik kirje s\u00f5nastikust. Nii tuleb \u00f5ppijatel kursuse alguses lisada s\u00f5nastikku enda kohta tutvustav kirje (m\u00f5istena \u00f5ppija nimi ning selgitusena eelnevalt kokkulepitud struktuuriga l\u00fchitutvustus) ja juhusliku kirje plokis kuvatakse edaspidi infot kursusel osalejate kohta.<\/span>\n<\/p>\n<h2>\n\t<span>3. Kuhu r\u00fchma sa kuulud?<\/span><br>\n<\/h2>\n<p>\n\tEelnevalt pannakse paika r\u00fchmitamistunnused. Seej\u00e4rel paigutab iga \u00f5ppija ennast vastava r\u00fchma alla. Selleks saab kasutada n\u00e4iteks veebip\u00f5hise m\u00f5istekaardi vahendit. Veebip\u00f5hiseid m\u00f5istekaardi loomise vahendeid on palju: <strong>Bubbl<\/strong> (<a href=\"https:\/\/bubbl.us\/\" target=\"_blank\" rel=\"noopener\">https:\/\/bubbl.us\/<\/a>), <strong>Coggle<\/strong> (<a href=\"https:\/\/coggle.it\/\" target=\"_blank\" rel=\"noopener\">https:\/\/coggle.it\/<\/a>). Veel saab kasutada veebip\u00f5hist (ei pea registreeruma ja saab teistega jagada) veebitahvlit <strong>Padlet <\/strong>(<a data-url=\"https:\/\/padlet.com\/\" href=\"https:\/\/padlet.com\/\" target=\"_blank\" title=\"\" rel=\"noopener\">https:\/\/padlet.com\/<\/a>)\u00a0v\u00f5i <strong>Scumblr<\/strong> (<a href=\"http:\/\/scrumblr.ca\/\" target=\"_blank\" rel=\"noopener\">http:\/\/scrumblr.ca<\/a>).\n<\/p>\n<h2>\n\t<span><span><span>4. Tee endale nimekaart<\/span><\/span><\/span><br>\n<\/h2>\n<p>\n\t<span>Paluda koostada \u00f5ppijatel isikup\u00e4rane elektrooniline nimekaart kasutades pilte, s\u00fcmboleid, joonistamist jne, mis lisaks nimele annaks infot ka \u00f5ppeprotsessis osaleja tegevuse\/t\u00f6\u00f6valdkonna, huvide ja hobide kohta.<\/span>\n<\/p>\n<p>\n\t<span>Kui \u00f5ppijad on oma nimekaarte teistega jaganud, v\u00f5ib paluda teistel osalejatel arvata (m\u00f5nes suhtlemisvahendis), millised v\u00f5iksid olla antud nimekaardi omaniku huvid ja hobid v\u00f5i siis paluda igal nimekaardi omanikul ise seletada m\u00e4rkide, s\u00fcmbolite, piltide ja joonistuste t\u00e4hendust r\u00fchmakaaslastele.<\/span>\n<\/p>\n<p>\n\t<span>V\u00e4ga lihtne on nimekaarti teha n\u00e4iteks veebip\u00f5histe pildit\u00f6\u00f6tlusprogrammidega <strong>Pixlr<\/strong> (<a href=\"http:\/\/pixlr.com\/editor\/\" target=\"_blank\" rel=\"noopener\">http:\/\/pixlr.com\/editor\/<\/a>), <strong>F<span>otoflexer<\/span><\/strong>(<a href=\"http:\/\/fotoflexer.com\/\" target=\"_blank\" rel=\"noopener\">http:\/\/fotoflexer.com<\/a>) ja <strong>iPiccy<\/strong> (<a href=\"http:\/\/ipiccy.com\/\" target=\"_blank\" rel=\"noopener\">http:\/\/ipiccy.com\/<\/a>). Reklaamlehe tegemiseks saab kasutada veebip\u00f5hist rakendust <strong>Canva <\/strong>(<\/span><a data-url=\"https:\/\/www.canva.com\/\" href=\"https:\/\/www.canva.com\/\" target=\"_blank\" title=\"\" rel=\"noopener\">https:\/\/www.canva.com\/<\/a>)<span>.<\/span>\n<\/p>\n<h2>\n\t<span>5. M\u00f5tle endale uus perekonnanimi<\/span><br>\n<\/h2>\n<p>\n\t<span>Paluda \u00f5ppeprotsessis osalejatel m\u00f5elda endale uus perekonnanimi, mis algab sama t\u00e4hega, mis nende eesnimi. Uus perekonnanimi peaks samas iseloomustama ka \u00f5ppijat (nt J\u00fcri Juurdleja). Seej\u00e4rel tutvustatakse foorumis kaas\u00f5ppijatele ennast ja oma uut perekonnanime ning selgitatakse, miks valiti just selline nimi ning kuidas see on seotud antud inimesega v\u00f5i millised iseloomujooned on osalejale omased. Uue perekonnanime v\u00f5ib paluda \u00f5ppijatel valida ka \u00f5pitava teema\/\u00f5ppeaine m\u00f5istete seast.<\/span>\n<\/p>\n<h2>\n\t<span>6. R\u00fchmakaaslase intervjueerimine ja tutvustamine<\/span><br>\n<\/h2>\n<p>\n\t<span>\u00d5pper\u00fchma liikmed jagatakse paaridesse ning igal \u00fchel on \u00fclesandeks oma paarilist intervjueerida ning p\u00e4rast tutvustada r\u00fchmakaaslastele.<\/span>\n<\/p>\n<p>\n\tOsalejatele v\u00f5ib anda ette k\u00fcsimused, millest nad teevad oma valiku. Peale veebip\u00f5hist intervjuud tehakse kokkuv\u00f5te teistele r\u00fchmaliikmetele. Teine v\u00f5imalus on lasta igal intervjueerijal m\u00f5elda ise v\u00e4lja k\u00fcsimused, mida k\u00fcsitakse. Oluline on m\u00f5elda, milline oleks info, mis annaks k\u00f5ige parema \u00fclevaate intervjueeritavast ning mille poolest ta v\u00f5iks olla eriline (nt Midagi, mida oled elus teinud, proovinud, mida t\u00f5en\u00e4oliselt teised r\u00fchmaliikmed ei ole? Midagi, mille \u00fcle oled eriti uhke? Midagi sinu kohta, mis v\u00f5ib olla \u00fcllatav teistele? Mida sa v\u00e4\u00e4rtustad, mis on sulle olulised asjad? jms). Intervjuu v\u00f5ib l\u00e4bi viia ka m\u00f5ne s\u00fcnkroonse suhtlemise vahendiga (<strong>Skype<\/strong>) ning tulemuse v\u00f5ib esitada ka audio-v\u00f5i videosalvestusena. Veebivestluseks saab kasutada ka nt Moodle\u2019i rakendust <b>BigBlueButton<\/b>.\n<\/p>\n<p>\n\t<span>Intervjuude kohta leiate lisainfot j\u00e4rgmisest moodulist.<\/span><\/p>\n","protected":false},"excerpt":{"rendered":"<p>1. Kes ma olen ja kust ma tulen Kui r\u00fchmaliikmed on p\u00e4rit erinevatest kohtadest, on tore v\u00f5imalus lasta iga\u00fchel m\u00e4rkida enda elukoht\/s\u00fcnnikoht Eesti kaardile. V\u00f5ib lasta lisada ka enda l\u00fchitutvustuse. L\u00fchitutvustuse puhul v\u00f5iks ette anda aspektid, mille kohta \u00f5ppijad v\u00f5iksid &#8230;<\/p>\n","protected":false},"author":9,"featured_media":0,"parent":0,"menu_order":0,"comment_status":"closed","ping_status":"closed","template":"","meta":{"_acf_changed":false,"inline_featured_image":false,"footnotes":""},"class_list":["post-10","page","type-page","status-publish","hentry"],"acf":[],"_links":{"self":[{"href":"https:\/\/sisu.ut.ee\/aktiivope\/wp-json\/wp\/v2\/pages\/10","targetHints":{"allow":["GET"]}}],"collection":[{"href":"https:\/\/sisu.ut.ee\/aktiivope\/wp-json\/wp\/v2\/pages"}],"about":[{"href":"https:\/\/sisu.ut.ee\/aktiivope\/wp-json\/wp\/v2\/types\/page"}],"author":[{"embeddable":true,"href":"https:\/\/sisu.ut.ee\/aktiivope\/wp-json\/wp\/v2\/users\/9"}],"replies":[{"embeddable":true,"href":"https:\/\/sisu.ut.ee\/aktiivope\/wp-json\/wp\/v2\/comments?post=10"}],"version-history":[{"count":1,"href":"https:\/\/sisu.ut.ee\/aktiivope\/wp-json\/wp\/v2\/pages\/10\/revisions"}],"predecessor-version":[{"id":158,"href":"https:\/\/sisu.ut.ee\/aktiivope\/wp-json\/wp\/v2\/pages\/10\/revisions\/158"}],"wp:attachment":[{"href":"https:\/\/sisu.ut.ee\/aktiivope\/wp-json\/wp\/v2\/media?parent=10"}],"curies":[{"name":"wp","href":"https:\/\/api.w.org\/{rel}","templated":true}]}}