{"id":7,"date":"2024-04-04T06:16:27","date_gmt":"2024-04-04T03:16:27","guid":{"rendered":"https:\/\/sisu.ut.ee\/ajalooandmebaasid\/harjutamiseks\/"},"modified":"2024-04-04T06:16:44","modified_gmt":"2024-04-04T03:16:44","slug":"harjutamiseks","status":"publish","type":"page","link":"https:\/\/sisu.ut.ee\/ajalooandmebaasid\/harjutamiseks\/","title":{"rendered":"Harjutamiseks"},"content":{"rendered":"<p>\n\tUuri <a data-url=\"https:\/\/query.wikidata.org\/\" href=\"https:\/\/query.wikidata.org\/\" target=\"_blank\" title=\"\" rel=\"noopener\">Wikidata Query Service<\/a> abil v\u00e4lja\n<\/p>\n<ol>\n<li>\n\t\tK\u00fcmme inimest, kes on surnud Tallinnas, j\u00e4rjestatuna surmakuup\u00e4eva j\u00e4rgi\n\t<\/li>\n<li>\n\t\tMilline helilooja peale Beethooveni oli veel kurt\n\t<\/li>\n<li>\n\t\tMilline haigus on heliloojate seas levinum?\n\t<\/li>\n<li>\n\t\tMehed, kelle eesnimi on Mihkel ja kes on s\u00fcndinud enne aastat 1900\n\t<\/li>\n<li>\n\t\tPildigalerii Henry VIII naistest\n\t<\/li>\n<li>\n\t\tPildigalerii k\u00f5ikidest Wikipedias leiduvatest kunstnike signatuuridest\n\t<\/li>\n<li>\n\t\tKaart Eesti peaministrite s\u00fcnnikohtadest kaardil koos piltidega\n\t<\/li>\n<\/ol>\n","protected":false},"excerpt":{"rendered":"<p>Uuri Wikidata Query Service abil v\u00e4lja K\u00fcmme inimest, kes on surnud Tallinnas, j\u00e4rjestatuna surmakuup\u00e4eva j\u00e4rgi Milline helilooja peale Beethooveni oli veel kurt Milline haigus on heliloojate seas levinum? Mehed, kelle eesnimi on Mihkel ja kes on s\u00fcndinud enne aastat 1900 &#8230;<\/p>\n","protected":false},"author":231,"featured_media":0,"parent":0,"menu_order":0,"comment_status":"closed","ping_status":"closed","template":"","meta":{"_acf_changed":false,"inline_featured_image":false,"footnotes":""},"class_list":["post-7","page","type-page","status-publish","hentry"],"acf":[],"_links":{"self":[{"href":"https:\/\/sisu.ut.ee\/ajalooandmebaasid\/wp-json\/wp\/v2\/pages\/7","targetHints":{"allow":["GET"]}}],"collection":[{"href":"https:\/\/sisu.ut.ee\/ajalooandmebaasid\/wp-json\/wp\/v2\/pages"}],"about":[{"href":"https:\/\/sisu.ut.ee\/ajalooandmebaasid\/wp-json\/wp\/v2\/types\/page"}],"author":[{"embeddable":true,"href":"https:\/\/sisu.ut.ee\/ajalooandmebaasid\/wp-json\/wp\/v2\/users\/231"}],"replies":[{"embeddable":true,"href":"https:\/\/sisu.ut.ee\/ajalooandmebaasid\/wp-json\/wp\/v2\/comments?post=7"}],"version-history":[{"count":1,"href":"https:\/\/sisu.ut.ee\/ajalooandmebaasid\/wp-json\/wp\/v2\/pages\/7\/revisions"}],"predecessor-version":[{"id":144,"href":"https:\/\/sisu.ut.ee\/ajalooandmebaasid\/wp-json\/wp\/v2\/pages\/7\/revisions\/144"}],"wp:attachment":[{"href":"https:\/\/sisu.ut.ee\/ajalooandmebaasid\/wp-json\/wp\/v2\/media?parent=7"}],"curies":[{"name":"wp","href":"https:\/\/api.w.org\/{rel}","templated":true}]}}