{"id":12,"date":"2024-04-04T06:16:28","date_gmt":"2024-04-04T03:16:28","guid":{"rendered":"https:\/\/sisu.ut.ee\/ajalooandmebaasid\/harjutamiseks-0\/"},"modified":"2024-04-04T06:16:44","modified_gmt":"2024-04-04T03:16:44","slug":"harjutamiseks-0","status":"publish","type":"page","link":"https:\/\/sisu.ut.ee\/ajalooandmebaasid\/harjutamiseks-0\/","title":{"rendered":"Harjutamiseks"},"content":{"rendered":"<div>\n\t<img loading=\"lazy\" decoding=\"async\" width=\"119\" height=\"121\" class=\"alignnone wp-image-43\" style=\"float:left;margin-left:5px;margin-right:5px\" src=\"https:\/\/sisu.ut.ee\/wp-content\/uploads\/sites\/444\/11.png\" title=\"11.png\" alt=\"11.png\">\n<div>\n\t\t\u00a0\n\t<\/div>\n<div>\n\t\tKirjuta k\u00e4sk, mis kuvaks k\u00f5ige noorema inimese ja n\u00e4itaks tema nime ja vanuse.\n\t<\/div>\n<div>\n\t\t\u00a0\n\t<\/div>\n<div>\n\t\t\u00a0\n\t<\/div>\n<div>\n\t\t\u00d5ige p\u00e4ringu korral n\u00e4eb tulemus v\u00e4lja nii:\n\t<\/div>\n<div>\n\t\t<img loading=\"lazy\" decoding=\"async\" width=\"622\" height=\"136\" class=\"alignnone wp-image-44\" src=\"https:\/\/sisu.ut.ee\/wp-content\/uploads\/sites\/444\/8.png\" title=\"8.png\" alt=\"8.png\" srcset=\"https:\/\/sisu.ut.ee\/wp-content\/uploads\/sites\/444\/8.png 622w, https:\/\/sisu.ut.ee\/wp-content\/uploads\/sites\/444\/8-300x66.png 300w\" sizes=\"auto, (max-width: 622px) 100vw, 622px\">\n\t<\/div>\n<div>\n\t\t\u00a0\n\t<\/div>\n<div>\n\t\t\u00a0\n\t<\/div>\n<div>\n<div>\n\t\t\t<img loading=\"lazy\" decoding=\"async\" width=\"119\" height=\"121\" class=\"alignnone wp-image-43\" style=\"float:left;margin-left:5px;margin-right:5px\" src=\"https:\/\/sisu.ut.ee\/wp-content\/uploads\/sites\/444\/11.png\" title=\"11.png\" alt=\"11.png\">\n\t\t<\/div>\n<div>\n\t\t\t\u00a0\n\t\t<\/div>\n<div>\n\t\t\tKirjuta k\u00e4sk, mis kuvaks k\u00f5ik eesnimed, mis algavad \u201cM\u201d t\u00e4hega.\n\t\t<\/div>\n<div>\n\t\t\t\u00a0\n\t\t<\/div>\n<div>\n\t\t\t\u00a0\n\t\t<\/div>\n<div>\n\t\t\t\u00d5ige p\u00e4ringu korral n\u00e4eb tulemus v\u00e4lja nii:\n\t\t<\/div>\n<div>\n\t\t\t<img loading=\"lazy\" decoding=\"async\" width=\"1325\" height=\"137\" class=\"alignnone wp-image-46\" src=\"https:\/\/sisu.ut.ee\/wp-content\/uploads\/sites\/444\/9.png\" title=\"9.png\" alt=\"9.png\" srcset=\"https:\/\/sisu.ut.ee\/wp-content\/uploads\/sites\/444\/9.png 1325w, https:\/\/sisu.ut.ee\/wp-content\/uploads\/sites\/444\/9-300x31.png 300w, https:\/\/sisu.ut.ee\/wp-content\/uploads\/sites\/444\/9-1024x106.png 1024w, https:\/\/sisu.ut.ee\/wp-content\/uploads\/sites\/444\/9-768x79.png 768w\" sizes=\"auto, (max-width: 1325px) 100vw, 1325px\">\n\t\t<\/div>\n<div>\n\t\t\t\u00a0\n\t\t<\/div>\n<div>\n\t\t\t\u00a0\n\t\t<\/div>\n<div>\n\t\t\t<img loading=\"lazy\" decoding=\"async\" width=\"119\" height=\"121\" class=\"alignnone wp-image-43\" style=\"float:left;margin-left:5px;margin-right:5px\" src=\"https:\/\/sisu.ut.ee\/wp-content\/uploads\/sites\/444\/11.png\" title=\"11.png\" alt=\"11.png\">\n\t\t<\/div>\n<div>\n\t\t\t\u00a0\n\t\t<\/div>\n<div>\n\t\t\tKirjuta k\u00e4sk, mis kuvaks k\u00f5ik isikud, kelle vara v\u00e4\u00e4rtus on alla keskmise.\n\t\t<\/div>\n<div>\n\t\t\t\u00a0\n\t\t<\/div>\n<div>\n\t\t\t\u00a0\n\t\t<\/div>\n<div>\n\t\t\t\u00d5ige p\u00e4ringu korral n\u00e4eb tulemus v\u00e4lja nii:\n\t\t<\/div>\n<div>\n\t\t\t<img loading=\"lazy\" decoding=\"async\" width=\"1331\" height=\"242\" class=\"alignnone wp-image-45\" src=\"https:\/\/sisu.ut.ee\/wp-content\/uploads\/sites\/444\/10.png\" title=\"10.png\" alt=\"10.png\" srcset=\"https:\/\/sisu.ut.ee\/wp-content\/uploads\/sites\/444\/10.png 1331w, https:\/\/sisu.ut.ee\/wp-content\/uploads\/sites\/444\/10-300x55.png 300w, https:\/\/sisu.ut.ee\/wp-content\/uploads\/sites\/444\/10-1024x186.png 1024w, https:\/\/sisu.ut.ee\/wp-content\/uploads\/sites\/444\/10-768x140.png 768w\" sizes=\"auto, (max-width: 1331px) 100vw, 1331px\">\n\t\t<\/div>\n<div>\n\t\t\t\u00a0\n\t\t<\/div>\n<\/div>\n<\/div>\n","protected":false},"excerpt":{"rendered":"<p>\u00a0 Kirjuta k\u00e4sk, mis kuvaks k\u00f5ige noorema inimese ja n\u00e4itaks tema nime ja vanuse. \u00a0 \u00a0 \u00d5ige p\u00e4ringu korral n\u00e4eb tulemus v\u00e4lja nii: \u00a0 \u00a0 \u00a0 Kirjuta k\u00e4sk, mis kuvaks k\u00f5ik eesnimed, mis algavad \u201cM\u201d t\u00e4hega. \u00a0 \u00a0 \u00d5ige p\u00e4ringu &#8230;<\/p>\n","protected":false},"author":231,"featured_media":0,"parent":0,"menu_order":0,"comment_status":"closed","ping_status":"closed","template":"","meta":{"_acf_changed":false,"inline_featured_image":false,"footnotes":""},"class_list":["post-12","page","type-page","status-publish","hentry"],"acf":[],"_links":{"self":[{"href":"https:\/\/sisu.ut.ee\/ajalooandmebaasid\/wp-json\/wp\/v2\/pages\/12","targetHints":{"allow":["GET"]}}],"collection":[{"href":"https:\/\/sisu.ut.ee\/ajalooandmebaasid\/wp-json\/wp\/v2\/pages"}],"about":[{"href":"https:\/\/sisu.ut.ee\/ajalooandmebaasid\/wp-json\/wp\/v2\/types\/page"}],"author":[{"embeddable":true,"href":"https:\/\/sisu.ut.ee\/ajalooandmebaasid\/wp-json\/wp\/v2\/users\/231"}],"replies":[{"embeddable":true,"href":"https:\/\/sisu.ut.ee\/ajalooandmebaasid\/wp-json\/wp\/v2\/comments?post=12"}],"version-history":[{"count":1,"href":"https:\/\/sisu.ut.ee\/ajalooandmebaasid\/wp-json\/wp\/v2\/pages\/12\/revisions"}],"predecessor-version":[{"id":139,"href":"https:\/\/sisu.ut.ee\/ajalooandmebaasid\/wp-json\/wp\/v2\/pages\/12\/revisions\/139"}],"wp:attachment":[{"href":"https:\/\/sisu.ut.ee\/ajalooandmebaasid\/wp-json\/wp\/v2\/media?parent=12"}],"curies":[{"name":"wp","href":"https:\/\/api.w.org\/{rel}","templated":true}]}}