{"id":10,"date":"2024-04-04T06:16:28","date_gmt":"2024-04-04T03:16:28","guid":{"rendered":"https:\/\/sisu.ut.ee\/ajalooandmebaasid\/dbdesigner\/"},"modified":"2024-04-04T06:16:44","modified_gmt":"2024-04-04T03:16:44","slug":"dbdesigner","status":"publish","type":"page","link":"https:\/\/sisu.ut.ee\/ajalooandmebaasid\/dbdesigner\/","title":{"rendered":"Kuidas alustada oma andmebaasi loomist?"},"content":{"rendered":"<p>\n\t\u00a0\n<\/p>\n<p>\n\t<strong><span>DB Designer\u00b4i kasutusjuhend testandmebaasi R\u00e4ndaja ER mudeli n\u00e4itel<\/span><\/strong>\n<\/p>\n<p>\n\t<span>Modelleerimistarkvarasid on v\u00e4ga palju. Neid leiab googeldades h\u00f5lpsalt. Valdavalt on need tasulised, leidub ka vabavaralisi, aga need ei toimi nii h\u00e4sti. \u00dcks, mis t\u00f6\u00f6tab h\u00e4sti, on veebip\u00f5hine DB Designer, mille leiab aadressilt <\/span><a href=\"https:\/\/www.dbdesigner.net\/\"><span>https:\/\/www.dbdesigner.net\/<\/span><\/a>\u00a0\n<\/p>\n<p>\n\t<span>DB Designeri tasuta versioon lubab salvestada kaks andmebaasi mudelit, kummaski kuni 10 tabelit. Kui mitte, siis tudengitel on v\u00f5imalus saata meil <\/span><a href=\"mailto:info@dbdesigner.net\"><span>info@dbdesigner.net<\/span><\/a><span> ja k\u00fcsida tasuta juurdep\u00e4\u00e4su piiramatule arvule mudelitele ja tabelitele mudelis. Loe siit l\u00e4hemalt <\/span><a href=\"https:\/\/www.dbdesigner.net\/opportunities-to-earn-free-upgrade-to-our-paid-plans\/\"><span>https:\/\/www.dbdesigner.net\/opportunities-to-earn-free-upgrade-to-our-paid-plans\/<\/span><\/a>\n<\/p>\n<p>\n\t<span>Mudelit on v\u00f5imalik alustada kontot loomata, aga seda ei saa eksportida ei pildi ega SQL k\u00e4skudena. Seep\u00e4rast alusta konto loomisest. Sisseloginuna on v\u00f5imalik t\u00f6\u00f6 salvestada (Schema men\u00fc\u00fcst), pooleli j\u00e4tta ja hiljem j\u00e4tkata. <\/span>\n<\/p>\n<p>\n\t<span>Selleks, et DB Designerist saaks SQL k\u00e4sud importida andmebaasihalduss\u00fcsteemi, mida plaanid kasutada, nagu nt PostgreSQL, on oluline, et k\u00f5ik andmet\u00fc\u00fcbid ja v\u00f5imalikud kitsendused \u2013 (primaarv\u00f5tmed (primary key), tunnuse v\u00e4\u00e4rtuse automaatne t\u00e4itmine (autoincrement), unikaalsus (unique), kas tunnusel v\u00f5ib ka v\u00e4\u00e4rtus puududa (NULL, NOT NULL) \u2013 saaksid korrektsed. <\/span>\n<\/p>\n<p>\n\t<span>Hiljem saab k\u00f5ike k\u00fcll ka PostgreSQLis muuta, aga vea avastamine ja parandamine v\u00f5ib v\u00f5tta aega. <\/span>\n<\/p>\n<p>\n\t<span>Et DB Designeris oleks lihtsam t\u00f6\u00f6tada, v\u00f5id alusta ER diagrammi loomist paberi ja pliiatsiga. <\/span>\n<\/p>\n<p>\n\t<span>Kui esialgne ER mudel on olemas, olemid, tunnused, andmet\u00fc\u00fcbid ja seosed l\u00e4bi m\u00f5eldud, siis loo DB Designeris uus projekt (Create Project). <\/span>\n<\/p>\n<p>\n\t<span>Lisa uus Schema, mis ongi uus mudel. <\/span>\n<\/p>\n<p>\n\t<img loading=\"lazy\" decoding=\"async\" width=\"287\" height=\"331\" class=\"alignnone wp-image-32\" style=\"width: 287px;height: 331px\" src=\"https:\/\/sisu.ut.ee\/wp-content\/uploads\/sites\/444\/pilt1.png\" title=\"pilt1.png\" alt=\"pilt1.png\" srcset=\"https:\/\/sisu.ut.ee\/wp-content\/uploads\/sites\/444\/pilt1.png 287w, https:\/\/sisu.ut.ee\/wp-content\/uploads\/sites\/444\/pilt1-260x300.png 260w\" sizes=\"auto, (max-width: 287px) 100vw, 287px\">\n<\/p>\n<p>\n\tUut mudelit looma hakates saab valida, millises andmebaasitarkvaras loodavat mudelit realiseerima hakkad, sellele vastavalt kohendatakse andmet\u00fc\u00fcpide valikut ja l\u00f5pus imporditavaid SQL k\u00e4ske. Pane mudelile ka nimi.\n<\/p>\n<p>\n\t<img loading=\"lazy\" decoding=\"async\" width=\"445\" height=\"347\" class=\"alignnone wp-image-36\" style=\"width: 445px;height: 347px\" src=\"https:\/\/sisu.ut.ee\/wp-content\/uploads\/sites\/444\/pilt2.png\" title=\"pilt2.png\" alt=\"pilt2.png\" srcset=\"https:\/\/sisu.ut.ee\/wp-content\/uploads\/sites\/444\/pilt2.png 445w, https:\/\/sisu.ut.ee\/wp-content\/uploads\/sites\/444\/pilt2-300x234.png 300w\" sizes=\"auto, (max-width: 445px) 100vw, 445px\">\n<\/p>\n<p>\n\t\u00a0\n<\/p>\n<p>\n\tSelleks, et p\u00e4rast oleks parem mudelisse (tabelitesse) kirjapandust \u00fclevaadet saada, lisa tabelite juures informatiivsete ikoonide kuvamine. Selleks kl\u00f5psa men\u00fc\u00fcvalikul View ja vali Options.\n<\/p>\n<p>\n\t<img loading=\"lazy\" decoding=\"async\" width=\"315\" height=\"173\" class=\"alignnone wp-image-31\" style=\"width: 315px;height: 173px\" src=\"https:\/\/sisu.ut.ee\/wp-content\/uploads\/sites\/444\/pilt3.png\" title=\"pilt3.png\" alt=\"pilt3.png\" srcset=\"https:\/\/sisu.ut.ee\/wp-content\/uploads\/sites\/444\/pilt3.png 315w, https:\/\/sisu.ut.ee\/wp-content\/uploads\/sites\/444\/pilt3-300x165.png 300w\" sizes=\"auto, (max-width: 315px) 100vw, 315px\">\n<\/p>\n<p>\n\t\u00a0\n<\/p>\n<p>\n\tKui veel ei ole, siis s\u00e4ti siin linnukesed valikute ette, mis lubavad n\u00e4idata erinevaid ikoone ja t\u00e4histusi. Salvesta muudatused.\n<\/p>\n<p>\n\t<img loading=\"lazy\" decoding=\"async\" width=\"398\" height=\"213\" class=\"alignnone wp-image-33\" style=\"width: 398px;height: 213px\" src=\"https:\/\/sisu.ut.ee\/wp-content\/uploads\/sites\/444\/pilt4.png\" title=\"pilt4.png\" alt=\"pilt4.png\" srcset=\"https:\/\/sisu.ut.ee\/wp-content\/uploads\/sites\/444\/pilt4.png 398w, https:\/\/sisu.ut.ee\/wp-content\/uploads\/sites\/444\/pilt4-300x161.png 300w\" sizes=\"auto, (max-width: 398px) 100vw, 398px\">\n<\/p>\n<p>\n\t\u00a0\n<\/p>\n<p>\n\tN\u00fc\u00fcd saab hakata lisama tabeleid (olemeid). Tabeli lisamiseks tee parem hiirekl\u00f5ps \u00fcksk\u00f5ik kus ruudulisel l\u00f5uendil ja kl\u00f5psa Table (v\u00f5i vali men\u00fc\u00fcst Insert ja Table).\n<\/p>\n<p>\n\t<img loading=\"lazy\" decoding=\"async\" width=\"281\" height=\"178\" class=\"alignnone wp-image-34\" style=\"width: 281px;height: 178px\" src=\"https:\/\/sisu.ut.ee\/wp-content\/uploads\/sites\/444\/pilt5.png\" title=\"pilt5.png\" alt=\"pilt5.png\">\n<\/p>\n<p>\n\t\u00a0\n<\/p>\n<p>\n\tKui midagi l\u00e4heb valesti ja tahad tabeli kustutada, siis tee paremkl\u00f5ps tabelil ja Delete.\n<\/p>\n<p>\n\t<img loading=\"lazy\" decoding=\"async\" width=\"218\" height=\"190\" class=\"alignnone wp-image-35\" style=\"width: 218px;height: 190px\" src=\"https:\/\/sisu.ut.ee\/wp-content\/uploads\/sites\/444\/pilt6.png\" title=\"pilt6.png\" alt=\"pilt6.png\">\n<\/p>\n<p>\n\tTabelile nime lisamiseks kl\u00f5psa (vasaku hiireklahviga) avanenud v\u00e4ikese tabeliristk\u00fcliku \u00fclemises paremas nurgas.\n<\/p>\n<p>\n\t<img loading=\"lazy\" decoding=\"async\" width=\"189\" height=\"79\" class=\"alignnone wp-image-19\" style=\"width: 189px;height: 79px\" src=\"https:\/\/sisu.ut.ee\/wp-content\/uploads\/sites\/444\/pilt7.png\" title=\"pilt7.png\" alt=\"pilt7.png\">\n<\/p>\n<p>\n\tLisa nimi ja salvesta. Vajadusel v\u00f5id tabelile ka kommentaare lisada. N\u00e4iteks selle kohta, millist infot tabel sisaldab.\n<\/p>\n<p>\n\t<img loading=\"lazy\" decoding=\"async\" width=\"209\" height=\"145\" class=\"alignnone wp-image-21\" style=\"width: 209px;height: 145px\" src=\"https:\/\/sisu.ut.ee\/wp-content\/uploads\/sites\/444\/pilt8.png\" title=\"pilt8.png\" alt=\"pilt8.png\">\n<\/p>\n<p>\n\t\u00a0\n<\/p>\n<p>\n\tTabelis tunnuse lisamiseks kl\u00f5psa Add field ja lisa tunnuse kirjeldus \u2013 nimi, andmet\u00fc\u00fcp (type), kui on tegu primaarv\u00f5tmega, tee linnuke kasti primary key, see muudab automaatselt v\u00f5imatuks lubada, et v\u00e4li on t\u00fchi (Allow nulls) ja pole vaja enam eraldi lisada, et iga selles veerus olev v\u00e4\u00e4rtus peab olema unikaalne, sest primaarv\u00f5tme tunnuse v\u00e4\u00e4rtused peavad seda olema nagunii. Kui tahame, et PostgreSQL t\u00e4idaks andmeid sisestades seda v\u00e4lja automaatselt, siis teeme linnukese kasti Auto Increment. Ja Save v\u00f5i muutmisel Update.\n<\/p>\n<p>\n\t\u00a0\n<\/p>\n<p>\n\t<img loading=\"lazy\" decoding=\"async\" width=\"207\" height=\"284\" class=\"alignnone wp-image-22\" style=\"width: 207px;height: 284px\" src=\"https:\/\/sisu.ut.ee\/wp-content\/uploads\/sites\/444\/pilt9.png\" title=\"pilt9.png\" alt=\"pilt9.png\">\n<\/p>\n<p>\n\t\u00a0\n<\/p>\n<p>\n\tLisa j\u00e4rjest \u00fckshaaval ka \u00fclej\u00e4\u00e4nud selle tabeli tunnused. Lahtris size saab m\u00e4\u00e4rata v\u00e4lja maksimaalse pikkuse t\u00e4hem\u00e4rkides. See aitab kokku hoida arvuti salvestusruumi ja muutub oluliseks suurte andmehulkadega. Kui v\u00e4lja suurus m\u00e4\u00e4rata liiga v\u00e4ike ja hiljem on vaja lisada pikemaid v\u00e4\u00e4rtusi, siis ei lubata salvestada enne kui v\u00e4lja kirjeldust muuta.\n<\/p>\n<p>\n\t<img loading=\"lazy\" decoding=\"async\" width=\"206\" height=\"288\" class=\"alignnone wp-image-24\" style=\"width: 206px;height: 288px\" src=\"https:\/\/sisu.ut.ee\/wp-content\/uploads\/sites\/444\/pilt10.png\" title=\"pilt10.png\" alt=\"pilt10.png\">\n<\/p>\n<p>\n\t\u00a0\n<\/p>\n<p>\n\tKui tunnus on kohustuslik, see peab alati olema t\u00e4idetud, siis seda t\u00e4histatakse mudelis v\u00e4ljendiga NOT NULL<b>. <\/b>Kui kasutada NOT NULL kitsendust, ei saa andmeid salvestada kui see v\u00e4li on t\u00fchi, tuleb veateade. DB Designeris on NOT NULL vaikimisi seade, p\u00f6\u00f6ra t\u00e4helepanu, et NOT NULL j\u00e4\u00e4ks kehtima ainult nende tunnuste juures, mis on iga kirje puhul alati olemas ja nende puhul, mis v\u00f5ivad t\u00fchjaks j\u00e4\u00e4da, tee linnuke lahtrisse Allow nulls.\n<\/p>\n<p>\n\t<img loading=\"lazy\" decoding=\"async\" width=\"317\" height=\"561\" class=\"alignnone wp-image-23\" style=\"width: 317px;height: 561px\" src=\"https:\/\/sisu.ut.ee\/wp-content\/uploads\/sites\/444\/pilt11.png\" title=\"pilt11.png\" alt=\"pilt11.png\" srcset=\"https:\/\/sisu.ut.ee\/wp-content\/uploads\/sites\/444\/pilt11.png 317w, https:\/\/sisu.ut.ee\/wp-content\/uploads\/sites\/444\/pilt11-170x300.png 170w\" sizes=\"auto, (max-width: 317px) 100vw, 317px\">\n<\/p>\n<p>\n\tKui k\u00f5ik tabelid koos primaarv\u00f5tmetega on loodud, lisame v\u00e4lisv\u00f5tmete abil seosed. DB Designeris on see lahendatud v\u00f5imalusena viidata teisele tabelile. K\u00f5ikides tabelites, mis omavahel seotakse, v\u00f5iks nii primaar- kui v\u00e4lisv\u00f5tmete v\u00e4ljad juba olla olemas, see v\u00f5iks olla l\u00e4bi m\u00f5eldud eelmises etapis. Samuti seose suund, millise tabeli juurest tuleks seos luua. Muidu on keerulisem korraga andmebaasi seoseid l\u00e4bi m\u00f5elda ja samal ajal DB Designeris kirjeldada.\n<\/p>\n<p>\n\t\u00dcle kordamise m\u00f5ttes \u2013 v\u00e4lisv\u00f5ti lisatakse selle tabeli juurest, mille mitu eksemplari v\u00f5ivad olla seotud \u00fche eksemplariga teises olemis. Nt mitu isikut kuuluvad \u00fchte leibkonda, j\u00e4relikult tabelite isik ja leibkond vahel seose loomiseks peab tabelis Isik \u00fcks tunnustest olema tabeli Leibkond tunnuse leibkond_id v\u00e4\u00e4rtuste talletamiseks, et saaks need tabelid omavahel siduda. Isik tabelis v\u00f5ib tunnusel olla teine nimi, n\u00e4iteks andmebaasis Randaja on Isik tabelis selle tunnuse nimi leibkond, aga see sisaldab samu v\u00e4\u00e4rtusi, mis tabelis Leibkond tunnus leibkond_id ja v\u00e4lisv\u00f5tet lisades sisuliselt lisame kitsenduse, et Isik tabeli v\u00e4lja leibkond v\u00e4\u00e4rtused peavad leidma vastavuse tabeli Leibkond v\u00e4lja leibkond_id v\u00e4\u00e4rtustega.\n<\/p>\n<p>\n\tV\u00e4lisv\u00f5tme lisamise lahtrite avanemiseks tee linnuke kasti Foreign Key ja vali rippmen\u00fc\u00fcst Ref. Table tabel, millega tahad selle tabeli siduda ja Ref. Field rippmen\u00fc\u00fcst tunnus selles tabelis, millega tahad siduda.\n<\/p>\n<p>\n\t<img loading=\"lazy\" decoding=\"async\" width=\"247\" height=\"489\" class=\"alignnone wp-image-20\" style=\"width: 247px;height: 489px\" src=\"https:\/\/sisu.ut.ee\/wp-content\/uploads\/sites\/444\/pilt12.png\" title=\"pilt12.png\" alt=\"pilt12.png\" srcset=\"https:\/\/sisu.ut.ee\/wp-content\/uploads\/sites\/444\/pilt12.png 247w, https:\/\/sisu.ut.ee\/wp-content\/uploads\/sites\/444\/pilt12-152x300.png 152w\" sizes=\"auto, (max-width: 247px) 100vw, 247px\"><img loading=\"lazy\" decoding=\"async\" width=\"260\" height=\"421\" class=\"alignnone wp-image-30\" style=\"width:260px;height:421px;margin-left:150px;margin-right:150px\" src=\"https:\/\/sisu.ut.ee\/wp-content\/uploads\/sites\/444\/pilt13.png\" title=\"pilt13.png\" alt=\"pilt13.png\" srcset=\"https:\/\/sisu.ut.ee\/wp-content\/uploads\/sites\/444\/pilt13.png 260w, https:\/\/sisu.ut.ee\/wp-content\/uploads\/sites\/444\/pilt13-185x300.png 185w\" sizes=\"auto, (max-width: 260px) 100vw, 260px\">\n<\/p>\n<p>\n\t\u00a0\n<\/p>\n<p>\n\tKui k\u00f5ik v\u00f5tmed on lisatud ja mudel valmis, siis selle eksportimiseks kl\u00f5psa men\u00fc\u00fcs Export. SQL keeles tabeli loomise k\u00e4skude importimiseks kl\u00f5psa Sql.\n<\/p>\n<p>\n\t<img loading=\"lazy\" decoding=\"async\" width=\"390\" height=\"333\" class=\"alignnone wp-image-25\" style=\"width: 390px;height: 333px\" src=\"https:\/\/sisu.ut.ee\/wp-content\/uploads\/sites\/444\/pilt14.png\" title=\"pilt14.png\" alt=\"pilt14.png\" srcset=\"https:\/\/sisu.ut.ee\/wp-content\/uploads\/sites\/444\/pilt14.png 390w, https:\/\/sisu.ut.ee\/wp-content\/uploads\/sites\/444\/pilt14-300x256.png 300w\" sizes=\"auto, (max-width: 390px) 100vw, 390px\">\n<\/p>\n<p>\n\t\u00a0\n<\/p>\n<p>\n\tSaad SQL faili alla laadida. Ja k\u00e4sud PostgreSQLi kopeerida.\n<\/p>\n<p>\n\t<img loading=\"lazy\" decoding=\"async\" width=\"541\" height=\"396\" class=\"alignnone wp-image-28\" style=\"width: 541px;height: 396px\" src=\"https:\/\/sisu.ut.ee\/wp-content\/uploads\/sites\/444\/pilt15.png\" title=\"pilt15.png\" alt=\"pilt15.png\" srcset=\"https:\/\/sisu.ut.ee\/wp-content\/uploads\/sites\/444\/pilt15.png 541w, https:\/\/sisu.ut.ee\/wp-content\/uploads\/sites\/444\/pilt15-300x220.png 300w\" sizes=\"auto, (max-width: 541px) 100vw, 541px\">\n<\/p>\n<p>\n\tKui on plaanis andmed PostgreSQL andmebaasi importida, mitte sisestada, siis tuleks k\u00f5igepealt PostgreSQLis jooksutada tabelite loomise k\u00e4sud, siis andmed importida ja seej\u00e4rel jooksutada v\u00e4lisv\u00f5tmete lisamise SQL laused, sest v\u00e4lisv\u00f5tme kitsendus ei luba n\u00e4iteks laadida andmeid tabelisse Isik kui tabelis Leibkond ei ole veel andmeid. Andmete importimisel kontrollitakse, et Leibkond tabeli tunnuse leibkond_id v\u00e4\u00e4rtustes leiduks vaste tabeli Isik tunnuse leibkond v\u00e4\u00e4rtustele.\n<\/p>\n<p>\n\t\u00a0\n<\/p>\n<p>\n\t<span>Ekspordi mudel ka pildina. Kl\u00f5psa sql asemel Image ja Open image in new tab.<\/span>\n<\/p>\n<p>\n\t<img loading=\"lazy\" decoding=\"async\" width=\"522\" height=\"411\" class=\"alignnone wp-image-26\" style=\"width: 522px;height: 411px\" src=\"https:\/\/sisu.ut.ee\/wp-content\/uploads\/sites\/444\/pilt16.png\" title=\"pilt16.png\" alt=\"pilt16.png\" srcset=\"https:\/\/sisu.ut.ee\/wp-content\/uploads\/sites\/444\/pilt16.png 522w, https:\/\/sisu.ut.ee\/wp-content\/uploads\/sites\/444\/pilt16-300x236.png 300w\" sizes=\"auto, (max-width: 522px) 100vw, 522px\">\n<\/p>\n<p>\n\t\u00a0\n<\/p>\n<p>\n\tTee parema hiireklahviga kl\u00f5ps ja vali Save Image As.\n<\/p>\n<p>\n\t<img loading=\"lazy\" decoding=\"async\" width=\"749\" height=\"440\" class=\"alignnone wp-image-29\" style=\"width: 749px;height: 440px\" src=\"https:\/\/sisu.ut.ee\/wp-content\/uploads\/sites\/444\/pilt17.png\" title=\"pilt17.png\" alt=\"pilt17.png\" srcset=\"https:\/\/sisu.ut.ee\/wp-content\/uploads\/sites\/444\/pilt17.png 749w, https:\/\/sisu.ut.ee\/wp-content\/uploads\/sites\/444\/pilt17-300x176.png 300w\" sizes=\"auto, (max-width: 749px) 100vw, 749px\">\n<\/p>\n<p>\n\t\u00a0\n<\/p>\n<div class=\"WordSection1\">\n<p>\n\t\tEksporditud kujutis:\n\t<\/p>\n<\/div>\n<p>\n\t<img loading=\"lazy\" decoding=\"async\" width=\"1303\" height=\"848\" class=\"alignnone wp-image-27\" style=\"width: 900px;height: 586px\" src=\"https:\/\/sisu.ut.ee\/wp-content\/uploads\/sites\/444\/pilt18.png\" title=\"pilt18.png\" alt=\"pilt18.png\" srcset=\"https:\/\/sisu.ut.ee\/wp-content\/uploads\/sites\/444\/pilt18.png 1303w, https:\/\/sisu.ut.ee\/wp-content\/uploads\/sites\/444\/pilt18-300x195.png 300w, https:\/\/sisu.ut.ee\/wp-content\/uploads\/sites\/444\/pilt18-1024x666.png 1024w, https:\/\/sisu.ut.ee\/wp-content\/uploads\/sites\/444\/pilt18-768x500.png 768w\" sizes=\"auto, (max-width: 1303px) 100vw, 1303px\">\n<\/p>\n<p>\n\t\u00a0\n<\/p>\n<p>\n\t\u00a0\n<\/p>\n<p>\n\t\u00a0\n<\/p>\n<p>\n\t\u00a0\n<\/p>\n<p>\n\t\u00a0\n<\/p>\n<p>\n\t\u00a0\n<\/p>\n<p>\n\t\u00a0\n<\/p>\n<p>\n\t\u00a0\n<\/p>\n<p>\n\t\u00a0\n<\/p>\n<p>\n\t\u00a0\n<\/p>\n<p>\n\t\u00a0\n<\/p>\n<p>\n\t\u00a0\n<\/p>\n<p>\n\t\u00a0\n<\/p>\n<p>\n\t\u00a0\n<\/p>\n<p>\n\t\u00a0<\/p>\n","protected":false},"excerpt":{"rendered":"<p>\u00a0 DB Designer\u00b4i kasutusjuhend testandmebaasi R\u00e4ndaja ER mudeli n\u00e4itel Modelleerimistarkvarasid on v\u00e4ga palju. Neid leiab googeldades h\u00f5lpsalt. Valdavalt on need tasulised, leidub ka vabavaralisi, aga need ei toimi nii h\u00e4sti. \u00dcks, mis t\u00f6\u00f6tab h\u00e4sti, on veebip\u00f5hine DB Designer, mille leiab &#8230;<\/p>\n","protected":false},"author":231,"featured_media":0,"parent":0,"menu_order":0,"comment_status":"closed","ping_status":"closed","template":"","meta":{"_acf_changed":false,"inline_featured_image":false,"footnotes":""},"class_list":["post-10","page","type-page","status-publish","hentry"],"acf":[],"_links":{"self":[{"href":"https:\/\/sisu.ut.ee\/ajalooandmebaasid\/wp-json\/wp\/v2\/pages\/10","targetHints":{"allow":["GET"]}}],"collection":[{"href":"https:\/\/sisu.ut.ee\/ajalooandmebaasid\/wp-json\/wp\/v2\/pages"}],"about":[{"href":"https:\/\/sisu.ut.ee\/ajalooandmebaasid\/wp-json\/wp\/v2\/types\/page"}],"author":[{"embeddable":true,"href":"https:\/\/sisu.ut.ee\/ajalooandmebaasid\/wp-json\/wp\/v2\/users\/231"}],"replies":[{"embeddable":true,"href":"https:\/\/sisu.ut.ee\/ajalooandmebaasid\/wp-json\/wp\/v2\/comments?post=10"}],"version-history":[{"count":1,"href":"https:\/\/sisu.ut.ee\/ajalooandmebaasid\/wp-json\/wp\/v2\/pages\/10\/revisions"}],"predecessor-version":[{"id":141,"href":"https:\/\/sisu.ut.ee\/ajalooandmebaasid\/wp-json\/wp\/v2\/pages\/10\/revisions\/141"}],"wp:attachment":[{"href":"https:\/\/sisu.ut.ee\/ajalooandmebaasid\/wp-json\/wp\/v2\/media?parent=10"}],"curies":[{"name":"wp","href":"https:\/\/api.w.org\/{rel}","templated":true}]}}