{"id":31,"date":"2026-03-10T07:55:58","date_gmt":"2026-03-10T05:55:58","guid":{"rendered":"https:\/\/sisu.ut.ee\/ahistamiseuuring\/?page_id=31"},"modified":"2026-03-19T11:04:29","modified_gmt":"2026-03-19T09:04:29","slug":"teemakohane-kirjandus","status":"publish","type":"page","link":"https:\/\/sisu.ut.ee\/ahistamiseuuring\/teemakohane-kirjandus\/","title":{"rendered":"Teemakohane kirjandus"},"content":{"rendered":"<h2>Euroopa \u00fclikoolides l\u00e4bi viidud uuringud:<\/h2>\n<ul>\n<li>Bondestam, F., &amp; Lundqvist, M. (2020). Sexual harassment in higher education: A systematic review. European Journal of Higher Education, 10(4), 397\u2013419. <a href=\"https:\/\/doi.org\/10.1080\/21568235.2020.1729833\" target=\"_blank\" rel=\"noopener noreferrer\">doi.org\/10.1080\/21568235.2020.1729833<\/a><\/li>\n<li>Huck, A., Andreska, Z., Dvo\u0159\u00e1\u010dkov\u00e1, J., &amp; Linkov\u00e1, M. (2022). UniSAFE D5.1: Inventory of policies and measures to respond to gender-based violence in European universities and research organisations. UniSAFE; Zenodo.<\/li>\n<li>Humbert, A. L., Ovesen, N., Simonsson, A., Strid, S., Hearn, J., Huck, A., Andreska, Z., Linkov\u00e1, M., Pilinkait\u0117 Sotirovi\u010d, V., Bla\u017eyt\u0117, G., &amp; Pereira, B. (2022). UniSAFE D6.1: Report on the multi-level analysis and integrated dataset. UniSAFE; Zenodo.<\/li>\n<li>Klein, L. B., &amp; Martin, S. L. (2021). Sexual harassment of college and university students: A systematic review. Trauma, Violence, &amp; Abuse, 22(4), 777\u2013792. <a href=\"https:\/\/doi.org\/10.1177\/1524838019881731\" target=\"_blank\" rel=\"noopener noreferrer\">doi.org\/10.1177\/1524838019881731<\/a><\/li>\n<li>Latcheva, R. (2017). Sexual harassment in the European Union: A pervasive but still hidden form of gender-based violence. Journal of Interpersonal Violence, 32(12), 1821\u20131852. <a href=\"https:\/\/doi.org\/10.1177\/0886260517698948\" target=\"_blank\" rel=\"noopener noreferrer\">doi.org\/10.1177\/0886260517698948<\/a><\/li>\n<li>Lipinsky, A., Schredl, C., Baumann, H., Humbert, A., &amp; Tanwar, J. (2022). Gender-based violence and its consequences in European academia: Summary results from the UniSAFE survey. UniSAFE.<\/li>\n<li>Mergaert, L., Linkov\u00e1, M., &amp; Strid, S. (2023). Theorising gender-based violence policies: A 7P framework. Social Sciences, 12(7), 385. <a href=\"https:\/\/doi.org\/10.3390\/socsci12070385\" target=\"_blank\" rel=\"noopener noreferrer\">doi.org\/10.3390\/socsci12070385<\/a><\/li>\n<li>Mergaert, L., Madesi, V., Polykarpou, P., &amp; Wuiame, N. (2024). UniSAFE toolkit. UniSAFE; Zenodo.<\/li>\n<li>Pilinkait\u0117 Sotirovi\u010d, V., &amp; Bla\u017eyt\u0117, G. (2024). What makes academia unsafe. In Gender-based violence and the law. <a href=\"https:\/\/doi.org\/10.4324\/9781003391937-14\" target=\"_blank\" rel=\"noopener noreferrer\">doi.org\/10.4324\/9781003391937-14<\/a><\/li>\n<li>Pilinkait\u0117 Sotirovi\u010d, V., Lipinsky, A., Struzi\u0144ska, K., &amp; Ranea-Trivi\u00f1o, B. (2024). You can knock on the doors and windows of the university, but nobody will care. Social Sciences, 13(4), 199. <a href=\"https:\/\/doi.org\/10.3390\/socsci13040199\" target=\"_blank\" rel=\"noopener noreferrer\">doi.org\/10.3390\/socsci13040199<\/a><\/li>\n<li>Ranea-Trivi\u00f1o, B., Pajares, L., Bustelo, M., &amp; Pereira, B. C. J. (2022). UniSAFE D5.2: Report on case studies on the effects and consequences of institutional responses to gender-based violence. UniSAFE.<\/li>\n<li>Strid, S., Bondestam, F., Humbert, A. L., Tzanakou, C., &amp; Mergaert, L. (2023). UniSAFE D6.2: Assessment framework to measure organisational responses to gender-based violence along the 7Ps. UniSAFE; Zenodo.<\/li>\n<\/ul>\n<h2>Eestis l\u00e4bi viidud teemakohased uuringud:<\/h2>\n<ul>\n<li>Derman, N., Hansson, L., Heinla, E., Helem\u00e4e, J., J\u00e4rve, M., Laidm\u00e4e, V.-I., Taru, M., Vetik, R., V\u00f6\u00f6rmann, R. (2006). Soolise v\u00f5rd\u00f5iguslikkuse monitooring 2005. Tallinn: Tallinna \u00dclikool, Rahvusvaheliste ja Sotsiaaluuringute Instituut ja EV Sotsiaalministeerium.<\/li>\n<li>J\u00e4rv, E., Metsar, K. M., Martma, L., Raudkivi, M., Velmet, A. (2020). Sooline ja seksuaalne ahistamine k\u00f5rghariduses. Eesti \u00dcli\u00f5pilaskondade Liit, Sotsiaalteaduslike rakendusuuringute keskus. <a href=\"https:\/\/eyl.ee\/wp-content\/uploads\/2021\/12\/Sooline-ja-seksuaalne-ahistamine-ko%CC%83rghariduses.pdf\" target=\"_blank\" rel=\"noopener noreferrer\">PDF<\/a><\/li>\n<li>Karu, M., Soo, K., Biin, H., Lamesoo, K., Meiorg, M., Masso, M. ja Turk, P. (2014). Sooline ja seksuaalne ahistamine t\u00f6\u00f6kohal. Tallinn: Poliitikauuringute Keskus Praxis. <a href=\"https:\/\/www.sm.ee\/sites\/default\/files\/content-editors\/Ministeerium_kontaktid\/Uuringu_ja_analuusid\/Sotsiaalvaldkond\/sooline_ja_seksuaalne_ahistamine_tookohal_veebi.pdf\" target=\"_blank\" rel=\"noopener noreferrer\">PDF<\/a><\/li>\n<li>Krusell, S. (2011). Suhted t\u00f6\u00f6kohal. M. Masso (toim.), Eesti t\u00f6\u00f6elu-uuring 2009. Sotsiaalministeeriumi toimetised nr 3\/2011. Sotsiaalministeerium. <a href=\"https:\/\/www.sm.ee\/sites\/default\/files\/content-editors\/Ministeerium_kontaktid\/Valjaanded\/toimetised_20113.pdf\" target=\"_blank\" rel=\"noopener noreferrer\">PDF<\/a><\/li>\n<li>Seppo, I., J\u00e4rve, J., Kallaste, E., Kraut, L., Voitka, M. (2010). Ps\u00fchhosotsiaalsete riskide levik Eestis. T\u00f6\u00f6inspektsioon, Rakendusuuringute keskus CentAR.<\/li>\n<li>Vainu, V., J\u00e4rviste, L., Biin, H. (2010). Soolise v\u00f5rd\u00f5iguslikkuse monitooring 2009. Sotsiaalministeeriumi toimetised nr 1\/2010. Sotsiaalministeerium, Tallinn. <a href=\"https:\/\/www.sm.ee\/sites\/default\/files\/content-editors\/Ministeerium_kontaktid\/Valjaanded\/toimetised_20101.pdf\" target=\"_blank\" rel=\"noopener noreferrer\">PDF<\/a><\/li>\n<\/ul>\n","protected":false},"excerpt":{"rendered":"<p>Euroopa \u00fclikoolides l\u00e4bi viidud uuringud: Bondestam, F., &amp; Lundqvist, M. (2020). Sexual harassment in higher education: A systematic review. European Journal of Higher Education, 10(4), 397\u2013419. doi.org\/10.1080\/21568235.2020.1729833 Huck, A., Andreska, Z., Dvo\u0159\u00e1\u010dkov\u00e1, J., &amp; Linkov\u00e1, M. (2022). UniSAFE D5.1: Inventory &#8230;<\/p>\n","protected":false},"author":9,"featured_media":0,"parent":0,"menu_order":0,"comment_status":"closed","ping_status":"closed","template":"","meta":{"_acf_changed":false,"inline_featured_image":false,"footnotes":""},"class_list":["post-31","page","type-page","status-publish","hentry"],"acf":[],"_links":{"self":[{"href":"https:\/\/sisu.ut.ee\/ahistamiseuuring\/wp-json\/wp\/v2\/pages\/31","targetHints":{"allow":["GET"]}}],"collection":[{"href":"https:\/\/sisu.ut.ee\/ahistamiseuuring\/wp-json\/wp\/v2\/pages"}],"about":[{"href":"https:\/\/sisu.ut.ee\/ahistamiseuuring\/wp-json\/wp\/v2\/types\/page"}],"author":[{"embeddable":true,"href":"https:\/\/sisu.ut.ee\/ahistamiseuuring\/wp-json\/wp\/v2\/users\/9"}],"replies":[{"embeddable":true,"href":"https:\/\/sisu.ut.ee\/ahistamiseuuring\/wp-json\/wp\/v2\/comments?post=31"}],"version-history":[{"count":4,"href":"https:\/\/sisu.ut.ee\/ahistamiseuuring\/wp-json\/wp\/v2\/pages\/31\/revisions"}],"predecessor-version":[{"id":107,"href":"https:\/\/sisu.ut.ee\/ahistamiseuuring\/wp-json\/wp\/v2\/pages\/31\/revisions\/107"}],"wp:attachment":[{"href":"https:\/\/sisu.ut.ee\/ahistamiseuuring\/wp-json\/wp\/v2\/media?parent=31"}],"curies":[{"name":"wp","href":"https:\/\/api.w.org\/{rel}","templated":true}]}}