{"id":25,"date":"2026-03-10T07:55:16","date_gmt":"2026-03-10T05:55:16","guid":{"rendered":"https:\/\/sisu.ut.ee\/ahistamiseuuring\/?page_id=25"},"modified":"2026-04-10T07:48:53","modified_gmt":"2026-04-10T04:48:53","slug":"kontakt","status":"publish","type":"page","link":"https:\/\/sisu.ut.ee\/ahistamiseuuring\/kontakt\/","title":{"rendered":"Kontakt \/ Contact"},"content":{"rendered":"<div class=\"wp-block-columns is-layout-flex wp-container-core-columns-is-layout-9d6595d7 wp-block-columns-is-layout-flex\">\n<div class=\"wp-block-column is-layout-flow wp-block-column-is-layout-flow\">\n<h2 class=\"wp-block-heading\">K\u00fcsimustiku t\u00e4itmisega seonduvad k\u00fcsimused<\/h2>\n\n\n\n<p>Palun kirjutage e-posti aadressil <a href=\"mailto:ahistamiseuuring@ut.ee\">ahistamiseuuring@ut.ee<\/a>.<\/p>\n\n\n\n<h2 class=\"wp-block-heading\">Uuringu t\u00f6\u00f6r\u00fchm<\/h2>\n\n\n\n<p>Uuringut puudutavate k\u00fcsimuste korral palume p\u00f6\u00f6rduda <a href=\"https:\/\/sisu.ut.ee\/ahistamiseuuring\/uuringu-tooruhm\/\">t\u00f6\u00f6r\u00fchma liikmete<\/a> poole.<\/p>\n\n\n\n<h2 class=\"wp-block-heading\">Teaduseetika komitee<\/h2>\n\n\n\n<p>Uuringu on koosk\u00f5lastanud Tartu \u00dclikooli teaduseetika komitee. See on s\u00f5ltumatute ekspertide kogu, mille eesm\u00e4rk on tagada, et uuringutes osalejate tervis, inimv\u00e4\u00e4rikus, identiteet, turvalisus ning muud p\u00f5hi\u00f5igused ja -vabadused oleksid kaitstud. Komiteega saab \u00fchendust v\u00f5tta e-posti aadressil <a href=\"mailto:eetikakomitee@ut.ee\">eetikakomitee@ut.ee<\/a>.<\/p>\n<\/div>\n\n\n\n<div class=\"wp-block-column is-layout-flow wp-block-column-is-layout-flow\">\n<h2 class=\"wp-block-heading\">Questions related to completing the questionnaire<\/h2>\n\n\n\n<p>Please write to\u00a0<a href=\"mailto:ahistamiseuuring@ut.ee\">ahistamiseuuring@ut.ee<\/a>.<\/p>\n\n\n\n<h2 class=\"wp-block-heading\">Research group<\/h2>\n\n\n\n<p>If you have questions about the study, please contact the <a href=\"https:\/\/sisu.ut.ee\/ahistamiseuuring\/uuringu-tooruhm\/\">research group<\/a>.<\/p>\n\n\n\n<h2 class=\"wp-block-heading\">Research ethics committee<\/h2>\n\n\n\n<p>The study has been coordinated with the University of Tartu research ethics committee. It is a body composed of independent experts whose purpose is to ensure that the health, human dignity, identity, safety, and other fundamental rights and freedoms of research participants are protected. You can contact the committee by writing to\u00a0<a href=\"mailto:eetikakomitee@ut.ee\">eetikakomitee@ut.ee<\/a>.<\/p>\n<\/div>\n<\/div>\n","protected":false},"excerpt":{"rendered":"<p>K\u00fcsimustiku t\u00e4itmisega seonduvad k\u00fcsimused Palun kirjutage e-posti aadressil ahistamiseuuring@ut.ee. Uuringu t\u00f6\u00f6r\u00fchm Uuringut puudutavate k\u00fcsimuste korral palume p\u00f6\u00f6rduda t\u00f6\u00f6r\u00fchma liikmete poole. Teaduseetika komitee Uuringu on koosk\u00f5lastanud Tartu \u00dclikooli teaduseetika komitee. See on s\u00f5ltumatute ekspertide kogu, mille eesm\u00e4rk on tagada, et uuringutes &#8230;<\/p>\n","protected":false},"author":9,"featured_media":0,"parent":0,"menu_order":0,"comment_status":"closed","ping_status":"closed","template":"","meta":{"_acf_changed":false,"inline_featured_image":false,"footnotes":""},"class_list":["post-25","page","type-page","status-publish","hentry"],"acf":[],"_links":{"self":[{"href":"https:\/\/sisu.ut.ee\/ahistamiseuuring\/wp-json\/wp\/v2\/pages\/25","targetHints":{"allow":["GET"]}}],"collection":[{"href":"https:\/\/sisu.ut.ee\/ahistamiseuuring\/wp-json\/wp\/v2\/pages"}],"about":[{"href":"https:\/\/sisu.ut.ee\/ahistamiseuuring\/wp-json\/wp\/v2\/types\/page"}],"author":[{"embeddable":true,"href":"https:\/\/sisu.ut.ee\/ahistamiseuuring\/wp-json\/wp\/v2\/users\/9"}],"replies":[{"embeddable":true,"href":"https:\/\/sisu.ut.ee\/ahistamiseuuring\/wp-json\/wp\/v2\/comments?post=25"}],"version-history":[{"count":11,"href":"https:\/\/sisu.ut.ee\/ahistamiseuuring\/wp-json\/wp\/v2\/pages\/25\/revisions"}],"predecessor-version":[{"id":203,"href":"https:\/\/sisu.ut.ee\/ahistamiseuuring\/wp-json\/wp\/v2\/pages\/25\/revisions\/203"}],"wp:attachment":[{"href":"https:\/\/sisu.ut.ee\/ahistamiseuuring\/wp-json\/wp\/v2\/media?parent=25"}],"curies":[{"name":"wp","href":"https:\/\/api.w.org\/{rel}","templated":true}]}}