{"id":19,"date":"2026-03-10T07:54:22","date_gmt":"2026-03-10T05:54:22","guid":{"rendered":"https:\/\/sisu.ut.ee\/ahistamiseuuring\/?page_id=19"},"modified":"2026-04-10T08:03:53","modified_gmt":"2026-04-10T05:03:53","slug":"uuringu-tooruhm","status":"publish","type":"page","link":"https:\/\/sisu.ut.ee\/ahistamiseuuring\/uuringu-tooruhm\/","title":{"rendered":"Uuringu t\u00f6\u00f6r\u00fchm \/ Research group"},"content":{"rendered":"<p>Uuringut teeb Tartu \u00dclikooli teadlastest koosnev uurimisr\u00fchm koost\u00f6\u00f6s personaliosakonna ja v\u00f5rdse kohtlemise strateegia komisjoniga, kuhu kuuluvad Anu Realo, Eneken Riin Salong, Ester Oras, Helen Eenmaa, Kai Part, Krista Fischer, Leho Ainsaar, Martin Noork\u00f5iv, Raili Marling ja Renar Kihho. Uuringu teemal n\u00f5ustavad uuringu t\u00f6\u00f6r\u00fchma Made Laanpere, Maria Murumaa-Mengel ja Anna Markina.<\/p>\n\n\n\n<p><em>The study is conducted by a research group consisting of University of Tartu researchers in cooperation with the Human Resources Office and the equal treatment strategy committee, comprising Anu Realo, Eneken Riin Salong, Ester Oras, Helen Eenmaa, Kai Part, Krista Fischer, Leho Ainsaar, Martin Noork\u00f5iv, Raili Marling and Renar Kihho. The research group is supported by Made Laanpere, Maria Murumaa-Mengel and Anna Markina.<\/em><\/p>\n\n\n\n<div class=\"wp-block-group is-layout-constrained wp-block-group-is-layout-constrained\">\n<figure class=\"wp-block-image alignleft\"><img loading=\"lazy\" decoding=\"async\" width=\"150\" height=\"150\" src=\"https:\/\/sisu.ut.ee\/wp-content\/uploads\/sites\/979\/kai-150x150-1.png\" alt=\"\" class=\"wp-image-34\"><\/figure>\n\n\n\n<p><strong>Kai Part<\/strong>, MD, PhD<br><a href=\"mailto:kai.part@ut.ee\">kai.part@ut.ee<\/a><\/p>\n\n\n\n<p><span class=\"NormalTextRun SCXW162463519 BCX0\">T\u00dc kliinilise meditsiini instituudi naistekliiniku s\u00fcnnitusabi ja g\u00fcnekoloogia kaasprofessor; T\u00dc kliinikumi naistekliiniku vanemarst-\u00f5ppej\u00f5ud; Sotsiaalkindlustusametis seksuaalv\u00e4givalla kriisiabikeskuste ekspert.<\/span> <span class=\"NormalTextRun SCXW162463519 BCX0\">Olen kaasa aidanud seksuaalv\u00e4givalla\u00a0kriisiabikeskuste loomisele ja t\u00f6\u00f6tan iga p\u00e4ev seksuaalv\u00e4givallaohvritega. Olen oma teadust\u00f6\u00f6s uurinud seksuaalv\u00e4givalla levimust ja m\u00f5ju.<\/span><\/p>\n\n\n\n<p><em>Associate Professor in Obstetrics and Gynaecology of the UT Institute of Clinical Medicine; senior teaching physician at the Women\u2019s Clinic of Tartu University Hospital; expert on sexual violence crisis centres at the Social Insurance Board. I have helped establish sexual violence crisis centres and work with victims of sexual violence on a daily basis. In my research, I have studied the prevalence and impact of sexual violence.<\/em><\/p>\n\n\n\n<div style=\"height:10px\" aria-hidden=\"true\" class=\"wp-block-spacer\"><\/div>\n\n\n\n<hr class=\"wp-block-separator has-alpha-channel-opacity clearfix\">\n\n\n\n<div style=\"height:10px\" aria-hidden=\"true\" class=\"wp-block-spacer\"><\/div>\n<\/div>\n\n\n\n<div class=\"wp-block-group is-layout-constrained wp-block-group-is-layout-constrained\">\n<figure class=\"wp-block-image alignleft size-large is-resized is-style-rounded\"><img loading=\"lazy\" decoding=\"async\" width=\"1024\" height=\"683\" src=\"https:\/\/sisu.ut.ee\/wp-content\/uploads\/sites\/979\/Kadri-Soo-portree-2-1024x683.jpg\" alt=\"\" class=\"wp-image-73\" style=\"aspect-ratio:1;object-fit:cover;width:150px\" srcset=\"https:\/\/sisu.ut.ee\/wp-content\/uploads\/sites\/979\/Kadri-Soo-portree-2-1024x683.jpg 1024w, https:\/\/sisu.ut.ee\/wp-content\/uploads\/sites\/979\/Kadri-Soo-portree-2-300x200.jpg 300w, https:\/\/sisu.ut.ee\/wp-content\/uploads\/sites\/979\/Kadri-Soo-portree-2-768x512.jpg 768w, https:\/\/sisu.ut.ee\/wp-content\/uploads\/sites\/979\/Kadri-Soo-portree-2-1920x1281.jpg 1920w\" sizes=\"auto, (max-width: 1024px) 100vw, 1024px\"><\/figure>\n\n\n\n<p><strong><span class=\"TextRun SCXW202252313 BCX0\" lang=\"ET-EE\" xml:lang=\"ET-EE\" data-contrast=\"auto\"><span class=\"NormalTextRun SCXW202252313 BCX0\">Kadri Soo<\/span><\/span><\/strong><span class=\"TextRun SCXW202252313 BCX0\" lang=\"ET-EE\" xml:lang=\"ET-EE\" data-contrast=\"auto\"><span class=\"TextRun SCXW202252313 BCX0\" lang=\"ET-EE\" xml:lang=\"ET-EE\" data-contrast=\"auto\">, PhD<\/span><br><\/span><a href=\"mailto:kadri.soo@ut.ee\" target=\"_blank\" rel=\"noreferrer noopener\" class=\"Hyperlink SCXW202252313 BCX0\"><span class=\"TextRun Underlined SCXW202252313 BCX0\" lang=\"ET-EE\" xml:lang=\"ET-EE\" data-contrast=\"none\"><span class=\"NormalTextRun SCXW202252313 BCX0\" data-ccp-charstyle=\"Hyperlink\">kadri.soo@ut.ee<\/span><\/span><\/a><\/p>\n\n\n\n<p><span class=\"LineBreakBlob BlobObject DragDrop SCXW202252313 BCX0\"><span class=\"NormalTextRun SCXW202252313 BCX0\">T\u00dc \u00fchiskonnateaduste instituudi sotsiaalse heaolu lektor.<\/span><\/span> <span class=\"TextRun SCXW24825955 BCX0\" lang=\"ET\" xml:lang=\"ET\" data-contrast=\"auto\"><span class=\"NormalTextRun SCXW24825955 BCX0\">Minu peamised uurimisteemad on laste ja perede heaolu ning perev\u00e4givald. Olen osalenud uurimisprojektides, kus keskendutakse laste v\u00e4\u00e4rkohtlemisele ning noorte seksuaal- ja riskik\u00e4itumisele, sh internetis. Praegu olen seotud rahvusvahelise laste subjektiivse heaolu uuringuga\u00a0Children\u2019s\u00a0Worlds\u00a0(International\u00a0Survey\u00a0on\u00a0Children\u2019s\u00a0Well-Being,\u00a0ISCWeB) ja v\u00f5rgustikuga EU\u00a0KidsOnline.<\/span>\u00a0<\/span><\/p>\n\n\n\n<p><em>Lecturer in Social Welfare at the UT Institute of Social Studies\u00a0 My main research topics are the wellbeing of children and families and family violence. I have participated in research projects on child abuse and the sexual and risk behaviour of young people, incl. online. I am currently involved in the Children\u2019s Worlds International\u00a0Survey\u00a0on\u00a0Children\u2019s\u00a0Well-Being (ISCWeB) and the EU\u00a0KidsOnline network.\u00a0<\/em><\/p>\n\n\n\n<div style=\"height:10px\" aria-hidden=\"true\" class=\"wp-block-spacer\"><\/div>\n\n\n\n<hr class=\"wp-block-separator has-alpha-channel-opacity clearfix\">\n\n\n\n<div style=\"height:10px\" aria-hidden=\"true\" class=\"wp-block-spacer\"><\/div>\n<\/div>\n\n\n\n<div class=\"wp-block-group is-layout-constrained wp-block-group-is-layout-constrained\">\n<figure class=\"wp-block-image alignleft size-large is-resized is-style-rounded\"><img loading=\"lazy\" decoding=\"async\" width=\"1024\" height=\"683\" src=\"https:\/\/sisu.ut.ee\/wp-content\/uploads\/sites\/979\/Ehti_2021_A.Mikkor-1024x683.jpg\" alt=\"\" class=\"wp-image-71\" style=\"aspect-ratio:1;object-fit:cover;width:150px\" srcset=\"https:\/\/sisu.ut.ee\/wp-content\/uploads\/sites\/979\/Ehti_2021_A.Mikkor-1024x683.jpg 1024w, https:\/\/sisu.ut.ee\/wp-content\/uploads\/sites\/979\/Ehti_2021_A.Mikkor-300x200.jpg 300w, https:\/\/sisu.ut.ee\/wp-content\/uploads\/sites\/979\/Ehti_2021_A.Mikkor-768x512.jpg 768w, https:\/\/sisu.ut.ee\/wp-content\/uploads\/sites\/979\/Ehti_2021_A.Mikkor-1920x1280.jpg 1920w\" sizes=\"auto, (max-width: 1024px) 100vw, 1024px\"><\/figure>\n\n\n\n<p><span data-contrast=\"auto\"><strong>Ehti J\u00e4rv<\/strong>, MA\u00a0<br><\/span><a href=\"mailto:Ehti.jarv@ut.ee\"><span data-contrast=\"none\">ehti.jarv@ut.ee<\/span><\/a><span data-contrast=\"auto\">\u00a0<\/span><\/p>\n\n\n\n<p><span data-contrast=\"auto\"><span class=\"NormalTextRun SCXW137484578 BCX0\">Olen l\u00f5petanud Tartu \u00dclikoolis etnoloogia magistrantuuri ja t\u00f6\u00f6tanud pikka aega Antropoloogia Keskuses\u00a0teenusejuhina. Rakendusuuringute ja konsultatsiooniprojektides on minu t\u00e4helepanu all olnud lapsed ja noored, haavatavus ja marginaliseeritus.\u00a02019.\u00a0aastal vedasin eest\u00a0Eesti\u00a0\u00dcli\u00f5pilaskondade\u00a0Liidu uuringut \u201eSooline ja seksuaalne ahistamine Eesti k\u00f5rghariduses\u201d.\u00a0<\/span>\u00a0<\/span><\/p>\n\n\n\n<p><em>I hold a master\u2019s degree in Ethnology from the University of Tartu and have worked for many years as a Head of Service at the Center of Anthropology. In applied research and consultancy projects, my main areas of focus have been children and young people, vulnerability, and marginalisation.\u00a0In 2019, I led the study \u201cGender-based and sexual harassment in Estonian higher education\u201d conducted by the Federation of Estonian Student Unions.\u00a0\u00a0<\/em><\/p>\n\n\n\n<div style=\"height:10px\" aria-hidden=\"true\" class=\"wp-block-spacer\"><\/div>\n\n\n\n<hr class=\"wp-block-separator has-alpha-channel-opacity clear\">\n\n\n\n<div style=\"height:10px\" aria-hidden=\"true\" class=\"wp-block-spacer\"><\/div>\n<\/div>\n\n\n\n<div class=\"wp-block-group is-layout-constrained wp-block-group-is-layout-constrained\">\n<figure class=\"wp-block-image alignleft size-large is-resized is-style-rounded\"><img loading=\"lazy\" decoding=\"async\" width=\"1024\" height=\"683\" src=\"https:\/\/sisu.ut.ee\/wp-content\/uploads\/sites\/979\/Mai-Beilmann-1024x683.jpg\" alt=\"\" class=\"wp-image-75\" style=\"aspect-ratio:1;object-fit:cover;width:150px\" srcset=\"https:\/\/sisu.ut.ee\/wp-content\/uploads\/sites\/979\/Mai-Beilmann-1024x683.jpg 1024w, https:\/\/sisu.ut.ee\/wp-content\/uploads\/sites\/979\/Mai-Beilmann-300x200.jpg 300w, https:\/\/sisu.ut.ee\/wp-content\/uploads\/sites\/979\/Mai-Beilmann-768x512.jpg 768w, https:\/\/sisu.ut.ee\/wp-content\/uploads\/sites\/979\/Mai-Beilmann-1920x1281.jpg 1920w\" sizes=\"auto, (max-width: 1024px) 100vw, 1024px\"><\/figure>\n\n\n\n<p><span class=\"TextRun SCXW30678268 BCX0\" lang=\"ET-EE\" xml:lang=\"ET-EE\" data-contrast=\"auto\"><strong><span class=\"NormalTextRun SCXW30678268 BCX0\">Mai\u00a0<\/span><span class=\"NormalTextRun SpellingErrorV2Themed SCXW30678268 BCX0\">Beilmann<\/span><\/strong><span class=\"NormalTextRun SCXW30678268 BCX0\">, PhD<\/span><\/span><span class=\"LineBreakBlob BlobObject DragDrop SCXW30678268 BCX0\"><span class=\"SCXW30678268 BCX0\">\u00a0<\/span><br><\/span><a href=\"mailto:mai.beilmann@ut.ee\" target=\"_blank\" rel=\"noreferrer noopener\" class=\"Hyperlink SCXW30678268 BCX0\"><span class=\"TextRun Underlined SCXW30678268 BCX0\" lang=\"ET-EE\" xml:lang=\"ET-EE\" data-contrast=\"none\"><span class=\"NormalTextRun SCXW30678268 BCX0\" data-ccp-charstyle=\"Hyperlink\">mai.beilmann@ut.ee<\/span><\/span><\/a><span class=\"TextRun SCXW30678268 BCX0\" lang=\"ET-EE\" xml:lang=\"ET-EE\" data-contrast=\"auto\"><span class=\"NormalTextRun SCXW30678268 BCX0\">\u00a0<\/span><\/span><span class=\"LineBreakBlob BlobObject DragDrop SCXW30678268 BCX0\"><span class=\"SCXW30678268 BCX0\">\u00a0<\/span><br><\/span><span class=\"TextRun SCXW30678268 BCX0\" lang=\"ET-EE\" xml:lang=\"ET-EE\" data-contrast=\"auto\"><span class=\"NormalTextRun SCXW30678268 BCX0\">T\u00dc \u00fchiskonnateaduste instituudi empiirilise sotsioloogia kaasprofessor, Eesti Noorte Teaduste Akadeemia asepresident.<\/span><\/span><\/p>\n\n\n\n<p><span class=\"NormalTextRun SCXW167708235 BCX0\">Lapsep\u00f5lve- ja\u00a0<\/span><span class=\"NormalTextRun SpellingErrorV2Themed SCXW167708235 BCX0\">noorteuurijana<\/span><span class=\"NormalTextRun SCXW167708235 BCX0\">\u00a0on minu uuringute keskmes olnud noorte heaolu ja haavatavus\u00a0<\/span><span class=\"NormalTextRun SCXW167708235 BCX0\">peamiselt<\/span><span class=\"NormalTextRun SCXW167708235 BCX0\">\u00a0kooli<\/span><span class=\"NormalTextRun SCXW167708235 BCX0\">keskkonnas, sh koolikiusamine ja \u00f5pingute katkestamine.\u00a0<\/span><span class=\"NormalTextRun SCXW167708235 BCX0\">Eesti Noorte Teaduste Akadeemia juhatuses\u00a0<\/span><span class=\"NormalTextRun SCXW167708235 BCX0\">kuulub minu \u00fclesannete hulka<\/span><span class=\"NormalTextRun SCXW167708235 BCX0\">\u00a0noorteadlas<\/span><span class=\"NormalTextRun SCXW167708235 BCX0\">i<\/span><span class=\"NormalTextRun SCXW167708235 BCX0\">\u00a0toetava<\/span><span class=\"NormalTextRun SCXW167708235 BCX0\">\u00a0teaduspoliitika<\/span><span class=\"NormalTextRun SCXW167708235 BCX0\">\u00a0edendamine<\/span><span class=\"NormalTextRun SCXW167708235 BCX0\">.\u00a0<\/span><span class=\"NormalTextRun SCXW167708235 BCX0\">Viimane<\/span><span class=\"NormalTextRun SCXW167708235 BCX0\">\u00a0on lahutamatult seotud v<\/span><span class=\"NormalTextRun SCXW167708235 BCX0\">\u00f5rdse ko<\/span><span class=\"NormalTextRun SCXW167708235 BCX0\">htlemise p\u00f5him\u00f5tetega <\/span><span class=\"NormalTextRun SCXW167708235 BCX0\">teadus- ja k\u00f5rgharidussektoris<\/span><span class=\"NormalTextRun SCXW167708235 BCX0\">\u00a0ning kiusamisvaba t\u00f6\u00f6keskkonna loomisega<\/span><span class=\"NormalTextRun SCXW167708235 BCX0\">\u00a0nii alustavatele kui ka juba kogenud teadlastele<\/span><span class=\"NormalTextRun SCXW167708235 BCX0\">.<\/span><\/p>\n\n\n\n<p><em>Associate Professor of Empirical Sociology of the UT Institute of Social Studies, Vice President of the Estonian Young Academy of Sciences\u00a0 As a researcher specialising in childhood and youth studies, my research has focused on young people\u2019s wellbeing and vulnerability, primarily in school settings, incl. regarding school bullying and early school leaving.\u00a0As a member of the Board of the Estonian Young Academy of Sciences, my responsibilities include promoting research policy that supports early-career researchers.\u00a0This work is closely linked to equal treatment practices in the research and higher education sectors, as well as to the creation of a bullying-free working environment for both early-career and established researchers.<\/em><\/p>\n\n\n\n<div style=\"height:10px\" aria-hidden=\"true\" class=\"wp-block-spacer\"><\/div>\n\n\n\n<hr class=\"wp-block-separator has-alpha-channel-opacity clear\">\n\n\n\n<div style=\"height:10px\" aria-hidden=\"true\" class=\"wp-block-spacer\"><\/div>\n<\/div>\n\n\n\n<div class=\"wp-block-group is-layout-constrained wp-block-group-is-layout-constrained\">\n<figure class=\"wp-block-image alignleft size-full is-resized is-style-rounded\"><img loading=\"lazy\" decoding=\"async\" width=\"2560\" height=\"1706\" src=\"https:\/\/sisu.ut.ee\/wp-content\/uploads\/sites\/979\/Helen-Urmann1-scaled.jpg\" alt=\"\" class=\"wp-image-141\" style=\"aspect-ratio:1;object-fit:cover;width:150px\" srcset=\"https:\/\/sisu.ut.ee\/wp-content\/uploads\/sites\/979\/Helen-Urmann1-scaled.jpg 2560w, https:\/\/sisu.ut.ee\/wp-content\/uploads\/sites\/979\/Helen-Urmann1-300x200.jpg 300w, https:\/\/sisu.ut.ee\/wp-content\/uploads\/sites\/979\/Helen-Urmann1-1024x683.jpg 1024w, https:\/\/sisu.ut.ee\/wp-content\/uploads\/sites\/979\/Helen-Urmann1-768x512.jpg 768w, https:\/\/sisu.ut.ee\/wp-content\/uploads\/sites\/979\/Helen-Urmann1-1920x1280.jpg 1920w\" sizes=\"auto, (max-width: 2560px) 100vw, 2560px\"><\/figure>\n\n\n\n<p><span class=\"NormalTextRun SCXW116024092 BCX0\"><strong>Helen\u00a0Urmann<\/strong><\/span><br>helen.urmann@ut.ee <br>T\u00dc sotsiaalteaduslike rakendusuuringute keskuse (RAKE) juhataja. Teen rakendusuuringuid, mille fookuses on sooline v\u00f5rd\u00f5iguslikkus Eesti teaduses, teaduseetika ja haavatavate r\u00fchmade kaitse.<\/p>\n\n\n\n<p><em>Head of the UT Centre for Applied Social Sciences (CASS).I c onduct applied studies focusing on gender equality in Estonian research, research ethics, and the protection of vulnerable groups.<\/em><\/p>\n\n\n\n<div style=\"height:10px\" aria-hidden=\"true\" class=\"wp-block-spacer\"><\/div>\n\n\n\n<hr class=\"wp-block-separator has-alpha-channel-opacity clear\">\n\n\n\n<div style=\"height:10px\" aria-hidden=\"true\" class=\"wp-block-spacer\"><\/div>\n<\/div>\n\n\n\n<div class=\"wp-block-group is-layout-constrained wp-block-group-is-layout-constrained\">\n<figure class=\"wp-block-image alignleft size-large is-resized is-style-rounded\"><img loading=\"lazy\" decoding=\"async\" width=\"768\" height=\"1024\" src=\"https:\/\/sisu.ut.ee\/wp-content\/uploads\/sites\/979\/ene_ahistamiseuuringusse-768x1024.jpeg\" alt=\"\" class=\"wp-image-72\" style=\"aspect-ratio:1;object-fit:cover;width:150px\" srcset=\"https:\/\/sisu.ut.ee\/wp-content\/uploads\/sites\/979\/ene_ahistamiseuuringusse-768x1024.jpeg 768w, https:\/\/sisu.ut.ee\/wp-content\/uploads\/sites\/979\/ene_ahistamiseuuringusse-225x300.jpeg 225w, https:\/\/sisu.ut.ee\/wp-content\/uploads\/sites\/979\/ene_ahistamiseuuringusse-scaled.jpeg 1920w\" sizes=\"auto, (max-width: 768px) 100vw, 768px\"><\/figure>\n\n\n\n<p><span class=\"LineBreakBlob BlobObject DragDrop SCXW30678268 BCX0\"><span class=\"TextRun SCXW229084631 BCX0\" lang=\"ET-EE\" xml:lang=\"ET-EE\" data-contrast=\"auto\"><strong><span class=\"NormalTextRun SCXW229084631 BCX0\">Ene\u00a0Tubelt<\/span><\/strong><span class=\"NormalTextRun SCXW229084631 BCX0\">, MA\u00a0<\/span><br><\/span><a href=\"mailto:ene.tubelt@ut.ee\" target=\"_blank\" rel=\"noreferrer noopener\" class=\"Hyperlink SCXW229084631 BCX0\"><span class=\"TextRun Underlined SCXW229084631 BCX0\" lang=\"ET-EE\" xml:lang=\"ET-EE\" data-contrast=\"none\"><span class=\"NormalTextRun SCXW229084631 BCX0\" data-ccp-charstyle=\"Hyperlink\">ene.tubelt@ut.ee<\/span><\/span><\/a><span class=\"LineBreakBlob BlobObject DragDrop SCXW229084631 BCX0\"><span class=\"TextRun Underlined SCXW229084631 BCX0\" lang=\"ET-EE\" xml:lang=\"ET-EE\" data-contrast=\"none\">\u00a0<\/span><br><span class=\"NormalTextRun SCXW229084631 BCX0\">T\u00dcsotsiaalteaduslike rakendusuuringute keskuse (RAKE) anal\u00fc\u00fctik.<\/span><\/span><\/span> <span class=\"NormalTextRun SCXW264004723 BCX0\">Olen\u00a0osalenud\u00a0rakendusuuringutes,\u00a0mille eesm\u00e4rk on olnud\u00a0k\u00e4sitleda soolist v\u00f5rd\u00f5iguslikkust Eesti teaduses ja vaimse tervise teemasid.<\/span><\/p>\n\n\n\n<p><em>Analyst of the UT Centre for Applied Social Sciences (CASS). I have participated in applied studies on gender equality in Estonian research and topics related to mental health.<\/em><\/p>\n\n\n\n<div style=\"height:10px\" aria-hidden=\"true\" class=\"wp-block-spacer\"><\/div>\n\n\n\n<hr class=\"wp-block-separator has-alpha-channel-opacity clear\">\n\n\n\n<div style=\"height:10px\" aria-hidden=\"true\" class=\"wp-block-spacer\"><\/div>\n<\/div>\n\n\n\n<div class=\"wp-block-group is-layout-constrained wp-block-group-is-layout-constrained\">\n<figure class=\"wp-block-image alignleft size-large is-resized is-style-rounded\"><img loading=\"lazy\" decoding=\"async\" width=\"1024\" height=\"683\" src=\"https:\/\/sisu.ut.ee\/wp-content\/uploads\/sites\/979\/Kristi-Kuningas-1024x683.jpg\" alt=\"\" class=\"wp-image-74\" style=\"aspect-ratio:1;object-fit:cover;width:150px\" srcset=\"https:\/\/sisu.ut.ee\/wp-content\/uploads\/sites\/979\/Kristi-Kuningas-1024x683.jpg 1024w, https:\/\/sisu.ut.ee\/wp-content\/uploads\/sites\/979\/Kristi-Kuningas-300x200.jpg 300w, https:\/\/sisu.ut.ee\/wp-content\/uploads\/sites\/979\/Kristi-Kuningas-768x512.jpg 768w, https:\/\/sisu.ut.ee\/wp-content\/uploads\/sites\/979\/Kristi-Kuningas-1920x1281.jpg 1920w\" sizes=\"auto, (max-width: 1024px) 100vw, 1024px\"><\/figure>\n\n\n\n<p><span class=\"LineBreakBlob BlobObject DragDrop SCXW30678268 BCX0\"><span class=\"LineBreakBlob BlobObject DragDrop SCXW229084631 BCX0\"><span class=\"SCXW229084631 BCX0\"><span class=\"TextRun SCXW11883024 BCX0\" lang=\"ET-EE\" xml:lang=\"ET-EE\" data-contrast=\"auto\"><strong><span class=\"NormalTextRun SCXW11883024 BCX0\">Kristi Kuningas<\/span><\/strong><span class=\"NormalTextRun SCXW11883024 BCX0\">, MA\u00a0<\/span><br><\/span><a href=\"mailto:kristi.kuningas@ut.ee\" target=\"_blank\" rel=\"noreferrer noopener\" class=\"Hyperlink SCXW11883024 BCX0\"><span class=\"TextRun Underlined SCXW11883024 BCX0\" lang=\"ET-EE\" xml:lang=\"ET-EE\" data-contrast=\"none\"><span class=\"NormalTextRun SCXW11883024 BCX0\" data-ccp-charstyle=\"Hyperlink\">kristi.kuningas@ut.ee<\/span><\/span><\/a><span class=\"TextRun SCXW11883024 BCX0\" lang=\"ET-EE\" xml:lang=\"ET-EE\" data-contrast=\"auto\"><span class=\"TextRun Underlined SCXW11883024 BCX0\" lang=\"ET-EE\" xml:lang=\"ET-EE\" data-contrast=\"none\">\u00a0\u00a0<\/span><br><span class=\"NormalTextRun SCXW11883024 BCX0\">T\u00dcpersonaliosakonna juhataja.\u00a0<\/span><\/span><\/span>Oma\u00a0igap\u00e4evat\u00f6\u00f6s seisan hea selle eest, et \u00fclikooli \u00f5pi- ja t\u00f6\u00f6keskkond oleks turvaline.\u00a0Olen\u00a0aidanud edendada \u00fclikooli v\u00f5rdse kohtlemise valdkonda ja aidanud koostada \u00fclikooli t\u00f6\u00f6korraldusega seotud rakendusuuringuid.\u00a0<\/span><\/span><\/p>\n\n\n\n<p><em>Head of the UT Human Resources Office. In my day-to-day work, I am committed to ensuring a safe learning and working environment at the university.\u00a0I have contributed to fostering equal treatment at the university and supported applied research related to the organisation of work at the university.\u00a0\u00a0<span class=\"TextRun SCXW189306522 BCX0\" lang=\"ET-EE\" xml:lang=\"ET-EE\" data-contrast=\"auto\">\u00a0<\/span><\/em><\/p>\n\n\n\n<div style=\"height:10px\" aria-hidden=\"true\" class=\"wp-block-spacer\"><\/div>\n\n\n\n<hr class=\"wp-block-separator has-alpha-channel-opacity clear\">\n\n\n\n<p><\/p>\n<\/div>\n","protected":false},"excerpt":{"rendered":"<p>Uuringut teeb Tartu \u00dclikooli teadlastest koosnev uurimisr\u00fchm koost\u00f6\u00f6s personaliosakonna ja v\u00f5rdse kohtlemise strateegia komisjoniga, kuhu kuuluvad Anu Realo, Eneken Riin Salong, Ester Oras, Helen Eenmaa, Kai Part, Krista Fischer, Leho Ainsaar, Martin Noork\u00f5iv, Raili Marling ja Renar Kihho. Uuringu teemal &#8230;<\/p>\n","protected":false},"author":9,"featured_media":0,"parent":0,"menu_order":0,"comment_status":"closed","ping_status":"closed","template":"","meta":{"_acf_changed":false,"inline_featured_image":false,"footnotes":""},"class_list":["post-19","page","type-page","status-publish","hentry"],"acf":[],"_links":{"self":[{"href":"https:\/\/sisu.ut.ee\/ahistamiseuuring\/wp-json\/wp\/v2\/pages\/19","targetHints":{"allow":["GET"]}}],"collection":[{"href":"https:\/\/sisu.ut.ee\/ahistamiseuuring\/wp-json\/wp\/v2\/pages"}],"about":[{"href":"https:\/\/sisu.ut.ee\/ahistamiseuuring\/wp-json\/wp\/v2\/types\/page"}],"author":[{"embeddable":true,"href":"https:\/\/sisu.ut.ee\/ahistamiseuuring\/wp-json\/wp\/v2\/users\/9"}],"replies":[{"embeddable":true,"href":"https:\/\/sisu.ut.ee\/ahistamiseuuring\/wp-json\/wp\/v2\/comments?post=19"}],"version-history":[{"count":21,"href":"https:\/\/sisu.ut.ee\/ahistamiseuuring\/wp-json\/wp\/v2\/pages\/19\/revisions"}],"predecessor-version":[{"id":216,"href":"https:\/\/sisu.ut.ee\/ahistamiseuuring\/wp-json\/wp\/v2\/pages\/19\/revisions\/216"}],"wp:attachment":[{"href":"https:\/\/sisu.ut.ee\/ahistamiseuuring\/wp-json\/wp\/v2\/media?parent=19"}],"curies":[{"name":"wp","href":"https:\/\/api.w.org\/{rel}","templated":true}]}}