{"id":16,"date":"2026-03-10T07:53:57","date_gmt":"2026-03-10T05:53:57","guid":{"rendered":"https:\/\/sisu.ut.ee\/ahistamiseuuring\/?page_id=16"},"modified":"2026-04-21T15:07:14","modified_gmt":"2026-04-21T12:07:14","slug":"meediakajastused","status":"publish","type":"page","link":"https:\/\/sisu.ut.ee\/ahistamiseuuring\/meediakajastused\/","title":{"rendered":"Meediakajastused"},"content":{"rendered":"<p>Kristi Kuningas 20.04.2026 <a href=\"https:\/\/vikerraadio.err.ee\/1609988356\/vikerhommik-kirke-ert-ja-taavi-libe\/dfc89ff5f829d4151b134ce31645d5ac\" data-type=\"link\" data-id=\"https:\/\/vikerraadio.err.ee\/1609988356\/vikerhommik-kirke-ert-ja-taavi-libe\/dfc89ff5f829d4151b134ce31645d5ac\">Vikerraadios. <\/a>T\u00dc uuring aitab luua uusi juhendeid. <\/p>\n\n\n\n<p>Anna Teele Orav. V\u00f5\u00f5ras \u00f5ppej\u00f5ud kutsus mind oma autosse. Tartu \u00dclikool stardib t\u00e4na erakordselt suure ahistamisuuringuga. <a href=\"https:\/\/ekspress.delfi.ee\/\" data-type=\"link\" data-id=\"https:\/\/ekspress.delfi.ee\/\">Eesti Ekspress 20.04.2026.<\/a><\/p>\n\n\n\n<p>Tartu \u00dclikool alustab ulatuslikku ahistamise teemalist uuringut. <a href=\"https:\/\/haridus.postimees.ee\/8455320\/tartu-ulikool-alustab-ulatuslikku-ahistamise-tookiusu-ja-diskrimineerimise-teemalist-uuringut\" data-type=\"link\" data-id=\"https:\/\/haridus.postimees.ee\/8455320\/tartu-ulikool-alustab-ulatuslikku-ahistamise-tookiusu-ja-diskrimineerimise-teemalist-uuringut\">Postimees<\/a> 20.04.2026.<\/p>\n\n\n\n<p>University of Tartu launches harassment, bullying and discrimination study. <a href=\"https:\/\/news.err.ee\/1610001001\/university-of-tartu-launches-harassment-bullying-and-discrimination-study\" data-type=\"link\" data-id=\"https:\/\/news.err.ee\/1610001001\/university-of-tartu-launches-harassment-bullying-and-discrimination-study\">ERR news<\/a> 20.04.2026.<\/p>\n\n\n\n<p><a href=\"https:\/\/www.youtube.com\/watch?v=FBUYRxmqstI\" data-type=\"link\" data-id=\"https:\/\/www.youtube.com\/watch?v=FBUYRxmqstI\">TV3 Video <\/a>Seksuaalne ahistamine Tartu \u00dclikoolis l\u00e4heb suure uuringuga luubi alla. 20.04.2026.<\/p>\n\n\n\n<p>Seksuaalne ahistamine Tartu \u00dclikoolis l\u00e4heb suure luubi alla. <a href=\"https:\/\/www.ohtuleht.ee\/1155983\/tv3-video-seksuaalne-ahistamine-tartu-ulikoolis-laheb-suure-luubi-alla\" data-type=\"link\" data-id=\"https:\/\/www.ohtuleht.ee\/1155983\/tv3-video-seksuaalne-ahistamine-tartu-ulikoolis-laheb-suure-luubi-alla\">\u00d5htuleht<\/a> 20.04.2026.<\/p>\n\n\n\n<p><\/p>\n","protected":false},"excerpt":{"rendered":"<p>Kristi Kuningas 20.04.2026 Vikerraadios. T\u00dc uuring aitab luua uusi juhendeid. Anna Teele Orav. V\u00f5\u00f5ras \u00f5ppej\u00f5ud kutsus mind oma autosse. Tartu \u00dclikool stardib t\u00e4na erakordselt suure ahistamisuuringuga. Eesti Ekspress 20.04.2026. Tartu \u00dclikool alustab ulatuslikku ahistamise teemalist uuringut. Postimees 20.04.2026. University of &#8230;<\/p>\n","protected":false},"author":9,"featured_media":0,"parent":0,"menu_order":0,"comment_status":"closed","ping_status":"closed","template":"","meta":{"_acf_changed":false,"inline_featured_image":false,"footnotes":""},"class_list":["post-16","page","type-page","status-publish","hentry"],"acf":[],"_links":{"self":[{"href":"https:\/\/sisu.ut.ee\/ahistamiseuuring\/wp-json\/wp\/v2\/pages\/16","targetHints":{"allow":["GET"]}}],"collection":[{"href":"https:\/\/sisu.ut.ee\/ahistamiseuuring\/wp-json\/wp\/v2\/pages"}],"about":[{"href":"https:\/\/sisu.ut.ee\/ahistamiseuuring\/wp-json\/wp\/v2\/types\/page"}],"author":[{"embeddable":true,"href":"https:\/\/sisu.ut.ee\/ahistamiseuuring\/wp-json\/wp\/v2\/users\/9"}],"replies":[{"embeddable":true,"href":"https:\/\/sisu.ut.ee\/ahistamiseuuring\/wp-json\/wp\/v2\/comments?post=16"}],"version-history":[{"count":5,"href":"https:\/\/sisu.ut.ee\/ahistamiseuuring\/wp-json\/wp\/v2\/pages\/16\/revisions"}],"predecessor-version":[{"id":230,"href":"https:\/\/sisu.ut.ee\/ahistamiseuuring\/wp-json\/wp\/v2\/pages\/16\/revisions\/230"}],"wp:attachment":[{"href":"https:\/\/sisu.ut.ee\/ahistamiseuuring\/wp-json\/wp\/v2\/media?parent=16"}],"curies":[{"name":"wp","href":"https:\/\/api.w.org\/{rel}","templated":true}]}}