{"id":13,"date":"2026-03-10T07:53:29","date_gmt":"2026-03-10T05:53:29","guid":{"rendered":"https:\/\/sisu.ut.ee\/ahistamiseuuring\/?page_id=13"},"modified":"2026-04-09T23:48:01","modified_gmt":"2026-04-09T20:48:01","slug":"kkk","status":"publish","type":"page","link":"https:\/\/sisu.ut.ee\/ahistamiseuuring\/kkk\/","title":{"rendered":"KKK"},"content":{"rendered":"<h2>Kes uuringut l\u00e4bi viivad?<\/h2>\n<p>Uuringut teeb Tartu \u00dclikooli teadlastest koosnev <a href=\"https:\/\/sisu.ut.ee\/ahistamiseuuring\/uuringu-tooruhm\/\">uuringu t\u00f6\u00f6r\u00fchm<\/a> koost\u00f6\u00f6s personaliosakonna ja v\u00f5rdse kohtlemise strateegia komisjoniga.\u00a0<\/p>\n<h2>Mida uuritakse ja miks?<\/h2>\n<p>Meie eesm\u00e4rk on saada \u00fclevaade Tartu \u00dclikooli \u00fcli\u00f5pilaste ja t\u00f6\u00f6tajate hoiakutest, teadmistest ja kogemustest seoses seksuaalse ahistamise, t\u00f6\u00f6kiusu ja diskrimineerimisega ning t\u00f6\u00f6tada saadud tulemustele p\u00f5hjal v\u00e4lja soovitused olukorra parandamiseks. Uuringus keskendutakse soolisele ja seksuaalsele ahistamisele, kuid ka rassi, nahav\u00e4rvuse, rahvuse, puude, usutunnistuse, vanuse ja perega seotud tunnustele. Lisaks uuritakse teadlikkust abiv\u00f5imaluste kohta ja ahistamisjuhtumitele reageerimist. Loe uuringust l\u00e4hemalt <a href=\"https:\/\/sisu.ut.ee\/ahistamiseuuring\/uuringust\/\">siin<\/a>.<\/p>\n<h2>Kuidas uuring toimub?<\/h2>\n<p>Uuring tehakse k\u00f5ikide Tartu \u00dclikooli t\u00f6\u00f6tajate ja \u00fcli\u00f5pilaste hulgas, kellele saadetakse aprillis\u2013mais 2026 e-posti teel\u00a0 kutse t\u00e4ita LimeSurvey keskkonnas k\u00fcsimustik. E-posti aadressi kasutatakse ainult kutse saatmiseks ja seda ei seostata k\u00fcsimustiku vastustega. Vastata saab eesti v\u00f5i inglise keeles. Lisaks toimuvad 2026. aasta s\u00fcgisel fookusgrupiintervjuud. Intervjuus osalemise soovist saab teada anda k\u00fcsimustiku l\u00f5pus.<\/p>\n<h2>Miks mulle kutse saadeti?<\/h2>\n<p>K\u00fcsimustiku t\u00e4itmise kutse saavad k\u00f5ik Tartu \u00dclikooli \u00fcli\u00f5pilased ja t\u00f6\u00f6tajad. \u00dclikoolipere iga liikme osalemine on oluline, sest seda t\u00f5ep\u00e4rasema \u00fclevaate saame seksuaalse ahistamisest, kiusamisest ja diskrimineerimisest Tartu \u00dclikoolis. Teie vastused aitavad teha selles valdkonnas paremaid otsuseid.<\/p>\n<h2>Kas minu osalemine on vajalik?<\/h2>\n<p>Iga \u00fclikoolipere liikme kogemus on erinev, seet\u00f5ttu on k\u00f5ik arvamused meile olulised. Soovime v\u00e4ga, et osalete, kuid Teil on vaba valik otsustada, kas tahate seda teha.<\/p>\n<h2>Mis juhtub, kui n\u00f5ustun osalema?<\/h2>\n<p>Kui otsustate osaleda, palume Teil t\u00e4ita Teile e-posti teel saabunud k\u00fcsimustiku ja selle esitada. Vastamine v\u00f5tab aega 10\u201320 minutit s\u00f5ltuvalt sellest, kas olete kogenud ahistamist, kiusamist v\u00f5i diskrimineerimist v\u00f5i mitte. Kui n\u00f5ustute osalema fookusgrupi intervjuus, palume Teil t\u00e4ita ka k\u00fcsimustiku l\u00f5pus oleva ankeedi, mille abil saame Teiega \u00fchendust v\u00f5tta ja kutsuda Teid intervjuule.<\/p>\n<h2>Mida uuringus k\u00fcsitakse?<\/h2>\n<p>K\u00fcsimustikus soovitakse teada saada Teie \u00fcldist tausta (sugu, vanuser\u00fchm, ametikoht, valdkond ja t\u00f6\u00f6staa\u017e) ning seej\u00e4rel esitatakse k\u00fcsimusi seksuaalset ahistamist puudutavate v\u00e4idetega n\u00f5ustumise, seksuaalse ahistamise kogemise ja selle m\u00f5ju kohta; diskrimineerimist v\u00f5i kiusamist potentsiaalselt soodustavate tunnuste kohta (puue v\u00f5i erivajadus, emakeel, sooline identiteet, seksuaalne orientatsioon) ning kiusamise ja diskrimineerimise kohta.<\/p>\n<p>Fookusgrupiintervjuudes uurime Teie isiklikku tunnetust seksuaalse ahistamise, kiusamise ja diskrimineerimise suhtes, Teie kokkupuudet k\u00f5rvalseisjana, Teie arvamust selle kohta, mida saaks \u00fclikoolis teha ennetuseks ja kaitseks, ning kuidas tuleks ahistamisjuhtumeid k\u00e4sitleda.<\/p>\n<h2>Sain kutse uuringusse kaks korda, sest olen nii t\u00f6\u00f6taja kui ka \u00fcli\u00f5pilane?<\/h2>\n<p>Kui olete juba t\u00e4itnud \u00fcli\u00f5pilastele m\u00f5eldud k\u00fcsimustiku, palume t\u00f6\u00f6taja k\u00fcsimustikule mitte vastata. Kui olete aga juba t\u00e4itnud t\u00f6\u00f6taja k\u00fcsimustiku, siis palume \u00fcli\u00f5pilastele m\u00f5eldud k\u00fcsimustikule mitte vastata.<\/p>\n<h2>Kas ma pean vastama igale k\u00fcsimusele?<\/h2>\n<p>Uuringus osalemine on vabatahtlik ja teema on tundlik. L\u00e4bielatu taaselustamine v\u00f5i kirjeldamine v\u00f5ib tekitada negatiivseid emotsioone. Kui Te ei soovi m\u00f5nele k\u00fcsimusele vastata, saate need vahele j\u00e4tta ja esitada ka osaliselt t\u00e4idetud k\u00fcsimustiku. Ka fookusgrupiintervjuus osaledes ei pea Te k\u00f5ikidele k\u00fcsimustele vastama. Kui tunnete, et kogu teema v\u00f5ib Teid liigselt h\u00e4irida, palun \u00e4rge osalege k\u00fcsitlusuuringus ega ka fookusgrupiintervjuus.<\/p>\n<h2>Kas saan vastamise katkestada?<\/h2>\n<p>Jah. Vastamist saab j\u00e4tkata 30 minuti jooksul. Pikema pausi korral on v\u00f5imalik vastused salvestada ja hiljem j\u00e4tkata. K\u00fcsimustiku pooleli j\u00e4tmisel Teie andmed kustutakse.<\/p>\n<h2>Miks mulle saadetakse\u00a0korduvalt\u00a0uuringukutseid, kuigi olen juba k\u00fcsimustikule vastanud?<\/h2>\n<p>Teile saadetud k\u00fcsimustiku link on universaalne, mitte individuaalne. Seet\u00f5ttu saadame k\u00f5ikidele \u00fclikooli t\u00f6\u00f6tajatele ja \u00fcli\u00f5pilastele automaatselt kaks meeldetuletust n\u00e4dalase vahega, sest me ei saa teada, kas olete juba k\u00fcsimustikule vastanud v\u00f5i mitte. Kui Te olete juba k\u00fcsimustikule vastanud, siis v\u00f5ite korduskutseid ignoreerida. Vabandame ette, kui korduskutseid Teid h\u00e4irivad! Korduskutsed on selleks, et k\u00f5ik soovijad saaksid k\u00fcsitluses osaleda.<\/p>\n<h2>Kuidas on mu andmed kaitstud?<\/h2>\n<p><span data-olk-copy-source=\"MessageBody\">K\u00fcsimustiku vastuseid ei saa Teie isikuga seostada, st isiku otsene tuvastamine on v\u00e4listatud. Vastajate IP-aadresse ei koguta. Fookusgrupiintervjuude salvestused transkribeeritakse ja seej\u00e4rel kustutatakse. M\u00f5istame, et vastused sisaldavad isiklikku ja tundlikku teavet ning kinnitame, et neid k\u00e4sitletakse konfidentsiaalselt. Andmete k\u00e4sitlemisel rakendatakse rangeid turvan\u00f5udeid ja elektroonne andmevahetus toimub kr\u00fcpteeritult. Andmete kogumine, t\u00f6\u00f6tlemine ja anal\u00fc\u00fcs toimub Euroopa Parlamendi ja n\u00f5ukogu isikuandmete kaitse \u00fcldm\u00e4\u00e4ruse ja Eesti isikuandmete kaitse seaduse kohaselt.<\/span><\/p>\n<h2>Kuidas tulemusi kasutatakse?<\/h2>\n<p>Tulemuste p\u00f5hjal koostatakse aruanne ja tehakse soovitusi edasiseks tegevuseks.<\/p>\n<h2>Kas uuringus osalemine on mulle kasulik?<\/h2>\n<p>Uuringus osalemine ei anna Teile otsest kasu, kuid Teie panus annab osa teadmistest, mis aitavad teadvustada seksuaalset ahistamist, kiusamist ja diskrimineerimist akadeemilises keskkonnas ja anda soovitusi edasiseks tegevuseks.<\/p>\n<h2>Kas Teil on k\u00fcsimusi uuringu kohta?<\/h2>\n<p>Palun kirjutage <span data-contrast=\"auto\">e-posti aadressil<\/span> <a href=\"mailto:ahistamiseuuring@ut.ee\">ahistamiseuuring@ut.ee<\/a>. Me proovime k\u00f5ikidele Teie k\u00fcsimustele ja muredele lahenduse leida.<\/p>\n<h2>K\u00fcsimused andmekaitse kohta<\/h2>\n<p>\u00dclikooli uuringuid puudutavates andmekaitsek\u00fcsimustes saate kirjutada <span data-contrast=\"auto\">e-posti aadressil<\/span> <a title=\"mailto:andmekaitse@ut.ee\" href=\"mailto:andmekaitse@ut.ee\" data-linkindex=\"0\">andmekaitse@ut.ee<\/a>. Samuti saab p\u00f6\u00f6rduda <a href=\"http:\/\/www.aki.ee\/et\">Andmekaitse Inspektsiooni<\/a>.<\/p>\n<h2>Teaduseetika komitee kontaktandmed<\/h2>\n<p>Uuring on koosk\u00f5lastatud Tartu \u00dclikooli teaduseetika komiteega (protokoll 3T-18, 16.03.2026). K\u00fcsimuste korral v\u00f5ib kirjutada e-posti aadressil <a href=\"mailto:eetikakomitee@ut.ee\">eetikakomitee@ut.ee<\/a>.<\/p>\n\n\n<h2 class=\"wp-block-heading\">Kui vajate n\u00f5u v\u00f5i abi<\/h2>\n\n\n\n<p>Kui tunnete, et vajate seoses seksuaalse ahistamise, kiusamise v\u00f5i diskrimineerimisega tuge, v\u00f5i m\u00e4rkate, et seda on tarvis Teie kolleegil v\u00f5i kaas\u00fcli\u00f5pilasel, leiate <a href=\"https:\/\/sisu.ut.ee\/ahistamiseuuring\/nou-ja-abi\/\">rubriigist \u201eN\u00f5u ja abi\u201d<\/a> vajalikud kontaktandmed.<\/p>\n\n\n\n<h2 class=\"wp-block-heading\"><\/h2>\n\n\n\n<p><\/p>\n","protected":false},"excerpt":{"rendered":"<p>Kes uuringut l\u00e4bi viivad? Uuringut teeb Tartu \u00dclikooli teadlastest koosnev uuringu t\u00f6\u00f6r\u00fchm koost\u00f6\u00f6s personaliosakonna ja v\u00f5rdse kohtlemise strateegia komisjoniga.\u00a0 Mida uuritakse ja miks? Meie eesm\u00e4rk on saada \u00fclevaade Tartu \u00dclikooli \u00fcli\u00f5pilaste ja t\u00f6\u00f6tajate hoiakutest, teadmistest ja kogemustest seoses seksuaalse ahistamise, &#8230;<\/p>\n","protected":false},"author":9,"featured_media":0,"parent":0,"menu_order":0,"comment_status":"closed","ping_status":"closed","template":"","meta":{"_acf_changed":false,"inline_featured_image":false,"footnotes":""},"class_list":["post-13","page","type-page","status-publish","hentry"],"acf":[],"_links":{"self":[{"href":"https:\/\/sisu.ut.ee\/ahistamiseuuring\/wp-json\/wp\/v2\/pages\/13","targetHints":{"allow":["GET"]}}],"collection":[{"href":"https:\/\/sisu.ut.ee\/ahistamiseuuring\/wp-json\/wp\/v2\/pages"}],"about":[{"href":"https:\/\/sisu.ut.ee\/ahistamiseuuring\/wp-json\/wp\/v2\/types\/page"}],"author":[{"embeddable":true,"href":"https:\/\/sisu.ut.ee\/ahistamiseuuring\/wp-json\/wp\/v2\/users\/9"}],"replies":[{"embeddable":true,"href":"https:\/\/sisu.ut.ee\/ahistamiseuuring\/wp-json\/wp\/v2\/comments?post=13"}],"version-history":[{"count":18,"href":"https:\/\/sisu.ut.ee\/ahistamiseuuring\/wp-json\/wp\/v2\/pages\/13\/revisions"}],"predecessor-version":[{"id":198,"href":"https:\/\/sisu.ut.ee\/ahistamiseuuring\/wp-json\/wp\/v2\/pages\/13\/revisions\/198"}],"wp:attachment":[{"href":"https:\/\/sisu.ut.ee\/ahistamiseuuring\/wp-json\/wp\/v2\/media?parent=13"}],"curies":[{"name":"wp","href":"https:\/\/api.w.org\/{rel}","templated":true}]}}