{"id":140,"date":"2026-03-02T22:04:57","date_gmt":"2026-03-02T20:04:57","guid":{"rendered":"https:\/\/sisu.ut.ee\/aedviljad\/?page_id=140"},"modified":"2026-03-02T22:04:58","modified_gmt":"2026-03-02T20:04:58","slug":"kasutatud-kirjandus","status":"publish","type":"page","link":"https:\/\/sisu.ut.ee\/aedviljad\/kasutatud-kirjandus\/","title":{"rendered":"Kasutatud kirjandus"},"content":{"rendered":"<p><\/p>\n\n\n\n<p>Eesti Korteri\u00fchistute Liit. (2020, 16. oktoober). <em>Kuidas s\u00e4ilitada kartuleid?<\/em> https:\/\/www.ekyl.ee\/kuidas-sailitada-kartuleid\/<\/p>\n\n\n\n<p>J\u00f5eleht, A. (n.d.). <em>Antioks\u00fcdandid pakuvad organismile lisakaitset<\/em>. TervislikToitumine.ee. https:\/\/tervisliktoitumine.ee\/antioksudandid-pakuvad-organismile-lisakaitset\/<\/p>\n\n\n\n<p>Pink, A. (2008). <em>Kodundus. 4.\u20136. klass<\/em>. O\u00dc Saarakiri.<\/p>\n\n\n\n<p>Pitsi, T., Lauk, J., Nurk, E., Priinits, M., Zilmer, M., Ehala-Aleksejev, K., Parts, L., Villa, I., Vaher, I., Oja, L., Kuu, S., M\u00e4estu, E., Raudsepp, P., Raukas, R., P\u00f5der, N., L\u00f5hmus, K., Radin, M., Rand, T., Maser, M., \u2026 P\u00f5ldsaar, I. (2025). <em>Eesti riiklikud toitumise, liikumise ja uneaja soovitused<\/em>. Tervise Arengu Instituut. https:\/\/tai.ee\/sites\/default\/files\/2025-01\/tabelraamat_13.1.25.pdf<\/p>\n\n\n\n<p>Regionaal- ja P\u00f5llumajandusministeerium. (2022). <em>Taimekaitsevahendite j\u00e4\u00e4gid<\/em>. https:\/\/www.agri.ee\/taimekaitsevahendite-jaagid<\/p>\n\n\n\n<p>Tarbi toitu targalt. (n.d.). <em>Toiduainete s\u00e4ilitamine s\u00fcgavk\u00fclmikus<\/em>. https:\/\/tarbitoitutargalt.ee\/portfolio\/toiduainete-sailitamine-sugavkulmikus\/<\/p>\n\n\n\n<p>Tervise Arengu Instituut. (2015, 10. juuli). <em>Suve superstaarid \u2013 marjad<\/em>. https:\/\/toitumine.ee\/artiklid\/suve-superstaarid-marjad-2<\/p>\n\n\n\n<p>Tervise Arengu Instituut. (2018, 14. november). <em>Taimetoitlus ja sport<\/em>. https:\/\/toitumine.ee\/artiklid\/taimetoitlus-ja-sport<\/p>\n\n\n\n<p>Tervise Arengu Instituut. (2022). <em>Lihtsad soovitused tervislikuks toitumiseks<\/em>. https:\/\/tai.ee\/sites\/default\/files\/2022-01\/TAI_lihtsad_soovitused_toitumiseks_2022.pdf<\/p>\n\n\n\n<p>Tervise Arengu Instituut. (n.d.-a). <em>Bioaktiivsed \u00fchendid<\/em>. https:\/\/toitumine.ee\/energia-ja-toitainete-vajadused\/bioaktiivseduhendid<\/p>\n\n\n\n<p>Tervise Arengu Instituut. (n.d.-b). <em>J\u00e4tkusuutlikkus<\/em>. https:\/\/toitumine.ee\/kuidas-poes-toitu-valida\/jatkusuutlikkus<\/p>\n\n\n\n<p>Tervise Arengu Instituut. (n.d.-c). <em>K\u00f6\u00f6giviljad, puuviljad ja marjad<\/em>. https:\/\/toitumine.ee\/kuidas-tervislikult-toituda\/toidusoovitused\/puu-ja-koogiviljad<\/p>\n\n\n\n<p>Tervise Arengu Instituut. (n.d.-d). <em>Mis juhtub viljadega t\u00f6\u00f6tlemisel?<\/em> https:\/\/toitumine.ee\/kuidas-tervislikult-toituda\/toidusoovitused\/puu-ja-koogiviljad\/mis-juhtub-viljadega-tootlemisel<\/p>\n\n\n\n<p>Tervise Arengu Instituut. (n.d.-e). <em>Miks ja kui palju?<\/em> https:\/\/toitumine.ee\/kuidas-tervislikult-toituda\/toidusoovitused\/puu-ja-koogiviljad\/miks-ja-kui-palju<\/p>\n\n\n\n<p>Tervise Arengu Instituut. (n.d.-f). <em>Taldrikureegel<\/em>. https:\/\/toitumine.ee\/kuidas-tervislikult-toituda\/taldrikureegel<\/p>\n\n\n\n<p>Tervise Arengu Instituut. (n.d.-g). <em>Toitumisega seotud m\u00fc\u00fcdid<\/em>. https:\/\/toitumine.ee\/kuidas-tervislikult-toituda\/toitumisega-seotud-muudid<\/p>\n\n\n\n<p>Varava, L., Pitsi, T., Magerramov, M., &amp; Arund, A. (2020). <em>Laste toiduteadlikkuse ja s\u00f6\u00f6misharjumuste kujundamine: \u00d5petajaraamat lasteaedadele<\/em>. Tervise Arengu Instituut. https:\/\/www.tai.ee\/sites\/default\/files\/2021-03\/Laste_toiduteadlikkuse_veeb.pdf<\/p>\n","protected":false},"excerpt":{"rendered":"<p>Eesti Korteri\u00fchistute Liit. (2020, 16. oktoober). Kuidas s\u00e4ilitada kartuleid? https:\/\/www.ekyl.ee\/kuidas-sailitada-kartuleid\/ J\u00f5eleht, A. (n.d.). Antioks\u00fcdandid pakuvad organismile lisakaitset. TervislikToitumine.ee. https:\/\/tervisliktoitumine.ee\/antioksudandid-pakuvad-organismile-lisakaitset\/ Pink, A. (2008). Kodundus. 4.\u20136. klass. O\u00dc Saarakiri. Pitsi, T., Lauk, J., Nurk, E., Priinits, M., Zilmer, M., Ehala-Aleksejev, K., Parts, &#8230;<\/p>\n","protected":false},"author":924,"featured_media":0,"parent":0,"menu_order":0,"comment_status":"closed","ping_status":"closed","template":"","meta":{"_acf_changed":false,"inline_featured_image":false,"footnotes":""},"class_list":["post-140","page","type-page","status-publish","hentry"],"acf":[],"_links":{"self":[{"href":"https:\/\/sisu.ut.ee\/aedviljad\/wp-json\/wp\/v2\/pages\/140","targetHints":{"allow":["GET"]}}],"collection":[{"href":"https:\/\/sisu.ut.ee\/aedviljad\/wp-json\/wp\/v2\/pages"}],"about":[{"href":"https:\/\/sisu.ut.ee\/aedviljad\/wp-json\/wp\/v2\/types\/page"}],"author":[{"embeddable":true,"href":"https:\/\/sisu.ut.ee\/aedviljad\/wp-json\/wp\/v2\/users\/924"}],"replies":[{"embeddable":true,"href":"https:\/\/sisu.ut.ee\/aedviljad\/wp-json\/wp\/v2\/comments?post=140"}],"version-history":[{"count":1,"href":"https:\/\/sisu.ut.ee\/aedviljad\/wp-json\/wp\/v2\/pages\/140\/revisions"}],"predecessor-version":[{"id":141,"href":"https:\/\/sisu.ut.ee\/aedviljad\/wp-json\/wp\/v2\/pages\/140\/revisions\/141"}],"wp:attachment":[{"href":"https:\/\/sisu.ut.ee\/aedviljad\/wp-json\/wp\/v2\/media?parent=140"}],"curies":[{"name":"wp","href":"https:\/\/api.w.org\/{rel}","templated":true}]}}