{"id":134,"date":"2026-03-02T21:59:54","date_gmt":"2026-03-02T19:59:54","guid":{"rendered":"https:\/\/sisu.ut.ee\/aedviljad\/?page_id=134"},"modified":"2026-03-05T15:30:48","modified_gmt":"2026-03-05T13:30:48","slug":"kokkuvottev-loputest","status":"publish","type":"page","link":"https:\/\/sisu.ut.ee\/aedviljad\/kokkuvottev-loputest\/","title":{"rendered":"Kokkuv\u00f5ttev l\u00f5putest"},"content":{"rendered":"<p><\/p>\n\n\n\n<p><strong>Kontrolli oma teadmisi k\u00f5igi l\u00e4bitud peat\u00fckkide kohta.<\/strong><\/p>\n\n\n\n<p>L\u00f5putesti alustamiseks vajuta pildi vasakul pool asuvale kollasele ringile. Vastuse kontrollimiseks vajuta nuppu \u201eKontrolli\u201c. Kui vastus on vale, proovi uuesti. J\u00e4rgmise k\u00fcsimuse juurde liikumiseks vajuta nuppu \u201eEdasi\u201c. Seej\u00e4rel vajuta uuele kollasele ringile, et avada j\u00e4rgmine test.<\/p>\n\n\n\n<p>Kui vastad k\u00f5igile k\u00fcsimustele \u00f5igesti, oled \u00f5piobjekti edukalt l\u00e4binud!<\/p>\n\n\n<div class=\"h5p-iframe-wrapper\"><div class=\"video-placeholder-wrapper video-placeholder-wrapper--fixed\" style=\"height: 366px;\">\n\t\t\t    <div class=\"video-placeholder d-flex justify-content-center align-items-center\">\n\t\t\t        <div class=\"overlay text-white p-2 w-100 text-center d-block justify-content-center align-items-center\">\n\t\t\t            <div>Kolmandate osapoolte sisu n\u00e4gemiseks palun n\u00f5ustu k\u00fcpsistega.<\/div>\n\t\t\t            <button class=\"btn btn-secondary btn-sm mt-1 consent-change\">Muuda n\u00f5usolekut<\/button>\n\t\t\t        <\/div>\n\t\t\t    <\/div>\n\t\t\t<\/div>\n<\/div>\n\n\n\n<p><\/p>\n","protected":false},"excerpt":{"rendered":"<p>Kontrolli oma teadmisi k\u00f5igi l\u00e4bitud peat\u00fckkide kohta. L\u00f5putesti alustamiseks vajuta pildi vasakul pool asuvale kollasele ringile. Vastuse kontrollimiseks vajuta nuppu \u201eKontrolli\u201c. Kui vastus on vale, proovi uuesti. J\u00e4rgmise k\u00fcsimuse juurde liikumiseks vajuta nuppu \u201eEdasi\u201c. Seej\u00e4rel vajuta uuele kollasele ringile, et &#8230;<\/p>\n","protected":false},"author":924,"featured_media":0,"parent":0,"menu_order":0,"comment_status":"closed","ping_status":"closed","template":"","meta":{"_acf_changed":false,"inline_featured_image":false,"footnotes":""},"class_list":["post-134","page","type-page","status-publish","hentry"],"acf":[],"_links":{"self":[{"href":"https:\/\/sisu.ut.ee\/aedviljad\/wp-json\/wp\/v2\/pages\/134","targetHints":{"allow":["GET"]}}],"collection":[{"href":"https:\/\/sisu.ut.ee\/aedviljad\/wp-json\/wp\/v2\/pages"}],"about":[{"href":"https:\/\/sisu.ut.ee\/aedviljad\/wp-json\/wp\/v2\/types\/page"}],"author":[{"embeddable":true,"href":"https:\/\/sisu.ut.ee\/aedviljad\/wp-json\/wp\/v2\/users\/924"}],"replies":[{"embeddable":true,"href":"https:\/\/sisu.ut.ee\/aedviljad\/wp-json\/wp\/v2\/comments?post=134"}],"version-history":[{"count":4,"href":"https:\/\/sisu.ut.ee\/aedviljad\/wp-json\/wp\/v2\/pages\/134\/revisions"}],"predecessor-version":[{"id":145,"href":"https:\/\/sisu.ut.ee\/aedviljad\/wp-json\/wp\/v2\/pages\/134\/revisions\/145"}],"wp:attachment":[{"href":"https:\/\/sisu.ut.ee\/aedviljad\/wp-json\/wp\/v2\/media?parent=134"}],"curies":[{"name":"wp","href":"https:\/\/api.w.org\/{rel}","templated":true}]}}