{"id":111,"date":"2026-02-28T18:24:09","date_gmt":"2026-02-28T16:24:09","guid":{"rendered":"https:\/\/sisu.ut.ee\/aedviljad\/?page_id=111"},"modified":"2026-02-28T18:24:10","modified_gmt":"2026-02-28T16:24:10","slug":"testi-oma-teadmisi-riiklikud-toitumissoovitused-ja-toidupuramiid","status":"publish","type":"page","link":"https:\/\/sisu.ut.ee\/aedviljad\/testi-oma-teadmisi-riiklikud-toitumissoovitused-ja-toidupuramiid\/","title":{"rendered":"Testi oma teadmisi &#8211; riiklikud toitumissoovitused ja toidup\u00fcramiid"},"content":{"rendered":"<p><\/p>\n\n\n\n<p><strong>Kontrolli oma teadmisi kolme eelmise peat\u00fcki kohta.<\/strong><\/p>\n\n\n\n<p>Vastuse kontrollimiseks vajuta nuppu \u201cKontrolli\u201d. Vale vastuse korral proovi uuesti. Kasuta siniseid nooli k\u00fcsimuste vahel liikumiseks. <\/p>\n\n\n\n<p>Kui oled leidnud \u00f5iged vastused k\u00f5igile seitsmele k\u00fcsimusele, v\u00f5id liikuda edasi j\u00e4rgmise peat\u00fcki juurde.<\/p>\n\n\n<div class=\"h5p-iframe-wrapper\"><div class=\"video-placeholder-wrapper video-placeholder-wrapper--fixed\" style=\"height: 366px;\">\n\t\t\t    <div class=\"video-placeholder d-flex justify-content-center align-items-center\">\n\t\t\t        <div class=\"overlay text-white p-2 w-100 text-center d-block justify-content-center align-items-center\">\n\t\t\t            <div>Kolmandate osapoolte sisu n\u00e4gemiseks palun n\u00f5ustu k\u00fcpsistega.<\/div>\n\t\t\t            <button class=\"btn btn-secondary btn-sm mt-1 consent-change\">Muuda n\u00f5usolekut<\/button>\n\t\t\t        <\/div>\n\t\t\t    <\/div>\n\t\t\t<\/div>\n<\/div>\n\n\n\n<p><\/p>\n","protected":false},"excerpt":{"rendered":"<p>Kontrolli oma teadmisi kolme eelmise peat\u00fcki kohta. Vastuse kontrollimiseks vajuta nuppu \u201cKontrolli\u201d. Vale vastuse korral proovi uuesti. Kasuta siniseid nooli k\u00fcsimuste vahel liikumiseks. Kui oled leidnud \u00f5iged vastused k\u00f5igile seitsmele k\u00fcsimusele, v\u00f5id liikuda edasi j\u00e4rgmise peat\u00fcki juurde.<\/p>\n","protected":false},"author":924,"featured_media":0,"parent":0,"menu_order":0,"comment_status":"closed","ping_status":"closed","template":"","meta":{"_acf_changed":false,"inline_featured_image":false,"footnotes":""},"class_list":["post-111","page","type-page","status-publish","hentry"],"acf":[],"_links":{"self":[{"href":"https:\/\/sisu.ut.ee\/aedviljad\/wp-json\/wp\/v2\/pages\/111","targetHints":{"allow":["GET"]}}],"collection":[{"href":"https:\/\/sisu.ut.ee\/aedviljad\/wp-json\/wp\/v2\/pages"}],"about":[{"href":"https:\/\/sisu.ut.ee\/aedviljad\/wp-json\/wp\/v2\/types\/page"}],"author":[{"embeddable":true,"href":"https:\/\/sisu.ut.ee\/aedviljad\/wp-json\/wp\/v2\/users\/924"}],"replies":[{"embeddable":true,"href":"https:\/\/sisu.ut.ee\/aedviljad\/wp-json\/wp\/v2\/comments?post=111"}],"version-history":[{"count":2,"href":"https:\/\/sisu.ut.ee\/aedviljad\/wp-json\/wp\/v2\/pages\/111\/revisions"}],"predecessor-version":[{"id":114,"href":"https:\/\/sisu.ut.ee\/aedviljad\/wp-json\/wp\/v2\/pages\/111\/revisions\/114"}],"wp:attachment":[{"href":"https:\/\/sisu.ut.ee\/aedviljad\/wp-json\/wp\/v2\/media?parent=111"}],"curies":[{"name":"wp","href":"https:\/\/api.w.org\/{rel}","templated":true}]}}