{"id":30,"date":"2024-04-04T05:10:58","date_gmt":"2024-04-04T02:10:58","guid":{"rendered":"https:\/\/sisu.ut.ee\/adrienne\/eesti-televisoon\/"},"modified":"2024-04-04T05:13:01","modified_gmt":"2024-04-04T02:13:01","slug":"eesti-televisoon","status":"publish","type":"page","link":"https:\/\/sisu.ut.ee\/adrienne\/eesti-televisoon\/","title":{"rendered":"Eesti Televisoon"},"content":{"rendered":"<p>\n\t<span style=\"text-decoration:none\" lang=\"EN-GB\"><span>29.01.2020 <strong>Terevisioon<\/strong><\/span><\/span>\n<\/p>\n<p>\n\tM\u00f6\u00f6dunud aasta suvel leiti Adrienne v\u00e4lit\u00f6\u00f6de k\u00e4igus Soome lahest Mehhiko p\u00e4ritolu karp. Tartu \u00dclikooli eesti mereinstituudi merebioloog Jonne Kotta\u00a0 n\u00e4itab meile j\u00f5udnud karpe.\n<\/p>\n<p>\n\t<a href=\"https:\/\/etv.err.ee\/1029384\/mehhiko-merekarbid-soome-lahes\">https:\/\/etv.err.ee\/1029384\/mehhiko-merekarbid-soome-lahes<\/a>\n<\/p>\n<p>\n\t\u00a0\n<\/p>\n<p>\n\t04.06.2019 <strong>ETV+ hommikuprogramm<\/strong>\n<\/p>\n<p>\n\tKeskkonnaministeeriumi teadusn\u00f5unik\u00a0Katarina Viik tutvustas Adrienne projekti ETV+\n<\/p>\n<p>\n\t<a href=\"https:\/\/etvpluss.err.ee\/945130\/kofe\">https:\/\/etvpluss.err.ee\/945130\/kofe<\/a> (between 1:00 \u2013 1:08)<\/p>\n","protected":false},"excerpt":{"rendered":"<p>29.01.2020 Terevisioon M\u00f6\u00f6dunud aasta suvel leiti Adrienne v\u00e4lit\u00f6\u00f6de k\u00e4igus Soome lahest Mehhiko p\u00e4ritolu karp. Tartu \u00dclikooli eesti mereinstituudi merebioloog Jonne Kotta\u00a0 n\u00e4itab meile j\u00f5udnud karpe. https:\/\/etv.err.ee\/1029384\/mehhiko-merekarbid-soome-lahes \u00a0 04.06.2019 ETV+ hommikuprogramm Keskkonnaministeeriumi teadusn\u00f5unik\u00a0Katarina Viik tutvustas Adrienne projekti ETV+ https:\/\/etvpluss.err.ee\/945130\/kofe (between 1:00 &#8230;<\/p>\n","protected":false},"author":174,"featured_media":0,"parent":0,"menu_order":0,"comment_status":"closed","ping_status":"closed","template":"","meta":{"_acf_changed":false,"inline_featured_image":false,"footnotes":""},"class_list":["post-30","page","type-page","status-publish","hentry"],"acf":[],"_links":{"self":[{"href":"https:\/\/sisu.ut.ee\/adrienne\/wp-json\/wp\/v2\/pages\/30","targetHints":{"allow":["GET"]}}],"collection":[{"href":"https:\/\/sisu.ut.ee\/adrienne\/wp-json\/wp\/v2\/pages"}],"about":[{"href":"https:\/\/sisu.ut.ee\/adrienne\/wp-json\/wp\/v2\/types\/page"}],"author":[{"embeddable":true,"href":"https:\/\/sisu.ut.ee\/adrienne\/wp-json\/wp\/v2\/users\/174"}],"replies":[{"embeddable":true,"href":"https:\/\/sisu.ut.ee\/adrienne\/wp-json\/wp\/v2\/comments?post=30"}],"version-history":[{"count":1,"href":"https:\/\/sisu.ut.ee\/adrienne\/wp-json\/wp\/v2\/pages\/30\/revisions"}],"predecessor-version":[{"id":192,"href":"https:\/\/sisu.ut.ee\/adrienne\/wp-json\/wp\/v2\/pages\/30\/revisions\/192"}],"wp:attachment":[{"href":"https:\/\/sisu.ut.ee\/adrienne\/wp-json\/wp\/v2\/media?parent=30"}],"curies":[{"name":"wp","href":"https:\/\/api.w.org\/{rel}","templated":true}]}}