{"id":29,"date":"2024-04-04T05:10:58","date_gmt":"2024-04-04T02:10:58","guid":{"rendered":"https:\/\/sisu.ut.ee\/adrienne\/soome-lahe-seisund-hakkab-paranema\/"},"modified":"2024-04-04T05:13:01","modified_gmt":"2024-04-04T02:13:01","slug":"soome-lahe-seisund-hakkab-paranema","status":"publish","type":"page","link":"https:\/\/sisu.ut.ee\/adrienne\/soome-lahe-seisund-hakkab-paranema\/","title":{"rendered":"Soome lahe seisund hakkab paranema"},"content":{"rendered":"<p style=\"margin-bottom:.0001pt;text-align:justify\">\n\t<strong>30.05.2020 <a data-url=\"https:\/\/www.envir.ee\/et\/uudised\/nuud-peaks-kull-soome-lahe-seisund-hakkama-paranema\" href=\"https:\/\/www.envir.ee\/et\/uudised\/nuud-peaks-kull-soome-lahe-seisund-hakkama-paranema\" target=\"_blank\" title=\"\" rel=\"noopener\">N\u00fc\u00fcd peaks k\u00fcll Soome lahe seisund hakkama paranema<\/a><\/strong>\n<\/p>\n<p style=\"margin-bottom:.0001pt;text-align:justify\">\n\t\u00a0\n<\/p>\n<p style=\"margin-bottom:.0001pt;text-align:justify\">\n\t<span style=\"line-height:normal\"><span><span style=\",serif\">Soome lahe seisundi parandamise nimel on Eesti, Soome ja Venemaa juba aastaid koost\u00f6\u00f6d teinud. V\u00e4hehaaval ongi olukord n\u00e4idanud paranemism\u00e4rke, kuid inimtegevuse m\u00f5ju Soome lahele on j\u00e4tkuvalt intensiivne ja keskkonnaseisund halb.<\/span><\/span><\/span>\n<\/p>\n<p style=\"margin-bottom:.0001pt;text-align:justify\">\n\t\u00a0\n<\/p>\n<p style=\"margin-bottom:.0001pt;text-align:justify\">\n\t<span style=\"line-height:normal\"><span><span style=\",serif\">Keskkonnaministeeriumi merekeskkonna osakonna n\u00f5uniku Eda Andresmaa s\u00f5nul on seisundi parandamist takistanud eelk\u00f5ige teadmiste nappus, riikides kasutatavate uurimis- ja hindamismetoodikate erinevus ning andmete killustatus.<\/span><\/span><\/span>\n<\/p>\n<p style=\"margin-bottom:.0001pt;text-align:justify\">\n\t\u00a0\n<\/p>\n<p style=\"margin-bottom:.0001pt;text-align:justify\">\n\t<span style=\"line-height:normal\"><span><span style=\",serif\">\u201eSel kevadel k\u00e4ivitasime koos Venemaa ja Soome ekspertidega \u00fchisprojekti ADRIENNE, mis peaks selle probleemi lahendama. Paika pannakse \u00fchtne metoodika, mille alusel koondatakse olemasolevad andmed ning kaardistatakse ja modelleeritakse Soome lahe mereelupaigad ning liikide levik. Nii saadakse \u00fchilduvad ja \u00fchtlustatud andmekihid kogu Soome lahe kohta. Projekti l\u00f5ppeesm\u00e4rk on luua otsustusmudel, mis v\u00f5imaldab hinnata erinevate inimtegevuste m\u00f5ju Soome lahe tundlikule mere\u00f6kos\u00fcsteemile ning millist rolli m\u00e4ngib muutuv kliima\u201c, \u00fctles projektijuht Jonne Kotta T\u00dc Eesti mereinstituudist. \u201eSee mudel aitab meil planeerida v\u00f5imalikke leevendusmeetmeid ja testida inimtegevuste m\u00f5jusid Soome lahe keskkonnaseisundile,\u201c t\u00e4iendas Andresmaa.<\/span><\/span><\/span>\n<\/p>\n<p style=\"margin-bottom:.0001pt;text-align:justify\">\n\t\u00a0\n<\/p>\n<p style=\"margin-bottom:.0001pt;text-align:justify\">\n\t<span style=\"line-height:normal\"><span><span style=\",serif\">Loodav GIS-p\u00f5hine interaktiivne veebirakendus v\u00f5imaldab anal\u00fc\u00fcsida inimtegevusest ning kliimamuutustest tulenevaid piiri\u00fcleseid keskkonnariske Soome lahes. Virtuaalselt suurendades v\u00f5i v\u00e4hendades eri koormusi \u2013 kalandus, toitainete sissekanne merre, merep\u00f5hja kasutus, v\u00f5\u00f5rliikide levik \u2013 ning kasutades erinevaid kliimamuutusstsenaariume, saab selle innovaatilise t\u00f6\u00f6riista abil hinnata v\u00f5imalikke m\u00f5jusid mereelustikule.<\/span><\/span><\/span>\n<\/p>\n<p style=\"margin-bottom:.0001pt;text-align:justify\">\n\t\u00a0\n<\/p>\n<p style=\"margin-bottom:.0001pt;text-align:justify\">\n\t<span style=\"line-height:normal\"><span><span style=\",serif\">Projekt ADRIENNE kestab kolm aastat kuni 2022. a m\u00e4rtsini, selle kogumaksumus on 551 006 eurot, millest 90% (495 905 eurot) rahastatakse EL Eesti-Vene piiri\u00fclese koost\u00f6\u00f6 programmist ning 10% projektipartnerite poolt.<\/span><\/span><\/span>\n<\/p>\n<p style=\"margin-bottom:.0001pt;text-align:justify\">\n\t\u00a0\n<\/p>\n<p style=\"margin-bottom:.0001pt;text-align:justify\">\n\t<span style=\"line-height:normal\"><span><span style=\",serif\">Projekti juhtpartner on Tartu \u00dclikooli Eesti mereinstituut, teised partnerid on Keskkonnaministeerium ja Venemaa Teaduste Akadeemia Peterburi Teaduskeskus. Kaasatud partneritena osalevad Soome Keskkonnakeskus (SYKE), Kotka Merendusuuringute Keskus, Peterburi Loodusvarade, keskkonnakaitse ja \u00f6koloogia komitee ning Venemaa Geograafia\u00fchingu Peterburi oblasti osakond.<\/span><\/span><\/span>\n<\/p>\n<p style=\"margin-bottom:.0001pt;text-align:justify\">\n\t\u00a0\n<\/p>\n<p style=\"margin-bottom:.0001pt;text-align:justify\">\n\t<span style=\"line-height:normal\"><em><span><span style=\"background:white\"><span><span style=\"color:#565656\">Uudis on p\u00e4rit Keskkonnaministeeriumi lehelt https:\/\/www.envir.ee\/et\/uudised\/nuud-peaks-kull-soome-lahe-seisund-hakkama-paranema<\/span><\/span><\/span><\/span><\/em><\/span><\/p>\n","protected":false},"excerpt":{"rendered":"<p>30.05.2020 N\u00fc\u00fcd peaks k\u00fcll Soome lahe seisund hakkama paranema \u00a0 Soome lahe seisundi parandamise nimel on Eesti, Soome ja Venemaa juba aastaid koost\u00f6\u00f6d teinud. V\u00e4hehaaval ongi olukord n\u00e4idanud paranemism\u00e4rke, kuid inimtegevuse m\u00f5ju Soome lahele on j\u00e4tkuvalt intensiivne ja keskkonnaseisund halb. &#8230;<\/p>\n","protected":false},"author":174,"featured_media":0,"parent":0,"menu_order":0,"comment_status":"closed","ping_status":"closed","template":"","meta":{"_acf_changed":false,"inline_featured_image":false,"footnotes":""},"class_list":["post-29","page","type-page","status-publish","hentry"],"acf":[],"_links":{"self":[{"href":"https:\/\/sisu.ut.ee\/adrienne\/wp-json\/wp\/v2\/pages\/29","targetHints":{"allow":["GET"]}}],"collection":[{"href":"https:\/\/sisu.ut.ee\/adrienne\/wp-json\/wp\/v2\/pages"}],"about":[{"href":"https:\/\/sisu.ut.ee\/adrienne\/wp-json\/wp\/v2\/types\/page"}],"author":[{"embeddable":true,"href":"https:\/\/sisu.ut.ee\/adrienne\/wp-json\/wp\/v2\/users\/174"}],"replies":[{"embeddable":true,"href":"https:\/\/sisu.ut.ee\/adrienne\/wp-json\/wp\/v2\/comments?post=29"}],"version-history":[{"count":1,"href":"https:\/\/sisu.ut.ee\/adrienne\/wp-json\/wp\/v2\/pages\/29\/revisions"}],"predecessor-version":[{"id":191,"href":"https:\/\/sisu.ut.ee\/adrienne\/wp-json\/wp\/v2\/pages\/29\/revisions\/191"}],"wp:attachment":[{"href":"https:\/\/sisu.ut.ee\/adrienne\/wp-json\/wp\/v2\/media?parent=29"}],"curies":[{"name":"wp","href":"https:\/\/api.w.org\/{rel}","templated":true}]}}