{"id":28,"date":"2024-04-04T05:10:58","date_gmt":"2024-04-04T02:10:58","guid":{"rendered":"https:\/\/sisu.ut.ee\/adrienne\/soome-lahest-leiti-mehhiko-paritolu-merikarp\/"},"modified":"2024-04-29T10:35:29","modified_gmt":"2024-04-29T07:35:29","slug":"soome-lahest-leiti-mehhiko-paritolu-merikarp","status":"publish","type":"page","link":"https:\/\/sisu.ut.ee\/adrienne\/soome-lahest-leiti-mehhiko-paritolu-merikarp\/","title":{"rendered":"Soome lahest leiti Mehhiko p\u00e4ritolu merikarp"},"content":{"rendered":"<p><span style=\"line-height: normal;\"><b>24.01.2020 <a href=\"https:\/\/maaelu.postimees.ee\/6880464\/soome-lahest-leiti-mehhiko-paritolu-merikarp\" target=\"_blank\" rel=\"noopener\">Soome lahest leiti Mehhiko p\u00e4ritolu merikarp<\/a><\/b><\/span><\/p>\n<p><img loading=\"lazy\" decoding=\"async\" width=\"1370\" height=\"820\" class=\"alignnone wp-image-104\" style=\"width: 200px; height: 120px;\" title=\"Rangia cuneata\" src=\"https:\/\/sisu.ut.ee\/wp-content\/uploads\/sites\/363\/rangia.jpg\" alt=\"Rangia cuneata\" srcset=\"https:\/\/sisu.ut.ee\/wp-content\/uploads\/sites\/363\/rangia.jpg 1370w, https:\/\/sisu.ut.ee\/wp-content\/uploads\/sites\/363\/rangia-300x180.jpg 300w, https:\/\/sisu.ut.ee\/wp-content\/uploads\/sites\/363\/rangia-1024x613.jpg 1024w, https:\/\/sisu.ut.ee\/wp-content\/uploads\/sites\/363\/rangia-768x460.jpg 768w\" sizes=\"auto, (max-width: 1370px) 100vw, 1370px\"><\/p>\n<p>Merekarp Rangia cuneata levis Euroopasse 2005. aastal Antwerpeni sadama kaudu ning L\u00e4\u00e4nemerre levis liik viis aastat hiljem. 2014. aastal n\u00e4hti teda juba P\u00e4rnu lahes.<br>\nFoto: Wikimedia Commons\/Smithsonian Environmental Research Center<\/p>\n<p>Mullu k\u00e4vitunud \u00fchisprojekti k\u00e4igus leiti Soome lahe idaosast merekarp Rangia cuneata, mis j\u00f5udis siia ilmselt saabunud laevade ballastveega. Kuigi karbid on tuntud kui head vee filtreerijad, on teadmata, kuidas nad Soome lahes k\u00e4ituvad ning kas hakkavad v\u00f5\u00f5rliikidele omaselt h\u00f5ivama kohalike liikide elupaiku.<\/p>\n<p>Loe l\u00e4hemalt: <a href=\"https:\/\/maaelu.postimees.ee\/6880464\/soome-lahest-leiti-mehhiko-paritolu-merikarp\" target=\"_blank\" rel=\"noopener\">https:\/\/maaelu.postimees.ee\/6880464\/soome-lahest-leiti-mehhiko-paritolu-merikarp<\/a><\/p>\n<p style=\"text-align: justify;\">\n<\/p>","protected":false},"excerpt":{"rendered":"<p>24.01.2020 Soome lahest leiti Mehhiko p\u00e4ritolu merikarp Merekarp Rangia cuneata levis Euroopasse 2005. aastal Antwerpeni sadama kaudu ning L\u00e4\u00e4nemerre levis liik viis aastat hiljem. 2014. aastal n\u00e4hti teda juba P\u00e4rnu lahes. Foto: Wikimedia Commons\/Smithsonian Environmental Research Center Mullu k\u00e4vitunud \u00fchisprojekti &#8230;<\/p>\n","protected":false},"author":174,"featured_media":0,"parent":0,"menu_order":0,"comment_status":"closed","ping_status":"closed","template":"","meta":{"_acf_changed":false,"inline_featured_image":false,"footnotes":""},"class_list":["post-28","page","type-page","status-publish","hentry"],"acf":[],"_links":{"self":[{"href":"https:\/\/sisu.ut.ee\/adrienne\/wp-json\/wp\/v2\/pages\/28","targetHints":{"allow":["GET"]}}],"collection":[{"href":"https:\/\/sisu.ut.ee\/adrienne\/wp-json\/wp\/v2\/pages"}],"about":[{"href":"https:\/\/sisu.ut.ee\/adrienne\/wp-json\/wp\/v2\/types\/page"}],"author":[{"embeddable":true,"href":"https:\/\/sisu.ut.ee\/adrienne\/wp-json\/wp\/v2\/users\/174"}],"replies":[{"embeddable":true,"href":"https:\/\/sisu.ut.ee\/adrienne\/wp-json\/wp\/v2\/comments?post=28"}],"version-history":[{"count":2,"href":"https:\/\/sisu.ut.ee\/adrienne\/wp-json\/wp\/v2\/pages\/28\/revisions"}],"predecessor-version":[{"id":241,"href":"https:\/\/sisu.ut.ee\/adrienne\/wp-json\/wp\/v2\/pages\/28\/revisions\/241"}],"wp:attachment":[{"href":"https:\/\/sisu.ut.ee\/adrienne\/wp-json\/wp\/v2\/media?parent=28"}],"curies":[{"name":"wp","href":"https:\/\/api.w.org\/{rel}","templated":true}]}}