{"id":24,"date":"2024-04-04T05:10:58","date_gmt":"2024-04-04T02:10:58","guid":{"rendered":"https:\/\/sisu.ut.ee\/adrienne\/gis-portaal\/"},"modified":"2024-04-29T10:28:23","modified_gmt":"2024-04-29T07:28:23","slug":"gis-portaal","status":"publish","type":"page","link":"https:\/\/sisu.ut.ee\/adrienne\/gis-portaal\/","title":{"rendered":"Geograafilise infos\u00fcsteemi portaal"},"content":{"rendered":"<h6>ADRIANNE \u00fcks olulisemaid eesm\u00e4rke on luua avalikult ligip\u00e4\u00e4setav veebip\u00f5hine geograafilise infos\u00fcsteemi (GIS) portaal mereplaneeriatele, mereressursside haldajatele ja teistele huvir\u00fchmadele.<\/h6>\n<p style=\"text-align: justify;\">GIS portaal v\u00f5imaldab kvantifitseerida ja hinnata olulisemiad loodusv\u00e4\u00e4rtusi\u00a0ning modelleerida nende ruumilist levikut. V\u00f5imalik on hinnata, kuidas erinevad toitainete ja kliima stsenaariumid eraldi ja koosm\u00f5jus m\u00f5jutavad loodusv\u00e4\u00e4rtuste levikumustreid.<\/p>\n<p style=\"text-align: justify;\">GIS portaali \u00fcldine kontseptsioon pannakse paika\u00a0l\u00e4htudes huvigruppide vajadustest\u00a0l\u00e4bi aktiivse konsultatsiooni ja arutelude. Eesti rahandusministeerium, Peterburi linnavalitsuse keskkonnakomitee\u00a0ja Leningradi piirkonna keskkonnakaitse komitee\u00a0n\u00e4itavad \u00fcles suurt huvi kaasata GIS portaali mereplaneeringutega seotud protsessidesse, et hinnata piiri\u00fclest inimsurvet Soome lahe \u00f6k\u00f6s\u00fcsteemidele.<\/p>\n<p style=\"text-align: justify;\">GIS platvorm pakub otsustustuge piiri\u00fcleste mereplaneerimise ja\u00a0meremajandusega seotud k\u00fcsimuste lahendamisel\u00a0l\u00e4bi v\u00f5imaluse simuleerida merega seonduvate haldamisotsuste m\u00f5ju mere loodusv\u00e4\u00e4rtustele erinevate tulevikustsenaariumite kontekstis.<\/p>\n<p style=\"text-align: justify;\"><a title=\"\" href=\"https:\/\/gis.sea.ee\/bluebiosites\" target=\"_blank\" rel=\"noopener\" data-url=\"https:\/\/gis.sea.ee\/bluebiosites\">PlanWise4Blue<\/a> veebirakendus\u00a0\u00fchendab merekeskkonna ressursside kasutamisest saadava majandusliku kasu ja inimtegevuse kumulatiivse m\u00f5jude arvestamise mudelid. Mudel v\u00f5imaldab Eesti merealal hinnata erinevate stsenaariumite majanduslikku kasu ja nende keskkonnam\u00f5ju. Anal\u00fc\u00fcside tulemuste p\u00f5hjal saab v\u00e4lja t\u00f6\u00f6tada lahendusi, mis tagavad v\u00f5imalikult suure majandusliku kasu keskkonnakahju minimeerides. Majandusliku kasu mudeli eesm\u00e4rk on suurendada Eesti mereala kasutuse teadlikku juhtimist, arvestades seejuures merealast saadavat v\u00f5imalikku majanduslikku kasu.\u00a0<span style=\"color: #333333;\"><span style=\"font-style: normal;\"><span style=\"font-weight: 400;\"><span style=\"letter-spacing: normal;\"><span style=\"text-transform: none;\"><span style=\"background-color: #ffffff;\">\u00a0<\/span><\/span><\/span><\/span><\/span><\/span><\/p>\n<p style=\"text-align: center;\"><img loading=\"lazy\" decoding=\"async\" width=\"2410\" height=\"1705\" class=\"alignnone wp-image-103\" style=\"width: 300px; height: 212px;\" title=\"GIS portaali v\u00f5imalikud vaated\" src=\"https:\/\/sisu.ut.ee\/wp-content\/uploads\/sites\/363\/gis_portal.jpg\" alt=\"GIS portaali v\u00f5imalikud vaated\" srcset=\"https:\/\/sisu.ut.ee\/wp-content\/uploads\/sites\/363\/gis_portal.jpg 2410w, https:\/\/sisu.ut.ee\/wp-content\/uploads\/sites\/363\/gis_portal-300x212.jpg 300w, https:\/\/sisu.ut.ee\/wp-content\/uploads\/sites\/363\/gis_portal-1024x724.jpg 1024w, https:\/\/sisu.ut.ee\/wp-content\/uploads\/sites\/363\/gis_portal-768x543.jpg 768w, https:\/\/sisu.ut.ee\/wp-content\/uploads\/sites\/363\/gis_portal-1536x1087.jpg 1536w, https:\/\/sisu.ut.ee\/wp-content\/uploads\/sites\/363\/gis_portal-2048x1449.jpg 2048w, https:\/\/sisu.ut.ee\/wp-content\/uploads\/sites\/363\/gis_portal-1920x1358.jpg 1920w\" sizes=\"auto, (max-width: 2410px) 100vw, 2410px\"><\/p>\n","protected":false},"excerpt":{"rendered":"<p>ADRIANNE \u00fcks olulisemaid eesm\u00e4rke on luua avalikult ligip\u00e4\u00e4setav veebip\u00f5hine geograafilise infos\u00fcsteemi (GIS) portaal mereplaneeriatele, mereressursside haldajatele ja teistele huvir\u00fchmadele. GIS portaal v\u00f5imaldab kvantifitseerida ja hinnata olulisemiad loodusv\u00e4\u00e4rtusi\u00a0ning modelleerida nende ruumilist levikut. V\u00f5imalik on hinnata, kuidas erinevad toitainete ja kliima stsenaariumid &#8230;<\/p>\n","protected":false},"author":174,"featured_media":0,"parent":0,"menu_order":0,"comment_status":"closed","ping_status":"closed","template":"","meta":{"_acf_changed":false,"inline_featured_image":false,"footnotes":""},"class_list":["post-24","page","type-page","status-publish","hentry"],"acf":[],"_links":{"self":[{"href":"https:\/\/sisu.ut.ee\/adrienne\/wp-json\/wp\/v2\/pages\/24","targetHints":{"allow":["GET"]}}],"collection":[{"href":"https:\/\/sisu.ut.ee\/adrienne\/wp-json\/wp\/v2\/pages"}],"about":[{"href":"https:\/\/sisu.ut.ee\/adrienne\/wp-json\/wp\/v2\/types\/page"}],"author":[{"embeddable":true,"href":"https:\/\/sisu.ut.ee\/adrienne\/wp-json\/wp\/v2\/users\/174"}],"replies":[{"embeddable":true,"href":"https:\/\/sisu.ut.ee\/adrienne\/wp-json\/wp\/v2\/comments?post=24"}],"version-history":[{"count":2,"href":"https:\/\/sisu.ut.ee\/adrienne\/wp-json\/wp\/v2\/pages\/24\/revisions"}],"predecessor-version":[{"id":233,"href":"https:\/\/sisu.ut.ee\/adrienne\/wp-json\/wp\/v2\/pages\/24\/revisions\/233"}],"wp:attachment":[{"href":"https:\/\/sisu.ut.ee\/adrienne\/wp-json\/wp\/v2\/media?parent=24"}],"curies":[{"name":"wp","href":"https:\/\/api.w.org\/{rel}","templated":true}]}}