{"id":21,"date":"2024-04-04T05:10:58","date_gmt":"2024-04-04T02:10:58","guid":{"rendered":"https:\/\/sisu.ut.ee\/adrienne\/pusa-tv\/"},"modified":"2024-04-29T10:35:58","modified_gmt":"2024-04-29T07:35:58","slug":"pusa-tv","status":"publish","type":"page","link":"https:\/\/sisu.ut.ee\/adrienne\/pusa-tv\/","title":{"rendered":"PUSA TV"},"content":{"rendered":"<p><img loading=\"lazy\" decoding=\"async\" width=\"1280\" height=\"720\" class=\"alignnone wp-image-82\" title=\"H\u00fcljes Pusa t\u00f6\u00f6vihik. Viigerh\u00fcljes Pusa tutvustab k\u00f5igile soovijatele L\u00e4\u00e4nemere eluolu.\" src=\"https:\/\/sisu.ut.ee\/wp-content\/uploads\/sites\/363\/tutvu_laanemerega_huljes_pusa_toovihik.jpg\" alt=\"H\u00fcljes Pusa t\u00f6\u00f6vihik. Viigerh\u00fcljes Pusa tutvustab k\u00f5igile soovijatele L\u00e4\u00e4nemere eluolu.\" srcset=\"https:\/\/sisu.ut.ee\/wp-content\/uploads\/sites\/363\/tutvu_laanemerega_huljes_pusa_toovihik.jpg 1280w, https:\/\/sisu.ut.ee\/wp-content\/uploads\/sites\/363\/tutvu_laanemerega_huljes_pusa_toovihik-300x169.jpg 300w, https:\/\/sisu.ut.ee\/wp-content\/uploads\/sites\/363\/tutvu_laanemerega_huljes_pusa_toovihik-1024x576.jpg 1024w, https:\/\/sisu.ut.ee\/wp-content\/uploads\/sites\/363\/tutvu_laanemerega_huljes_pusa_toovihik-768x432.jpg 768w\" sizes=\"auto, (max-width: 1280px) 100vw, 1280px\"><\/p>\n<p><a href=\"https:\/\/sisu.ut.ee\/wp-content\/uploads\/sites\/363\/tutvu_laanemerega_huljes_pusa_toovihik.pdf\">H\u00fcljes Pusa t\u00f6\u00f6vihik. Viigerh\u00fcljes Pusa tutvustab k\u00f5igile soovijatele L\u00e4\u00e4nemere eluolu.<\/a><br>\n<a href=\"https:\/\/sisu.ut.ee\/wp-content\/uploads\/sites\/363\/baltic_sea_pusa_the_seal_workbook_stickers_01.pdf\">Kleepsud.<\/a><\/p>\n<p style=\"text-align: center;\"><img loading=\"lazy\" decoding=\"async\" width=\"391\" height=\"564\" class=\"alignnone wp-image-96\" style=\"width: 300px; height: 433px;\" title=\"H\u00fcljes Pusa kalavihik\" src=\"https:\/\/sisu.ut.ee\/wp-content\/uploads\/sites\/363\/huljes_pusa_kalavihik.jpg\" alt=\"H\u00fcljes Pusa kalavihik\" srcset=\"https:\/\/sisu.ut.ee\/wp-content\/uploads\/sites\/363\/huljes_pusa_kalavihik.jpg 391w, https:\/\/sisu.ut.ee\/wp-content\/uploads\/sites\/363\/huljes_pusa_kalavihik-208x300.jpg 208w\" sizes=\"auto, (max-width: 391px) 100vw, 391px\">\u00a0 \u00a0<img loading=\"lazy\" decoding=\"async\" width=\"2560\" height=\"1775\" class=\"alignnone wp-image-97\" style=\"width: 400px; height: 277px;\" title=\"huljes_pusa_kalavihik_kleepsud.jpg\" src=\"https:\/\/sisu.ut.ee\/wp-content\/uploads\/sites\/363\/huljes_pusa_kalavihik_kleepsud-scaled.jpg\" alt=\"Kalavihiku kleepsud.\" srcset=\"https:\/\/sisu.ut.ee\/wp-content\/uploads\/sites\/363\/huljes_pusa_kalavihik_kleepsud-scaled.jpg 2560w, https:\/\/sisu.ut.ee\/wp-content\/uploads\/sites\/363\/huljes_pusa_kalavihik_kleepsud-300x208.jpg 300w, https:\/\/sisu.ut.ee\/wp-content\/uploads\/sites\/363\/huljes_pusa_kalavihik_kleepsud-1024x710.jpg 1024w, https:\/\/sisu.ut.ee\/wp-content\/uploads\/sites\/363\/huljes_pusa_kalavihik_kleepsud-768x532.jpg 768w, https:\/\/sisu.ut.ee\/wp-content\/uploads\/sites\/363\/huljes_pusa_kalavihik_kleepsud-1536x1065.jpg 1536w, https:\/\/sisu.ut.ee\/wp-content\/uploads\/sites\/363\/huljes_pusa_kalavihik_kleepsud-2048x1420.jpg 2048w, https:\/\/sisu.ut.ee\/wp-content\/uploads\/sites\/363\/huljes_pusa_kalavihik_kleepsud-1920x1331.jpg 1920w\" sizes=\"auto, (max-width: 2560px) 100vw, 2560px\"><\/p>\n<p><a href=\"https:\/\/sisu.ut.ee\/wp-content\/uploads\/sites\/363\/pusa_kalavihik_veeb.pdf\" data-fid=\"80376\">H\u00fcljes Pusal on saanud valmis kalavihik. Tutvu L\u00e4\u00e4nemere kalade ja nende eluga.<\/a><br>\n<a href=\"https:\/\/sisu.ut.ee\/wp-content\/uploads\/sites\/363\/pusa_kalavihik_klepsud.pdf\" data-fid=\"80383\">Kalavihiku kleepsud.<\/a><\/p>\n","protected":false},"excerpt":{"rendered":"<p>H\u00fcljes Pusa t\u00f6\u00f6vihik. Viigerh\u00fcljes Pusa tutvustab k\u00f5igile soovijatele L\u00e4\u00e4nemere eluolu. Kleepsud. \u00a0 \u00a0 H\u00fcljes Pusal on saanud valmis kalavihik. Tutvu L\u00e4\u00e4nemere kalade ja nende eluga. Kalavihiku kleepsud.<\/p>\n","protected":false},"author":174,"featured_media":0,"parent":0,"menu_order":0,"comment_status":"closed","ping_status":"closed","template":"","meta":{"_acf_changed":false,"inline_featured_image":false,"footnotes":""},"class_list":["post-21","page","type-page","status-publish","hentry"],"acf":[],"_links":{"self":[{"href":"https:\/\/sisu.ut.ee\/adrienne\/wp-json\/wp\/v2\/pages\/21","targetHints":{"allow":["GET"]}}],"collection":[{"href":"https:\/\/sisu.ut.ee\/adrienne\/wp-json\/wp\/v2\/pages"}],"about":[{"href":"https:\/\/sisu.ut.ee\/adrienne\/wp-json\/wp\/v2\/types\/page"}],"author":[{"embeddable":true,"href":"https:\/\/sisu.ut.ee\/adrienne\/wp-json\/wp\/v2\/users\/174"}],"replies":[{"embeddable":true,"href":"https:\/\/sisu.ut.ee\/adrienne\/wp-json\/wp\/v2\/comments?post=21"}],"version-history":[{"count":2,"href":"https:\/\/sisu.ut.ee\/adrienne\/wp-json\/wp\/v2\/pages\/21\/revisions"}],"predecessor-version":[{"id":242,"href":"https:\/\/sisu.ut.ee\/adrienne\/wp-json\/wp\/v2\/pages\/21\/revisions\/242"}],"wp:attachment":[{"href":"https:\/\/sisu.ut.ee\/adrienne\/wp-json\/wp\/v2\/media?parent=21"}],"curies":[{"name":"wp","href":"https:\/\/api.w.org\/{rel}","templated":true}]}}