{"id":18,"date":"2024-04-04T05:10:57","date_gmt":"2024-04-04T02:10:57","guid":{"rendered":"https:\/\/sisu.ut.ee\/adrienne\/projektist-0\/"},"modified":"2024-04-29T10:48:18","modified_gmt":"2024-04-29T07:48:18","slug":"projektist-0","status":"publish","type":"page","link":"https:\/\/sisu.ut.ee\/adrienne\/","title":{"rendered":"Projektist"},"content":{"rendered":"<h6>ADRIENNE projekt uurib, kuidas erinevad inimsurved m\u00f5jutavad bioloogilist mitmekesisust, funktsioneerimist ning \u00f6ks\u00fcsteemiteenuste jaotumist Soome lahe piirkonnas.<\/h6>\n<p style=\"text-align: justify;\">Projekti ADRIENNE+ (ER188) kaasrahastab Euroopa Liit Euroopa naabrusinstrumendi raames. Veebileht valmis Euroopa Liidu rahalise abiga. Selle sisu eest vastutab ainuisikuliselt Tartu \u00dclikool ning selles kajastatu ei peegelda mingil juhul Programmi ega Euroopa Liidu seisukohti. REGIO peadirektoraat:\u00a0<a href=\"https:\/\/ec.europa.eu\/regional_policy\/en\/\" target=\"_blank\" rel=\"noopener\">https:\/\/ec.europa.eu\/regional_policy\/<\/a><\/p>\n<p style=\"text-align: justify;\">Erinevate planeeringustsenaariumite v\u00f5rdlemine v\u00f5imaldab leida lahendusi, mis maandavad inimtegevusest tingitud riske ning aitavad liikuda merekeskkonna pikaajalise j\u00e4tkusuutliku arengu suunas.<\/p>\n<p style=\"text-align: justify;\">Vajadus uurida erinevate inimtegevuste\u00a0eraldi- ja koosm\u00f5jusid loodusv\u00e4\u00e4rtustele Soome lahe piirkonnas on tingitud suurenevast\u00a0inimtegevuse survest\u00a0ja puuduj\u00e4\u00e4kidest senistes mereressursside majandamise praktikates, mis ohustavad merekeskkonna ja sellega seotud majandustegevuste j\u00e4tkusuutlikkust. Laevandus, kalandus, energeerika ja\u00a0vesiviljelus on n\u00e4ited meremajanduse\u00a0sektoritest, mille oodatav kasv l\u00e4hitulevikus kujutab endast \u00fcha suurenevat survet mereressurssidele ja -keskkonnale.<\/p>\n<p style=\"text-align: center;\"><img loading=\"lazy\" decoding=\"async\" width=\"2560\" height=\"1920\" class=\"alignnone wp-image-99\" style=\"width: 600px; height: 450px;\" title=\"Foto autor: Kaire Kaljurand, T\u00dc\" src=\"https:\/\/sisu.ut.ee\/wp-content\/uploads\/sites\/363\/vilsandi2010_kairek_4-scaled.jpg\" alt=\"Foto autor: Kaire Kaljurand, T\u00dc\" srcset=\"https:\/\/sisu.ut.ee\/wp-content\/uploads\/sites\/363\/vilsandi2010_kairek_4-scaled.jpg 2560w, https:\/\/sisu.ut.ee\/wp-content\/uploads\/sites\/363\/vilsandi2010_kairek_4-300x225.jpg 300w, https:\/\/sisu.ut.ee\/wp-content\/uploads\/sites\/363\/vilsandi2010_kairek_4-1024x768.jpg 1024w, https:\/\/sisu.ut.ee\/wp-content\/uploads\/sites\/363\/vilsandi2010_kairek_4-768x576.jpg 768w, https:\/\/sisu.ut.ee\/wp-content\/uploads\/sites\/363\/vilsandi2010_kairek_4-1536x1152.jpg 1536w, https:\/\/sisu.ut.ee\/wp-content\/uploads\/sites\/363\/vilsandi2010_kairek_4-2048x1536.jpg 2048w, https:\/\/sisu.ut.ee\/wp-content\/uploads\/sites\/363\/vilsandi2010_kairek_4-1920x1440.jpg 1920w\" sizes=\"auto, (max-width: 2560px) 100vw, 2560px\"><\/p>\n<p style=\"text-align: justify;\">ADRIENNE projekti k\u00e4igus\u00a0\u00fchendame omavahel liikide, elupaikade ja kalandusega seotud \u00f6kos\u00fcsteemi teenuste ruumilise modelleerimise ekspert-teadmistega inimtegevuste koosm\u00f5judest looduskeskkonnale. Kogu informatsioon koondatakse avalikult ligip\u00e4\u00e4setavasse veebip\u00f5hisesse geoinfos\u00fcsteemi portaali. Portaal v\u00f5imaldab hinnata erinevaid stsenaariume, kuidas Soome lahe \u00f6kos\u00fcsteem\u00a0reageerib\u00a0inimsurvete intensiivsusele ning kliimamuutustest tingitud ilmingutele. Geoinfos\u00fcsteemi portaal on t\u00f6\u00f6riist, mis \u00fchendab endas harmoniseeritud suurandmed, masin\u00f5ppe tehnoloogiad ja parima teadusliku erialase teadmise.<\/p>\n<p style=\"text-align: justify;\">ADRIENNE tegevused on suunatud sellele, et v\u00e4hendada praeguseid puuduj\u00e4\u00e4ke mereruumi planeerimises ja mereressursside haldamises. Lisaks uuenduslikele andmetele ja geoinfos\u00fcsteemi portaali loomisele\u00a0kaasatakase Soome lahe loodusv\u00e4\u00e4rtuste kaite ja j\u00e4tkusuutliku kasutamise parendamiseks\u00a0 projekti tegevustesse ka olulised huvir\u00fchmad ning panustatakse avalikkuse teadlikkuse t\u00f5stmisesse. Tagades efektiivse rahvusvahelise koost\u00f6\u00f6 olulistemate huvigruppide vahel l\u00e4bi k\u00f5ikide planeeritud tegevuste soodustame mitmekesist k\u00f6\u00f6stood ja kommunikatsiooni.<\/p>\n<p style=\"text-align: justify;\">Juhtpartnerid:<br>\n<a title=\"\" href=\"https:\/\/mereinstituut.ut.ee\/et\/\" target=\"_blank\" rel=\"noopener\" data-url=\"https:\/\/mereinstituut.ut.ee\/et\/\">Eesti Mereinstituut<\/a> (EMI)\/Tartu \u00dclikool (UTartu), projekti koordinaator Jonne Kotta jonne.kotta@sea.ee<\/p>\n<p><img loading=\"lazy\" decoding=\"async\" width=\"6690\" height=\"9460\" class=\"alignnone wp-image-102 aligncenter\" style=\"width: 700px; height: 990px;\" title=\"adrienne_a3_eng_final_230907.jpg\" src=\"https:\/\/sisu.ut.ee\/wp-content\/uploads\/sites\/363\/adrienne_a3_eng_final_230907.jpg\" alt=\"Adrienne 2023\"><br>\nLaadi Adrienne poster alla<span style=\",helvetica,arial,sans-serif;14px;font-style: normal; font-weight: 400; letter-spacing: normal; text-align: start; text-indent: 0px; text-transform: none; float: none;\">\u00a0<\/span><a href=\"https:\/\/sisu.ut.ee\/wp-content\/uploads\/sites\/363\/adrienne_a3_eng_final_230907.jpg\" data-fid=\"78459\">SIIT<\/a><\/p>\n","protected":false},"excerpt":{"rendered":"<p>ADRIENNE projekt uurib, kuidas erinevad inimsurved m\u00f5jutavad bioloogilist mitmekesisust, funktsioneerimist ning \u00f6ks\u00fcsteemiteenuste jaotumist Soome lahe piirkonnas. Projekti ADRIENNE+ (ER188) kaasrahastab Euroopa Liit Euroopa naabrusinstrumendi raames. Veebileht valmis Euroopa Liidu rahalise abiga. Selle sisu eest vastutab ainuisikuliselt Tartu \u00dclikool ning selles &#8230;<\/p>\n","protected":false},"author":174,"featured_media":0,"parent":0,"menu_order":0,"comment_status":"closed","ping_status":"closed","template":"","meta":{"_acf_changed":false,"inline_featured_image":false,"footnotes":""},"class_list":["post-18","page","type-page","status-publish","hentry"],"acf":[],"_links":{"self":[{"href":"https:\/\/sisu.ut.ee\/adrienne\/wp-json\/wp\/v2\/pages\/18","targetHints":{"allow":["GET"]}}],"collection":[{"href":"https:\/\/sisu.ut.ee\/adrienne\/wp-json\/wp\/v2\/pages"}],"about":[{"href":"https:\/\/sisu.ut.ee\/adrienne\/wp-json\/wp\/v2\/types\/page"}],"author":[{"embeddable":true,"href":"https:\/\/sisu.ut.ee\/adrienne\/wp-json\/wp\/v2\/users\/174"}],"replies":[{"embeddable":true,"href":"https:\/\/sisu.ut.ee\/adrienne\/wp-json\/wp\/v2\/comments?post=18"}],"version-history":[{"count":6,"href":"https:\/\/sisu.ut.ee\/adrienne\/wp-json\/wp\/v2\/pages\/18\/revisions"}],"predecessor-version":[{"id":244,"href":"https:\/\/sisu.ut.ee\/adrienne\/wp-json\/wp\/v2\/pages\/18\/revisions\/244"}],"wp:attachment":[{"href":"https:\/\/sisu.ut.ee\/adrienne\/wp-json\/wp\/v2\/media?parent=18"}],"curies":[{"name":"wp","href":"https:\/\/api.w.org\/{rel}","templated":true}]}}