{"id":17,"date":"2024-04-04T05:10:57","date_gmt":"2024-04-04T02:10:57","guid":{"rendered":"https:\/\/sisu.ut.ee\/adrienne\/tegevused\/"},"modified":"2024-04-29T10:27:40","modified_gmt":"2024-04-29T07:27:40","slug":"tegevused","status":"publish","type":"page","link":"https:\/\/sisu.ut.ee\/adrienne\/tegevused\/","title":{"rendered":"Tegevused"},"content":{"rendered":"<h6>ADRIENNE tegevused loovad ruumilisi teadmisi loodusv\u00e4\u00e4rtustest ja inimtegevuste\u00a0m\u00f5just merekeskkonnale.<\/h6>\n<p style=\"text-align: justify;\">Koost\u00f6\u00f6 olulistemate riiklike ja piirkondlike huvigruppide ja ministeeriumite vahel mitte ainult ei paranda teadmistevahetust, vaid h\u00f5lbustab mereruumi planeerimist ja mereressursside majandamist luues seel\u00e4bi eeldused keskkonnakaitse t\u00f5hustamiseks\u00a0ja j\u00e4tkusuutlikuks arenguks.<\/p>\n<p style=\"text-align: justify;\">Allj\u00e4rgnevalt on toodud \u00fclevaade projekti\u00a0t\u00f6\u00f6pakettidest\u00a0(TP).<\/p>\n<p style=\"text-align: center;\"><img loading=\"lazy\" decoding=\"async\" width=\"2560\" height=\"1811\" class=\"alignnone wp-image-95\" style=\"width: 600px; height: 425px;\" title=\"mereruumi_planeerimine_baltseaplan.jpg\" src=\"https:\/\/sisu.ut.ee\/wp-content\/uploads\/sites\/363\/mereruumi_planeerimine_baltseaplan-scaled.jpg\" alt=\"Mereruumi planeerimine\" srcset=\"https:\/\/sisu.ut.ee\/wp-content\/uploads\/sites\/363\/mereruumi_planeerimine_baltseaplan-scaled.jpg 2560w, https:\/\/sisu.ut.ee\/wp-content\/uploads\/sites\/363\/mereruumi_planeerimine_baltseaplan-300x212.jpg 300w, https:\/\/sisu.ut.ee\/wp-content\/uploads\/sites\/363\/mereruumi_planeerimine_baltseaplan-1024x725.jpg 1024w, https:\/\/sisu.ut.ee\/wp-content\/uploads\/sites\/363\/mereruumi_planeerimine_baltseaplan-768x543.jpg 768w, https:\/\/sisu.ut.ee\/wp-content\/uploads\/sites\/363\/mereruumi_planeerimine_baltseaplan-1536x1087.jpg 1536w, https:\/\/sisu.ut.ee\/wp-content\/uploads\/sites\/363\/mereruumi_planeerimine_baltseaplan-2048x1449.jpg 2048w, https:\/\/sisu.ut.ee\/wp-content\/uploads\/sites\/363\/mereruumi_planeerimine_baltseaplan-1920x1358.jpg 1920w\" sizes=\"auto, (max-width: 2560px) 100vw, 2560px\"><\/p>\n<p style=\"text-align: center;\">TP T1\u00a0\u2013 Loodusv\u00e4\u00e4rtuste kaardistamise, modelleerimise ja hindamise metoodikate harmoniseerimine<br>\nPartnerid: EMI, SPBRC, EME<\/p>\n<p style=\"text-align: justify;\">T\u00f6\u00f6paketi eesm\u00e4rgid:<br>\n<strong>(1) selgitada valja \u00f6ks\u00fcsteemi elemendid, mis v\u00f5imaldavad identifitseerida \u00f6koloogiliselt v\u00e4\u00e4rtuslikke alasid;<br>\n(2) luua harmoniseeritud meetodid \u00f6koloogiliste v\u00e4\u00e4rtuste ja nendega seotud \u00f6kos\u00fcsteemi teenuste kaardistamiseks.<\/strong> Seatud eesm\u00e4rgid saavutatakse l\u00e4bi tervikliku l\u00e4henemise, andmete kogumise ja\u00a0uudsete\u00a0modelleerimismeetodite rakendamise. K\u00f5ik partnerid v\u00f5tavad osa selle TP\u00a0\u00fclessannete lahendamisest, sest koost\u00f6\u00f6 on vajaik oluliste elupaikade, \u00f6ks\u00fcsteemi funktsioonide ja teenuste harmoniseeritud modelleerimiseks ja kaardistamieks. <strong>Harmoniseeritud andmekogud\u00a0loovad sisendi teiste t\u00f6\u00f6pakettide tegevusteks, panustavad riiklikke ja piirkondlike arengukavade t\u00e4itmisse ning parandavad mereressursside majandamist.<\/strong><\/p>\n<p style=\"margin-top: 5px; text-align: center;\"><span class=\"caption none media-element file-default\" style=\"width: 525px; height: 200px;\"><img decoding=\"async\" style=\"width: 300px; height: 225px;\" title=\"Muuga laht\" src=\"https:\/\/sisu.ut.ee\/wp-content\/uploads\/sites\/363\/muuga_laht_2008_miia.jpg\" alt=\"Muuga laht\"><\/span><\/p>\n<p style=\"text-align: center;\">TP T2\u00a0\u2013 Elustiku kaardistamine, inimtegevuse\u00a0ja kliimamuutuste\u00a0koostoimeliste m\u00f5jude kvantifitseerimine loodusv\u00e4\u00e4rtustele<br>\nPartnerid: EMI, SPBRC, EME<\/p>\n<p style=\"text-align: justify;\"><strong>Harmoniseeritud modelleerimine v\u00f5imaldab luua erinevad andmekihid keskonnamuutujatest, surveteguritest ja inimkasutusest<\/strong>. Inimsurvet vaadeldakse piiri\u00fcleselt, v\u00f5ttes arvesse arenguid L\u00e4\u00e4nemere erinevates osades, nende m\u00f5ju ja omavahelist s\u00fcnergiat. <strong>Stsenaariumile tuginev modelleerimine v\u00f5imaldab visualiseerida, kuidas eutrofeerumisest ja kliimamuutustest tingitud kahjulikke ilminguid v\u00e4hendada l\u00e4bi inimsurve kaalutletud ruumipaigutuse<\/strong>. Tegevus toetab j\u00e4tkusuutlikku arengut, innovatsiooni ja meremajanduse kasvu, mis tugineb \u00f6ks\u00fcsteemip\u00f5histele teadmistele ja rahvusvahelisele koost\u00f6\u00f6le. Stsenaariumip\u00f5hine ruumiline l\u00e4henemine bioloogilisele mitmekesisusele\u00a0ja \u00f6ks\u00fcsteemiteenustele\u00a0\u00fchendatuna\u00a0legislatiivsete ja majanduslike meetmetega\u00a0v\u00f5imaldab oluliselt parendada piiri\u00fclest koost\u00f6\u00f6d mereressursside majandamisel Soome lahe piirkonnas.<\/p>\n<p style=\"text-align: center;\"><span class=\"caption none media-element file-default\" style=\"width: 525px; height: 200px;\"><img decoding=\"async\" style=\"width: 300px; height: 225px;\" title=\"Kalabioloogid\" src=\"https:\/\/sisu.ut.ee\/wp-content\/uploads\/sites\/363\/kalabioloogid.jpg\" alt=\"Kalabioloogid\"><\/span><\/p>\n<p style=\"text-align: center;\">TP\u00a0T3 \u2013 Geoinfos\u00fcsteemi portaali\u00a0loomine<br>\nPartnerid: EMI, SPBRC, EME<\/p>\n<p style=\"text-align: justify;\"><strong>T\u00f6\u00f6paketi \u00fclesanne on koostada veebip\u00f5hine geograafilise infos\u00fcsteemi (GIS) portaal, mis on interaktiivseks t\u00f6\u00f6riistaks mereruumi planeerimise ja mereressursside haldamisega seotud \u00fclesannete lahendamisel.<\/strong>\u00a0Portaali \u00fcks olulisemaid funktsionaalsusi on v\u00f5imekus hinnata inimtegevuste eraldi ja koosm\u00f5jusid loodusv\u00e4\u00e4rtuste\u00a0ruumilisele levikule Soome lahes\u00a0erinevate toitainetesisalduste ja kliimastsenaariumite tingimustes.<\/p>\n<p style=\"text-align: justify;\">Portaalis on kombineeritud piiri\u00fclesed mere loodusv\u00e4\u00e4rtuste ja inimsurvete andmed\u00a0masin\u00f5ppemudelitega. Portaali kasutajaliidese ja funktsionaalsuse disainimisel l\u00e4htutakse p\u00f5him\u00f5ttest, et see peab olema lihtsasti ja intuitiivselt kasutatav ning vastama huvigruppide vajadustele. Huvigruppide soovidega arvestamiseks konsulteeritakse nendega aktiivselt t\u00f6\u00f6 k\u00e4igus.<\/p>\n<p style=\"margin-top: 5px; text-align: center;\"><img loading=\"lazy\" decoding=\"async\" width=\"493\" height=\"500\" class=\"alignnone wp-image-46\" style=\"width: 300px; height: 304px;\" title=\"Georuumiline pilt\" src=\"https:\/\/sisu.ut.ee\/wp-content\/uploads\/sites\/363\/shutterstock_1230531295.jpg\" alt=\"Ruumiline andmekiht\" srcset=\"https:\/\/sisu.ut.ee\/wp-content\/uploads\/sites\/363\/shutterstock_1230531295.jpg 493w, https:\/\/sisu.ut.ee\/wp-content\/uploads\/sites\/363\/shutterstock_1230531295-296x300.jpg 296w\" sizes=\"auto, (max-width: 493px) 100vw, 493px\"><\/p>\n","protected":false},"excerpt":{"rendered":"<p>ADRIENNE tegevused loovad ruumilisi teadmisi loodusv\u00e4\u00e4rtustest ja inimtegevuste\u00a0m\u00f5just merekeskkonnale. Koost\u00f6\u00f6 olulistemate riiklike ja piirkondlike huvigruppide ja ministeeriumite vahel mitte ainult ei paranda teadmistevahetust, vaid h\u00f5lbustab mereruumi planeerimist ja mereressursside majandamist luues seel\u00e4bi eeldused keskkonnakaitse t\u00f5hustamiseks\u00a0ja j\u00e4tkusuutlikuks arenguks. Allj\u00e4rgnevalt on toodud &#8230;<\/p>\n","protected":false},"author":174,"featured_media":0,"parent":0,"menu_order":0,"comment_status":"closed","ping_status":"closed","template":"","meta":{"_acf_changed":false,"inline_featured_image":false,"footnotes":""},"class_list":["post-17","page","type-page","status-publish","hentry"],"acf":[],"_links":{"self":[{"href":"https:\/\/sisu.ut.ee\/adrienne\/wp-json\/wp\/v2\/pages\/17","targetHints":{"allow":["GET"]}}],"collection":[{"href":"https:\/\/sisu.ut.ee\/adrienne\/wp-json\/wp\/v2\/pages"}],"about":[{"href":"https:\/\/sisu.ut.ee\/adrienne\/wp-json\/wp\/v2\/types\/page"}],"author":[{"embeddable":true,"href":"https:\/\/sisu.ut.ee\/adrienne\/wp-json\/wp\/v2\/users\/174"}],"replies":[{"embeddable":true,"href":"https:\/\/sisu.ut.ee\/adrienne\/wp-json\/wp\/v2\/comments?post=17"}],"version-history":[{"count":2,"href":"https:\/\/sisu.ut.ee\/adrienne\/wp-json\/wp\/v2\/pages\/17\/revisions"}],"predecessor-version":[{"id":232,"href":"https:\/\/sisu.ut.ee\/adrienne\/wp-json\/wp\/v2\/pages\/17\/revisions\/232"}],"wp:attachment":[{"href":"https:\/\/sisu.ut.ee\/adrienne\/wp-json\/wp\/v2\/media?parent=17"}],"curies":[{"name":"wp","href":"https:\/\/api.w.org\/{rel}","templated":true}]}}