{"id":15,"date":"2024-04-04T05:10:57","date_gmt":"2024-04-04T02:10:57","guid":{"rendered":"https:\/\/sisu.ut.ee\/adrienne\/partnerid\/"},"modified":"2024-04-29T10:31:51","modified_gmt":"2024-04-29T07:31:51","slug":"partnerid","status":"publish","type":"page","link":"https:\/\/sisu.ut.ee\/adrienne\/partnerid\/","title":{"rendered":"Partnerid"},"content":{"rendered":"<h6>Eesti mereinstituut (EMI)\/Tartu \u00fclikool (UTartu) on juhtiv multidistsiplinaarne mereuuringute keskus.<\/h6>\n<p style=\"text-align: justify;\">Maailmatasemel teadlased ning tipptehnoloogia v\u00f5imalab mereinstituudil uurida L\u00e4\u00e4nemere \u00f6kosusteemide funktsioneerimist ning pakkuda teadusp\u00f5hist informatsiooni mereressursside kasutamise ja merekeskkonna kaitse k\u00fcsimuste lahendamisel. Mereinstituudi missiooniks on parandada merekeskkonna kaitset ja tagada mereressursside j\u00e4tkusuutlik kasutamine.<\/p>\n<p style=\"text-align: justify;\">Mereinstituut on loodud 3. m\u00e4rtsil 1992. aastal \u00fchendades omavahel Eesti Kalandusinstituudi ja Eesti Teaduste Akadeemia mereuuringute osakonna. 1996. aastal \u00fchineti Eesti keskkonnaministeriumiga ning 2001. aastast alates on mereinstituut Taru \u00dclikooli osa.<br>\nhttps:\/\/mereinstituut.ut.ee<br>\nEelarve: 330 000<br>\n<span lang=\"EN-GB\">Anneliis Peterson <a href=\"mailto:anneliis.peterson@ut.ee\">anneliis.peterson@ut.ee<\/a><\/span><br>\n<span lang=\"EN-GB\">Jonne Kotta <a href=\"mailto:jonne@sea.ee\">jonne@sea.ee<\/a><\/span><\/p>\n<p style=\"text-align: justify;\"><img loading=\"lazy\" decoding=\"async\" width=\"1024\" height=\"1024\" class=\"alignnone wp-image-49\" style=\"width: 150px; height: 150px;\" title=\"tartu_ylikool-logo.png\" src=\"https:\/\/sisu.ut.ee\/wp-content\/uploads\/sites\/363\/tartu_ylikool-logo.png\" alt=\"tartu_ylikool-logo.png\" srcset=\"https:\/\/sisu.ut.ee\/wp-content\/uploads\/sites\/363\/tartu_ylikool-logo.png 1024w, https:\/\/sisu.ut.ee\/wp-content\/uploads\/sites\/363\/tartu_ylikool-logo-300x300.png 300w, https:\/\/sisu.ut.ee\/wp-content\/uploads\/sites\/363\/tartu_ylikool-logo-150x150.png 150w, https:\/\/sisu.ut.ee\/wp-content\/uploads\/sites\/363\/tartu_ylikool-logo-768x768.png 768w\" sizes=\"auto, (max-width: 1024px) 100vw, 1024px\"><\/p>\n<h6>Eesti Keskkonnaministeeriumi (EME) vastutab Eesti keskkonnaalase juriidilise raamistiku, keskkonnakaitse ja -kasutuse haldamise ning loodusv\u00e4\u00e4rtuste ja -varade \u00fcle arvestuse pidamise eest.<\/h6>\n<p style=\"text-align: justify;\">Eesti Keskkonnaministeeriumi missiooniks on luua tingimused, mis tagaks, et praegused ja tulevad p\u00f5lved saaksid elada rikkas ja mitmekesisest loodusest \u00fcbritsetud keskkonnas ning kasutada looduse poolt pakutavaid h\u00fcvesid j\u00e4tkusuutlikult. Keskkonnaministeerium on mitmete keskonnakaitse ja -j\u00e4relvalvega tegelevate programmide strateegline koordinaator.<br>\n<a href=\"https:\/\/www.envir.ee\/en\">https:\/\/www.envir.ee\/en<\/a><br>\n<span lang=\"EN-GB\">Eelarve: <\/span>25 556<br>\n<span lang=\"EN-GB\">Agnes Unnuk <a href=\"mailto:agnes.unnuk@envir.ee\">agnes.unnuk@envir.ee<\/a><\/span><\/p>\n<p style=\"text-align: justify;\"><img loading=\"lazy\" decoding=\"async\" width=\"2008\" height=\"756\" class=\"alignnone wp-image-51\" style=\"width: 300px; height: 113px;\" title=\"kem_logo_eng.png\" src=\"https:\/\/sisu.ut.ee\/wp-content\/uploads\/sites\/363\/kem_logo_eng.png\" alt=\"kem_logo_eng.png\" srcset=\"https:\/\/sisu.ut.ee\/wp-content\/uploads\/sites\/363\/kem_logo_eng.png 2008w, https:\/\/sisu.ut.ee\/wp-content\/uploads\/sites\/363\/kem_logo_eng-300x113.png 300w, https:\/\/sisu.ut.ee\/wp-content\/uploads\/sites\/363\/kem_logo_eng-1024x386.png 1024w, https:\/\/sisu.ut.ee\/wp-content\/uploads\/sites\/363\/kem_logo_eng-768x289.png 768w, https:\/\/sisu.ut.ee\/wp-content\/uploads\/sites\/363\/kem_logo_eng-1536x578.png 1536w, https:\/\/sisu.ut.ee\/wp-content\/uploads\/sites\/363\/kem_logo_eng-1920x723.png 1920w\" sizes=\"auto, (max-width: 2008px) 100vw, 2008px\"><\/p>\n<h2>ASSOTSEERUNUD PARTNERID<\/h2>\n<h6>Soome keskkonnainstituut (Suomen ymp\u00e4rist\u00f6keskus; SYKE) on Soome Keskkonnaministeeriumile alluv teaduskeskus, mis koondab nii teadusuuringud kui laiema keskkonna-alase ekspertiisi.<\/h6>\n<p>SYKE p\u00f5hiline fookus on suunatud keskkonnamuutustest tingitud ilmingute hindamisele ja nende v\u00e4hendamisele. SYKE on varem osalenud kolmepoolses koost\u00f6\u00f6programmis Soome lahe piirkonnas, mille k\u00e4igus on uuritud\u00a0bioloogilist mitmekesisust, inimm\u00f5ju merekeskkonnale ja lahendatud mereruumi planeerimisega seotud k\u00fcsimusi. SYKE ekspertide osalemine\u00a0ADRIENNE projektis edendab teadustulemuste kommunikatsiooni ning suurendab projekti \u00fcldist n\u00e4htavust.<br>\n<a href=\"https:\/\/www.syke.fi\/en\"><span style=\"color: #428bca;\"><span style=\"text-decoration: none;\">https:\/\/www.syke.fi\/en<\/span><\/span><\/a><br>\n<span lang=\"EN-GB\">Kirsi Kostamo <a href=\"mailto:kirsi.kostamo@ymparisto.fi\">kirsi.kostamo@ymparisto.fi<\/a><\/span><\/p>\n<p><img loading=\"lazy\" decoding=\"async\" width=\"1200\" height=\"912\" class=\"alignnone wp-image-53\" style=\"width: 150px; height: 114px;\" title=\"syke_logo.png\" src=\"https:\/\/sisu.ut.ee\/wp-content\/uploads\/sites\/363\/syke_logo.png\" alt=\"syke_lpgo\" srcset=\"https:\/\/sisu.ut.ee\/wp-content\/uploads\/sites\/363\/syke_logo.png 1200w, https:\/\/sisu.ut.ee\/wp-content\/uploads\/sites\/363\/syke_logo-300x228.png 300w, https:\/\/sisu.ut.ee\/wp-content\/uploads\/sites\/363\/syke_logo-1024x778.png 1024w, https:\/\/sisu.ut.ee\/wp-content\/uploads\/sites\/363\/syke_logo-768x584.png 768w\" sizes=\"auto, (max-width: 1200px) 100vw, 1200px\"><\/p>\n<h6>Kotka mereuuringute keskuse (Meriturvallisuuden ja -liikenteen tutkimusyhdistys; KMRC) eesm\u00e4rgiks on h\u00f5lbustada teaduse ja \u00fcldsuse vahelist k\u00f6\u00f6stood fokusseerides sellele, kuidas teoreetilisi teadmisi\u00a0praktikas rakendada.<\/h6>\n<p style=\"text-align: justify;\">KMRC koondab endasse nelja Soome \u00fclikooli teadlased mere transpordi, logistika, ohutuse ja keskkonnam\u00f5jude valdkonnast. KMRC suhtleb pidevalt erasektoriga, \u00fclikoolidega ja teadusasutustega regionaalsel, riiklikul\u00a0ja rahvusvahelisel tasandil. Praktilised v\u00e4ljundid, mis tuginevad teaduslikele printsiipidele suurendavad meremajanduse tootlikkust, v\u00e4hendavad transpordialast keskkonnam\u00f5ju ning pakuvad s\u00e4\u00e4stlikke ja nutikaid lahendusi keskonnaalaste probleemide seljatamiseks.<\/p>\n<p style=\"text-align: justify;\"><a href=\"http:\/\/www.ubcwheel.eu\/index.php\/gpdp:gpdb\/article\/839\">https:\/\/merikotka.fi\/<\/a><br>\n<span lang=\"EN-GB\">Anna Kiiski <a href=\"mailto:anna.kiiski@merikotka.fi\">anna.kiiski@merikotka.fi<\/a><\/span><\/p>\n<p style=\"text-align: justify;\"><img loading=\"lazy\" decoding=\"async\" width=\"600\" height=\"734\" class=\"alignnone wp-image-52\" style=\"width: 150px; height: 184px;\" title=\"merikotka-line-logo-2.jpg\" src=\"https:\/\/sisu.ut.ee\/wp-content\/uploads\/sites\/363\/merikotka-line-logo-2.jpg\" alt=\"merikotka-line-logo-2.jpg\" srcset=\"https:\/\/sisu.ut.ee\/wp-content\/uploads\/sites\/363\/merikotka-line-logo-2.jpg 600w, https:\/\/sisu.ut.ee\/wp-content\/uploads\/sites\/363\/merikotka-line-logo-2-245x300.jpg 245w\" sizes=\"auto, (max-width: 600px) 100vw, 600px\"><\/p>\n<h6 style=\"text-align: justify;\">Projekti ADRIENNE+ (ER188) kaasrahastab Euroopa Liit Euroopa naabrusinstrumendi raames.<\/h6>\n<p style=\"text-align: justify;\">Veebileht valmis Euroopa Liidu rahalise abiga. Selle sisu eest vastutab ainuisikuliselt Tartu \u00dclikool ning selles kajastatu ei peegelda mingil juhul Programmi ega Euroopa Liidu seisukohti. REGIO peadirektoraat:\u00a0<strong><a href=\"https:\/\/ec.europa.eu\/regional_policy\/en\/\" target=\"_blank\" rel=\"noopener\">https:\/\/ec.europa.eu\/regional_policy\/<\/a><\/strong><\/p>\n<p style=\"text-align: justify;\"><img loading=\"lazy\" decoding=\"async\" width=\"899\" height=\"946\" class=\"alignnone wp-image-41\" style=\"width: 200px; height: 210px;\" title=\"en_co_fundedvertical_rgb_pos.png\" src=\"https:\/\/sisu.ut.ee\/wp-content\/uploads\/sites\/363\/en_co_fundedvertical_rgb_pos.png\" alt=\"Co-funded by the European Union\" srcset=\"https:\/\/sisu.ut.ee\/wp-content\/uploads\/sites\/363\/en_co_fundedvertical_rgb_pos.png 899w, https:\/\/sisu.ut.ee\/wp-content\/uploads\/sites\/363\/en_co_fundedvertical_rgb_pos-285x300.png 285w, https:\/\/sisu.ut.ee\/wp-content\/uploads\/sites\/363\/en_co_fundedvertical_rgb_pos-768x808.png 768w\" sizes=\"auto, (max-width: 899px) 100vw, 899px\"><\/p>\n<h6>Eestipoolne kaasfinantseerija <a title=\"\" href=\"https:\/\/kik.ee\/et\" target=\"_blank\" rel=\"noopener\" data-url=\"https:\/\/kik.ee\/et\">Keskkonnainvesteeringute Keskus<\/a><\/h6>\n<p><img loading=\"lazy\" decoding=\"async\" width=\"405\" height=\"474\" class=\"alignnone wp-image-58\" style=\"width: 150px; height: 176px;\" title=\"kik_est_logo.png\" src=\"https:\/\/sisu.ut.ee\/wp-content\/uploads\/sites\/363\/kik_est_logo.png\" alt=\"KIK\" srcset=\"https:\/\/sisu.ut.ee\/wp-content\/uploads\/sites\/363\/kik_est_logo.png 405w, https:\/\/sisu.ut.ee\/wp-content\/uploads\/sites\/363\/kik_est_logo-256x300.png 256w\" sizes=\"auto, (max-width: 405px) 100vw, 405px\"><\/p>\n<h6>Lisainfo<\/h6>\n<p>Euroopa naabruspoliitika ja laienemisl\u00e4bir\u00e4\u00e4kimiste peadirektoraat \u2013 kuni 31. dets 2019:<a title=\"\" href=\"https:\/\/ec.europa.eu\/neighbourhood-enlargement\/neighbourhood\/cross-border-cooperation_en\" target=\"_blank\" rel=\"noopener\" data-url=\" https:\/\/ec.europa.eu\/neighbourhood-enlargement\/neighbourhood\/cross-border-cooperation_en\">https:\/\/ec.europa.eu\/neighbourhood-enlargement\/neighbourhood\/cross-border-cooperation_en<\/a><br>\nEuroopa Komisjoni regionaal- ja linnapoliitika peadirektoraat \u2013 alates 1. jaanuar 2020: <a title=\"\" href=\"https:\/\/ec.europa.eu\/regional_policy\/en\/\" target=\"_blank\" rel=\"noopener\">https:\/\/ec.europa.eu\/regional_policy\/en<\/a><br>\nVenemaa F\u00f6deratsiooni Majandusarengu ministeerium: <a title=\"\" href=\"http:\/\/economy.gov.ru\/minec\/activity\/sections\/mps\/programs\/\" target=\"_blank\" rel=\"noopener\" data-url=\"http:\/\/economy.gov.ru\/minec\/activity\/sections\/mps\/programs\/\">http:\/\/economy.gov.ru\/minec\/activity\/sections\/mps\/programs\/<\/a><br>\nEesti Vabariigi Rahandusministeerium: <a title=\"\" href=\"https:\/\/www.rahandusministeerium.ee\/et\/interreg\" target=\"_blank\" rel=\"noopener\" data-url=\"https:\/\/www.rahandusministeerium.ee\/et\/interreg\">https:\/\/www.rahandusministeerium.ee\/et\/interreg<\/a><\/p>\n<p style=\"text-align: start; margin: 0cm 0cm 7.5pt 0cm;\">\n<\/p>","protected":false},"excerpt":{"rendered":"<p>Eesti mereinstituut (EMI)\/Tartu \u00fclikool (UTartu) on juhtiv multidistsiplinaarne mereuuringute keskus. Maailmatasemel teadlased ning tipptehnoloogia v\u00f5imalab mereinstituudil uurida L\u00e4\u00e4nemere \u00f6kosusteemide funktsioneerimist ning pakkuda teadusp\u00f5hist informatsiooni mereressursside kasutamise ja merekeskkonna kaitse k\u00fcsimuste lahendamisel. Mereinstituudi missiooniks on parandada merekeskkonna kaitset ja tagada mereressursside &#8230;<\/p>\n","protected":false},"author":174,"featured_media":0,"parent":0,"menu_order":0,"comment_status":"closed","ping_status":"closed","template":"","meta":{"_acf_changed":false,"inline_featured_image":false,"footnotes":""},"class_list":["post-15","page","type-page","status-publish","hentry"],"acf":[],"_links":{"self":[{"href":"https:\/\/sisu.ut.ee\/adrienne\/wp-json\/wp\/v2\/pages\/15","targetHints":{"allow":["GET"]}}],"collection":[{"href":"https:\/\/sisu.ut.ee\/adrienne\/wp-json\/wp\/v2\/pages"}],"about":[{"href":"https:\/\/sisu.ut.ee\/adrienne\/wp-json\/wp\/v2\/types\/page"}],"author":[{"embeddable":true,"href":"https:\/\/sisu.ut.ee\/adrienne\/wp-json\/wp\/v2\/users\/174"}],"replies":[{"embeddable":true,"href":"https:\/\/sisu.ut.ee\/adrienne\/wp-json\/wp\/v2\/comments?post=15"}],"version-history":[{"count":3,"href":"https:\/\/sisu.ut.ee\/adrienne\/wp-json\/wp\/v2\/pages\/15\/revisions"}],"predecessor-version":[{"id":236,"href":"https:\/\/sisu.ut.ee\/adrienne\/wp-json\/wp\/v2\/pages\/15\/revisions\/236"}],"wp:attachment":[{"href":"https:\/\/sisu.ut.ee\/adrienne\/wp-json\/wp\/v2\/media?parent=15"}],"curies":[{"name":"wp","href":"https:\/\/api.w.org\/{rel}","templated":true}]}}