{"id":5,"date":"2024-04-04T07:42:43","date_gmt":"2024-04-04T04:42:43","guid":{"rendered":"https:\/\/sisu.ut.ee\/adaptiivokoloogia\/tudengile\/"},"modified":"2025-08-13T12:57:40","modified_gmt":"2025-08-13T09:57:40","slug":"tudengile","status":"publish","type":"page","link":"https:\/\/sisu.ut.ee\/adaptiivokoloogia\/tudengile\/","title":{"rendered":"Tudengile"},"content":{"rendered":"<figure class=\"wp-block-image\"><img loading=\"lazy\" decoding=\"async\" width=\"698\" height=\"185\" src=\"https:\/\/sisu.ut.ee\/wp-content\/uploads\/sites\/543\/img_3765_polluserv_s129_uus16_aovere_mesilane_centuarea_cyanus.jpg\" alt=\"Usin mesilane\" class=\"wp-image-13\" title=\"img_3765_polluserv_s129_uus16_aovere_mesilane_centuarea_cyanus.jpg\" srcset=\"https:\/\/sisu.ut.ee\/wp-content\/uploads\/sites\/543\/img_3765_polluserv_s129_uus16_aovere_mesilane_centuarea_cyanus.jpg 698w, https:\/\/sisu.ut.ee\/wp-content\/uploads\/sites\/543\/img_3765_polluserv_s129_uus16_aovere_mesilane_centuarea_cyanus-300x80.jpg 300w\" sizes=\"auto, (max-width: 698px) 100vw, 698px\"><\/figure>\n\n\n\n<div style=\"height:50px\" aria-hidden=\"true\" class=\"wp-block-spacer\"><\/div>\n\n\n\n<h4 class=\"wp-block-heading\">\u00a0<\/h4>\n\n\n\n<h3 class=\"wp-block-heading\"><strong>Uurimisteemade pakkumisi<\/strong><\/h3>\n\n\n\n<p class=\"has-large-font-size\">Kui soovid muuta looduse ja inimese koos-olemist toimivaks ja s\u00f5bralikuks, objektiivselt v\u00e4\u00e4rtustada looduskeskkonda v\u00f5i t\u00f5hustada maastike v\u00f5i sealolevate koosluste \u00f6koloogilise toimise parendamist, v\u00f5i lihtsalt soovid aidata mesilasi ja maitsvama mee tootmist, siis \u2026<br><\/p>\n\n\n\n<p class=\"has-large-font-size\">N\u00e4idisteemad:<\/p>\n\n\n\n<ul class=\"wp-block-list has-large-font-size\">\n<li>Elurikkuse ja \u00f6koh\u00fcvede pakkumise omavahelised seosed <\/li>\n\n\n\n<li>Meemesilaste jt tolmeldajate toetamise meetmed<\/li>\n\n\n\n<li>Nektaritaimde omadused mesilaste jt kasulike tolmeldajate tugiteenuste parendamiseks<\/li>\n\n\n\n<li>P\u00f5lluservade \u00f6koloogiline funktsionaalsus<\/li>\n\n\n\n<li>Metsa elurikkuse m\u00f5ju \u00f6koh\u00fcvede pakkumisele<\/li>\n<\/ul>\n\n\n\n<p class=\"has-large-font-size\">Juheldaja: <a href=\"mailto:jaan.liira@ut.ee\">Jaan Liira<\/a><\/p>\n\n\n\n<figure class=\"wp-block-image\"><img loading=\"lazy\" decoding=\"async\" width=\"700\" height=\"224\" src=\"https:\/\/sisu.ut.ee\/wp-content\/uploads\/sites\/543\/img_5320_kassinaeris_korjekatse_serv_700.jpg\" alt=\"Mummuservad\" class=\"wp-image-12\" title=\"img_5320_kassinaeris_korjekatse_serv_700.jpg\" srcset=\"https:\/\/sisu.ut.ee\/wp-content\/uploads\/sites\/543\/img_5320_kassinaeris_korjekatse_serv_700.jpg 700w, https:\/\/sisu.ut.ee\/wp-content\/uploads\/sites\/543\/img_5320_kassinaeris_korjekatse_serv_700-300x96.jpg 300w\" sizes=\"auto, (max-width: 700px) 100vw, 700px\"><\/figure>\n\n\n\n<p><\/p>\n\n\n\n<figure class=\"wp-block-image\"><img loading=\"lazy\" decoding=\"async\" width=\"700\" height=\"252\" src=\"https:\/\/sisu.ut.ee\/wp-content\/uploads\/sites\/543\/img_2499_serv_s051_700_paks.jpg\" alt=\"Servad\" class=\"wp-image-15\" title=\"img_2499_serv_s051_700_paks.jpg\" srcset=\"https:\/\/sisu.ut.ee\/wp-content\/uploads\/sites\/543\/img_2499_serv_s051_700_paks.jpg 700w, https:\/\/sisu.ut.ee\/wp-content\/uploads\/sites\/543\/img_2499_serv_s051_700_paks-300x108.jpg 300w\" sizes=\"auto, (max-width: 700px) 100vw, 700px\"><\/figure>\n\n\n\n<p><\/p>\n\n\n\n<figure class=\"wp-block-image\"><img loading=\"lazy\" decoding=\"async\" width=\"700\" height=\"309\" src=\"https:\/\/sisu.ut.ee\/wp-content\/uploads\/sites\/543\/img_5375_solidago_canadensis_lageraie.jpg\" alt=\"Metsa v\u00f5\u00f5rliigid\" class=\"wp-image-14\" title=\"img_5375_solidago_canadensis_lageraie.jpg\" srcset=\"https:\/\/sisu.ut.ee\/wp-content\/uploads\/sites\/543\/img_5375_solidago_canadensis_lageraie.jpg 700w, https:\/\/sisu.ut.ee\/wp-content\/uploads\/sites\/543\/img_5375_solidago_canadensis_lageraie-300x132.jpg 300w\" sizes=\"auto, (max-width: 700px) 100vw, 700px\"><\/figure>\n\n\n\n<p><\/p>\n\n\n\n<p>\u00a0<\/p>\n\n\n\n<p>\u00a0<\/p>\n","protected":false},"excerpt":{"rendered":"<p>\u00a0 Uurimisteemade pakkumisi Kui soovid muuta looduse ja inimese koos-olemist toimivaks ja s\u00f5bralikuks, objektiivselt v\u00e4\u00e4rtustada looduskeskkonda v\u00f5i t\u00f5hustada maastike v\u00f5i sealolevate koosluste \u00f6koloogilise toimise parendamist, v\u00f5i lihtsalt soovid aidata mesilasi ja maitsvama mee tootmist, siis \u2026 N\u00e4idisteemad: Juheldaja: Jaan Liira &#8230;<\/p>\n","protected":false},"author":198,"featured_media":0,"parent":0,"menu_order":0,"comment_status":"closed","ping_status":"closed","template":"","meta":{"_acf_changed":false,"inline_featured_image":false,"footnotes":""},"class_list":["post-5","page","type-page","status-publish","hentry"],"acf":[],"_links":{"self":[{"href":"https:\/\/sisu.ut.ee\/adaptiivokoloogia\/wp-json\/wp\/v2\/pages\/5","targetHints":{"allow":["GET"]}}],"collection":[{"href":"https:\/\/sisu.ut.ee\/adaptiivokoloogia\/wp-json\/wp\/v2\/pages"}],"about":[{"href":"https:\/\/sisu.ut.ee\/adaptiivokoloogia\/wp-json\/wp\/v2\/types\/page"}],"author":[{"embeddable":true,"href":"https:\/\/sisu.ut.ee\/adaptiivokoloogia\/wp-json\/wp\/v2\/users\/198"}],"replies":[{"embeddable":true,"href":"https:\/\/sisu.ut.ee\/adaptiivokoloogia\/wp-json\/wp\/v2\/comments?post=5"}],"version-history":[{"count":3,"href":"https:\/\/sisu.ut.ee\/adaptiivokoloogia\/wp-json\/wp\/v2\/pages\/5\/revisions"}],"predecessor-version":[{"id":91,"href":"https:\/\/sisu.ut.ee\/adaptiivokoloogia\/wp-json\/wp\/v2\/pages\/5\/revisions\/91"}],"wp:attachment":[{"href":"https:\/\/sisu.ut.ee\/adaptiivokoloogia\/wp-json\/wp\/v2\/media?parent=5"}],"curies":[{"name":"wp","href":"https:\/\/api.w.org\/{rel}","templated":true}]}}