{"id":4,"date":"2024-04-04T07:42:43","date_gmt":"2024-04-04T04:42:43","guid":{"rendered":"https:\/\/sisu.ut.ee\/adaptiivokoloogia\/materjale\/"},"modified":"2025-08-14T14:02:15","modified_gmt":"2025-08-14T11:02:15","slug":"materjale","status":"publish","type":"page","link":"https:\/\/sisu.ut.ee\/adaptiivokoloogia\/materjale\/","title":{"rendered":"Materjale"},"content":{"rendered":"<h3 class=\"wp-block-heading\"><strong>UUS<\/strong><\/h3>\n\n\n\n<div style=\"height:33px\" aria-hidden=\"true\" class=\"wp-block-spacer\"><\/div>\n\n\n\n<ul class=\"wp-block-list\">\n<li class=\"has-large-font-size\">Artikkel; P\u00f5lluserva j\u00e4etud rohuribade kooslus ja funktsionaalsus ei parane ka pikas ajas (<a href=\"https:\/\/doi.org\/10.1111\/avsc.70036\" data-type=\"link\" data-id=\"https:\/\/doi.org\/10.1111\/avsc.70036\">doi<\/a>), (<a href=\"https:\/\/novaator.err.ee\/1609768566\/levinud-taimeliigid-vahendavad-polluservas-umbrohtude-hulka\">ERR-kokkuv\u00f5te<\/a>)<\/li>\n\n\n\n<li class=\"has-large-font-size\">Artikkel: Mesilased ja teised tolmeldajad ei taha suurt elurikkust vaid efektiivselt kujundatud korjeala (<a title=\"\" data-url=\"https:\/\/doi.org\/10.1016\/j.ecolind.2023.110927\" href=\"https:\/\/doi.org\/10.1016\/j.ecolind.2023.110927\" target=\"_blank\" rel=\"noopener\">doi<\/a>)<\/li>\n\n\n\n<li class=\"has-large-font-size\">Artikkel: \u00dclevaade \u00f6koskeemide ideedest ja r\u00f5huasetustest\u00a015\u2019s EL riigis (<a href=\"https:\/\/sisu.ut.ee\/sites\/default\/files\/effect\/files\/runge_2021_ecoschemes_15_countries_console_effect.pdf\">pdf<\/a>)<\/li>\n<\/ul>\n\n\n\n<div style=\"height:100px\" aria-hidden=\"true\" class=\"wp-block-spacer\"><\/div>\n\n\n\n<h3 class=\"wp-block-heading\"><strong>GIS-abivahendid<\/strong><\/h3>\n\n\n\n<p class=\"has-large-font-size\">Koost\u00f6\u00f6s Maa-ametiga X-GIS2 teemarakendus\u00a0<a title=\"\" data-url=\"https:\/\/xgis.maaamet.ee\/xgis2\/page\/app\/maaeluGIS\" href=\"https:\/\/xgis.maaamet.ee\/xgis2\/page\/app\/maaeluGIS\" target=\"_blank\" rel=\"noopener\">MaaeluGIS<\/a>, kuhu on koondatud avalik info\u00a0<br>mesinikule, p\u00f5llumehele ja ka metsaomanikule.<\/p>\n\n\n\n<figure class=\"wp-block-image is-resized\"><img loading=\"lazy\" decoding=\"async\" width=\"1486\" height=\"738\" src=\"https:\/\/sisu.ut.ee\/wp-content\/uploads\/sites\/543\/maaelugis_avakuva.jpg\" alt=\"MaaeluGIS\" class=\"wp-image-11\" style=\"width:788px;height:auto\" title=\"maaelugis_avakuva.jpg\" srcset=\"https:\/\/sisu.ut.ee\/wp-content\/uploads\/sites\/543\/maaelugis_avakuva.jpg 1486w, https:\/\/sisu.ut.ee\/wp-content\/uploads\/sites\/543\/maaelugis_avakuva-300x149.jpg 300w, https:\/\/sisu.ut.ee\/wp-content\/uploads\/sites\/543\/maaelugis_avakuva-1024x509.jpg 1024w, https:\/\/sisu.ut.ee\/wp-content\/uploads\/sites\/543\/maaelugis_avakuva-768x381.jpg 768w\" sizes=\"auto, (max-width: 1486px) 100vw, 1486px\"><\/figure>\n\n\n\n<div style=\"height:100px\" aria-hidden=\"true\" class=\"wp-block-spacer\"><\/div>\n\n\n\n<h3 class=\"wp-block-heading\"><strong>e-ETTEKANDED<\/strong><\/h3>\n\n\n\n<p>Keskkonnas\u00f5braliku majandamise (KSM) toetusega rohumaaribade taimestiku seire\u00a0(Jaan Liira, Tartu \u00dclikool)\u00a0<a title=\"\" href=\"https:\/\/www.youtube.com\/watch?v=LuWInF0BSy8&amp;t=5605s\" target=\"_blank\" rel=\"noopener\">Video<\/a>\u00a0(algus 1:33:21).<\/p>\n\n\n\n<div style=\"height:100px\" aria-hidden=\"true\" class=\"wp-block-spacer\"><\/div>\n\n\n\n<h2 class=\"wp-block-heading has-extra-small-font-size\">__________________________________________<\/h2>\n\n\n\n<p>KONTAKT<\/p>\n\n\n\n<p>Jaan Liira\u00a0\u00a0<a href=\"mailto:jaan.liira@ut.ee\">jaan.liira@ut.ee<\/a><br>Tartu \u00dclikool \u00d6MI<\/p>\n\n\n\n<p><\/p>\n","protected":false},"excerpt":{"rendered":"<p>UUS GIS-abivahendid Koost\u00f6\u00f6s Maa-ametiga X-GIS2 teemarakendus\u00a0MaaeluGIS, kuhu on koondatud avalik info\u00a0mesinikule, p\u00f5llumehele ja ka metsaomanikule. e-ETTEKANDED Keskkonnas\u00f5braliku majandamise (KSM) toetusega rohumaaribade taimestiku seire\u00a0(Jaan Liira, Tartu \u00dclikool)\u00a0Video\u00a0(algus 1:33:21). __________________________________________ KONTAKT Jaan Liira\u00a0\u00a0jaan.liira@ut.eeTartu \u00dclikool \u00d6MI<\/p>\n","protected":false},"author":198,"featured_media":0,"parent":0,"menu_order":0,"comment_status":"closed","ping_status":"closed","template":"","meta":{"_acf_changed":false,"inline_featured_image":false,"footnotes":""},"class_list":["post-4","page","type-page","status-publish","hentry"],"acf":[],"_links":{"self":[{"href":"https:\/\/sisu.ut.ee\/adaptiivokoloogia\/wp-json\/wp\/v2\/pages\/4","targetHints":{"allow":["GET"]}}],"collection":[{"href":"https:\/\/sisu.ut.ee\/adaptiivokoloogia\/wp-json\/wp\/v2\/pages"}],"about":[{"href":"https:\/\/sisu.ut.ee\/adaptiivokoloogia\/wp-json\/wp\/v2\/types\/page"}],"author":[{"embeddable":true,"href":"https:\/\/sisu.ut.ee\/adaptiivokoloogia\/wp-json\/wp\/v2\/users\/198"}],"replies":[{"embeddable":true,"href":"https:\/\/sisu.ut.ee\/adaptiivokoloogia\/wp-json\/wp\/v2\/comments?post=4"}],"version-history":[{"count":11,"href":"https:\/\/sisu.ut.ee\/adaptiivokoloogia\/wp-json\/wp\/v2\/pages\/4\/revisions"}],"predecessor-version":[{"id":94,"href":"https:\/\/sisu.ut.ee\/adaptiivokoloogia\/wp-json\/wp\/v2\/pages\/4\/revisions\/94"}],"wp:attachment":[{"href":"https:\/\/sisu.ut.ee\/adaptiivokoloogia\/wp-json\/wp\/v2\/media?parent=4"}],"curies":[{"name":"wp","href":"https:\/\/api.w.org\/{rel}","templated":true}]}}