{"id":3,"date":"2024-04-04T07:42:43","date_gmt":"2024-04-04T04:42:43","guid":{"rendered":"https:\/\/sisu.ut.ee\/adaptiivokoloogia\/avaleht\/"},"modified":"2025-08-13T12:24:30","modified_gmt":"2025-08-13T09:24:30","slug":"avaleht","status":"publish","type":"page","link":"https:\/\/sisu.ut.ee\/adaptiivokoloogia\/","title":{"rendered":"Avaleht"},"content":{"rendered":"<h3 class=\"wp-block-heading\"><strong>Adaptiivne maaelu\u00f6koloogia<\/strong><\/h3>\n\n\n\n<h4 class=\"wp-block-heading\"><strong>T\u00f6\u00f6s olevad uurimisteemad:<\/strong><\/h4>\n\n\n\n<ul class=\"wp-block-list\">\n<li class=\"has-large-font-size\">Elurikkust arvestav \u00f6koloogia p\u00f5llumajandusmaastikes<\/li>\n\n\n\n<li class=\"has-large-font-size\">Biotoobi kvaliteedist ja aja- ja ruumiskaalast s\u00f5ltuvate protsesside roll elurikkusele<\/li>\n\n\n\n<li class=\"has-large-font-size\">Elurikkuse funktsionaalsus sh m\u00f5ju \u00f6koh\u00fcvede pakkumisele<\/li>\n\n\n\n<li class=\"has-large-font-size\">Liikide adaptiivsus ja koosluste vastupanuv\u00f5ime erinevatele h\u00e4iringutele ja muutustele<\/li>\n\n\n\n<li class=\"has-large-font-size\">Taimede funktsionaalsete r\u00fchmade omavahelised hierarhilised interaktsioonid<\/li>\n\n\n\n<li class=\"has-large-font-size\">Taimede v\u00f5imekus kasutada asendusbiotoope, nagu vanad pargid, koridorid ja erinevad servakooslused<\/li>\n\n\n\n<li class=\"has-large-font-size\">Ajalis-ruumilised protsessid kooslustes seoses maakasutuse muutustega<\/li>\n\n\n\n<li class=\"has-large-font-size\">Servakoosluste \u00f6koloogia<\/li>\n\n\n\n<li class=\"has-large-font-size\">Koosluste seiremetoodikate arendamine<\/li>\n<\/ul>\n\n\n\n<figure class=\"wp-block-image size-full is-resized\"><img loading=\"lazy\" decoding=\"async\" width=\"1023\" height=\"293\" src=\"https:\/\/sisu.ut.ee\/wp-content\/uploads\/sites\/543\/img_4499_taliraps_puud_j6geva.jpg\" alt=\"Agroforestry\" class=\"wp-image-7\" style=\"width:876px;height:auto\" title=\"img_4499_taliraps_puud_j6geva.jpg\" srcset=\"https:\/\/sisu.ut.ee\/wp-content\/uploads\/sites\/543\/img_4499_taliraps_puud_j6geva.jpg 1023w, https:\/\/sisu.ut.ee\/wp-content\/uploads\/sites\/543\/img_4499_taliraps_puud_j6geva-300x86.jpg 300w, https:\/\/sisu.ut.ee\/wp-content\/uploads\/sites\/543\/img_4499_taliraps_puud_j6geva-768x220.jpg 768w\" sizes=\"auto, (max-width: 1023px) 100vw, 1023px\"><\/figure>\n\n\n\n<div style=\"height:43px\" aria-hidden=\"true\" class=\"wp-block-spacer\"><\/div>\n\n\n\n<p class=\"has-large-font-size\">Seotud projektid:<\/p>\n\n\n\n<ul class=\"wp-block-list\">\n<li class=\"has-regular-font-size\">Horisont2020\u00a0<a data-url=\"https:\/\/effect.ut.ee\/\" title=\"\" href=\"https:\/\/effect.ut.ee\/\" target=\"_blank\" rel=\"noopener\">EFFECT<\/a>\u00a0\u2013 Kas p\u00f5llumajanduse toetusmeetmeid saab muuta looduskeskonna suhtes s\u00f5bralikemaks?<\/li>\n\n\n\n<li class=\"has-regular-font-size\">\u201cElurikkuse sotsiaal-kultuuriline ruumilisus ja selle tajumine\u201d (KUM-TA66)<\/li>\n<\/ul>\n\n\n\n<div style=\"height:43px\" aria-hidden=\"true\" class=\"wp-block-spacer\"><\/div>\n\n\n\n<div class=\"wp-block-columns are-vertically-aligned-top is-layout-flex wp-container-core-columns-is-layout-9d6595d7 wp-block-columns-is-layout-flex\">\n<div class=\"wp-block-column is-vertically-aligned-top is-layout-flow wp-block-column-is-layout-flow\">\n<figure class=\"wp-block-gallery has-nested-images columns-default is-cropped wp-block-gallery-1 is-layout-flex wp-block-gallery-is-layout-flex\">\n<figure class=\"wp-block-image size-large is-resized\"><img loading=\"lazy\" decoding=\"async\" width=\"700\" height=\"416\" data-id=\"8\" src=\"https:\/\/sisu.ut.ee\/wp-content\/uploads\/sites\/543\/est_experiment_of_bee_foraging_plants_img_8331.jpg\" alt=\"Taru\" class=\"wp-image-8\" style=\"width:auto;height:300px\" srcset=\"https:\/\/sisu.ut.ee\/wp-content\/uploads\/sites\/543\/est_experiment_of_bee_foraging_plants_img_8331.jpg 700w, https:\/\/sisu.ut.ee\/wp-content\/uploads\/sites\/543\/est_experiment_of_bee_foraging_plants_img_8331-300x178.jpg 300w\" sizes=\"auto, (max-width: 700px) 100vw, 700px\"><\/figure>\n\n\n\n<figure class=\"wp-block-image size-large is-resized\"><img loading=\"lazy\" decoding=\"async\" width=\"1000\" height=\"787\" data-id=\"9\" src=\"https:\/\/sisu.ut.ee\/wp-content\/uploads\/sites\/543\/img_4148_mixture_1000.jpg\" alt=\"korjeala\" class=\"wp-image-9\" style=\"width:auto;height:300px\" srcset=\"https:\/\/sisu.ut.ee\/wp-content\/uploads\/sites\/543\/img_4148_mixture_1000.jpg 1000w, https:\/\/sisu.ut.ee\/wp-content\/uploads\/sites\/543\/img_4148_mixture_1000-300x236.jpg 300w, https:\/\/sisu.ut.ee\/wp-content\/uploads\/sites\/543\/img_4148_mixture_1000-768x604.jpg 768w\" sizes=\"auto, (max-width: 1000px) 100vw, 1000px\"><\/figure>\n<\/figure>\n<\/div>\n<\/div>\n\n\n\n<p>Kontakt: <a href=\"mailto:jaan.liira@ut.ee\">Jaan Liira<\/a> (T\u00dc \u00d6MI bo kaasprofessor) <a title=\"\" data-url=\"https:\/\/kodu.ut.ee\/~jliira\/Jaan_Liira_CV_EE.html\" href=\"https:\/\/kodu.ut.ee\/~jliira\/Jaan_Liira_CV_EE.html\" target=\"_blank\" rel=\"noopener\">oma kodukas<\/a>\u00a0ja\u00a0<a title=\"\" data-url=\"https:\/\/www.etis.ee\/CV\/Jaan_Liira\/est\" href=\"https:\/\/www.etis.ee\/CV\/Jaan_Liira\/est\" target=\"_blank\" rel=\"noopener\">info ETIS\u2019s<\/a><\/p>\n\n\n<p>Liivi 2-609; k\u00f5ne\u00a05240798<\/p>\n\n\n<p><\/p>\n","protected":false},"excerpt":{"rendered":"<p>Adaptiivne maaelu\u00f6koloogia T\u00f6\u00f6s olevad uurimisteemad: Seotud projektid: Kontakt: Jaan Liira (T\u00dc \u00d6MI bo kaasprofessor) oma kodukas\u00a0ja\u00a0info ETIS\u2019s Liivi 2-609; k\u00f5ne\u00a05240798<\/p>\n","protected":false},"author":198,"featured_media":0,"parent":0,"menu_order":0,"comment_status":"closed","ping_status":"closed","template":"","meta":{"_acf_changed":false,"inline_featured_image":false,"footnotes":""},"class_list":["post-3","page","type-page","status-publish","hentry"],"acf":[],"_links":{"self":[{"href":"https:\/\/sisu.ut.ee\/adaptiivokoloogia\/wp-json\/wp\/v2\/pages\/3","targetHints":{"allow":["GET"]}}],"collection":[{"href":"https:\/\/sisu.ut.ee\/adaptiivokoloogia\/wp-json\/wp\/v2\/pages"}],"about":[{"href":"https:\/\/sisu.ut.ee\/adaptiivokoloogia\/wp-json\/wp\/v2\/types\/page"}],"author":[{"embeddable":true,"href":"https:\/\/sisu.ut.ee\/adaptiivokoloogia\/wp-json\/wp\/v2\/users\/198"}],"replies":[{"embeddable":true,"href":"https:\/\/sisu.ut.ee\/adaptiivokoloogia\/wp-json\/wp\/v2\/comments?post=3"}],"version-history":[{"count":17,"href":"https:\/\/sisu.ut.ee\/adaptiivokoloogia\/wp-json\/wp\/v2\/pages\/3\/revisions"}],"predecessor-version":[{"id":78,"href":"https:\/\/sisu.ut.ee\/adaptiivokoloogia\/wp-json\/wp\/v2\/pages\/3\/revisions\/78"}],"wp:attachment":[{"href":"https:\/\/sisu.ut.ee\/adaptiivokoloogia\/wp-json\/wp\/v2\/media?parent=3"}],"curies":[{"name":"wp","href":"https:\/\/api.w.org\/{rel}","templated":true}]}}