{"id":8,"date":"2024-04-04T01:59:01","date_gmt":"2024-04-03T22:59:01","guid":{"rendered":"https:\/\/sisu.ut.ee\/accessmedicine\/otsing-access-medicines\/"},"modified":"2024-04-22T13:47:56","modified_gmt":"2024-04-22T10:47:56","slug":"otsing-access-medicines","status":"publish","type":"page","link":"https:\/\/sisu.ut.ee\/accessmedicine\/otsing-access-medicines\/","title":{"rendered":"Otsing Access Medicines"},"content":{"rendered":"<p><span style=\"font-size: 16px;\"><span style=\"line-height: normal;\">Sisestatud s\u00f5na otsitakse kogu AM sisust, mis on T\u00dc raamatukogu poolt ostetud, nii \u00f5pikutest, ravijuhenditest, \u00f5ppevideotest jm.<\/span><\/span><\/p>\n<p><span style=\"font-size: 16px;\"><span style=\"line-height: normal;\">Sisesta s\u00f5na otsingulahtrisse.<\/span><\/span><\/p>\n<p><img loading=\"lazy\" decoding=\"async\" width=\"1110\" height=\"488\" class=\"alignnone wp-image-50\" title=\"am_ots6_l.png\" src=\"https:\/\/sisu.ut.ee\/wp-content\/uploads\/sites\/154\/am_ots6_l.png\" alt=\"o6\" srcset=\"https:\/\/sisu.ut.ee\/wp-content\/uploads\/sites\/154\/am_ots6_l.png 1110w, https:\/\/sisu.ut.ee\/wp-content\/uploads\/sites\/154\/am_ots6_l-300x132.png 300w, https:\/\/sisu.ut.ee\/wp-content\/uploads\/sites\/154\/am_ots6_l-1024x450.png 1024w, https:\/\/sisu.ut.ee\/wp-content\/uploads\/sites\/154\/am_ots6_l-768x338.png 768w\" sizes=\"auto, (max-width: 1110px) 100vw, 1110px\"><\/p>\n<p><img loading=\"lazy\" decoding=\"async\" width=\"936\" height=\"615\" class=\"alignnone wp-image-48\" title=\"am_ots4.jpg\" src=\"https:\/\/sisu.ut.ee\/wp-content\/uploads\/sites\/154\/am_ots4.jpg\" alt=\"o4\" srcset=\"https:\/\/sisu.ut.ee\/wp-content\/uploads\/sites\/154\/am_ots4.jpg 936w, https:\/\/sisu.ut.ee\/wp-content\/uploads\/sites\/154\/am_ots4-300x197.jpg 300w, https:\/\/sisu.ut.ee\/wp-content\/uploads\/sites\/154\/am_ots4-768x505.jpg 768w\" sizes=\"auto, (max-width: 936px) 100vw, 936px\"><\/p>\n<p><span style=\"font-size: 16px;\">S\u00f5na saab peale otsingut ka pealkirjav\u00e4ljale sisestada. Otsingu uuendamiseks vajutage <em>Update<\/em>.<\/span><\/p>\n<p><img loading=\"lazy\" decoding=\"async\" width=\"918\" height=\"634\" class=\"alignnone wp-image-49\" title=\"am_ots5_l.png\" src=\"https:\/\/sisu.ut.ee\/wp-content\/uploads\/sites\/154\/am_ots5_l.png\" alt=\"p5\" srcset=\"https:\/\/sisu.ut.ee\/wp-content\/uploads\/sites\/154\/am_ots5_l.png 918w, https:\/\/sisu.ut.ee\/wp-content\/uploads\/sites\/154\/am_ots5_l-300x207.png 300w, https:\/\/sisu.ut.ee\/wp-content\/uploads\/sites\/154\/am_ots5_l-768x530.png 768w\" sizes=\"auto, (max-width: 918px) 100vw, 918px\"><\/p>\n<p><span style=\"font-size: 16px;\"><span style=\"line-height: normal;\">Otsingul on v\u00f5imalik kasutada ka operaatoreid <em>AND<\/em> v\u00f5i <em>OR.<\/em><\/span><\/span><\/p>\n<p><img loading=\"lazy\" decoding=\"async\" width=\"1158\" height=\"888\" class=\"alignnone wp-image-51\" title=\"am_9_otsing_1_l.png\" src=\"https:\/\/sisu.ut.ee\/wp-content\/uploads\/sites\/154\/am_9_otsing_1_l.png\" alt=\"o1\" srcset=\"https:\/\/sisu.ut.ee\/wp-content\/uploads\/sites\/154\/am_9_otsing_1_l.png 1158w, https:\/\/sisu.ut.ee\/wp-content\/uploads\/sites\/154\/am_9_otsing_1_l-300x230.png 300w, https:\/\/sisu.ut.ee\/wp-content\/uploads\/sites\/154\/am_9_otsing_1_l-1024x785.png 1024w, https:\/\/sisu.ut.ee\/wp-content\/uploads\/sites\/154\/am_9_otsing_1_l-768x589.png 768w\" sizes=\"auto, (max-width: 1158px) 100vw, 1158px\"><\/p>\n<p><span style=\"font-size: 16px;\">P\u00e4rast otsingut on v\u00f5imalik otsingut kitsendada filtrite (formaat, \u00f5pikud, teemad jt.) lisamise teel.<\/span><\/p>\n<p><img loading=\"lazy\" decoding=\"async\" width=\"980\" height=\"593\" class=\"alignnone wp-image-52\" title=\"am_9_otsing_3.jpg\" src=\"https:\/\/sisu.ut.ee\/wp-content\/uploads\/sites\/154\/am_9_otsing_3.jpg\" alt=\"o3\" srcset=\"https:\/\/sisu.ut.ee\/wp-content\/uploads\/sites\/154\/am_9_otsing_3.jpg 980w, https:\/\/sisu.ut.ee\/wp-content\/uploads\/sites\/154\/am_9_otsing_3-300x182.jpg 300w, https:\/\/sisu.ut.ee\/wp-content\/uploads\/sites\/154\/am_9_otsing_3-768x465.jpg 768w\" sizes=\"auto, (max-width: 980px) 100vw, 980px\"><\/p>\n","protected":false},"excerpt":{"rendered":"<p>Sisestatud s\u00f5na otsitakse kogu AM sisust, mis on T\u00dc raamatukogu poolt ostetud, nii \u00f5pikutest, ravijuhenditest, \u00f5ppevideotest jm. Sisesta s\u00f5na otsingulahtrisse. S\u00f5na saab peale otsingut ka pealkirjav\u00e4ljale sisestada. Otsingu uuendamiseks vajutage Update. Otsingul on v\u00f5imalik kasutada ka operaatoreid AND v\u00f5i OR. &#8230;<\/p>\n","protected":false},"author":75,"featured_media":0,"parent":0,"menu_order":0,"comment_status":"closed","ping_status":"closed","template":"","meta":{"_acf_changed":false,"inline_featured_image":false,"footnotes":""},"class_list":["post-8","page","type-page","status-publish","hentry"],"acf":[],"_links":{"self":[{"href":"https:\/\/sisu.ut.ee\/accessmedicine\/wp-json\/wp\/v2\/pages\/8","targetHints":{"allow":["GET"]}}],"collection":[{"href":"https:\/\/sisu.ut.ee\/accessmedicine\/wp-json\/wp\/v2\/pages"}],"about":[{"href":"https:\/\/sisu.ut.ee\/accessmedicine\/wp-json\/wp\/v2\/types\/page"}],"author":[{"embeddable":true,"href":"https:\/\/sisu.ut.ee\/accessmedicine\/wp-json\/wp\/v2\/users\/75"}],"replies":[{"embeddable":true,"href":"https:\/\/sisu.ut.ee\/accessmedicine\/wp-json\/wp\/v2\/comments?post=8"}],"version-history":[{"count":2,"href":"https:\/\/sisu.ut.ee\/accessmedicine\/wp-json\/wp\/v2\/pages\/8\/revisions"}],"predecessor-version":[{"id":125,"href":"https:\/\/sisu.ut.ee\/accessmedicine\/wp-json\/wp\/v2\/pages\/8\/revisions\/125"}],"wp:attachment":[{"href":"https:\/\/sisu.ut.ee\/accessmedicine\/wp-json\/wp\/v2\/media?parent=8"}],"curies":[{"name":"wp","href":"https:\/\/api.w.org\/{rel}","templated":true}]}}