{"id":6,"date":"2024-04-04T01:59:01","date_gmt":"2024-04-03T22:59:01","guid":{"rendered":"https:\/\/sisu.ut.ee\/accessmedicine\/juhtumid-cases\/"},"modified":"2024-04-22T13:54:23","modified_gmt":"2024-04-22T10:54:23","slug":"juhtumid-cases","status":"publish","type":"page","link":"https:\/\/sisu.ut.ee\/accessmedicine\/juhtumid-cases\/","title":{"rendered":"Juhtumid \/ Cases"},"content":{"rendered":"<p><span style=\"font-size: 16px;\">V\u00f5imaldab \u00fcli\u00f5pilastel paremini m\u00f5ista ja hinnata erinevaid praktikas esinenud haigusjuhtumeid. Kogu haigusjuhtumist \u00fclevaate saamiseks ning\u00a0abistavate k\u00fcsimuste\u00a0ja vastuste n\u00e4gemiseks peab oma kontoga sisse logima.<\/span><\/p>\n<p><img loading=\"lazy\" decoding=\"async\" width=\"963\" height=\"829\" class=\"alignnone wp-image-40\" title=\"am_cases1.jpg\" src=\"https:\/\/sisu.ut.ee\/wp-content\/uploads\/sites\/154\/am_cases1.jpg\" alt=\"c1\" srcset=\"https:\/\/sisu.ut.ee\/wp-content\/uploads\/sites\/154\/am_cases1.jpg 963w, https:\/\/sisu.ut.ee\/wp-content\/uploads\/sites\/154\/am_cases1-300x258.jpg 300w, https:\/\/sisu.ut.ee\/wp-content\/uploads\/sites\/154\/am_cases1-768x661.jpg 768w\" sizes=\"auto, (max-width: 963px) 100vw, 963px\"><\/p>\n","protected":false},"excerpt":{"rendered":"<p>V\u00f5imaldab \u00fcli\u00f5pilastel paremini m\u00f5ista ja hinnata erinevaid praktikas esinenud haigusjuhtumeid. Kogu haigusjuhtumist \u00fclevaate saamiseks ning\u00a0abistavate k\u00fcsimuste\u00a0ja vastuste n\u00e4gemiseks peab oma kontoga sisse logima.<\/p>\n","protected":false},"author":75,"featured_media":0,"parent":0,"menu_order":0,"comment_status":"closed","ping_status":"closed","template":"","meta":{"_acf_changed":false,"inline_featured_image":false,"footnotes":""},"class_list":["post-6","page","type-page","status-publish","hentry"],"acf":[],"_links":{"self":[{"href":"https:\/\/sisu.ut.ee\/accessmedicine\/wp-json\/wp\/v2\/pages\/6","targetHints":{"allow":["GET"]}}],"collection":[{"href":"https:\/\/sisu.ut.ee\/accessmedicine\/wp-json\/wp\/v2\/pages"}],"about":[{"href":"https:\/\/sisu.ut.ee\/accessmedicine\/wp-json\/wp\/v2\/types\/page"}],"author":[{"embeddable":true,"href":"https:\/\/sisu.ut.ee\/accessmedicine\/wp-json\/wp\/v2\/users\/75"}],"replies":[{"embeddable":true,"href":"https:\/\/sisu.ut.ee\/accessmedicine\/wp-json\/wp\/v2\/comments?post=6"}],"version-history":[{"count":2,"href":"https:\/\/sisu.ut.ee\/accessmedicine\/wp-json\/wp\/v2\/pages\/6\/revisions"}],"predecessor-version":[{"id":132,"href":"https:\/\/sisu.ut.ee\/accessmedicine\/wp-json\/wp\/v2\/pages\/6\/revisions\/132"}],"wp:attachment":[{"href":"https:\/\/sisu.ut.ee\/accessmedicine\/wp-json\/wp\/v2\/media?parent=6"}],"curies":[{"name":"wp","href":"https:\/\/api.w.org\/{rel}","templated":true}]}}