{"id":4,"date":"2024-04-04T01:59:00","date_gmt":"2024-04-03T22:59:00","guid":{"rendered":"https:\/\/sisu.ut.ee\/accessmedicine\/multimedia-multimeedia-kogu\/"},"modified":"2024-04-22T14:00:30","modified_gmt":"2024-04-22T11:00:30","slug":"multimedia-multimeedia-kogu","status":"publish","type":"page","link":"https:\/\/sisu.ut.ee\/accessmedicine\/multimedia-multimeedia-kogu\/","title":{"rendered":"Multimeedia \/ Multimedia"},"content":{"rendered":"<p><span style=\"font-size: 16px;\">Multimeedia rubriigi alt leiab auskultatoorseid \u00f5ppevideoid nii\u00a0f\u00fcsioloogilistest kui\u00a0patof\u00fcsioloogilisest seisunditest;\u00a0piltdiagnostilist materjali elundkondade kaupa;<\/span>\u00a0<span style=\"font-size: 16px;\">inimese anatoomia 3D mudeleid;\u00a0videoloenguid anatoomiast, diagnostikast, geneetikast, neuroloogiast ja farmakoloogiast; \u00f5ppevideoid patsientidega suhtlemisest; \u00f5ppemooduleid patsientide ohutuse ja turvalisuse tagamisest;\u00a0farmakoloogilisi animatsioone;\u00a0l\u00e4bivaatluste ja protseduuride videoid.<\/span><\/p>\n<p><span style=\"font-size: 16px;\">Auskultatoorsed\u00a0\u00f5ppevideod.<\/span><\/p>\n<p><img loading=\"lazy\" decoding=\"async\" width=\"1048\" height=\"764\" class=\"alignnone wp-image-28\" title=\"am_mm_1_l.png\" src=\"https:\/\/sisu.ut.ee\/wp-content\/uploads\/sites\/154\/am_mm_1_l.png\" alt=\"M1\" srcset=\"https:\/\/sisu.ut.ee\/wp-content\/uploads\/sites\/154\/am_mm_1_l.png 1048w, https:\/\/sisu.ut.ee\/wp-content\/uploads\/sites\/154\/am_mm_1_l-300x219.png 300w, https:\/\/sisu.ut.ee\/wp-content\/uploads\/sites\/154\/am_mm_1_l-1024x747.png 1024w, https:\/\/sisu.ut.ee\/wp-content\/uploads\/sites\/154\/am_mm_1_l-768x560.png 768w\" sizes=\"auto, (max-width: 1048px) 100vw, 1048px\"><\/p>\n<p><span style=\"font-size: 16px;\">Piltdiagnostiline materjal elundkondade kaupa.<\/span><\/p>\n<p><img loading=\"lazy\" decoding=\"async\" width=\"1173\" height=\"877\" class=\"alignnone wp-image-29\" title=\"am_mm_2_l.png\" src=\"https:\/\/sisu.ut.ee\/wp-content\/uploads\/sites\/154\/am_mm_2_l.png\" alt=\"M2\" srcset=\"https:\/\/sisu.ut.ee\/wp-content\/uploads\/sites\/154\/am_mm_2_l.png 1173w, https:\/\/sisu.ut.ee\/wp-content\/uploads\/sites\/154\/am_mm_2_l-300x224.png 300w, https:\/\/sisu.ut.ee\/wp-content\/uploads\/sites\/154\/am_mm_2_l-1024x766.png 1024w, https:\/\/sisu.ut.ee\/wp-content\/uploads\/sites\/154\/am_mm_2_l-768x574.png 768w\" sizes=\"auto, (max-width: 1173px) 100vw, 1173px\"><\/p>\n<p><span style=\"font-size: 16px;\">Inimese anatoomia mudelid.<\/span><\/p>\n<p><img loading=\"lazy\" decoding=\"async\" width=\"1054\" height=\"891\" class=\"alignnone wp-image-30\" title=\"am_mm_3_l.png\" src=\"https:\/\/sisu.ut.ee\/wp-content\/uploads\/sites\/154\/am_mm_3_l.png\" alt=\"M3\" srcset=\"https:\/\/sisu.ut.ee\/wp-content\/uploads\/sites\/154\/am_mm_3_l.png 1054w, https:\/\/sisu.ut.ee\/wp-content\/uploads\/sites\/154\/am_mm_3_l-300x254.png 300w, https:\/\/sisu.ut.ee\/wp-content\/uploads\/sites\/154\/am_mm_3_l-1024x866.png 1024w, https:\/\/sisu.ut.ee\/wp-content\/uploads\/sites\/154\/am_mm_3_l-768x649.png 768w\" sizes=\"auto, (max-width: 1054px) 100vw, 1054px\"><\/p>\n<p><span style=\"font-size: 16px;\">Inimese anatoomia mudeliga tutvumiseks vali \u00fcks mudelitest. Selle kuvamine v\u00f5tab m\u00f5ne hetke aega. Otsingu tegemiseks vajuta suurendusklaasil, seej\u00e4rel avaneb vasakul otsingumen\u00fc\u00fc elundkondade kaupa. Otsingu tegemiseks on v\u00f5imalik kasutada\u00a0 ka otsingulahtrit.<\/span><\/p>\n<p><img loading=\"lazy\" decoding=\"async\" width=\"1193\" height=\"756\" class=\"alignnone wp-image-31\" title=\"am_mud_4_l.png\" src=\"https:\/\/sisu.ut.ee\/wp-content\/uploads\/sites\/154\/am_mud_4_l.png\" alt=\"mu4\" srcset=\"https:\/\/sisu.ut.ee\/wp-content\/uploads\/sites\/154\/am_mud_4_l.png 1193w, https:\/\/sisu.ut.ee\/wp-content\/uploads\/sites\/154\/am_mud_4_l-300x190.png 300w, https:\/\/sisu.ut.ee\/wp-content\/uploads\/sites\/154\/am_mud_4_l-1024x649.png 1024w, https:\/\/sisu.ut.ee\/wp-content\/uploads\/sites\/154\/am_mud_4_l-768x487.png 768w\" sizes=\"auto, (max-width: 1193px) 100vw, 1193px\"><\/p>\n<p><span style=\"font-size: 16px;\">Kl\u00f5psates vasaku hiirekl\u00f5psuga mudelil, kuvatakse vastav nimetus.<\/span><\/p>\n<p><img loading=\"lazy\" decoding=\"async\" width=\"1203\" height=\"777\" class=\"alignnone wp-image-32\" title=\"am_mud_5_l.png\" src=\"https:\/\/sisu.ut.ee\/wp-content\/uploads\/sites\/154\/am_mud_5_l.png\" alt=\"Mu5\" srcset=\"https:\/\/sisu.ut.ee\/wp-content\/uploads\/sites\/154\/am_mud_5_l.png 1203w, https:\/\/sisu.ut.ee\/wp-content\/uploads\/sites\/154\/am_mud_5_l-300x194.png 300w, https:\/\/sisu.ut.ee\/wp-content\/uploads\/sites\/154\/am_mud_5_l-1024x661.png 1024w, https:\/\/sisu.ut.ee\/wp-content\/uploads\/sites\/154\/am_mud_5_l-768x496.png 768w\" sizes=\"auto, (max-width: 1203px) 100vw, 1203px\"><\/p>\n<p><span style=\"font-size: 16px;\">Mudeli all oleval pliiatsil vajutades avanevad t\u00e4iendavad otsimise abivahendid (Explore Tools),\u00a03D mudeli avamiseks tuleb vajutada mudeli all paremal oleval noolel (Expand 3D controls).<\/span><\/p>\n<p><img loading=\"lazy\" decoding=\"async\" width=\"1197\" height=\"749\" class=\"alignnone wp-image-33\" title=\"am_mud_6_l.png\" src=\"https:\/\/sisu.ut.ee\/wp-content\/uploads\/sites\/154\/am_mud_6_l.png\" alt=\"Mu6\" srcset=\"https:\/\/sisu.ut.ee\/wp-content\/uploads\/sites\/154\/am_mud_6_l.png 1197w, https:\/\/sisu.ut.ee\/wp-content\/uploads\/sites\/154\/am_mud_6_l-300x188.png 300w, https:\/\/sisu.ut.ee\/wp-content\/uploads\/sites\/154\/am_mud_6_l-1024x641.png 1024w, https:\/\/sisu.ut.ee\/wp-content\/uploads\/sites\/154\/am_mud_6_l-768x481.png 768w\" sizes=\"auto, (max-width: 1197px) 100vw, 1197px\"><\/p>\n<p><span style=\"font-size: 16px;\">Pluss m\u00e4rgil vajutades saab mudelit suurendada. Mudeli p\u00f6\u00f6ramisfunktsiooni sissel\u00fclitamiseks tuleb vajutada \u00fclemisel ristil, mudeli soovitud suunas p\u00f6\u00f6ramiseks tuleb hiirega m\u00f6\u00f6da mudelit selles suunas t\u00f5mmata. Vajutades punktile\u00a0taastub mudeli algasend.<\/span><\/p>\n<p><img loading=\"lazy\" decoding=\"async\" width=\"1224\" height=\"716\" class=\"alignnone wp-image-34\" title=\"am_mud_8_l.png\" src=\"https:\/\/sisu.ut.ee\/wp-content\/uploads\/sites\/154\/am_mud_8_l.png\" alt=\"Mu8\" srcset=\"https:\/\/sisu.ut.ee\/wp-content\/uploads\/sites\/154\/am_mud_8_l.png 1224w, https:\/\/sisu.ut.ee\/wp-content\/uploads\/sites\/154\/am_mud_8_l-300x175.png 300w, https:\/\/sisu.ut.ee\/wp-content\/uploads\/sites\/154\/am_mud_8_l-1024x599.png 1024w, https:\/\/sisu.ut.ee\/wp-content\/uploads\/sites\/154\/am_mud_8_l-768x449.png 768w\" sizes=\"auto, (max-width: 1224px) 100vw, 1224px\"><\/p>\n","protected":false},"excerpt":{"rendered":"<p>Multimeedia rubriigi alt leiab auskultatoorseid \u00f5ppevideoid nii\u00a0f\u00fcsioloogilistest kui\u00a0patof\u00fcsioloogilisest seisunditest;\u00a0piltdiagnostilist materjali elundkondade kaupa;\u00a0inimese anatoomia 3D mudeleid;\u00a0videoloenguid anatoomiast, diagnostikast, geneetikast, neuroloogiast ja farmakoloogiast; \u00f5ppevideoid patsientidega suhtlemisest; \u00f5ppemooduleid patsientide ohutuse ja turvalisuse tagamisest;\u00a0farmakoloogilisi animatsioone;\u00a0l\u00e4bivaatluste ja protseduuride videoid. Auskultatoorsed\u00a0\u00f5ppevideod. Piltdiagnostiline materjal elundkondade kaupa. Inimese &#8230;<\/p>\n","protected":false},"author":75,"featured_media":0,"parent":0,"menu_order":0,"comment_status":"closed","ping_status":"closed","template":"","meta":{"_acf_changed":false,"inline_featured_image":false,"footnotes":""},"class_list":["post-4","page","type-page","status-publish","hentry"],"acf":[],"_links":{"self":[{"href":"https:\/\/sisu.ut.ee\/accessmedicine\/wp-json\/wp\/v2\/pages\/4","targetHints":{"allow":["GET"]}}],"collection":[{"href":"https:\/\/sisu.ut.ee\/accessmedicine\/wp-json\/wp\/v2\/pages"}],"about":[{"href":"https:\/\/sisu.ut.ee\/accessmedicine\/wp-json\/wp\/v2\/types\/page"}],"author":[{"embeddable":true,"href":"https:\/\/sisu.ut.ee\/accessmedicine\/wp-json\/wp\/v2\/users\/75"}],"replies":[{"embeddable":true,"href":"https:\/\/sisu.ut.ee\/accessmedicine\/wp-json\/wp\/v2\/comments?post=4"}],"version-history":[{"count":2,"href":"https:\/\/sisu.ut.ee\/accessmedicine\/wp-json\/wp\/v2\/pages\/4\/revisions"}],"predecessor-version":[{"id":131,"href":"https:\/\/sisu.ut.ee\/accessmedicine\/wp-json\/wp\/v2\/pages\/4\/revisions\/131"}],"wp:attachment":[{"href":"https:\/\/sisu.ut.ee\/accessmedicine\/wp-json\/wp\/v2\/media?parent=4"}],"curies":[{"name":"wp","href":"https:\/\/api.w.org\/{rel}","templated":true}]}}