{"id":3,"date":"2024-04-04T01:59:00","date_gmt":"2024-04-03T22:59:00","guid":{"rendered":"https:\/\/sisu.ut.ee\/accessmedicine\/quick-reference-kiirteatmestu\/"},"modified":"2024-04-22T13:51:19","modified_gmt":"2024-04-22T10:51:19","slug":"quick-reference-kiirteatmestu","status":"publish","type":"page","link":"https:\/\/sisu.ut.ee\/accessmedicine\/quick-reference-kiirteatmestu\/","title":{"rendered":"Kiirteatmestu \/ Quick Reference"},"content":{"rendered":"<p><span style=\"font-size: 16px;\">Siit leiate erinevat teatmematerjali.<\/span><\/p>\n<p><img loading=\"lazy\" decoding=\"async\" width=\"361\" height=\"428\" class=\"alignnone wp-image-20\" title=\"am_3_kiir_1.jpg\" src=\"https:\/\/sisu.ut.ee\/wp-content\/uploads\/sites\/154\/am_3_kiir_1.jpg\" alt=\"P1\" srcset=\"https:\/\/sisu.ut.ee\/wp-content\/uploads\/sites\/154\/am_3_kiir_1.jpg 361w, https:\/\/sisu.ut.ee\/wp-content\/uploads\/sites\/154\/am_3_kiir_1-253x300.jpg 253w\" sizes=\"auto, (max-width: 361px) 100vw, 361px\"><\/p>\n<p><span style=\"font-size: 16px;\"><span style=\"line-height: 107%;\"><strong><em>DDx<\/em><\/strong> (diferentsiaaldiagnoosid) Diagnosauruse abil saab otsida s\u00fcmptomite, haiguste v\u00f5i elundkondade j\u00e4rgi<\/span>.<\/span><\/p>\n<p><img loading=\"lazy\" decoding=\"async\" width=\"1103\" height=\"858\" class=\"alignnone wp-image-21\" title=\"am_3_kiir_2_l.png\" src=\"https:\/\/sisu.ut.ee\/wp-content\/uploads\/sites\/154\/am_3_kiir_2_l.png\" alt=\"P2\" srcset=\"https:\/\/sisu.ut.ee\/wp-content\/uploads\/sites\/154\/am_3_kiir_2_l.png 1103w, https:\/\/sisu.ut.ee\/wp-content\/uploads\/sites\/154\/am_3_kiir_2_l-300x233.png 300w, https:\/\/sisu.ut.ee\/wp-content\/uploads\/sites\/154\/am_3_kiir_2_l-1024x797.png 1024w, https:\/\/sisu.ut.ee\/wp-content\/uploads\/sites\/154\/am_3_kiir_2_l-768x597.png 768w\" sizes=\"auto, (max-width: 1103px) 100vw, 1103px\"><\/p>\n<p><span style=\"font-size: 16px;\"><span style=\"line-height: 107%;\"><strong>Diagnostiliste testide<\/strong> alt leiate enim kasutatavaid biokeemia, hematoloogia, immunoloogia, mikrobioloogia, farmakogeneetika, molekulaargeneetika jm\u00a0teemalisi teste. Samuti erinevaid diagnostilisi\u00a0kujutisi (radiograafia, CT, MRI, ultrasonograafia EKG jm) ning infot\u00a0nende kasutamise ja interpreteerimise kohta diferentsiaaldiagnostikas. Abiks on erinevad diagnostilised algoritmid ja nomogrammid.<\/span><\/span><\/p>\n<p><img loading=\"lazy\" decoding=\"async\" width=\"1111\" height=\"772\" class=\"alignnone wp-image-22\" title=\"am_3_kiir_3.jpg\" src=\"https:\/\/sisu.ut.ee\/wp-content\/uploads\/sites\/154\/am_3_kiir_3.jpg\" alt=\"P3\" srcset=\"https:\/\/sisu.ut.ee\/wp-content\/uploads\/sites\/154\/am_3_kiir_3.jpg 1111w, https:\/\/sisu.ut.ee\/wp-content\/uploads\/sites\/154\/am_3_kiir_3-300x208.jpg 300w, https:\/\/sisu.ut.ee\/wp-content\/uploads\/sites\/154\/am_3_kiir_3-1024x712.jpg 1024w, https:\/\/sisu.ut.ee\/wp-content\/uploads\/sites\/154\/am_3_kiir_3-768x534.jpg 768w\" sizes=\"auto, (max-width: 1111px) 100vw, 1111px\"><\/p>\n<p><span style=\"font-size: 16px;\"><strong><em>Goodman &amp; Gilman\u2019s: Annual FDA Approvals<\/em><\/strong> alt leiate infot ravimite kohta.<\/span><\/p>\n<p><img loading=\"lazy\" decoding=\"async\" width=\"1096\" height=\"746\" class=\"alignnone wp-image-23\" title=\"am_3_kiir_4.jpg\" src=\"https:\/\/sisu.ut.ee\/wp-content\/uploads\/sites\/154\/am_3_kiir_4.jpg\" alt=\"P4\" srcset=\"https:\/\/sisu.ut.ee\/wp-content\/uploads\/sites\/154\/am_3_kiir_4.jpg 1096w, https:\/\/sisu.ut.ee\/wp-content\/uploads\/sites\/154\/am_3_kiir_4-300x204.jpg 300w, https:\/\/sisu.ut.ee\/wp-content\/uploads\/sites\/154\/am_3_kiir_4-1024x697.jpg 1024w, https:\/\/sisu.ut.ee\/wp-content\/uploads\/sites\/154\/am_3_kiir_4-768x523.jpg 768w\" sizes=\"auto, (max-width: 1096px) 100vw, 1096px\"><\/p>\n<p><span style=\"font-size: 16px;\"><em><strong>Guidelines<\/strong><\/em> alalehtede alt leiate erinevate haiguste ravimise juhendid.<\/span><\/p>\n<p><img loading=\"lazy\" decoding=\"async\" width=\"905\" height=\"845\" class=\"alignnone wp-image-24\" title=\"am_3_kiir_5.jpg\" src=\"https:\/\/sisu.ut.ee\/wp-content\/uploads\/sites\/154\/am_3_kiir_5.jpg\" alt=\"P5\" srcset=\"https:\/\/sisu.ut.ee\/wp-content\/uploads\/sites\/154\/am_3_kiir_5.jpg 905w, https:\/\/sisu.ut.ee\/wp-content\/uploads\/sites\/154\/am_3_kiir_5-300x280.jpg 300w, https:\/\/sisu.ut.ee\/wp-content\/uploads\/sites\/154\/am_3_kiir_5-768x717.jpg 768w\" sizes=\"auto, (max-width: 905px) 100vw, 905px\"><\/p>\n<p><span style=\"font-size: 16px;\"><em><strong>QMDT<\/strong><\/em> (<span style=\"line-height: 107%;\">Quick Medical Diagnostic Tests)\u00a0alt leiate \u00fcle 950 haiguste s\u00fcmptomeid, diagnostiliste protseduuride ja laboratoorsete testide kirjeldusi ning ravijuhised.<\/span><\/span><\/p>\n<p><img loading=\"lazy\" decoding=\"async\" width=\"1042\" height=\"813\" class=\"alignnone wp-image-25\" title=\"am_3_kiir_7_2.jpg\" src=\"https:\/\/sisu.ut.ee\/wp-content\/uploads\/sites\/154\/am_3_kiir_7_2.jpg\" alt=\"P6\" srcset=\"https:\/\/sisu.ut.ee\/wp-content\/uploads\/sites\/154\/am_3_kiir_7_2.jpg 1042w, https:\/\/sisu.ut.ee\/wp-content\/uploads\/sites\/154\/am_3_kiir_7_2-300x234.jpg 300w, https:\/\/sisu.ut.ee\/wp-content\/uploads\/sites\/154\/am_3_kiir_7_2-1024x799.jpg 1024w, https:\/\/sisu.ut.ee\/wp-content\/uploads\/sites\/154\/am_3_kiir_7_2-768x599.jpg 768w\" sizes=\"auto, (max-width: 1042px) 100vw, 1042px\"><\/p>\n<p><span style=\"font-size: 16px;\">Iga haiguse puhul tuuakse v\u00e4lja p\u00f5hitunnused, s\u00fcmptomid, diagnostika, ravi, antakse edasine prognoos.<\/span><\/p>\n<p><img loading=\"lazy\" decoding=\"async\" width=\"1192\" height=\"840\" class=\"alignnone wp-image-26\" title=\"am_3_kiir_7_1.jpg\" src=\"https:\/\/sisu.ut.ee\/wp-content\/uploads\/sites\/154\/am_3_kiir_7_1.jpg\" alt=\"P7\" srcset=\"https:\/\/sisu.ut.ee\/wp-content\/uploads\/sites\/154\/am_3_kiir_7_1.jpg 1192w, https:\/\/sisu.ut.ee\/wp-content\/uploads\/sites\/154\/am_3_kiir_7_1-300x211.jpg 300w, https:\/\/sisu.ut.ee\/wp-content\/uploads\/sites\/154\/am_3_kiir_7_1-1024x722.jpg 1024w, https:\/\/sisu.ut.ee\/wp-content\/uploads\/sites\/154\/am_3_kiir_7_1-768x541.jpg 768w\" sizes=\"auto, (max-width: 1192px) 100vw, 1192px\"><\/p>\n","protected":false},"excerpt":{"rendered":"<p>Siit leiate erinevat teatmematerjali. DDx (diferentsiaaldiagnoosid) Diagnosauruse abil saab otsida s\u00fcmptomite, haiguste v\u00f5i elundkondade j\u00e4rgi. Diagnostiliste testide alt leiate enim kasutatavaid biokeemia, hematoloogia, immunoloogia, mikrobioloogia, farmakogeneetika, molekulaargeneetika jm\u00a0teemalisi teste. Samuti erinevaid diagnostilisi\u00a0kujutisi (radiograafia, CT, MRI, ultrasonograafia EKG jm) ning infot\u00a0nende &#8230;<\/p>\n","protected":false},"author":75,"featured_media":0,"parent":0,"menu_order":0,"comment_status":"closed","ping_status":"closed","template":"","meta":{"_acf_changed":false,"inline_featured_image":false,"footnotes":""},"class_list":["post-3","page","type-page","status-publish","hentry"],"acf":[],"_links":{"self":[{"href":"https:\/\/sisu.ut.ee\/accessmedicine\/wp-json\/wp\/v2\/pages\/3","targetHints":{"allow":["GET"]}}],"collection":[{"href":"https:\/\/sisu.ut.ee\/accessmedicine\/wp-json\/wp\/v2\/pages"}],"about":[{"href":"https:\/\/sisu.ut.ee\/accessmedicine\/wp-json\/wp\/v2\/types\/page"}],"author":[{"embeddable":true,"href":"https:\/\/sisu.ut.ee\/accessmedicine\/wp-json\/wp\/v2\/users\/75"}],"replies":[{"embeddable":true,"href":"https:\/\/sisu.ut.ee\/accessmedicine\/wp-json\/wp\/v2\/comments?post=3"}],"version-history":[{"count":2,"href":"https:\/\/sisu.ut.ee\/accessmedicine\/wp-json\/wp\/v2\/pages\/3\/revisions"}],"predecessor-version":[{"id":129,"href":"https:\/\/sisu.ut.ee\/accessmedicine\/wp-json\/wp\/v2\/pages\/3\/revisions\/129"}],"wp:attachment":[{"href":"https:\/\/sisu.ut.ee\/accessmedicine\/wp-json\/wp\/v2\/media?parent=3"}],"curies":[{"name":"wp","href":"https:\/\/api.w.org\/{rel}","templated":true}]}}