{"id":14,"date":"2024-04-04T01:59:01","date_gmt":"2024-04-03T22:59:01","guid":{"rendered":"https:\/\/sisu.ut.ee\/accessmedicine\/konto-loomine\/"},"modified":"2024-04-22T13:48:51","modified_gmt":"2024-04-22T10:48:51","slug":"konto-loomine","status":"publish","type":"page","link":"https:\/\/sisu.ut.ee\/accessmedicine\/konto-loomine\/","title":{"rendered":"Konto loomine"},"content":{"rendered":"<p><span style=\"font-size: 16px;\"><span style=\"line-height: normal;\">Soovitatav on luua <em>My Access konto<\/em>, mis v\u00f5imaldab:<\/span><\/span><\/p>\n<ul>\n<li><span style=\"font-size: 16px;\"><span style=\"line-height: normal;\">andmebaasi kasutada ka v\u00e4ljaspool T\u00dc arvutiv\u00f5rku.<\/span><\/span><\/li>\n<\/ul>\n<ul>\n<li><span style=\"font-size: 16px;\"><span style=\"line-height: normal;\">oma teadmiste t\u00e4iendamiseks ja kontrolliks luua ja salvestada erinevaid kontrollteste.<\/span><\/span><\/li>\n<\/ul>\n<ul>\n<li><span style=\"font-size: 16px;\"><span style=\"line-height: normal;\">salvestada \u00f5pikupeat\u00fckke, videosid, juhtumite kirjeldusi, tabeleid jm.<\/span><\/span><\/li>\n<li><span style=\"font-size: 16px;\"><span style=\"line-height: normal;\">n\u00e4ha viimati vaadatud tekste.<\/span><\/span><\/li>\n<\/ul>\n<p><span style=\"font-size: 16px;\"><span style=\"line-height: normal;\">Konto loomiseks peate olema T\u00dc arvutiv\u00f5rgus.<\/span><\/span><\/p>\n<ul>\n<li><span style=\"font-size: 16px;\"><span style=\"line-height: normal;\">kl\u00f5psa<i> Sign in or Create a Free MyAccess Profile<\/i><\/span><\/span><\/li>\n<\/ul>\n<p><img loading=\"lazy\" decoding=\"async\" width=\"1224\" height=\"245\" class=\"alignnone wp-image-69\" title=\"am_konto_loomine_1_l.png\" src=\"https:\/\/sisu.ut.ee\/wp-content\/uploads\/sites\/154\/am_konto_loomine_1_l.png\" alt=\"pilt\" srcset=\"https:\/\/sisu.ut.ee\/wp-content\/uploads\/sites\/154\/am_konto_loomine_1_l.png 1224w, https:\/\/sisu.ut.ee\/wp-content\/uploads\/sites\/154\/am_konto_loomine_1_l-300x60.png 300w, https:\/\/sisu.ut.ee\/wp-content\/uploads\/sites\/154\/am_konto_loomine_1_l-1024x205.png 1024w, https:\/\/sisu.ut.ee\/wp-content\/uploads\/sites\/154\/am_konto_loomine_1_l-768x154.png 768w\" sizes=\"auto, (max-width: 1224px) 100vw, 1224px\"><\/p>\n<p><span style=\"font-size: 16px;\"><span style=\"line-height: normal;\">Avaneb allj\u00e4rgnev kast.<\/span><\/span><\/p>\n<ul>\n<li><span style=\"font-size: 16px;\">vali <i>Create a Free MyAccess<\/i> Profile<\/span><\/li>\n<\/ul>\n<p><img loading=\"lazy\" decoding=\"async\" width=\"606\" height=\"540\" class=\"alignnone wp-image-70\" title=\"am_konto_loomine_2_l.png\" src=\"https:\/\/sisu.ut.ee\/wp-content\/uploads\/sites\/154\/am_konto_loomine_2_l.png\" alt=\"Pilt2\" srcset=\"https:\/\/sisu.ut.ee\/wp-content\/uploads\/sites\/154\/am_konto_loomine_2_l.png 606w, https:\/\/sisu.ut.ee\/wp-content\/uploads\/sites\/154\/am_konto_loomine_2_l-300x267.png 300w\" sizes=\"auto, (max-width: 606px) 100vw, 606px\"><\/p>\n<p><span style=\"font-size: 16px;\">T\u00e4ida n\u00f5utud lahtrid.<\/span><\/p>\n<p><img loading=\"lazy\" decoding=\"async\" width=\"432\" height=\"869\" class=\"alignnone wp-image-71\" title=\"am_konto_loomine_3_l.jpg\" src=\"https:\/\/sisu.ut.ee\/wp-content\/uploads\/sites\/154\/am_konto_loomine_3_l.jpg\" alt=\"Pilt3\" srcset=\"https:\/\/sisu.ut.ee\/wp-content\/uploads\/sites\/154\/am_konto_loomine_3_l.jpg 432w, https:\/\/sisu.ut.ee\/wp-content\/uploads\/sites\/154\/am_konto_loomine_3_l-149x300.jpg 149w\" sizes=\"auto, (max-width: 432px) 100vw, 432px\"><\/p>\n<p><span style=\"font-size: 16px;\"><span style=\"line-height: 107%;\">Konto loomise j\u00e4rel olete sisse logitud, n\u00fc\u00fcd ilmub \u00fclemisele reale Tartu \u00dclikooli raamatukogu k\u00f5rvale teie nimi.<\/span><\/span><\/p>\n<p><img loading=\"lazy\" decoding=\"async\" width=\"1189\" height=\"551\" class=\"alignnone wp-image-73\" title=\"am_konto_loomine_6_l.png\" src=\"https:\/\/sisu.ut.ee\/wp-content\/uploads\/sites\/154\/am_konto_loomine_6_l.png\" alt=\"Pilt 6\" srcset=\"https:\/\/sisu.ut.ee\/wp-content\/uploads\/sites\/154\/am_konto_loomine_6_l.png 1189w, https:\/\/sisu.ut.ee\/wp-content\/uploads\/sites\/154\/am_konto_loomine_6_l-300x139.png 300w, https:\/\/sisu.ut.ee\/wp-content\/uploads\/sites\/154\/am_konto_loomine_6_l-1024x475.png 1024w, https:\/\/sisu.ut.ee\/wp-content\/uploads\/sites\/154\/am_konto_loomine_6_l-768x356.png 768w\" sizes=\"auto, (max-width: 1189px) 100vw, 1189px\"><\/p>\n<p><span style=\"font-size: 16px;\"><span style=\"line-height: normal;\">Oma <em>My Access<\/em> kontosse sisse logituna saate teha otsinguid, salvestada peat\u00fckke, jooniseid, videosid jm. <i>My Favorites<\/i> kausta. Selleks tuleb vajutada peat\u00fckkide, jooniste, videote pealkirjade k\u00f5rval olevale t\u00e4rnile.<\/span><\/span><\/p>\n<p><img loading=\"lazy\" decoding=\"async\" width=\"1153\" height=\"731\" class=\"alignnone wp-image-72\" title=\"am_konto_loomine_4_l.png\" src=\"https:\/\/sisu.ut.ee\/wp-content\/uploads\/sites\/154\/am_konto_loomine_4_l.png\" alt=\"pilt 4\" srcset=\"https:\/\/sisu.ut.ee\/wp-content\/uploads\/sites\/154\/am_konto_loomine_4_l.png 1153w, https:\/\/sisu.ut.ee\/wp-content\/uploads\/sites\/154\/am_konto_loomine_4_l-300x190.png 300w, https:\/\/sisu.ut.ee\/wp-content\/uploads\/sites\/154\/am_konto_loomine_4_l-1024x649.png 1024w, https:\/\/sisu.ut.ee\/wp-content\/uploads\/sites\/154\/am_konto_loomine_4_l-768x487.png 768w\" sizes=\"auto, (max-width: 1153px) 100vw, 1153px\"><\/p>\n<p><span style=\"font-size: 16px;\">Valides konto alt\u00a0<i>My settings,<\/i> on v\u00f5imalik redigeerida oma profiili.<\/span><\/p>\n<p><img loading=\"lazy\" decoding=\"async\" width=\"1181\" height=\"857\" class=\"alignnone wp-image-74\" title=\"am_konto_loomine_5_l.png\" src=\"https:\/\/sisu.ut.ee\/wp-content\/uploads\/sites\/154\/am_konto_loomine_5_l.png\" alt=\"Pilt 5\" srcset=\"https:\/\/sisu.ut.ee\/wp-content\/uploads\/sites\/154\/am_konto_loomine_5_l.png 1181w, https:\/\/sisu.ut.ee\/wp-content\/uploads\/sites\/154\/am_konto_loomine_5_l-300x218.png 300w, https:\/\/sisu.ut.ee\/wp-content\/uploads\/sites\/154\/am_konto_loomine_5_l-1024x743.png 1024w, https:\/\/sisu.ut.ee\/wp-content\/uploads\/sites\/154\/am_konto_loomine_5_l-768x557.png 768w\" sizes=\"auto, (max-width: 1181px) 100vw, 1181px\"><\/p>\n<p><span style=\"font-size: 16px;\"><span style=\"line-height: normal;\">Samuti n\u00e4ha viimati vaadatud tekste ja\u00a0koostatud enesekontrolliteste<\/span>.<\/span><\/p>\n<p><span style=\"font-size: 16px;\"><span style=\"line-height: normal;\"><em>My Access<\/em> kontot peab aktiveerima iga 90 p\u00e4eva tagant.<\/span><\/span><\/p>\n","protected":false},"excerpt":{"rendered":"<p>Soovitatav on luua My Access konto, mis v\u00f5imaldab: andmebaasi kasutada ka v\u00e4ljaspool T\u00dc arvutiv\u00f5rku. oma teadmiste t\u00e4iendamiseks ja kontrolliks luua ja salvestada erinevaid kontrollteste. salvestada \u00f5pikupeat\u00fckke, videosid, juhtumite kirjeldusi, tabeleid jm. n\u00e4ha viimati vaadatud tekste. Konto loomiseks peate olema T\u00dc &#8230;<\/p>\n","protected":false},"author":75,"featured_media":0,"parent":0,"menu_order":0,"comment_status":"closed","ping_status":"closed","template":"","meta":{"_acf_changed":false,"inline_featured_image":false,"footnotes":""},"class_list":["post-14","page","type-page","status-publish","hentry"],"acf":[],"_links":{"self":[{"href":"https:\/\/sisu.ut.ee\/accessmedicine\/wp-json\/wp\/v2\/pages\/14","targetHints":{"allow":["GET"]}}],"collection":[{"href":"https:\/\/sisu.ut.ee\/accessmedicine\/wp-json\/wp\/v2\/pages"}],"about":[{"href":"https:\/\/sisu.ut.ee\/accessmedicine\/wp-json\/wp\/v2\/types\/page"}],"author":[{"embeddable":true,"href":"https:\/\/sisu.ut.ee\/accessmedicine\/wp-json\/wp\/v2\/users\/75"}],"replies":[{"embeddable":true,"href":"https:\/\/sisu.ut.ee\/accessmedicine\/wp-json\/wp\/v2\/comments?post=14"}],"version-history":[{"count":2,"href":"https:\/\/sisu.ut.ee\/accessmedicine\/wp-json\/wp\/v2\/pages\/14\/revisions"}],"predecessor-version":[{"id":126,"href":"https:\/\/sisu.ut.ee\/accessmedicine\/wp-json\/wp\/v2\/pages\/14\/revisions\/126"}],"wp:attachment":[{"href":"https:\/\/sisu.ut.ee\/accessmedicine\/wp-json\/wp\/v2\/media?parent=14"}],"curies":[{"name":"wp","href":"https:\/\/api.w.org\/{rel}","templated":true}]}}