{"id":13,"date":"2024-04-04T01:59:01","date_gmt":"2024-04-03T22:59:01","guid":{"rendered":"https:\/\/sisu.ut.ee\/accessmedicine\/access-medicine-koosneb\/"},"modified":"2024-04-22T13:50:27","modified_gmt":"2024-04-22T10:50:27","slug":"access-medicine-koosneb","status":"publish","type":"page","link":"https:\/\/sisu.ut.ee\/accessmedicine\/access-medicine-koosneb\/","title":{"rendered":"Raamatud"},"content":{"rendered":"<p>Access Medicine\u2019ist leiate\u00a0\u00fcle 100 \u00f5piku, mis on abiks \u00fcli\u00f5pilastele ja residentidele nende meditsiini\u00f5pingutel. Access Medicine\u2019i uuendatakse pidevalt \u00f5pikute viimaste v\u00e4ljaannetega, siit leiab meditsiini\u00f5pinguteks olulised ja vajaminevad: <i>Harrison\u2019s Principles of Internal Medicine\u2019<\/i>i ja <i>CURRENT Medical Diagnosis &amp; Treatment\u2019<\/i>i<i>.<\/i><\/p>\n<p><span style=\"font-size: 16px;\"><span style=\"line-height: normal;\">Avades raamatute aknast raamatukogu vaate, saate \u00f5pikute jaotuse erialati.<\/span><\/span><\/p>\n<p style=\"margin-left: 36.0pt;\"><img loading=\"lazy\" decoding=\"async\" width=\"1187\" height=\"849\" class=\"alignnone wp-image-62\" title=\"am_2_raa_1_l.png\" src=\"https:\/\/sisu.ut.ee\/wp-content\/uploads\/sites\/154\/am_2_raa_1_l.png\" alt=\"Pilt 1\" srcset=\"https:\/\/sisu.ut.ee\/wp-content\/uploads\/sites\/154\/am_2_raa_1_l.png 1187w, https:\/\/sisu.ut.ee\/wp-content\/uploads\/sites\/154\/am_2_raa_1_l-300x215.png 300w, https:\/\/sisu.ut.ee\/wp-content\/uploads\/sites\/154\/am_2_raa_1_l-1024x732.png 1024w, https:\/\/sisu.ut.ee\/wp-content\/uploads\/sites\/154\/am_2_raa_1_l-768x549.png 768w\" sizes=\"auto, (max-width: 1187px) 100vw, 1187px\"><\/p>\n<p style=\"margin-left: 36.0pt;\"><span style=\"font-size: 16px;\"><span style=\"line-height: 107%;\">Kui olete raamatu valinud, leiate pealkirja alt\u00a0keskmisest\u00a0tulbast\u00a0sisukorra, pluss m\u00e4rgil\u00a0vajutades sisukord avatakse, n\u00e4ete peat\u00fckkide nimetusi. Valitud raamatus olevad videod, joonised, skeemid jm\u00a0kuvatakse lehe paremas \u00e4\u00e4res.<\/span><\/span><\/p>\n<p style=\"margin-left: 36.0pt;\"><img loading=\"lazy\" decoding=\"async\" width=\"1207\" height=\"874\" class=\"alignnone wp-image-63\" title=\"am_2_raa_2_l.png\" src=\"https:\/\/sisu.ut.ee\/wp-content\/uploads\/sites\/154\/am_2_raa_2_l.png\" alt=\"Pilt 2\" srcset=\"https:\/\/sisu.ut.ee\/wp-content\/uploads\/sites\/154\/am_2_raa_2_l.png 1207w, https:\/\/sisu.ut.ee\/wp-content\/uploads\/sites\/154\/am_2_raa_2_l-300x217.png 300w, https:\/\/sisu.ut.ee\/wp-content\/uploads\/sites\/154\/am_2_raa_2_l-1024x741.png 1024w, https:\/\/sisu.ut.ee\/wp-content\/uploads\/sites\/154\/am_2_raa_2_l-768x556.png 768w\" sizes=\"auto, (max-width: 1207px) 100vw, 1207px\"><\/p>\n<p style=\"margin-left: 36.0pt;\"><span style=\"font-size: 16px;\">Valitud peat\u00fckke on v\u00f5imalik vaadata, v\u00e4lja printida, e-kirjana saata, n\u00e4ha viidet APA, AMA ja MLA stiilis ja teha raamatus otsinguid. Kontole sisselogituna\u00a0saab vajamineva\u00a0materjali salvestada<em> My Favorites<\/em> kausta. Vajutades <em>Listen<\/em> kasti j\u00e4rel oleval noolel, saab peat\u00fcki teksti kuulata.<\/span><\/p>\n<p style=\"margin-left: 36.0pt;\"><img loading=\"lazy\" decoding=\"async\" width=\"1084\" height=\"786\" class=\"alignnone wp-image-64\" title=\"am_2_raa_3_l.png\" src=\"https:\/\/sisu.ut.ee\/wp-content\/uploads\/sites\/154\/am_2_raa_3_l.png\" alt=\"Pilt 3\" srcset=\"https:\/\/sisu.ut.ee\/wp-content\/uploads\/sites\/154\/am_2_raa_3_l.png 1084w, https:\/\/sisu.ut.ee\/wp-content\/uploads\/sites\/154\/am_2_raa_3_l-300x218.png 300w, https:\/\/sisu.ut.ee\/wp-content\/uploads\/sites\/154\/am_2_raa_3_l-1024x742.png 1024w, https:\/\/sisu.ut.ee\/wp-content\/uploads\/sites\/154\/am_2_raa_3_l-768x557.png 768w\" sizes=\"auto, (max-width: 1084px) 100vw, 1084px\"><\/p>\n<p><span style=\"font-size: 16px;\"><span style=\"line-height: 107%;\">Videosid on v\u00f5imalik saata endale meilile v\u00f5i jagada teistega.<\/span><\/span><\/p>\n<p><img loading=\"lazy\" decoding=\"async\" width=\"868\" height=\"810\" class=\"alignnone wp-image-65\" title=\"am_2_raa_4_l.png\" src=\"https:\/\/sisu.ut.ee\/wp-content\/uploads\/sites\/154\/am_2_raa_4_l.png\" alt=\"Pilt 4\" srcset=\"https:\/\/sisu.ut.ee\/wp-content\/uploads\/sites\/154\/am_2_raa_4_l.png 868w, https:\/\/sisu.ut.ee\/wp-content\/uploads\/sites\/154\/am_2_raa_4_l-300x280.png 300w, https:\/\/sisu.ut.ee\/wp-content\/uploads\/sites\/154\/am_2_raa_4_l-768x717.png 768w\" sizes=\"auto, (max-width: 868px) 100vw, 868px\"><\/p>\n<p><span style=\"font-size: 16px;\"><span style=\"line-height: normal;\">\u00d5pikute peat\u00fcki vaates on v\u00f5imalik lisada m\u00e4rkusi. Selleks\u00a0tuleb vajutada paremal \u00fclal nurgas asuval noolel, mille j\u00e4rel avaneb m\u00e4rkuste tarbeks kast. Samas nurgas allpool asub l\u00e4bikriipsutatud ring, millel kl\u00f5psates saab soovitud teksti alla joonida.\u00a0 <\/span><\/span><\/p>\n<p><img loading=\"lazy\" decoding=\"async\" width=\"1382\" height=\"889\" class=\"alignnone wp-image-66\" title=\"am_raa_5_l.png\" src=\"https:\/\/sisu.ut.ee\/wp-content\/uploads\/sites\/154\/am_raa_5_l.png\" alt=\"Pilt5\" srcset=\"https:\/\/sisu.ut.ee\/wp-content\/uploads\/sites\/154\/am_raa_5_l.png 1382w, https:\/\/sisu.ut.ee\/wp-content\/uploads\/sites\/154\/am_raa_5_l-300x193.png 300w, https:\/\/sisu.ut.ee\/wp-content\/uploads\/sites\/154\/am_raa_5_l-1024x659.png 1024w, https:\/\/sisu.ut.ee\/wp-content\/uploads\/sites\/154\/am_raa_5_l-768x494.png 768w\" sizes=\"auto, (max-width: 1382px) 100vw, 1382px\"><\/p>\n<p><span style=\"font-size: 16px;\"><span style=\"line-height: normal;\">Raamatute vaates n\u00e4eb ka viimatisi \u00f5pikutesse sisse viidud t\u00e4iendusi ja arhiveeritud \u00f5pikuid.<\/span><\/span><\/p>\n<p><img loading=\"lazy\" decoding=\"async\" width=\"1182\" height=\"745\" class=\"alignnone wp-image-67\" title=\"am_2_raamatud_6_l.png\" src=\"https:\/\/sisu.ut.ee\/wp-content\/uploads\/sites\/154\/am_2_raamatud_6_l.png\" alt=\"Pilt6\" srcset=\"https:\/\/sisu.ut.ee\/wp-content\/uploads\/sites\/154\/am_2_raamatud_6_l.png 1182w, https:\/\/sisu.ut.ee\/wp-content\/uploads\/sites\/154\/am_2_raamatud_6_l-300x189.png 300w, https:\/\/sisu.ut.ee\/wp-content\/uploads\/sites\/154\/am_2_raamatud_6_l-1024x645.png 1024w, https:\/\/sisu.ut.ee\/wp-content\/uploads\/sites\/154\/am_2_raamatud_6_l-768x484.png 768w\" sizes=\"auto, (max-width: 1182px) 100vw, 1182px\"><\/p>\n<p><span style=\"font-size: 16px;\"><span style=\"line-height: normal;\"><strong>2 Minute Medicine<\/strong>\u2019ist saab lugeda ja kuulata p\u00e4evakajalisi meditsiiniuudiseid, mille\u00a0<\/span>koostajaks on Harvardi Meditsiinikooli juures tegutsev\u00a0<strong>2 Minute Medicine\u00ae<\/strong>\u00a0 kirjastusgrupp.<\/span><\/p>\n<p><img loading=\"lazy\" decoding=\"async\" width=\"1203\" height=\"778\" class=\"alignnone wp-image-68\" title=\"am_2_raa_7_l.png\" src=\"https:\/\/sisu.ut.ee\/wp-content\/uploads\/sites\/154\/am_2_raa_7_l.png\" alt=\"Pilt7\" srcset=\"https:\/\/sisu.ut.ee\/wp-content\/uploads\/sites\/154\/am_2_raa_7_l.png 1203w, https:\/\/sisu.ut.ee\/wp-content\/uploads\/sites\/154\/am_2_raa_7_l-300x194.png 300w, https:\/\/sisu.ut.ee\/wp-content\/uploads\/sites\/154\/am_2_raa_7_l-1024x662.png 1024w, https:\/\/sisu.ut.ee\/wp-content\/uploads\/sites\/154\/am_2_raa_7_l-768x497.png 768w\" sizes=\"auto, (max-width: 1203px) 100vw, 1203px\"><\/p>\n","protected":false},"excerpt":{"rendered":"<p>Access Medicine\u2019ist leiate\u00a0\u00fcle 100 \u00f5piku, mis on abiks \u00fcli\u00f5pilastele ja residentidele nende meditsiini\u00f5pingutel. Access Medicine\u2019i uuendatakse pidevalt \u00f5pikute viimaste v\u00e4ljaannetega, siit leiab meditsiini\u00f5pinguteks olulised ja vajaminevad: Harrison\u2019s Principles of Internal Medicine\u2019i ja CURRENT Medical Diagnosis &amp; Treatment\u2019i. Avades raamatute aknast &#8230;<\/p>\n","protected":false},"author":75,"featured_media":0,"parent":0,"menu_order":0,"comment_status":"closed","ping_status":"closed","template":"","meta":{"_acf_changed":false,"inline_featured_image":false,"footnotes":""},"class_list":["post-13","page","type-page","status-publish","hentry"],"acf":[],"_links":{"self":[{"href":"https:\/\/sisu.ut.ee\/accessmedicine\/wp-json\/wp\/v2\/pages\/13","targetHints":{"allow":["GET"]}}],"collection":[{"href":"https:\/\/sisu.ut.ee\/accessmedicine\/wp-json\/wp\/v2\/pages"}],"about":[{"href":"https:\/\/sisu.ut.ee\/accessmedicine\/wp-json\/wp\/v2\/types\/page"}],"author":[{"embeddable":true,"href":"https:\/\/sisu.ut.ee\/accessmedicine\/wp-json\/wp\/v2\/users\/75"}],"replies":[{"embeddable":true,"href":"https:\/\/sisu.ut.ee\/accessmedicine\/wp-json\/wp\/v2\/comments?post=13"}],"version-history":[{"count":2,"href":"https:\/\/sisu.ut.ee\/accessmedicine\/wp-json\/wp\/v2\/pages\/13\/revisions"}],"predecessor-version":[{"id":128,"href":"https:\/\/sisu.ut.ee\/accessmedicine\/wp-json\/wp\/v2\/pages\/13\/revisions\/128"}],"wp:attachment":[{"href":"https:\/\/sisu.ut.ee\/accessmedicine\/wp-json\/wp\/v2\/media?parent=13"}],"curies":[{"name":"wp","href":"https:\/\/api.w.org\/{rel}","templated":true}]}}