{"id":12,"date":"2024-04-04T01:59:01","date_gmt":"2024-04-03T22:59:01","guid":{"rendered":"https:\/\/sisu.ut.ee\/accessmedicine\/study-tools\/"},"modified":"2024-04-22T13:54:58","modified_gmt":"2024-04-22T10:54:58","slug":"study-tools","status":"publish","type":"page","link":"https:\/\/sisu.ut.ee\/accessmedicine\/study-tools\/","title":{"rendered":"Teadmiste kontroll \/ Study Tools"},"content":{"rendered":"<p><span style=\"font-size: 16px;\">Esmalt tuleb sisse logida.<\/span><\/p>\n<p><span style=\"font-size: 16px;\">Teadmiste kontrolliks saab kasutada k\u00fcsimuskaarte (Flashcards) v\u00f5i v\u00f5istelda kolleegiga teadmistes (Play Showdown).<\/span><\/p>\n<p><span style=\"font-size: 16px;\"><strong>Clerkship Topics<\/strong>\u00a0 \u2013 saab tutvuda antud teemade \u00f5ppematerjalide ja kordamisk\u00fcsimustikega.<\/span><\/p>\n<p><img loading=\"lazy\" decoding=\"async\" width=\"828\" height=\"737\" class=\"alignnone wp-image-56\" title=\"am_self_1_l.png\" src=\"https:\/\/sisu.ut.ee\/wp-content\/uploads\/sites\/154\/am_self_1_l.png\" alt=\"s1\" srcset=\"https:\/\/sisu.ut.ee\/wp-content\/uploads\/sites\/154\/am_self_1_l.png 828w, https:\/\/sisu.ut.ee\/wp-content\/uploads\/sites\/154\/am_self_1_l-300x267.png 300w, https:\/\/sisu.ut.ee\/wp-content\/uploads\/sites\/154\/am_self_1_l-768x684.png 768w\" sizes=\"auto, (max-width: 828px) 100vw, 828px\"><\/p>\n<p><span style=\"font-size: 16px;\"><strong>Flashcards<\/strong> \u2013\u00a0 oma teadmiste kontrolliks on v\u00f5imalik kasutada k\u00fcsimuskaarte.<\/span><\/p>\n<p><img loading=\"lazy\" decoding=\"async\" width=\"936\" height=\"800\" class=\"alignnone wp-image-57\" title=\"am_self_2_l.png\" src=\"https:\/\/sisu.ut.ee\/wp-content\/uploads\/sites\/154\/am_self_2_l.png\" alt=\"s2\" srcset=\"https:\/\/sisu.ut.ee\/wp-content\/uploads\/sites\/154\/am_self_2_l.png 936w, https:\/\/sisu.ut.ee\/wp-content\/uploads\/sites\/154\/am_self_2_l-300x256.png 300w, https:\/\/sisu.ut.ee\/wp-content\/uploads\/sites\/154\/am_self_2_l-768x656.png 768w\" sizes=\"auto, (max-width: 936px) 100vw, 936px\"><\/p>\n<p><span style=\"font-size: 16px;\"><strong>Play Showdown<\/strong>\u00a0\u2013\u00a0 saab v\u00f5istelda kaaslastega teadmiste kontrollis.<\/span><\/p>\n<p><img loading=\"lazy\" decoding=\"async\" width=\"1035\" height=\"801\" class=\"alignnone wp-image-58\" title=\"am_self_3_l.png\" src=\"https:\/\/sisu.ut.ee\/wp-content\/uploads\/sites\/154\/am_self_3_l.png\" alt=\"s3\" srcset=\"https:\/\/sisu.ut.ee\/wp-content\/uploads\/sites\/154\/am_self_3_l.png 1035w, https:\/\/sisu.ut.ee\/wp-content\/uploads\/sites\/154\/am_self_3_l-300x232.png 300w, https:\/\/sisu.ut.ee\/wp-content\/uploads\/sites\/154\/am_self_3_l-1024x792.png 1024w, https:\/\/sisu.ut.ee\/wp-content\/uploads\/sites\/154\/am_self_3_l-768x594.png 768w\" sizes=\"auto, (max-width: 1035px) 100vw, 1035px\"><\/p>\n<p><span style=\"font-size: 16px;\"><strong>Review Questions \u2013\u00a0<\/strong>laseb erinevate \u00f5pperessursside p\u00f5hjal genereerida valikvastustega k\u00fcsimusi.<\/span><\/p>\n","protected":false},"excerpt":{"rendered":"<p>Esmalt tuleb sisse logida. Teadmiste kontrolliks saab kasutada k\u00fcsimuskaarte (Flashcards) v\u00f5i v\u00f5istelda kolleegiga teadmistes (Play Showdown). Clerkship Topics\u00a0 \u2013 saab tutvuda antud teemade \u00f5ppematerjalide ja kordamisk\u00fcsimustikega. Flashcards \u2013\u00a0 oma teadmiste kontrolliks on v\u00f5imalik kasutada k\u00fcsimuskaarte. Play Showdown\u00a0\u2013\u00a0 saab v\u00f5istelda kaaslastega &#8230;<\/p>\n","protected":false},"author":75,"featured_media":0,"parent":0,"menu_order":0,"comment_status":"closed","ping_status":"closed","template":"","meta":{"_acf_changed":false,"inline_featured_image":false,"footnotes":""},"class_list":["post-12","page","type-page","status-publish","hentry"],"acf":[],"_links":{"self":[{"href":"https:\/\/sisu.ut.ee\/accessmedicine\/wp-json\/wp\/v2\/pages\/12","targetHints":{"allow":["GET"]}}],"collection":[{"href":"https:\/\/sisu.ut.ee\/accessmedicine\/wp-json\/wp\/v2\/pages"}],"about":[{"href":"https:\/\/sisu.ut.ee\/accessmedicine\/wp-json\/wp\/v2\/types\/page"}],"author":[{"embeddable":true,"href":"https:\/\/sisu.ut.ee\/accessmedicine\/wp-json\/wp\/v2\/users\/75"}],"replies":[{"embeddable":true,"href":"https:\/\/sisu.ut.ee\/accessmedicine\/wp-json\/wp\/v2\/comments?post=12"}],"version-history":[{"count":2,"href":"https:\/\/sisu.ut.ee\/accessmedicine\/wp-json\/wp\/v2\/pages\/12\/revisions"}],"predecessor-version":[{"id":133,"href":"https:\/\/sisu.ut.ee\/accessmedicine\/wp-json\/wp\/v2\/pages\/12\/revisions\/133"}],"wp:attachment":[{"href":"https:\/\/sisu.ut.ee\/accessmedicine\/wp-json\/wp\/v2\/media?parent=12"}],"curies":[{"name":"wp","href":"https:\/\/api.w.org\/{rel}","templated":true}]}}