{"id":11,"date":"2024-04-04T01:59:01","date_gmt":"2024-04-03T22:59:01","guid":{"rendered":"https:\/\/sisu.ut.ee\/accessmedicine\/haiglanurk\/"},"modified":"2024-04-22T13:57:15","modified_gmt":"2024-04-22T10:57:15","slug":"haiglanurk","status":"publish","type":"page","link":"https:\/\/sisu.ut.ee\/accessmedicine\/haiglanurk\/","title":{"rendered":"Haiglanurk \/ Hospital Corner"},"content":{"rendered":"<p><span style=\"font-size: 16px;\">Haiglanurgast (<strong>Hospital Corner<\/strong>) leiab valitud sisu praktiseerivatele arstidele, residentidele\u00a0jt. V\u00e4lja on toodud olulised raamatud, \u00f5ppimise abik\u00fcsimustikud, haigusjuhtumite info, kiirteatmestu ja \u00a0protseduurivideod.<\/span><\/p>\n<p><img loading=\"lazy\" decoding=\"async\" width=\"1097\" height=\"881\" class=\"alignnone wp-image-55\" title=\"am_8_hospit_1.jpg\" src=\"https:\/\/sisu.ut.ee\/wp-content\/uploads\/sites\/154\/am_8_hospit_1.jpg\" alt=\"h1\" srcset=\"https:\/\/sisu.ut.ee\/wp-content\/uploads\/sites\/154\/am_8_hospit_1.jpg 1097w, https:\/\/sisu.ut.ee\/wp-content\/uploads\/sites\/154\/am_8_hospit_1-300x241.jpg 300w, https:\/\/sisu.ut.ee\/wp-content\/uploads\/sites\/154\/am_8_hospit_1-1024x822.jpg 1024w, https:\/\/sisu.ut.ee\/wp-content\/uploads\/sites\/154\/am_8_hospit_1-768x617.jpg 768w\" sizes=\"auto, (max-width: 1097px) 100vw, 1097px\"><\/p>\n","protected":false},"excerpt":{"rendered":"<p>Haiglanurgast (Hospital Corner) leiab valitud sisu praktiseerivatele arstidele, residentidele\u00a0jt. V\u00e4lja on toodud olulised raamatud, \u00f5ppimise abik\u00fcsimustikud, haigusjuhtumite info, kiirteatmestu ja \u00a0protseduurivideod.<\/p>\n","protected":false},"author":75,"featured_media":0,"parent":0,"menu_order":0,"comment_status":"closed","ping_status":"closed","template":"","meta":{"_acf_changed":false,"inline_featured_image":false,"footnotes":""},"class_list":["post-11","page","type-page","status-publish","hentry"],"acf":[],"_links":{"self":[{"href":"https:\/\/sisu.ut.ee\/accessmedicine\/wp-json\/wp\/v2\/pages\/11","targetHints":{"allow":["GET"]}}],"collection":[{"href":"https:\/\/sisu.ut.ee\/accessmedicine\/wp-json\/wp\/v2\/pages"}],"about":[{"href":"https:\/\/sisu.ut.ee\/accessmedicine\/wp-json\/wp\/v2\/types\/page"}],"author":[{"embeddable":true,"href":"https:\/\/sisu.ut.ee\/accessmedicine\/wp-json\/wp\/v2\/users\/75"}],"replies":[{"embeddable":true,"href":"https:\/\/sisu.ut.ee\/accessmedicine\/wp-json\/wp\/v2\/comments?post=11"}],"version-history":[{"count":2,"href":"https:\/\/sisu.ut.ee\/accessmedicine\/wp-json\/wp\/v2\/pages\/11\/revisions"}],"predecessor-version":[{"id":135,"href":"https:\/\/sisu.ut.ee\/accessmedicine\/wp-json\/wp\/v2\/pages\/11\/revisions\/135"}],"wp:attachment":[{"href":"https:\/\/sisu.ut.ee\/accessmedicine\/wp-json\/wp\/v2\/media?parent=11"}],"curies":[{"name":"wp","href":"https:\/\/api.w.org\/{rel}","templated":true}]}}