{"id":10,"date":"2024-04-04T01:59:01","date_gmt":"2024-04-03T22:59:01","guid":{"rendered":"https:\/\/sisu.ut.ee\/accessmedicine\/access-medicine-kasutusjuhend\/"},"modified":"2024-04-22T13:46:32","modified_gmt":"2024-04-22T10:46:32","slug":"access-medicine-kasutusjuhend","status":"publish","type":"page","link":"https:\/\/sisu.ut.ee\/accessmedicine\/","title":{"rendered":"Access Medicine"},"content":{"rendered":"<p><img loading=\"lazy\" decoding=\"async\" width=\"1384\" height=\"302\" class=\"alignnone wp-image-54\" title=\"accmlogo.jpg\" src=\"https:\/\/sisu.ut.ee\/wp-content\/uploads\/sites\/154\/accmlogo.jpg\" alt=\"accmlogo.jpg\" srcset=\"https:\/\/sisu.ut.ee\/wp-content\/uploads\/sites\/154\/accmlogo.jpg 1384w, https:\/\/sisu.ut.ee\/wp-content\/uploads\/sites\/154\/accmlogo-300x65.jpg 300w, https:\/\/sisu.ut.ee\/wp-content\/uploads\/sites\/154\/accmlogo-1024x223.jpg 1024w, https:\/\/sisu.ut.ee\/wp-content\/uploads\/sites\/154\/accmlogo-768x168.jpg 768w\" sizes=\"auto, (max-width: 1384px) 100vw, 1384px\"><\/p>\n<p><span style=\"font-size: 16px;\"><em><a href=\"http:\/\/accessmedicine.mhmedical.com.ezproxy.utlib.ut.ee%20\/\" target=\"_blank\" rel=\"noopener\">Access Medicine<\/a> <\/em>on kirjastuse McGraw-Hill Medical\u00a0poolt\u00a0koostatud\u00a0k\u00f5iki meditsiiniteadmisi sisaldav vahend meditsiini\u00fcli\u00f5pilastele, residentidele, \u00f5dedele,\u00a0praktiseerivatele arstidele.\u00a0Annab\u00a0mitmek\u00fclgse v\u00f5imaluse eneset\u00e4iendamiseks,\u00a0oma teadmiste kontrolliks\u00a0ning diagnoosimiseks v\u00f5i raviotsuste tegemiseks.<\/span><\/p>\n","protected":false},"excerpt":{"rendered":"<p>Access Medicine on kirjastuse McGraw-Hill Medical\u00a0poolt\u00a0koostatud\u00a0k\u00f5iki meditsiiniteadmisi sisaldav vahend meditsiini\u00fcli\u00f5pilastele, residentidele, \u00f5dedele,\u00a0praktiseerivatele arstidele.\u00a0Annab\u00a0mitmek\u00fclgse v\u00f5imaluse eneset\u00e4iendamiseks,\u00a0oma teadmiste kontrolliks\u00a0ning diagnoosimiseks v\u00f5i raviotsuste tegemiseks.<\/p>\n","protected":false},"author":75,"featured_media":0,"parent":0,"menu_order":0,"comment_status":"closed","ping_status":"closed","template":"","meta":{"_acf_changed":false,"inline_featured_image":false,"footnotes":""},"class_list":["post-10","page","type-page","status-publish","hentry"],"acf":[],"_links":{"self":[{"href":"https:\/\/sisu.ut.ee\/accessmedicine\/wp-json\/wp\/v2\/pages\/10","targetHints":{"allow":["GET"]}}],"collection":[{"href":"https:\/\/sisu.ut.ee\/accessmedicine\/wp-json\/wp\/v2\/pages"}],"about":[{"href":"https:\/\/sisu.ut.ee\/accessmedicine\/wp-json\/wp\/v2\/types\/page"}],"author":[{"embeddable":true,"href":"https:\/\/sisu.ut.ee\/accessmedicine\/wp-json\/wp\/v2\/users\/75"}],"replies":[{"embeddable":true,"href":"https:\/\/sisu.ut.ee\/accessmedicine\/wp-json\/wp\/v2\/comments?post=10"}],"version-history":[{"count":2,"href":"https:\/\/sisu.ut.ee\/accessmedicine\/wp-json\/wp\/v2\/pages\/10\/revisions"}],"predecessor-version":[{"id":124,"href":"https:\/\/sisu.ut.ee\/accessmedicine\/wp-json\/wp\/v2\/pages\/10\/revisions\/124"}],"wp:attachment":[{"href":"https:\/\/sisu.ut.ee\/accessmedicine\/wp-json\/wp\/v2\/media?parent=10"}],"curies":[{"name":"wp","href":"https:\/\/api.w.org\/{rel}","templated":true}]}}