{"id":5,"date":"2024-04-03T23:15:25","date_gmt":"2024-04-03T20:15:25","guid":{"rendered":"https:\/\/sisu.ut.ee\/abi\/relevantsus\/"},"modified":"2024-04-03T23:15:32","modified_gmt":"2024-04-03T20:15:32","slug":"relevantsus","status":"publish","type":"page","link":"https:\/\/sisu.ut.ee\/abi\/relevantsus\/","title":{"rendered":"Lisav\u00f5imalused kasutajakontoga. Allalaadimine"},"content":{"rendered":"<h2>\n\t\u00a0<br>\n<\/h2>\n<p>\n\tKui teete endale Ebook Centrali kasutajakonto (andmebaasis \u00fclal paremal link\u00a0<strong style=\"line-height: 1.6em\">Sign in<\/strong>),\u00a0saate andmebaasi lugeris raamatute lugemisel kasutada mitmeid lisav\u00f5imalusi.\n<\/p>\n<p>\n\t<img loading=\"lazy\" decoding=\"async\" width=\"531\" height=\"44\" class=\"alignnone wp-image-17\" src=\"https:\/\/sisu.ut.ee\/wp-content\/uploads\/sites\/58\/ebrary_proquest_reader_-_google_chrome_2016-03-03_09-50-31.png\" title=\"ebrary_proquest_reader_-_google_chrome_2016-03-03_09-50-31.png\" alt=\"ebrary_proquest_reader_-_google_chrome_2016-03-03_09-50-31.png\" srcset=\"https:\/\/sisu.ut.ee\/wp-content\/uploads\/sites\/58\/ebrary_proquest_reader_-_google_chrome_2016-03-03_09-50-31.png 531w, https:\/\/sisu.ut.ee\/wp-content\/uploads\/sites\/58\/ebrary_proquest_reader_-_google_chrome_2016-03-03_09-50-31-300x25.png 300w\" sizes=\"auto, (max-width: 531px) 100vw, 531px\">\n<\/p>\n<p>\n\tSaate lisada raamatu oma raamaturiiulisse, kl\u00f5psates <img loading=\"lazy\" decoding=\"async\" width=\"27\" height=\"26\" class=\"alignnone wp-image-12\" style=\"line-height: 1.6em\" src=\"https:\/\/sisu.ut.ee\/wp-content\/uploads\/sites\/58\/ebrary_proquest_reader_-_google_chrome_2016-02-26_22-17-20.png\" title=\"ebrary_proquest_reader_-_google_chrome_2016-02-26_22-17-20.png\" alt=\"ebrary_proquest_reader_-_google_chrome_2016-02-26_22-17-20.png\">\u00a0<em style=\"line-height: 1.6em\">Add to bookshelf<\/em>, \u00a0<br>m\u00e4rgistada tekstis huvipakkuvaid l\u00f5ike, kl\u00f5psates <img loading=\"lazy\" decoding=\"async\" width=\"28\" height=\"29\" class=\"alignnone wp-image-13\" src=\"https:\/\/sisu.ut.ee\/wp-content\/uploads\/sites\/58\/ebrary_proquest_reader_-_google_chrome_2016-02-26_22-21-28.png\" title=\"ebrary_proquest_reader_-_google_chrome_2016-02-26_22-21-28.png\" alt=\"ebrary_proquest_reader_-_google_chrome_2016-02-26_22-21-28.png\"><em style=\"line-height: 1.6em\">Highlight<strong style=\"line-height: 1.6em\"> <\/strong><\/em>,<br>kirjutada m\u00e4rkmeid loetu kohta <img loading=\"lazy\" decoding=\"async\" width=\"27\" height=\"25\" class=\"alignnone wp-image-14\" style=\"line-height: 1.6em\" src=\"https:\/\/sisu.ut.ee\/wp-content\/uploads\/sites\/58\/ebrary_proquest_reader_-_google_chrome_2016-02-26_22-29-14.png\" title=\"ebrary_proquest_reader_-_google_chrome_2016-02-26_22-29-14.png\" alt=\"ebrary_proquest_reader_-_google_chrome_2016-02-26_22-29-14.png\">\u00a0<em style=\"line-height: 1.6em\">Add Note,<\/em>\u00a0<br>m\u00e4rgistada lehek\u00fclgi <img loading=\"lazy\" decoding=\"async\" width=\"21\" height=\"27\" class=\"alignnone wp-image-15\" style=\"line-height: 1.6em\" src=\"https:\/\/sisu.ut.ee\/wp-content\/uploads\/sites\/58\/ebrary_proquest_reader_-_google_chrome_2016-02-26_22-33-40.png\" title=\"ebrary_proquest_reader_-_google_chrome_2016-02-26_22-33-40.png\" alt=\"ebrary_proquest_reader_-_google_chrome_2016-02-26_22-33-40.png\"><em style=\"line-height: 1.6em\">Add Bookmark.<\/em><br>Nii teksti m\u00e4rgistamisel, m\u00e4rkmete lisamisel kui ka j\u00e4rjehoidja lisamisel lisatakse raamat automaatselt ka raamaturiiulisse ning need on n\u00e4htavad Ebook Centrali lugeri vasakul servas oleval nupul <em>Annotations<\/em> kl\u00f5psates\u00a0<img loading=\"lazy\" decoding=\"async\" width=\"35\" height=\"41\" class=\"alignnone wp-image-16\" src=\"https:\/\/sisu.ut.ee\/wp-content\/uploads\/sites\/58\/ebrary_proquest_reader_-_google_chrome_2016-03-03_09-39-40.png\" title=\"ebrary_proquest_reader_-_google_chrome_2016-03-03_09-39-40.png\" alt=\"ebrary_proquest_reader_-_google_chrome_2016-03-03_09-39-40.png\">\n<\/p>\n<h2>\n\t\u00a0<br>\n<\/h2>\n<h2>\n\tAllalaadimine<br>\n<\/h2>\n<p>\n\tKl\u00f5psates \u00fclemisel ribal esimesel nupul\u00a0<img loading=\"lazy\" decoding=\"async\" width=\"38\" height=\"39\" class=\"alignnone wp-image-18\" src=\"https:\/\/sisu.ut.ee\/wp-content\/uploads\/sites\/58\/ebrary_proquest_reader_-_google_chrome_2016-03-03_09-57-59.png\" title=\"ebrary_proquest_reader_-_google_chrome_2016-03-03_09-57-59.png\" alt=\"ebrary_proquest_reader_-_google_chrome_2016-03-03_09-57-59.png\">\u00a0v\u00f5i juba otsingutulemustes kirjel all\u00a0<img loading=\"lazy\" decoding=\"async\" width=\"65\" height=\"26\" class=\"alignnone wp-image-21\" src=\"https:\/\/sisu.ut.ee\/wp-content\/uploads\/sites\/58\/ebrary_simple_search_information_literacy_-_google_chrome_2016-03-03_11-40-48.png\" title=\"ebrary_simple_search_information_literacy_-_google_chrome_2016-03-03_11-40-48.png\" alt=\"ebrary_simple_search_information_literacy_-_google_chrome_2016-03-03_11-40-48.png\">\u00a0v\u00f5i raamatu detailse info lehel\u00a0<img loading=\"lazy\" decoding=\"async\" width=\"154\" height=\"30\" class=\"alignnone wp-image-23\" src=\"https:\/\/sisu.ut.ee\/wp-content\/uploads\/sites\/58\/2024-01-04_11_55_51-proquest_ebook_central_-_book_details.png\" title=\"2024-01-04_11_55_51-proquest_ebook_central_-_book_details.png\" alt=\"xx\" srcset=\"https:\/\/sisu.ut.ee\/wp-content\/uploads\/sites\/58\/2024-01-04_11_55_51-proquest_ebook_central_-_book_details.png 154w, https:\/\/sisu.ut.ee\/wp-content\/uploads\/sites\/58\/2024-01-04_11_55_51-proquest_ebook_central_-_book_details-150x30.png 150w\" sizes=\"auto, (max-width: 154px) 100vw, 154px\">\u00a0saate raamatuid (kuni 10 korraga) alla laadida kas oma arvutisse v\u00f5i muudesse seadmetesse. See t\u00e4hendab raamatu \u201claenutamist\u201d oma arvutisse, enamasti kuni 14 v\u00f5i 21 p\u00e4evaks\u00a0v\u00f5i ka ainult \u00fcheks p\u00e4evaks, nii nagu see raamatu infolehel kirjas on. Raamatu lugemiseks on siis\u00a0vaja arvutisse installeerida vabavara\u00a0<strong>Adobe Digital Editions<\/strong>.\n<\/p>\n<p>\n\tKui te pole veel oma kasutajakontoga sisse loginud, siis tuleb seda n\u00fc\u00fcd teha. Edasi kl\u00f5psake \u00a0<img loading=\"lazy\" decoding=\"async\" width=\"120\" height=\"46\" class=\"alignnone wp-image-19\" src=\"https:\/\/sisu.ut.ee\/wp-content\/uploads\/sites\/58\/detail_page_-_google_chrome_2016-03-03_11-18-37.png\" title=\"detail_page_-_google_chrome_2016-03-03_11-18-37.png\" alt=\"detail_page_-_google_chrome_2016-03-03_11-18-37.png\">\u00a0. Tuntakse \u00e4ra, missugust seadet kasutate. J\u00e4tkake, kuni pakutakse v\u00f5imalust alla laadida <em>Adobe Digital Edition<\/em>. Valige sobiv versioon installeerimiseks ja l\u00f5petage laadimine.\u00a0<img loading=\"lazy\" decoding=\"async\" width=\"213\" height=\"95\" class=\"alignnone wp-image-20\" src=\"https:\/\/sisu.ut.ee\/wp-content\/uploads\/sites\/58\/detail_page_-_google_chrome_2016-03-03_11-32-54.png\" title=\"detail_page_-_google_chrome_2016-03-03_11-32-54.png\" alt=\"detail_page_-_google_chrome_2016-03-03_11-32-54.png\">\n<\/p>\n<p>\n\tKui j\u00e4\u00e4te h\u00e4tta, kl\u00f5psake <strong>Need Help<\/strong>, seal on veel detailseid juhiseid.\n<\/p>\n<p>\n\tVt ka <a data-url=\"https:\/\/www.youtube.com\/watch?v=OTA8P0CzpSc&amp;list=PL-aFAdxOSTDdgMAjy0ZWA96-2L2XJd5bw&amp;index=4\" href=\"https:\/\/www.youtube.com\/watch?v=OTA8P0CzpSc&amp;list=PL-aFAdxOSTDdgMAjy0ZWA96-2L2XJd5bw&amp;index=4\" target=\"_blank\" title=\"\" rel=\"noopener\">Ebook Central videojuhis<\/a>\u00a0allalaadimise kohta.\n<\/p>\n<h2>\n\t\u00a0<br>\n<\/h2>\n<p>\n\t<strong>\u00a0<\/strong>\n<\/p>\n<h2>\n\t\u00a0<br>\n<\/h2>\n","protected":false},"excerpt":{"rendered":"<p>\u00a0 Kui teete endale Ebook Centrali kasutajakonto (andmebaasis \u00fclal paremal link\u00a0Sign in),\u00a0saate andmebaasi lugeris raamatute lugemisel kasutada mitmeid lisav\u00f5imalusi. Saate lisada raamatu oma raamaturiiulisse, kl\u00f5psates \u00a0Add to bookshelf, \u00a0m\u00e4rgistada tekstis huvipakkuvaid l\u00f5ike, kl\u00f5psates Highlight ,kirjutada m\u00e4rkmeid loetu kohta \u00a0Add Note,\u00a0m\u00e4rgistada &#8230;<\/p>\n","protected":false},"author":5,"featured_media":0,"parent":0,"menu_order":0,"comment_status":"closed","ping_status":"closed","template":"","meta":{"_acf_changed":false,"inline_featured_image":false,"footnotes":""},"class_list":["post-5","page","type-page","status-publish","hentry"],"acf":[],"_links":{"self":[{"href":"https:\/\/sisu.ut.ee\/abi\/wp-json\/wp\/v2\/pages\/5","targetHints":{"allow":["GET"]}}],"collection":[{"href":"https:\/\/sisu.ut.ee\/abi\/wp-json\/wp\/v2\/pages"}],"about":[{"href":"https:\/\/sisu.ut.ee\/abi\/wp-json\/wp\/v2\/types\/page"}],"author":[{"embeddable":true,"href":"https:\/\/sisu.ut.ee\/abi\/wp-json\/wp\/v2\/users\/5"}],"replies":[{"embeddable":true,"href":"https:\/\/sisu.ut.ee\/abi\/wp-json\/wp\/v2\/comments?post=5"}],"version-history":[{"count":1,"href":"https:\/\/sisu.ut.ee\/abi\/wp-json\/wp\/v2\/pages\/5\/revisions"}],"predecessor-version":[{"id":65,"href":"https:\/\/sisu.ut.ee\/abi\/wp-json\/wp\/v2\/pages\/5\/revisions\/65"}],"wp:attachment":[{"href":"https:\/\/sisu.ut.ee\/abi\/wp-json\/wp\/v2\/media?parent=5"}],"curies":[{"name":"wp","href":"https:\/\/api.w.org\/{rel}","templated":true}]}}