{"id":10,"date":"2024-04-03T23:15:26","date_gmt":"2024-04-03T20:15:26","guid":{"rendered":"https:\/\/sisu.ut.ee\/abi\/ebrary-luger\/"},"modified":"2024-04-03T23:15:32","modified_gmt":"2024-04-03T20:15:32","slug":"ebrary-luger","status":"publish","type":"page","link":"https:\/\/sisu.ut.ee\/abi\/ebrary-luger\/","title":{"rendered":"Ebook Central luger"},"content":{"rendered":"<p>\n\tTulemuste nimekirjas pealkirjal v\u00f5i selle ees oleval kaanepildil kl\u00f5psates avaneb infoleht, kus n\u00e4ete infot raamatu kasutusv\u00f5imaluste kohta (sh mitu lehek\u00fclge sellest raamatust on lubatud v\u00e4lja tr\u00fckkida ja kopeerida) \u00a0ja paremal raamatu detailset infot.\u00a0 Seal kuvatakse ka m\u00e4rks\u00f5nad <em>(LC Subject Headings<\/em>), kui neid ei kuvata, kl\u00f5psake <em>Show<\/em> <em>more<\/em>. M\u00e4rks\u00f5nu on kasulik vaadata, sealt saate ideid otsingus\u00f5nadeks. M\u00e4rks\u00f5naotsing on v\u00e4ga hea v\u00f5imalus leida teemakohaseid raamatuid. \u00a0Kasutage m\u00e4rks\u00f5nu \u00a0<em>Advanced Search<\/em> otsingus\u00a0<em>LC Subject Headings<\/em> v\u00e4ljal.\u00a0\n<\/p>\n<p>\n\t<img loading=\"lazy\" decoding=\"async\" width=\"974\" height=\"589\" class=\"alignnone wp-image-29\" src=\"https:\/\/sisu.ut.ee\/wp-content\/uploads\/sites\/58\/2019-10-08_19_42_18-window.png\" title=\"2019-10-08_19_42_18-window.png\" alt=\"d\" srcset=\"https:\/\/sisu.ut.ee\/wp-content\/uploads\/sites\/58\/2019-10-08_19_42_18-window.png 974w, https:\/\/sisu.ut.ee\/wp-content\/uploads\/sites\/58\/2019-10-08_19_42_18-window-300x181.png 300w, https:\/\/sisu.ut.ee\/wp-content\/uploads\/sites\/58\/2019-10-08_19_42_18-window-768x464.png 768w\" sizes=\"auto, (max-width: 974px) 100vw, 974px\">\n<\/p>\n<p>\n\t<em style=\"line-height: 1.6em\">Info raamatu kohta.<\/em>\n<\/p>\n<p>\n\tKl\u00f5psates\u00a0<em>Read Online<\/em>\u00a0\u00a0avaneb raamat Ebook Central lugeris. Siin saab noolekestega lehek\u00fclgede kaupa edasi tagasi liikuda, valida sisukorrast peat\u00fckke ning teha ka otsinguid avatud raamatust. Samuti saab ette antud mahus kopeerida, printida ja valitud lehek\u00fclgi v\u00f5i peat\u00fckke piiratud mahus pdf formaadis alla laadida.\u00a0\n<\/p>\n<p>\n\t<img loading=\"lazy\" decoding=\"async\" width=\"1071\" height=\"604\" class=\"alignnone wp-image-27\" style=\"border: 1px solid black\" src=\"https:\/\/sisu.ut.ee\/wp-content\/uploads\/sites\/58\/greenshot_2016-02-26_21-32-46.png\" title=\"greenshot_2016-02-26_21-32-46.png\" alt=\"greenshot_2016-02-26_21-32-46.png\" srcset=\"https:\/\/sisu.ut.ee\/wp-content\/uploads\/sites\/58\/greenshot_2016-02-26_21-32-46.png 1071w, https:\/\/sisu.ut.ee\/wp-content\/uploads\/sites\/58\/greenshot_2016-02-26_21-32-46-300x169.png 300w, https:\/\/sisu.ut.ee\/wp-content\/uploads\/sites\/58\/greenshot_2016-02-26_21-32-46-1024x577.png 1024w, https:\/\/sisu.ut.ee\/wp-content\/uploads\/sites\/58\/greenshot_2016-02-26_21-32-46-768x433.png 768w\" sizes=\"auto, (max-width: 1071px) 100vw, 1071px\">\n<\/p>\n<p>\n\t<em>Raamat Ebook Central lugeris<\/em><\/p>\n","protected":false},"excerpt":{"rendered":"<p>Tulemuste nimekirjas pealkirjal v\u00f5i selle ees oleval kaanepildil kl\u00f5psates avaneb infoleht, kus n\u00e4ete infot raamatu kasutusv\u00f5imaluste kohta (sh mitu lehek\u00fclge sellest raamatust on lubatud v\u00e4lja tr\u00fckkida ja kopeerida) \u00a0ja paremal raamatu detailset infot.\u00a0 Seal kuvatakse ka m\u00e4rks\u00f5nad (LC Subject Headings), &#8230;<\/p>\n","protected":false},"author":5,"featured_media":0,"parent":0,"menu_order":0,"comment_status":"closed","ping_status":"closed","template":"","meta":{"_acf_changed":false,"inline_featured_image":false,"footnotes":""},"class_list":["post-10","page","type-page","status-publish","hentry"],"acf":[],"_links":{"self":[{"href":"https:\/\/sisu.ut.ee\/abi\/wp-json\/wp\/v2\/pages\/10","targetHints":{"allow":["GET"]}}],"collection":[{"href":"https:\/\/sisu.ut.ee\/abi\/wp-json\/wp\/v2\/pages"}],"about":[{"href":"https:\/\/sisu.ut.ee\/abi\/wp-json\/wp\/v2\/types\/page"}],"author":[{"embeddable":true,"href":"https:\/\/sisu.ut.ee\/abi\/wp-json\/wp\/v2\/users\/5"}],"replies":[{"embeddable":true,"href":"https:\/\/sisu.ut.ee\/abi\/wp-json\/wp\/v2\/comments?post=10"}],"version-history":[{"count":1,"href":"https:\/\/sisu.ut.ee\/abi\/wp-json\/wp\/v2\/pages\/10\/revisions"}],"predecessor-version":[{"id":60,"href":"https:\/\/sisu.ut.ee\/abi\/wp-json\/wp\/v2\/pages\/10\/revisions\/60"}],"wp:attachment":[{"href":"https:\/\/sisu.ut.ee\/abi\/wp-json\/wp\/v2\/media?parent=10"}],"curies":[{"name":"wp","href":"https:\/\/api.w.org\/{rel}","templated":true}]}}