{"id":32,"date":"2024-04-04T05:04:01","date_gmt":"2024-04-04T02:04:01","guid":{"rendered":"https:\/\/sisu.ut.ee\/abc\/contact-us\/"},"modified":"2024-07-10T17:29:59","modified_gmt":"2024-07-10T14:29:59","slug":"contact-us","status":"publish","type":"page","link":"https:\/\/sisu.ut.ee\/abc\/contact-us\/?lang=en","title":{"rendered":"Contact us"},"content":{"rendered":"<div style=\"height:25px\" aria-hidden=\"true\" class=\"wp-block-spacer\"><\/div>\n\n\n\n<p class=\"has-secondary-color has-text-color has-link-color wp-elements-39538a71b5b7df4c69bffdf75cbdd25f\" style=\"padding-right:var(--wp--preset--spacing--20);padding-left:var(--wp--preset--spacing--20)\"><strong>Main contact: <\/strong> psylab@ut.ee<\/p>\n\n\n\n<hr class=\"wp-block-separator has-alpha-channel-opacity\">\n\n\n\n<div class=\"wp-block-columns is-layout-flex wp-container-core-columns-is-layout-9d6595d7 wp-block-columns-is-layout-flex\">\n<div class=\"wp-block-column is-layout-flow wp-block-column-is-layout-flow\">\n<p><strong>University of Tartu <\/strong><br><strong>Institute of Psychology<\/strong><br>N\u00e4ituse 2, 50409 Tartu, Estonia<\/p>\n\n\n\n<div class=\"video-placeholder-wrapper video-placeholder-wrapper--fixed\" style=\"height: 300px;\">\n\t\t\t    <div class=\"video-placeholder d-flex justify-content-center align-items-center\">\n\t\t\t        <div class=\"overlay text-white p-2 w-100 text-center d-block justify-content-center align-items-center\">\n\t\t\t            <div>Kolmandate osapoolte sisu n\u00e4gemiseks palun n\u00f5ustu k\u00fcpsistega.<\/div>\n\t\t\t            <button class=\"btn btn-secondary btn-sm mt-1 consent-change\">Muuda n\u00f5usolekut<\/button>\n\t\t\t        <\/div>\n\t\t\t    <\/div>\n\t\t\t<\/div>\n\n\n\n\n<hr class=\"wp-block-separator has-alpha-channel-opacity is-style-dots\">\n<\/div>\n\n\n\n<div class=\"wp-block-column is-layout-flow wp-block-column-is-layout-flow\">\n<p><strong>University of Tartu <\/strong><br><strong>Laboratory of Experimental Psychology<\/strong><br>Ravila 14a, 50411 Tartu, Estonia<\/p>\n\n\n\n<div class=\"video-placeholder-wrapper video-placeholder-wrapper--fixed\" style=\"height: 300px;\">\n\t\t\t    <div class=\"video-placeholder d-flex justify-content-center align-items-center\">\n\t\t\t        <div class=\"overlay text-white p-2 w-100 text-center d-block justify-content-center align-items-center\">\n\t\t\t            <div>Kolmandate osapoolte sisu n\u00e4gemiseks palun n\u00f5ustu k\u00fcpsistega.<\/div>\n\t\t\t            <button class=\"btn btn-secondary btn-sm mt-1 consent-change\">Muuda n\u00f5usolekut<\/button>\n\t\t\t        <\/div>\n\t\t\t    <\/div>\n\t\t\t<\/div>\n\n<\/div>\n<\/div>\n\n\n","protected":false},"excerpt":{"rendered":"<p>Main contact: psylab@ut.ee University of Tartu Institute of PsychologyN\u00e4ituse 2, 50409 Tartu, Estonia Kolmandate osapoolte sisu n\u00e4gemiseks palun n\u00f5ustu k\u00fcpsistega. Muuda n\u00f5usolekut University of Tartu Laboratory of Experimental PsychologyRavila 14a, 50411 Tartu, Estonia Kolmandate osapoolte sisu n\u00e4gemiseks palun n\u00f5ustu k\u00fcpsistega. &#8230;<\/p>\n","protected":false},"author":282,"featured_media":0,"parent":0,"menu_order":0,"comment_status":"closed","ping_status":"closed","template":"","meta":{"_acf_changed":false,"inline_featured_image":false,"footnotes":""},"class_list":["post-32","page","type-page","status-publish","hentry"],"acf":[],"_links":{"self":[{"href":"https:\/\/sisu.ut.ee\/abc\/wp-json\/wp\/v2\/pages\/32","targetHints":{"allow":["GET"]}}],"collection":[{"href":"https:\/\/sisu.ut.ee\/abc\/wp-json\/wp\/v2\/pages"}],"about":[{"href":"https:\/\/sisu.ut.ee\/abc\/wp-json\/wp\/v2\/types\/page"}],"author":[{"embeddable":true,"href":"https:\/\/sisu.ut.ee\/abc\/wp-json\/wp\/v2\/users\/282"}],"replies":[{"embeddable":true,"href":"https:\/\/sisu.ut.ee\/abc\/wp-json\/wp\/v2\/comments?post=32"}],"version-history":[{"count":6,"href":"https:\/\/sisu.ut.ee\/abc\/wp-json\/wp\/v2\/pages\/32\/revisions"}],"predecessor-version":[{"id":674,"href":"https:\/\/sisu.ut.ee\/abc\/wp-json\/wp\/v2\/pages\/32\/revisions\/674"}],"wp:attachment":[{"href":"https:\/\/sisu.ut.ee\/abc\/wp-json\/wp\/v2\/media?parent=32"}],"curies":[{"name":"wp","href":"https:\/\/api.w.org\/{rel}","templated":true}]}}