{"id":3,"date":"2024-04-04T05:04:00","date_gmt":"2024-04-04T05:04:00","guid":{"rendered":"https:\/\/sisu.ut.ee\/abc\/affiliate-researchers\/"},"modified":"2026-01-26T21:45:49","modified_gmt":"2026-01-26T19:45:49","slug":"affiliate-researchers","status":"publish","type":"page","link":"https:\/\/sisu.ut.ee\/abc\/affiliate-researchers\/?lang=en","title":{"rendered":"Affiliate Researchers"},"content":{"rendered":"<div class=\"person-card border rounded p-2 pb-4 mb-4\">\n\t<div class=\"d-flex \">\n\t\t\t\t\t<img loading=\"lazy\" decoding=\"async\" width=\"150\" height=\"150\" src=\"https:\/\/sisu.ut.ee\/wp-content\/uploads\/sites\/561\/piia_a-150x150.jpeg\" class=\"flex-shrink-0 object-fit-cover person-card__image img-fluid rounded mb-2 me-2\" alt=\"Pilt\" srcset=\"https:\/\/sisu.ut.ee\/wp-content\/uploads\/sites\/561\/piia_a-150x150.jpeg 150w, https:\/\/sisu.ut.ee\/wp-content\/uploads\/sites\/561\/piia_a-300x300.jpeg 300w, https:\/\/sisu.ut.ee\/wp-content\/uploads\/sites\/561\/piia_a.jpeg 320w\" sizes=\"auto, (max-width: 150px) 100vw, 150px\">\n\t\t\t\t<div class=\"person-card__info\">\n\t\t\t\t\t\t\t<h3 class=\"h4 mb-2\">Piia Astikainen, PhD<\/h3>\n\t\t\t\t\t\t\t\t\t\t<div class=\"mb-2\">\n\t\t\t\t\t<p>Professor in cognitive neuroscience at the Department of Psychology, University of Jyv\u00e4skyl\u00e4, leader of Active Mind group.<\/p>\n<p>In the Active Mind Lab they are interested in how learning and interventions change cognition, emotion and brain function. Active Mind Lab has two focus areas: i) speech perception and auditory learning and ii) information processing in depression and aging. The name of the group reflects their aim to produce knowledge that can be used for promoting learning, mental health and active and healthy aging.  <a href=\"https:\/\/scholar.google.com\/citations?user=KzpGM10AAAAJ&amp;hl=en&amp;oi=ao\" title=\"GoogleScholar\" target=\"_blank\">GoogleScholar<\/a><\/p>\n\n\t\t\t\t<\/div>\n\t\t\t\t\t\t\t\t\t\t\t\t\t\t<\/div>\n\t<\/div>\n\t<\/div>\n\n\n<div class=\"person-card border rounded p-2 pb-4 mb-4\">\n\t<div class=\"d-flex \">\n\t\t\t\t<div class=\"person-card__info\">\n\t\t\t\t\t\t\t<h3 class=\"h4 mb-2\">Anto Aasa, PhD<\/h3>\n\t\t\t\t\t\t\t\t\t\t<div class=\"mb-2\">\n\t\t\t\t\t<p><a href=\"https:\/\/www.etis.ee\/CV\/Anto_Aasa\/\" title=\"ETIS\" target=\"_blank\">ETIS<\/a> \/ <a href=\"https:\/\/scholar.google.com\/citations?user=r0_5mcEAAAAJ&amp;hl=en\" title=\"GoogleScholar\" target=\"_blank\">GoogleScholar<\/a><\/p>\n\n\t\t\t\t<\/div>\n\t\t\t\t\t\t\t\t\t\t\t\t\t\t<\/div>\n\t<\/div>\n\t<\/div>\n\n\n<div class=\"person-card border rounded p-2 pb-4 mb-4\">\n\t<div class=\"d-flex \">\n\t\t\t\t<div class=\"person-card__info\">\n\t\t\t\t\t\t\t<h3 class=\"h4 mb-2\">Kadri Leetmaa, PhD<\/h3>\n\t\t\t\t\t\t\t\t\t\t<div class=\"mb-2\">\n\t\t\t\t\t<p><a href=\"https:\/\/www.etis.ee\/CV\/Kadri_Leetmaa\/\" title=\"ETIS\" target=\"_blank\">ETIS<\/a> \/ <a href=\"https:\/\/scholar.google.com\/citations?hl=en&amp;user=2PKhNVEAAAAJ\" title=\"GoogleScholar\" target=\"_blank\">GoogleScholar<\/a><\/p>\n\n\t\t\t\t<\/div>\n\t\t\t\t\t\t\t\t\t\t\t\t\t\t<\/div>\n\t<\/div>\n\t<\/div>\n\n\n<div class=\"person-card border rounded p-2 pb-4 mb-4\">\n\t<div class=\"d-flex \">\n\t\t\t\t<div class=\"person-card__info\">\n\t\t\t\t\t\t\t<h3 class=\"h4 mb-2\">Mairi M\u00e4nnamaa, PhD<\/h3>\n\t\t\t\t\t\t\t\t\t\t<div class=\"mb-2\">\n\t\t\t\t\t<p><a href=\"https:\/\/www.etis.ee\/CV\/Mairi_M%C3%A4nnamaa\/\" title=\"ETIS\" target=\"_blank\">ETIS<\/a> \/ <a href=\"https:\/\/scholar.google.com\/citations?user=YG1Rmg0AAAAJ&amp;hl=en\" title=\"GoogleScholar\" target=\"_blank\">GoogleScholar<\/a><\/p>\n\n\t\t\t\t<\/div>\n\t\t\t\t\t\t\t\t\t\t\t\t\t\t<\/div>\n\t<\/div>\n\t<\/div>\n\n\n<div class=\"person-card border rounded p-2 pb-4 mb-4\">\n\t<div class=\"d-flex \">\n\t\t\t\t\t<img loading=\"lazy\" decoding=\"async\" width=\"150\" height=\"150\" src=\"https:\/\/sisu.ut.ee\/wp-content\/uploads\/sites\/561\/marika_p_ruut_511px-150x150.jpg\" class=\"flex-shrink-0 object-fit-cover person-card__image img-fluid rounded mb-2 me-2\" alt=\"Pilt\" srcset=\"https:\/\/sisu.ut.ee\/wp-content\/uploads\/sites\/561\/marika_p_ruut_511px-150x150.jpg 150w, https:\/\/sisu.ut.ee\/wp-content\/uploads\/sites\/561\/marika_p_ruut_511px-300x300.jpg 300w, https:\/\/sisu.ut.ee\/wp-content\/uploads\/sites\/561\/marika_p_ruut_511px.jpg 511w\" sizes=\"auto, (max-width: 150px) 100vw, 150px\">\n\t\t\t\t<div class=\"person-card__info\">\n\t\t\t\t\t\t\t<h3 class=\"h4 mb-2\">Marika Padrik, PhD<\/h3>\n\t\t\t\t\t\t\t\t\t\t<div class=\"mb-2\">\n\t\t\t\t\t<p><a href=\"https:\/\/www.etis.ee\/CV\/Marika_Padrik\/\" title=\"ETIS\" target=\"_blank\">ETIS<\/a><\/p>\n\n\t\t\t\t<\/div>\n\t\t\t\t\t\t\t\t\t\t\t\t\t\t<\/div>\n\t<\/div>\n\t<\/div>\n\n\n<div class=\"person-card border rounded p-2 pb-4 mb-4\">\n\t<div class=\"d-flex \">\n\t\t\t\t<div class=\"person-card__info\">\n\t\t\t\t\t\t\t<h3 class=\"h4 mb-2\">Hedvig Sultson, PhD<\/h3>\n\t\t\t\t\t\t\t\t\t\t<div class=\"mb-2\">\n\t\t\t\t\t<p><a href=\"https:\/\/www.etis.ee\/CV\/Hedvig_Sultson\/est\" title=\"ETIS\" target=\"_blank\">ETIS<\/a> \/ <a href=\"https:\/\/scholar.google.com\/citations?hl=en&amp;user=0ltPldoAAAAJ\" title=\"GoogleScholar\" target=\"_blank\">GoogleScholar<\/a><\/p>\n\n\t\t\t\t<\/div>\n\t\t\t\t\t\t\t\t\t\t\t\t\t\t<\/div>\n\t<\/div>\n\t<\/div>\n\n\n<div class=\"person-card border rounded p-2 pb-4 mb-4\">\n\t<div class=\"d-flex \">\n\t\t\t\t<div class=\"person-card__info\">\n\t\t\t\t\t\t\t<h3 class=\"h4 mb-2\">Ulvi Vaher, PdD<\/h3>\n\t\t\t\t\t\t\t\t\t\t<div class=\"mb-2\">\n\t\t\t\t\t<p><a href=\"https:\/\/www.etis.ee\/CV\/Ulvi_Vaher\/\" title=\"ETIS\" target=\"_blank\">ETIS<\/a><\/p>\n\n\t\t\t\t<\/div>\n\t\t\t\t\t\t\t\t\t\t\t\t\t\t<\/div>\n\t<\/div>\n\t<\/div>\n\n\n<div class=\"person-card border rounded p-2 pb-4 mb-4\">\n\t<div class=\"d-flex \">\n\t\t\t\t\t<img loading=\"lazy\" decoding=\"async\" width=\"150\" height=\"150\" src=\"https:\/\/sisu.ut.ee\/wp-content\/uploads\/sites\/561\/siqi_ruut_512px-150x150.jpg\" class=\"flex-shrink-0 object-fit-cover person-card__image img-fluid rounded mb-2 me-2\" alt=\"pilt\" srcset=\"https:\/\/sisu.ut.ee\/wp-content\/uploads\/sites\/561\/siqi_ruut_512px-150x150.jpg 150w, https:\/\/sisu.ut.ee\/wp-content\/uploads\/sites\/561\/siqi_ruut_512px-300x300.jpg 300w, https:\/\/sisu.ut.ee\/wp-content\/uploads\/sites\/561\/siqi_ruut_512px.jpg 511w\" sizes=\"auto, (max-width: 150px) 100vw, 150px\">\n\t\t\t\t<div class=\"person-card__info\">\n\t\t\t\t\t\t\t<h3 class=\"h4 mb-2\">Siqi Lyu, PhD<\/h3>\n\t\t\t\t\t\t\t\t\t\t<div class=\"mb-2\">\n\t\t\t\t\t<p>Research Fellow in Experimental Psychology at UT<\/p>\n\n\t\t\t\t<\/div>\n\t\t\t\t\t\t\t\t\t\t\t\t\t\t\t\t<a href=\"mailto:siqi.lyu@ut.ee\" class=\"mb-0\">siqi.lyu@ut.ee<\/a>\n\t\t\t\t\t<\/div>\n\t<\/div>\n\t\t\t<div class=\"person-card__description mt-2\">\n\t\t\t<p>Siqi works on language-related topics, e.g., how Estonian and Chinese native speakers perceive language-specific and non-language stimuli, how musical background affects the perception of language, etc. <a href=\"https:\/\/www.etis.ee\/CV\/Siqi_Lyu\" title=\"ETIS\" target=\"_blank\">ETIS<\/a> \/ <a href=\"https:\/\/scholar.google.com\/citations?user=hHEcddIAAAAJ&amp;hl=en&amp;oi=ao\" title=\"GoogleScholar\" target=\"_blank\">GoogleScholar<\/a><\/p>\n\n\t\t<\/div>\n\t<\/div>\n\n\n<div class=\"person-card border rounded p-2 pb-4 mb-4\">\n\t<div class=\"d-flex \">\n\t\t\t\t<div class=\"person-card__info\">\n\t\t\t\t\t\t\t<h3 class=\"h4 mb-2\">Maie Bachmann, PhD<\/h3>\n\t\t\t\t\t\t\t\t\t\t<div class=\"mb-2\">\n\t\t\t\t\t<p>Tenured Associate Professor, Head of Biosignal Processing Laboratory, Tallinn University of Technology<\/p>\n\n\t\t\t\t<\/div>\n\t\t\t\t\t\t\t\t\t\t\t\t\t\t<\/div>\n\t<\/div>\n\t\t\t<div class=\"person-card__description mt-2\">\n\t\t\t<p><a href=\"https:\/\/www.etis.ee\/CV\/Maie_Bachmann\/eng\" title=\"ETIS\" target=\"_blank\">ETIS<\/a><\/p>\n\n\t\t<\/div>\n\t<\/div>\n\n\n<div class=\"person-card border rounded p-2 pb-4 mb-4\">\n\t<div class=\"d-flex \">\n\t\t\t\t\t<img loading=\"lazy\" decoding=\"async\" width=\"150\" height=\"150\" src=\"https:\/\/sisu.ut.ee\/wp-content\/uploads\/sites\/561\/eriksamuel_ruut_512px-150x150.jpg\" class=\"flex-shrink-0 object-fit-cover person-card__image img-fluid rounded mb-2 me-2\" alt=\"Pilt\" srcset=\"https:\/\/sisu.ut.ee\/wp-content\/uploads\/sites\/561\/eriksamuel_ruut_512px-150x150.jpg 150w, https:\/\/sisu.ut.ee\/wp-content\/uploads\/sites\/561\/eriksamuel_ruut_512px-300x300.jpg 300w, https:\/\/sisu.ut.ee\/wp-content\/uploads\/sites\/561\/eriksamuel_ruut_512px.jpg 512w\" sizes=\"auto, (max-width: 150px) 100vw, 150px\">\n\t\t\t\t<div class=\"person-card__info\">\n\t\t\t\t\t\t\t<h3 class=\"h4 mb-2\">Erik Samuel Nickel, MSc<\/h3>\n\t\t\t\t\t\t\t\t\t\t<div class=\"mb-2\">\n\t\t\t\t\t<p>Master of Science in Cognitive Science, Universit\u00e4t Osnabr\u00fcck, Universit\u00e0 degli Studi di Trento<\/p>\n\n\t\t\t\t<\/div>\n\t\t\t\t\t\t\t\t\t\t\t\t\t\t<\/div>\n\t<\/div>\n\t<\/div>\n\n\n<div class=\"person-card border rounded p-2 pb-4 mb-4\">\n\t<div class=\"d-flex \">\n\t\t\t\t\t<img loading=\"lazy\" decoding=\"async\" width=\"150\" height=\"150\" src=\"https:\/\/sisu.ut.ee\/wp-content\/uploads\/sites\/561\/madli_ruut_551px-150x150.jpg\" class=\"flex-shrink-0 object-fit-cover person-card__image img-fluid rounded mb-2 me-2\" alt=\"pilt\" srcset=\"https:\/\/sisu.ut.ee\/wp-content\/uploads\/sites\/561\/madli_ruut_551px-150x150.jpg 150w, https:\/\/sisu.ut.ee\/wp-content\/uploads\/sites\/561\/madli_ruut_551px-300x300.jpg 300w, https:\/\/sisu.ut.ee\/wp-content\/uploads\/sites\/561\/madli_ruut_551px.jpg 512w\" sizes=\"auto, (max-width: 150px) 100vw, 150px\">\n\t\t\t\t<div class=\"person-card__info\">\n\t\t\t\t\t\t\t<h3 class=\"h4 mb-2\">Madli Kuus<\/h3>\n\t\t\t\t\t\t\t\t\t\t<div class=\"mb-2\">\n\t\t\t\t\t<p>Within the framework of the project, Madli wrote her master\u2019s thesis on the relationship of mismatch negativity with personality, anxiety, and depression.<\/p>\n\n\t\t\t\t<\/div>\n\t\t\t\t\t\t\t\t\t\t\t\t\t\t<\/div>\n\t<\/div>\n\t<\/div>\n\n\n<div class=\"person-card border rounded p-2 pb-4 mb-4\">\n\t<div class=\"d-flex \">\n\t\t\t\t\t<img loading=\"lazy\" decoding=\"async\" width=\"150\" height=\"150\" src=\"https:\/\/sisu.ut.ee\/wp-content\/uploads\/sites\/561\/jaokb_ruut_551px-150x150.jpg\" class=\"flex-shrink-0 object-fit-cover person-card__image img-fluid rounded mb-2 me-2\" alt=\"pilt\" srcset=\"https:\/\/sisu.ut.ee\/wp-content\/uploads\/sites\/561\/jaokb_ruut_551px-150x150.jpg 150w, https:\/\/sisu.ut.ee\/wp-content\/uploads\/sites\/561\/jaokb_ruut_551px-300x300.jpg 300w, https:\/\/sisu.ut.ee\/wp-content\/uploads\/sites\/561\/jaokb_ruut_551px.jpg 511w\" sizes=\"auto, (max-width: 150px) 100vw, 150px\">\n\t\t\t\t<div class=\"person-card__info\">\n\t\t\t\t\t\t\t<h3 class=\"h4 mb-2\">Jakob Saare<\/h3>\n\t\t\t\t\t\t\t\t\t\t<div class=\"mb-2\">\n\t\t\t\t\t<p>Jakob studied the effects of usage of smart devices on pre-attentive information processing. This work was also completed as his master\u2019s thesis.<\/p>\n\n\t\t\t\t<\/div>\n\t\t\t\t\t\t\t\t\t\t\t\t\t\t<\/div>\n\t<\/div>\n\t<\/div>\n\n\n<div class=\"person-card border rounded p-2 pb-4 mb-4\">\n\t<div class=\"d-flex \">\n\t\t\t\t\t<img loading=\"lazy\" decoding=\"async\" width=\"150\" height=\"150\" src=\"https:\/\/sisu.ut.ee\/wp-content\/uploads\/sites\/561\/lisett_ruut_551px-150x150.jpg\" class=\"flex-shrink-0 object-fit-cover person-card__image img-fluid rounded mb-2 me-2\" alt=\"pilt\" srcset=\"https:\/\/sisu.ut.ee\/wp-content\/uploads\/sites\/561\/lisett_ruut_551px-150x150.jpg 150w, https:\/\/sisu.ut.ee\/wp-content\/uploads\/sites\/561\/lisett_ruut_551px-300x300.jpg 300w, https:\/\/sisu.ut.ee\/wp-content\/uploads\/sites\/561\/lisett_ruut_551px.jpg 511w\" sizes=\"auto, (max-width: 150px) 100vw, 150px\">\n\t\t\t\t<div class=\"person-card__info\">\n\t\t\t\t\t\t\t<h3 class=\"h4 mb-2\">Lisett Pavelson<\/h3>\n\t\t\t\t\t\t\t\t\t\t<div class=\"mb-2\">\n\t\t\t\t\t<p>Lisett wrote a master\u2019s thesis on the effects of usage of smart devices on cognitive functions.<\/p>\n\n\t\t\t\t<\/div>\n\t\t\t\t\t\t\t\t\t\t\t\t\t\t<\/div>\n\t<\/div>\n\t<\/div>\n\n\n<div class=\"person-card border rounded p-2 pb-4 mb-4\">\n\t<div class=\"d-flex \">\n\t\t\t\t\t<img loading=\"lazy\" decoding=\"async\" width=\"150\" height=\"150\" src=\"https:\/\/sisu.ut.ee\/wp-content\/uploads\/sites\/561\/annika_k_ruut_511px-150x150.jpg\" class=\"flex-shrink-0 object-fit-cover person-card__image img-fluid rounded mb-2 me-2\" alt=\"pilt\" srcset=\"https:\/\/sisu.ut.ee\/wp-content\/uploads\/sites\/561\/annika_k_ruut_511px-150x150.jpg 150w, https:\/\/sisu.ut.ee\/wp-content\/uploads\/sites\/561\/annika_k_ruut_511px-300x300.jpg 300w, https:\/\/sisu.ut.ee\/wp-content\/uploads\/sites\/561\/annika_k_ruut_511px.jpg 512w\" sizes=\"auto, (max-width: 150px) 100vw, 150px\">\n\t\t\t\t<div class=\"person-card__info\">\n\t\t\t\t\t\t\t<h3 class=\"h4 mb-2\">Annika Kask<\/h3>\n\t\t\t\t\t\t\t\t\t\t<div class=\"mb-2\">\n\t\t\t\t\t<p>As part of the project, Annika studied automatic processing of visual information. More specifically, the aim of Annika\u2019s research was to see whether and how we automatically distinguish schematic emotional faces in the brain. <a href=\"https:\/\/www.etis.ee\/CV\/Annika_Kask\/\" title=\"ETIS\" target=\"_blank\">ETIS<\/a><\/p>\n\n\t\t\t\t<\/div>\n\t\t\t\t\t\t\t\t\t\t\t\t\t\t<\/div>\n\t<\/div>\n\t<\/div>\n\n\n<div class=\"person-card border rounded p-2 pb-4 mb-4\">\n\t<div class=\"d-flex \">\n\t\t\t\t\t<img loading=\"lazy\" decoding=\"async\" width=\"150\" height=\"150\" src=\"https:\/\/sisu.ut.ee\/wp-content\/uploads\/sites\/561\/nele_ruut_511px-150x150.jpg\" class=\"flex-shrink-0 object-fit-cover person-card__image img-fluid rounded mb-2 me-2\" alt=\"\" srcset=\"https:\/\/sisu.ut.ee\/wp-content\/uploads\/sites\/561\/nele_ruut_511px-150x150.jpg 150w, https:\/\/sisu.ut.ee\/wp-content\/uploads\/sites\/561\/nele_ruut_511px-300x300.jpg 300w, https:\/\/sisu.ut.ee\/wp-content\/uploads\/sites\/561\/nele_ruut_511px.jpg 512w\" sizes=\"auto, (max-width: 150px) 100vw, 150px\">\n\t\t\t\t<div class=\"person-card__info\">\n\t\t\t\t\t\t\t<h3 class=\"h4 mb-2\">Nele P\u00f5ldver, PhD<\/h3>\n\t\t\t\t\t\t\t\t\t\t<div class=\"mb-2\">\n\t\t\t\t\t<p>Human Factor Lecturer at Estonian Aviation Academy, Psychology teacher at Miina H\u00e4rma Gymnasium<\/p>\n\n\t\t\t\t<\/div>\n\t\t\t\t\t\t\t\t\t\t\t\t\t\t<\/div>\n\t<\/div>\n\t\t\t<div class=\"person-card__description mt-2\">\n\t\t\t<p>Nele\u2019s research has involved different cognitive processes: attention (including pre-attentional processing), memory, perception, speech processing. She wrote her doctoral thesis on automatic processes in visual perception, but also does research in the field of auditory perception and speech processing. <a title=\"ETIS\" href=\"https:\/\/www.etis.ee\/CV\/Nele_P%C3%B5ldver#\" target=\"_blank\" rel=\"noopener\">ETIS<\/a> \/ <a title=\"GoogleScholar\" href=\"https:\/\/scholar.google.com\/citations?user=ieW8yjkAAAAJ&amp;hl=en&amp;oi=ao\" target=\"_blank\" rel=\"noopener\">GoogleScholar<\/a><\/p>\n\n\t\t<\/div>\n\t<\/div>\n\n\n\n<div class=\"wp-block-buttons is-vertical is-content-justification-right is-layout-flex wp-container-core-buttons-is-layout-07decfea wp-block-buttons-is-layout-flex\">\n<div class=\"wp-block-button is-style-outline is-style-outline--1\"><a class=\"wp-block-button__link wp-element-button\" href=\"https:\/\/sisu.ut.ee\/abc\/people-0\/?lang=en\">Researchers and Doctoral Students<\/a><\/div>\n\n\n\n<div class=\"wp-block-button is-style-outline is-style-outline--2\"><a class=\"wp-block-button__link wp-element-button\" href=\"https:\/\/sisu.ut.ee\/abc\/students-0\/?lang=en\">Students<\/a><\/div>\n<\/div>\n","protected":false},"excerpt":{"rendered":"","protected":false},"author":282,"featured_media":0,"parent":0,"menu_order":0,"comment_status":"closed","ping_status":"closed","template":"","meta":{"_acf_changed":false,"inline_featured_image":false,"footnotes":""},"class_list":["post-3","page","type-page","status-publish","hentry"],"acf":[],"_links":{"self":[{"href":"https:\/\/sisu.ut.ee\/abc\/wp-json\/wp\/v2\/pages\/3","targetHints":{"allow":["GET"]}}],"collection":[{"href":"https:\/\/sisu.ut.ee\/abc\/wp-json\/wp\/v2\/pages"}],"about":[{"href":"https:\/\/sisu.ut.ee\/abc\/wp-json\/wp\/v2\/types\/page"}],"author":[{"embeddable":true,"href":"https:\/\/sisu.ut.ee\/abc\/wp-json\/wp\/v2\/users\/282"}],"replies":[{"embeddable":true,"href":"https:\/\/sisu.ut.ee\/abc\/wp-json\/wp\/v2\/comments?post=3"}],"version-history":[{"count":18,"href":"https:\/\/sisu.ut.ee\/abc\/wp-json\/wp\/v2\/pages\/3\/revisions"}],"predecessor-version":[{"id":1176,"href":"https:\/\/sisu.ut.ee\/abc\/wp-json\/wp\/v2\/pages\/3\/revisions\/1176"}],"wp:attachment":[{"href":"https:\/\/sisu.ut.ee\/abc\/wp-json\/wp\/v2\/media?parent=3"}],"curies":[{"name":"wp","href":"https:\/\/api.w.org\/{rel}","templated":true}]}}