{"id":28,"date":"2024-04-04T05:04:03","date_gmt":"2024-04-04T05:04:03","guid":{"rendered":"https:\/\/sisu.ut.ee\/abc\/koostood_\/"},"modified":"2024-05-29T02:28:03","modified_gmt":"2024-05-28T23:28:03","slug":"koostood_","status":"publish","type":"page","link":"https:\/\/sisu.ut.ee\/abc\/koostood_\/","title":{"rendered":"Koost\u00f6\u00f6"},"content":{"rendered":"<p class=\"has-large-font-size\" style=\"padding-top:var(--wp--preset--spacing--50);padding-bottom:var(--wp--preset--spacing--50)\">Inimese toimimise ja selle aluseks olevate protsesside m\u00f5istmine saab toimuda ainult l\u00e4bi koostoo. Otsime koos teiste teadlaste ja\/v\u00f5i praktikutega vastuseid end huvitavatele k\u00fcsimustele, kuid pakume ka enda teadmisi ja oskusi heade teadus- v\u00f5i rakendusuuringute planeerimisel ja l\u00e4biviimisel. <a title=\"\" data-url=\"https:\/\/sisu.ut.ee\/abc\/inimesed\" href=\"https:\/\/sisu.ut.ee\/abc\/inimesed\">V\u00f5ta meiega julgelt \u00fchendust!<\/a><\/p>\n\n\n\n<h5 class=\"wp-block-heading has-secondary-color has-text-color has-link-color wp-elements-07626286028ff5e2ed9024a4566a6c17\" style=\"padding-top:var(--wp--preset--spacing--30);padding-right:var(--wp--preset--spacing--20);padding-bottom:var(--wp--preset--spacing--30);padding-left:var(--wp--preset--spacing--20);text-transform:none\">Vaata videot meie uurimisr\u00fchma tegemistest  <strong>\u2193<\/strong><\/h5>\n\n\n\n<figure class=\"wp-block-embed aligncenter is-type-video is-provider-youtube wp-block-embed-youtube wp-embed-aspect-16-9 wp-has-aspect-ratio\"><div class=\"wp-block-embed__wrapper\">\n<div class=\"ratio ratio-16x9 mb-3\"><div class=\"video-placeholder-wrapper video-placeholder-wrapper--16x9\">\n\t\t\t    <div class=\"video-placeholder d-flex justify-content-center align-items-center\">\n\t\t\t        <div class=\"overlay text-white p-2 w-100 text-center d-block justify-content-center align-items-center\">\n\t\t\t            <div>Kolmandate osapoolte sisu n\u00e4gemiseks palun n\u00f5ustu k\u00fcpsistega.<\/div>\n\t\t\t            <button class=\"btn btn-secondary btn-sm mt-1 consent-change\">Muuda n\u00f5usolekut<\/button>\n\t\t\t        <\/div>\n\t\t\t    <\/div>\n\t\t\t<\/div>\n<\/div>\n<\/div><\/figure>\n\n\n\n<div class=\"wp-block-buttons is-vertical is-content-justification-right is-layout-flex wp-container-core-buttons-is-layout-07decfea wp-block-buttons-is-layout-flex\">\n<div class=\"wp-block-button has-custom-font-size is-style-outline has-large-font-size is-style-outline--1\"><a class=\"wp-block-button__link wp-element-button\" href=\"https:\/\/sisu.ut.ee\/abc\/inimesed\/\">Uurijad ja doktorandid<\/a><\/div>\n\n\n\n<div class=\"wp-block-button has-custom-font-size is-style-outline has-large-font-size is-style-outline--2\"><a class=\"wp-block-button__link wp-element-button\" href=\"https:\/\/sisu.ut.ee\/abc\/kaastootajad\/\">Kaast\u00f6\u00f6tajad<\/a><\/div>\n\n\n\n<div class=\"wp-block-button has-custom-font-size is-style-outline has-large-font-size is-style-outline--3\"><a class=\"wp-block-button__link wp-element-button\" href=\"https:\/\/sisu.ut.ee\/abc\/tudengitele\/\">Tudengitele<\/a><\/div>\n<\/div>\n","protected":false},"excerpt":{"rendered":"<p>Inimese toimimise ja selle aluseks olevate protsesside m\u00f5istmine saab toimuda ainult l\u00e4bi koostoo. Otsime koos teiste teadlaste ja\/v\u00f5i praktikutega vastuseid end huvitavatele k\u00fcsimustele, kuid pakume ka enda teadmisi ja oskusi heade teadus- v\u00f5i rakendusuuringute planeerimisel ja l\u00e4biviimisel. V\u00f5ta meiega julgelt &#8230;<\/p>\n","protected":false},"author":282,"featured_media":0,"parent":0,"menu_order":0,"comment_status":"closed","ping_status":"closed","template":"","meta":{"_acf_changed":false,"inline_featured_image":false,"footnotes":""},"class_list":["post-28","page","type-page","status-publish","hentry"],"acf":[],"_links":{"self":[{"href":"https:\/\/sisu.ut.ee\/abc\/wp-json\/wp\/v2\/pages\/28","targetHints":{"allow":["GET"]}}],"collection":[{"href":"https:\/\/sisu.ut.ee\/abc\/wp-json\/wp\/v2\/pages"}],"about":[{"href":"https:\/\/sisu.ut.ee\/abc\/wp-json\/wp\/v2\/types\/page"}],"author":[{"embeddable":true,"href":"https:\/\/sisu.ut.ee\/abc\/wp-json\/wp\/v2\/users\/282"}],"replies":[{"embeddable":true,"href":"https:\/\/sisu.ut.ee\/abc\/wp-json\/wp\/v2\/comments?post=28"}],"version-history":[{"count":20,"href":"https:\/\/sisu.ut.ee\/abc\/wp-json\/wp\/v2\/pages\/28\/revisions"}],"predecessor-version":[{"id":634,"href":"https:\/\/sisu.ut.ee\/abc\/wp-json\/wp\/v2\/pages\/28\/revisions\/634"}],"wp:attachment":[{"href":"https:\/\/sisu.ut.ee\/abc\/wp-json\/wp\/v2\/media?parent=28"}],"curies":[{"name":"wp","href":"https:\/\/api.w.org\/{rel}","templated":true}]}}