{"id":27,"date":"2024-04-04T05:04:03","date_gmt":"2024-04-04T05:04:03","guid":{"rendered":"https:\/\/sisu.ut.ee\/abc\/tudengitele\/"},"modified":"2024-05-29T01:22:06","modified_gmt":"2024-05-28T22:22:06","slug":"tudengitele","status":"publish","type":"page","link":"https:\/\/sisu.ut.ee\/abc\/tudengitele\/","title":{"rendered":"Tudengitele"},"content":{"rendered":"<p class=\"has-large-font-size\" style=\"padding-top:var(--wp--preset--spacing--50)\"><span style=\"font-size: 18px;\">P\u00f6\u00f6rdu julgelt meie poole, kui sind m\u00f5ni projekti teemasuund k\u00f5netab ning tahaksid sel teemal kaasa l\u00fc\u00fca! Juhendame (peamiselt T\u00dc ps\u00fchholoogia instituudis, kuid kokkuleppel ka mujal) nii bakalaureuseastme uurimist\u00f6id, magistrit\u00f6id kui ka doktorit\u00f6id. V\u00f5ta \u00fchendust kas meie \u00fcldisel aadressil psylab@ut.ee\u00a0v\u00f5i kirjuta m\u00f5nele uurijale v\u00f5i doktorandile otse (kontaktid leiab <strong><a title=\"https:\/\/sisu.ut.ee\/abc\/inimesed\" href=\"https:\/\/sisu.ut.ee\/abc\/inimesed\" data-url=\"https:\/\/sisu.ut.ee\/abc\/inimesed\">siit<\/a><\/strong>).<\/span><\/p>\n\n\n\n<p class=\"has-large-font-size\" style=\"padding-bottom:var(--wp--preset--spacing--50)\"><span style=\"font-size: 18px;\">Tutvu meie uurimisteemade raames kirjutatud\u00a0tudengit\u00f6\u00f6dega: <a href=\"https:\/\/sisu.ut.ee\/abc\/juhendatud-tudengitood\/\"><strong>juhendatud tudengit\u00f6\u00f6d<\/strong>.<\/a><\/span><\/p>\n\n\n\n<hr class=\"wp-block-separator has-alpha-channel-opacity\">\n\n\n\n<h5 class=\"wp-block-heading has-secondary-color has-text-color has-link-color wp-elements-07626286028ff5e2ed9024a4566a6c17\" style=\"padding-top:var(--wp--preset--spacing--30);padding-right:var(--wp--preset--spacing--20);padding-bottom:var(--wp--preset--spacing--30);padding-left:var(--wp--preset--spacing--20);text-transform:none\">Vaata videot meie uurimisr\u00fchma tegemistest  <strong>\u2193<\/strong><\/h5>\n\n\n\n<figure class=\"wp-block-embed aligncenter is-type-video is-provider-youtube wp-block-embed-youtube wp-embed-aspect-16-9 wp-has-aspect-ratio\"><div class=\"wp-block-embed__wrapper\">\n<div class=\"ratio ratio-16x9 mb-3\"><div class=\"video-placeholder-wrapper video-placeholder-wrapper--16x9\">\n\t\t\t    <div class=\"video-placeholder d-flex justify-content-center align-items-center\">\n\t\t\t        <div class=\"overlay text-white p-2 w-100 text-center d-block justify-content-center align-items-center\">\n\t\t\t            <div>Kolmandate osapoolte sisu n\u00e4gemiseks palun n\u00f5ustu k\u00fcpsistega.<\/div>\n\t\t\t            <button class=\"btn btn-secondary btn-sm mt-1 consent-change\">Muuda n\u00f5usolekut<\/button>\n\t\t\t        <\/div>\n\t\t\t    <\/div>\n\t\t\t<\/div>\n<\/div>\n<\/div><\/figure>\n","protected":false},"excerpt":{"rendered":"<p>P\u00f6\u00f6rdu julgelt meie poole, kui sind m\u00f5ni projekti teemasuund k\u00f5netab ning tahaksid sel teemal kaasa l\u00fc\u00fca! Juhendame (peamiselt T\u00dc ps\u00fchholoogia instituudis, kuid kokkuleppel ka mujal) nii bakalaureuseastme uurimist\u00f6id, magistrit\u00f6id kui ka doktorit\u00f6id. V\u00f5ta \u00fchendust kas meie \u00fcldisel aadressil psylab@ut.ee\u00a0v\u00f5i kirjuta &#8230;<\/p>\n","protected":false},"author":282,"featured_media":0,"parent":0,"menu_order":0,"comment_status":"closed","ping_status":"closed","template":"","meta":{"_acf_changed":false,"inline_featured_image":false,"footnotes":""},"class_list":["post-27","page","type-page","status-publish","hentry"],"acf":[],"_links":{"self":[{"href":"https:\/\/sisu.ut.ee\/abc\/wp-json\/wp\/v2\/pages\/27","targetHints":{"allow":["GET"]}}],"collection":[{"href":"https:\/\/sisu.ut.ee\/abc\/wp-json\/wp\/v2\/pages"}],"about":[{"href":"https:\/\/sisu.ut.ee\/abc\/wp-json\/wp\/v2\/types\/page"}],"author":[{"embeddable":true,"href":"https:\/\/sisu.ut.ee\/abc\/wp-json\/wp\/v2\/users\/282"}],"replies":[{"embeddable":true,"href":"https:\/\/sisu.ut.ee\/abc\/wp-json\/wp\/v2\/comments?post=27"}],"version-history":[{"count":14,"href":"https:\/\/sisu.ut.ee\/abc\/wp-json\/wp\/v2\/pages\/27\/revisions"}],"predecessor-version":[{"id":574,"href":"https:\/\/sisu.ut.ee\/abc\/wp-json\/wp\/v2\/pages\/27\/revisions\/574"}],"wp:attachment":[{"href":"https:\/\/sisu.ut.ee\/abc\/wp-json\/wp\/v2\/media?parent=27"}],"curies":[{"name":"wp","href":"https:\/\/api.w.org\/{rel}","templated":true}]}}