{"id":25,"date":"2024-04-04T05:04:03","date_gmt":"2024-04-04T05:04:03","guid":{"rendered":"https:\/\/sisu.ut.ee\/abc\/meetodid-ja-vahendid\/"},"modified":"2024-05-29T01:52:08","modified_gmt":"2024-05-28T22:52:08","slug":"meetodid-ja-vahendid","status":"publish","type":"page","link":"https:\/\/sisu.ut.ee\/abc\/meetodid-ja-vahendid\/","title":{"rendered":"Meetodid ja vahendid"},"content":{"rendered":"<p class=\"has-large-font-size\" style=\"padding-top:var(--wp--preset--spacing--50);padding-bottom:0\"><span style=\"font-size: 18px;\">Kasutame enda teadust\u00f6\u00f6s palju elektroentsefalograafia ehk EEG meetodit, ps\u00fchhof\u00fc\u00fcsikalisi meetodeid, aga ka silmade liikumise j\u00e4lgimist, mis on laboris uuritavate kiirete vaimsete protsesside (nt liikumine, kiired esitused v\u00f5i muutused, automaatne erinevuse tuvastamine sisendis ehk lahknevusnegatiivsus) vaatlemiseks sobilikud. Lisaks rakendame traditsioonilisemaid ps\u00fchholoogiateaduse meetodeid nagu k\u00fcsimustikud, k\u00e4itumuslikud katsed, kogemuse v\u00e4ljav\u00f5tte meetod jm.\u00a0<\/span><\/p>\n\n\n\n<p class=\"has-large-font-size\"><span style=\"font-size: 18px;\">Meie laboris on lisaks <strong>EEG-le (BioSemi)<\/strong> t\u00f6\u00f6vahenditena kasutusel <strong>24-kanaliga fNIRS (Hitachi)<\/strong> s\u00fcsteem kortikaalsete metaboolsete muutuste uurimiseks ja silmaliigutuste j\u00e4lgimise s\u00fcsteemid <strong>EyeLink 1000<\/strong> ning<strong> Tobii X60<\/strong>. M\u00f5\u00f5dame ka muid f\u00fcsioloogilisi signaale nagu naha galvaaniline reaktsioon, pulsisagedus v\u00f5i lihasaktiivsus (EMG).<\/span><\/p>\n\n\n\n<div style=\"height:100px\" aria-hidden=\"true\" class=\"wp-block-spacer\"><\/div>\n\n\n\n<div class=\"wp-block-buttons is-content-justification-right is-layout-flex wp-container-core-buttons-is-layout-765c4724 wp-block-buttons-is-layout-flex\">\n<div class=\"wp-block-button has-custom-font-size is-style-outline has-large-font-size is-style-outline--1\"><a class=\"wp-block-button__link wp-element-button\" href=\"https:\/\/sisu.ut.ee\/abc\/koostood_\/\">Koost\u00f6\u00f6<\/a><\/div>\n<\/div>\n","protected":false},"excerpt":{"rendered":"<p>Kasutame enda teadust\u00f6\u00f6s palju elektroentsefalograafia ehk EEG meetodit, ps\u00fchhof\u00fc\u00fcsikalisi meetodeid, aga ka silmade liikumise j\u00e4lgimist, mis on laboris uuritavate kiirete vaimsete protsesside (nt liikumine, kiired esitused v\u00f5i muutused, automaatne erinevuse tuvastamine sisendis ehk lahknevusnegatiivsus) vaatlemiseks sobilikud. Lisaks rakendame traditsioonilisemaid ps\u00fchholoogiateaduse &#8230;<\/p>\n","protected":false},"author":282,"featured_media":0,"parent":0,"menu_order":0,"comment_status":"closed","ping_status":"closed","template":"","meta":{"_acf_changed":false,"inline_featured_image":false,"footnotes":""},"class_list":["post-25","page","type-page","status-publish","hentry"],"acf":[],"_links":{"self":[{"href":"https:\/\/sisu.ut.ee\/abc\/wp-json\/wp\/v2\/pages\/25","targetHints":{"allow":["GET"]}}],"collection":[{"href":"https:\/\/sisu.ut.ee\/abc\/wp-json\/wp\/v2\/pages"}],"about":[{"href":"https:\/\/sisu.ut.ee\/abc\/wp-json\/wp\/v2\/types\/page"}],"author":[{"embeddable":true,"href":"https:\/\/sisu.ut.ee\/abc\/wp-json\/wp\/v2\/users\/282"}],"replies":[{"embeddable":true,"href":"https:\/\/sisu.ut.ee\/abc\/wp-json\/wp\/v2\/comments?post=25"}],"version-history":[{"count":5,"href":"https:\/\/sisu.ut.ee\/abc\/wp-json\/wp\/v2\/pages\/25\/revisions"}],"predecessor-version":[{"id":610,"href":"https:\/\/sisu.ut.ee\/abc\/wp-json\/wp\/v2\/pages\/25\/revisions\/610"}],"wp:attachment":[{"href":"https:\/\/sisu.ut.ee\/abc\/wp-json\/wp\/v2\/media?parent=25"}],"curies":[{"name":"wp","href":"https:\/\/api.w.org\/{rel}","templated":true}]}}