{"id":23,"date":"2024-04-04T05:04:03","date_gmt":"2024-04-04T05:04:03","guid":{"rendered":"https:\/\/sisu.ut.ee\/abc\/osale-uuringutes\/"},"modified":"2026-04-02T14:44:39","modified_gmt":"2026-04-02T11:44:39","slug":"osale-uuringutes","status":"publish","type":"page","link":"https:\/\/sisu.ut.ee\/abc\/osale-uuringutes\/","title":{"rendered":"Osale uuringutes"},"content":{"rendered":"<p class=\"has-large-font-size\"><span style=\"font-size: 18px;\">Suur osa ps\u00fchholoogiateadusest toetub vabatahtlikele osalejatele, kes on valmis m\u00f5nda k\u00fcsimustikku t\u00e4itma v\u00f5i eksperimendis osalema ning panustavad seel\u00e4bi uute teadmiste saamisesse. Just t\u00e4nu vabatahtlikele osalejatele saame uut infot v\u00f5i t\u00e4psustame olemasolevat inimese tunnetusprotsesside, emotsioonide, k\u00e4itumise, eri keskkondades hakkamasaamise jm kohta. <\/span><\/p>\n\n\n\n<p class=\"has-large-font-size\"><span style=\"font-size: 18px;\">Vahel otsime m\u00f5ne kindla omadusega v\u00f5i omaduseta osalejaid \u2013 n\u00e4iteks teatud vanuses, teatud oskustega ja kogemustega (pillim\u00e4ngust arvutim\u00e4ngude m\u00e4ngimiseni) v\u00f5i kindla emakeelega inimesi. Teinekord ootame uuringutesse laiemalt k\u00f5iki huvilisi. Vaata meie k\u00e4imasolevate uuringute juurest l\u00e4hemalt, kas sobid m\u00f5nes neist osalema ning huvi korral v\u00f5ta uuringu l\u00e4biviijatega \u00fchendust!<\/span><\/p>\n\n\n\n<div style=\"height:25px\" aria-hidden=\"true\" class=\"wp-block-spacer\"><\/div>\n\n\n\n<h3 class=\"wp-block-heading\">K\u00e4imasolevad uuringud<\/h3>\n\n\n\n<hr class=\"wp-block-separator has-alpha-channel-opacity\">\n\n\n\n<p><strong>Meie laboris toimuvate katsete (sh meie uurimisgrupi katsete) kohta postitame kutseid ka labori <a href=\"http:\/\/fb.com\/inimkatsed\">sotsiaalmeediakanalisse<\/a>.<\/strong><\/p>\n","protected":false},"excerpt":{"rendered":"<p>Suur osa ps\u00fchholoogiateadusest toetub vabatahtlikele osalejatele, kes on valmis m\u00f5nda k\u00fcsimustikku t\u00e4itma v\u00f5i eksperimendis osalema ning panustavad seel\u00e4bi uute teadmiste saamisesse. Just t\u00e4nu vabatahtlikele osalejatele saame uut infot v\u00f5i t\u00e4psustame olemasolevat inimese tunnetusprotsesside, emotsioonide, k\u00e4itumise, eri keskkondades hakkamasaamise jm kohta. &#8230;<\/p>\n","protected":false},"author":282,"featured_media":0,"parent":0,"menu_order":0,"comment_status":"closed","ping_status":"closed","template":"","meta":{"_acf_changed":false,"inline_featured_image":false,"footnotes":""},"class_list":["post-23","page","type-page","status-publish","hentry"],"acf":[],"_links":{"self":[{"href":"https:\/\/sisu.ut.ee\/abc\/wp-json\/wp\/v2\/pages\/23","targetHints":{"allow":["GET"]}}],"collection":[{"href":"https:\/\/sisu.ut.ee\/abc\/wp-json\/wp\/v2\/pages"}],"about":[{"href":"https:\/\/sisu.ut.ee\/abc\/wp-json\/wp\/v2\/types\/page"}],"author":[{"embeddable":true,"href":"https:\/\/sisu.ut.ee\/abc\/wp-json\/wp\/v2\/users\/282"}],"replies":[{"embeddable":true,"href":"https:\/\/sisu.ut.ee\/abc\/wp-json\/wp\/v2\/comments?post=23"}],"version-history":[{"count":29,"href":"https:\/\/sisu.ut.ee\/abc\/wp-json\/wp\/v2\/pages\/23\/revisions"}],"predecessor-version":[{"id":1209,"href":"https:\/\/sisu.ut.ee\/abc\/wp-json\/wp\/v2\/pages\/23\/revisions\/1209"}],"wp:attachment":[{"href":"https:\/\/sisu.ut.ee\/abc\/wp-json\/wp\/v2\/media?parent=23"}],"curies":[{"name":"wp","href":"https:\/\/api.w.org\/{rel}","templated":true}]}}