{"id":22,"date":"2024-04-04T05:04:02","date_gmt":"2024-04-04T05:04:02","guid":{"rendered":"https:\/\/sisu.ut.ee\/abc\/inimesed\/"},"modified":"2026-01-26T23:00:27","modified_gmt":"2026-01-26T21:00:27","slug":"inimesed","status":"publish","type":"page","link":"https:\/\/sisu.ut.ee\/abc\/inimesed\/","title":{"rendered":"Inimesed"},"content":{"rendered":"<h1 class=\"wp-block-heading\"><span style=\"font-size: 22px;\">Uurijad ja doktorandid<\/span><\/h1>\n\n\n<div class=\"person-card border rounded p-2 pb-4 mb-4\">\n\t<div class=\"d-flex \">\n\t\t\t\t\t<img loading=\"lazy\" decoding=\"async\" width=\"150\" height=\"150\" src=\"https:\/\/sisu.ut.ee\/wp-content\/uploads\/sites\/561\/kairi_ruut_512px-150x150.jpg\" class=\"flex-shrink-0 object-fit-cover person-card__image img-fluid rounded mb-2 me-2\" alt=\"pilt\" srcset=\"https:\/\/sisu.ut.ee\/wp-content\/uploads\/sites\/561\/kairi_ruut_512px-150x150.jpg 150w, https:\/\/sisu.ut.ee\/wp-content\/uploads\/sites\/561\/kairi_ruut_512px-300x300.jpg 300w, https:\/\/sisu.ut.ee\/wp-content\/uploads\/sites\/561\/kairi_ruut_512px.jpg 512w\" sizes=\"auto, (max-width: 150px) 100vw, 150px\">\n\t\t\t\t<div class=\"person-card__info\">\n\t\t\t\t\t\t\t<h3 class=\"h4 mb-2\">Kairi Kreegipuu, PhD<\/h3>\n\t\t\t\t\t\t\t\t\t\t<div class=\"mb-2\">\n\t\t\t\t\t<p>Eksperimentaalps\u00fchholoogia professor, ETAG-i grandi PRG1151 \u201eT\u00e4helepanueelne informatsioonit\u00f6\u00f6tlus ajus: seosed seisundite, p\u00fcsitunnuste ja k\u00e4itumisega\u201c (2021-2025) juht.<\/p>\n\n\t\t\t\t<\/div>\n\t\t\t\t\t\t\t\t\t\t\t\t\t\t\t\t<a href=\"mailto:kairi.kreegipuu@ut.ee\" class=\"mb-0\">kairi.kreegipuu@ut.ee<\/a>\n\t\t\t\t\t<\/div>\n\t<\/div>\n\t\t\t<div class=\"person-card__description mt-2\">\n\t\t\t<p>Kairi peamised uurimisteemad on inimese informatsioonit\u00f6\u00f6tlus, sealhulgas informatsiooni vastuv\u00f5tmine, t\u00e4helepanu ja m\u00e4lu, ning selle seos inimese seisunditega, n\u00e4iteks emotsioonide v\u00f5i v\u00e4simusega. Samuti kuulub tema uurimisvaldkonda ajataju ja inimese vaimne tervis\/enesetunne erinevates tingimustes, alates stressirohketest olukordadest ja l\u00f5petades suurte temperatuurimuutustega. Tegeleb ka (linna)keskkonna ja vaimse tervise seoste uurimisega ja tunneb huvi teaduseetika vastu. Kairi on (kaas)juhendanud 7 doktorit\u00f6\u00f6d ja \u00fcle 30 magistrit\u00f6\u00f6. <a href=\"https:\/\/www.etis.ee\/CV\/Kairi_Kreegipuu\" title=\"ETIS\" target=\"_blank\">ETIS<\/a> \/ <a href=\"https:\/\/scholar.google.com\/citations?user=aBpN0UMAAAAJ&amp;hl=en\" title=\"GoogleScholar\" target=\"_blank\">GoogleScholar<\/a><\/p>\n\n\t\t<\/div>\n\t<\/div>\n\n\n<div class=\"person-card border rounded p-2 pb-4 mb-4\">\n\t<div class=\"d-flex \">\n\t\t\t\t\t<img loading=\"lazy\" decoding=\"async\" width=\"150\" height=\"150\" src=\"https:\/\/sisu.ut.ee\/wp-content\/uploads\/sites\/561\/liisi_a_ruut_512px-150x150.jpg\" class=\"flex-shrink-0 object-fit-cover person-card__image img-fluid rounded mb-2 me-2\" alt=\"pilt\" srcset=\"https:\/\/sisu.ut.ee\/wp-content\/uploads\/sites\/561\/liisi_a_ruut_512px-150x150.jpg 150w, https:\/\/sisu.ut.ee\/wp-content\/uploads\/sites\/561\/liisi_a_ruut_512px-300x300.jpg 300w, https:\/\/sisu.ut.ee\/wp-content\/uploads\/sites\/561\/liisi_a_ruut_512px.jpg 512w\" sizes=\"auto, (max-width: 150px) 100vw, 150px\">\n\t\t\t\t<div class=\"person-card__info\">\n\t\t\t\t\t\t\t<h3 class=\"h4 mb-2\">Liisi Ausmees, PhD<\/h3>\n\t\t\t\t\t\t\t\t\t\t<div class=\"mb-2\">\n\t\t\t\t\t<p>T\u00dc isiksuseps\u00fchholoogia teadur, lektor<\/p>\n\n\t\t\t\t<\/div>\n\t\t\t\t\t\t\t\t\t\t\t\t\t\t\t\t<a href=\"mailto:liisi.ausmees@ut.ee\" class=\"mb-0\">liisi.ausmees@ut.ee<\/a>\n\t\t\t\t\t<\/div>\n\t<\/div>\n\t\t\t<div class=\"person-card__description mt-2\">\n\t\t\t<p>Liisi peamiseks uurimisvaldkonnaks isiksuseseadumused ja emotsionaalne kogemus. Grandi raames uurib ta peamiselt seda, kuidas inimeste p\u00fcsivad individuaalsed erinevused isiksuses ja emotsioonides on seotud eelt\u00e4helepanulise infot\u00f6\u00f6tlusega. <a href=\"https:\/\/scholar.google.com\/citations?user=nk5dkpoAAAAJ&amp;hl=en\" title=\"GoogleScholar\" target=\"_blank\">GoogleScholar<\/a><\/p>\n\n\t\t<\/div>\n\t<\/div>\n\n\n<div class=\"person-card border rounded p-2 pb-4 mb-4\">\n\t<div class=\"d-flex \">\n\t\t\t\t\t<img loading=\"lazy\" decoding=\"async\" width=\"150\" height=\"150\" src=\"https:\/\/sisu.ut.ee\/wp-content\/uploads\/sites\/561\/partel_ruut_512px-150x150.jpg\" class=\"flex-shrink-0 object-fit-cover person-card__image img-fluid rounded mb-2 me-2\" alt=\"pilt\" srcset=\"https:\/\/sisu.ut.ee\/wp-content\/uploads\/sites\/561\/partel_ruut_512px-150x150.jpg 150w, https:\/\/sisu.ut.ee\/wp-content\/uploads\/sites\/561\/partel_ruut_512px-300x300.jpg 300w, https:\/\/sisu.ut.ee\/wp-content\/uploads\/sites\/561\/partel_ruut_512px.jpg 512w\" sizes=\"auto, (max-width: 150px) 100vw, 150px\">\n\t\t\t\t<div class=\"person-card__info\">\n\t\t\t\t\t\t\t<h3 class=\"h4 mb-2\">P\u00e4rtel Lippus, PhD<\/h3>\n\t\t\t\t\t\t\t\t\t\t<div class=\"mb-2\">\n\t\t\t\t\t<p>T\u00dc eesti foneetika professor<\/p>\n\n\t\t\t\t<\/div>\n\t\t\t\t\t\t\t\t\t\t\t\t\t\t\t\t<a href=\"mailto:partel.lippus@ut.ee\" class=\"mb-0\">partel.lippus@ut.ee<\/a>\n\t\t\t\t\t<\/div>\n\t<\/div>\n\t\t\t<div class=\"person-card__description mt-2\">\n\t\t\t<p>P\u00e4rtel uurib eesti v\u00e4ltes\u00fcsteemi ja selle omandamist esimeses ja teises keeles. <a href=\"https:\/\/www.etis.ee\/CV\/P%C3%A4rtel_Lippus#\" title=\"ETIS\" target=\"_blank\">ETIS<\/a> \/ <a href=\"https:\/\/scholar.google.com\/citations?user=J6Jm_IMAAAAJ&amp;hl=en\" title=\"GoogleScholar\" target=\"_blank\">GoogleScholar<\/a><\/p>\n\n\t\t<\/div>\n\t<\/div>\n\n\n<div class=\"person-card border rounded p-2 pb-4 mb-4\">\n\t<div class=\"d-flex \">\n\t\t\t\t\t<img loading=\"lazy\" decoding=\"async\" width=\"150\" height=\"150\" src=\"https:\/\/sisu.ut.ee\/wp-content\/uploads\/sites\/561\/allik_timo-korv_elva22_1_ruut_512px-150x150.jpg\" class=\"flex-shrink-0 object-fit-cover person-card__image img-fluid rounded mb-2 me-2\" alt=\"pilt\" srcset=\"https:\/\/sisu.ut.ee\/wp-content\/uploads\/sites\/561\/allik_timo-korv_elva22_1_ruut_512px-150x150.jpg 150w, https:\/\/sisu.ut.ee\/wp-content\/uploads\/sites\/561\/allik_timo-korv_elva22_1_ruut_512px-300x300.jpg 300w, https:\/\/sisu.ut.ee\/wp-content\/uploads\/sites\/561\/allik_timo-korv_elva22_1_ruut_512px.jpg 512w\" sizes=\"auto, (max-width: 150px) 100vw, 150px\">\n\t\t\t\t<div class=\"person-card__info\">\n\t\t\t\t\t\t\t<h3 class=\"h4 mb-2\">J\u00fcri Allik, PhD<\/h3>\n\t\t\t\t\t\t\t\t\t\t<div class=\"mb-2\">\n\t\t\t\t\t<p>Eksperimentaalps\u00fchholoogia professor, Eesti Teaduste Akadeemia, Soome Teaduste Akadeemia ja Academia Europaea liige<\/p>\n\n\t\t\t\t<\/div>\n\t\t\t\t\t\t\t\t\t\t\t\t\t\t\t\t<a href=\"mailto:juri.allik@ut.ee\" class=\"mb-0\">juri.allik@ut.ee<\/a>\n\t\t\t\t\t<\/div>\n\t<\/div>\n\t\t\t<div class=\"person-card__description mt-2\">\n\t\t\t<p>J\u00fcri on uurimisr\u00fchma \u00fcks vastutavatest t\u00e4itjatest. <a href=\"https:\/\/www.etis.ee\/CV\/J%C3%BCri_Allik\/\" title=\"ETIS\" target=\"_blank\">ETIS<\/a> \/ <a href=\"https:\/\/scholar.google.com\/citations?hl=en&amp;user=xaxV8_8AAAAJ\" title=\"GoogleScholar\" target=\"_blank\">GoogleScholar<\/a><\/p>\n\n\t\t<\/div>\n\t<\/div>\n\n\n<div class=\"person-card border rounded p-2 pb-4 mb-4\">\n\t<div class=\"d-flex \">\n\t\t\t\t\t<img loading=\"lazy\" decoding=\"async\" width=\"150\" height=\"150\" src=\"https:\/\/sisu.ut.ee\/wp-content\/uploads\/sites\/561\/aire-150x150.jpg\" class=\"flex-shrink-0 object-fit-cover person-card__image img-fluid rounded mb-2 me-2\" alt=\"Aire\">\n\t\t\t\t<div class=\"person-card__info\">\n\t\t\t\t\t\t\t<h3 class=\"h4 mb-2\">Aire Raidvee, PhD<\/h3>\n\t\t\t\t\t\t\t\t\t\t<div class=\"mb-2\">\n\t\t\t\t\t<p>T\u00dc eksperimentaalps\u00fchholoogia teadur<\/p>\n\n\t\t\t\t<\/div>\n\t\t\t\t\t\t\t\t\t\t\t\t\t\t\t\t<a href=\"mailto:aire.raidvee@ut.ee\" class=\"mb-0\">aire.raidvee@ut.ee<\/a>\n\t\t\t\t\t<\/div>\n\t<\/div>\n\t\t\t<div class=\"person-card__description mt-2\">\n\t\t\t<p>Aire tegeleb matemaatiliste mudelite rakendamisega ps\u00fchholoogias. Tema teaduslikeks huvideks on veel Bernoulli ps\u00fchhof\u00fc\u00fcsika; (n\u00e4gemis)taju, teoreetiline ja rakenduslik ps\u00fchhomeetria. <a href=\"https:\/\/www.etis.ee\/CV\/Aire_Raidvee\/\" title=\"ETIS\" target=\"_blank\">ETIS<\/a> \/ <a href=\"https:\/\/scholar.google.com\/citations?hl=en&amp;user=_p2BBOsAAAAJ\" title=\"GoogleScholar\" target=\"_blank\">GoogleScholar<\/a><\/p>\n\n\t\t<\/div>\n\t<\/div>\n\n\n<div class=\"person-card border rounded p-2 pb-4 mb-4\">\n\t<div class=\"d-flex \">\n\t\t\t\t\t<img loading=\"lazy\" decoding=\"async\" width=\"150\" height=\"150\" src=\"https:\/\/sisu.ut.ee\/wp-content\/uploads\/sites\/561\/Maarika_foto-scaled-e1742821164410-150x150.jpg\" class=\"flex-shrink-0 object-fit-cover person-card__image img-fluid rounded mb-2 me-2\" alt=\"\" srcset=\"https:\/\/sisu.ut.ee\/wp-content\/uploads\/sites\/561\/Maarika_foto-scaled-e1742821164410-150x150.jpg 150w, https:\/\/sisu.ut.ee\/wp-content\/uploads\/sites\/561\/Maarika_foto-scaled-e1742821164410-300x300.jpg 300w, https:\/\/sisu.ut.ee\/wp-content\/uploads\/sites\/561\/Maarika_foto-scaled-e1742821164410-1024x1024.jpg 1024w, https:\/\/sisu.ut.ee\/wp-content\/uploads\/sites\/561\/Maarika_foto-scaled-e1742821164410-768x768.jpg 768w, https:\/\/sisu.ut.ee\/wp-content\/uploads\/sites\/561\/Maarika_foto-scaled-e1742821164410-1536x1536.jpg 1536w\" sizes=\"auto, (max-width: 150px) 100vw, 150px\">\n\t\t\t\t<div class=\"person-card__info\">\n\t\t\t\t\t\t\t<h3 class=\"h4 mb-2\">Maarika Traat, PhD<\/h3>\n\t\t\t\t\t\t\t\t\t\t<div class=\"mb-2\">\n\t\t\t\t\t<p>T\u00dc eksperimentaalps\u00fchholoogia teadur <\/p>\n\n\t\t\t\t<\/div>\n\t\t\t\t\t\t\t\t\t\t\t\t\t\t\t\t<a href=\"mailto:maarika.traat@ut.ee\" class=\"mb-0\">maarika.traat@ut.ee<\/a>\n\t\t\t\t\t<\/div>\n\t<\/div>\n\t\t\t<div class=\"person-card__description mt-2\">\n\t\t\t<p><a href=\"https:\/\/www.etis.ee\/CV\/Maarika_Traat\/est\/\" title=\"ETIS\" target=\"_blank\">ETIS<\/a><\/p>\n\n\t\t<\/div>\n\t<\/div>\n\n\n<div class=\"person-card border rounded p-2 pb-4 mb-4\">\n\t<div class=\"d-flex \">\n\t\t\t\t\t<img loading=\"lazy\" decoding=\"async\" width=\"150\" height=\"150\" src=\"https:\/\/sisu.ut.ee\/wp-content\/uploads\/sites\/561\/annegrete_ruut_551px-150x150.jpg\" class=\"flex-shrink-0 object-fit-cover person-card__image img-fluid rounded mb-2 me-2\" alt=\"\" srcset=\"https:\/\/sisu.ut.ee\/wp-content\/uploads\/sites\/561\/annegrete_ruut_551px-150x150.jpg 150w, https:\/\/sisu.ut.ee\/wp-content\/uploads\/sites\/561\/annegrete_ruut_551px-300x300.jpg 300w, https:\/\/sisu.ut.ee\/wp-content\/uploads\/sites\/561\/annegrete_ruut_551px.jpg 512w\" sizes=\"auto, (max-width: 150px) 100vw, 150px\">\n\t\t\t\t<div class=\"person-card__info\">\n\t\t\t\t\t\t\t<h3 class=\"h4 mb-2\">Annegrete Palu<\/h3>\n\t\t\t\t\t\t\t\t\t\t<div class=\"mb-2\">\n\t\t\t\t\t<p>T\u00dc ps\u00fchholoogia doktorant, eksperimentaalps\u00fchholoogia nooremlektor, \u00f5igusps\u00fchholoogia nooremteadur<\/p>\n\n\t\t\t\t<\/div>\n\t\t\t\t\t\t\t\t\t\t\t\t\t\t\t\t<a href=\"mailto:annegrete.palu@ut.ee\" class=\"mb-0\">annegrete.palu@ut.ee<\/a>\n\t\t\t\t\t<\/div>\n\t<\/div>\n\t\t\t<div class=\"person-card__description mt-2\">\n\t\t\t<p>Annegrete kirjutab doktorit\u00f6\u00f6d inimeste n\u00e4gude \u00e4ratundmise ja identifitseerimise teemal. <a href=\"https:\/\/www.etis.ee\/CV\/Annegrete_Palu\/\" title=\"ETIS\" target=\"_blank\">ETIS<\/a> \/ <a href=\"https:\/\/scholar.google.com\/citations?user=poUxORIAAAAJ&amp;hl=en&amp;oi=ao\" title=\"GoogleScholar\" target=\"_blank\">GoogleScholar<\/a><\/p>\n\n\t\t<\/div>\n\t<\/div>\n\n\n<div class=\"person-card border rounded p-2 pb-4 mb-4\">\n\t<div class=\"d-flex \">\n\t\t\t\t\t<img loading=\"lazy\" decoding=\"async\" width=\"150\" height=\"150\" src=\"https:\/\/sisu.ut.ee\/wp-content\/uploads\/sites\/561\/juuse_ruut_551px-150x150.jpg\" class=\"flex-shrink-0 object-fit-cover person-card__image img-fluid rounded mb-2 me-2\" alt=\"pilt\" srcset=\"https:\/\/sisu.ut.ee\/wp-content\/uploads\/sites\/561\/juuse_ruut_551px-150x150.jpg 150w, https:\/\/sisu.ut.ee\/wp-content\/uploads\/sites\/561\/juuse_ruut_551px-300x300.jpg 300w, https:\/\/sisu.ut.ee\/wp-content\/uploads\/sites\/561\/juuse_ruut_551px.jpg 512w\" sizes=\"auto, (max-width: 150px) 100vw, 150px\">\n\t\t\t\t<div class=\"person-card__info\">\n\t\t\t\t\t\t\t<h3 class=\"h4 mb-2\">Liina Juuse<\/h3>\n\t\t\t\t\t\t\t\t\t\t<div class=\"mb-2\">\n\t\t\t\t\t<p>T\u00dc ps\u00fchholoogia doktorant ja projekti andmet\u00f6\u00f6tlusspetsialist<\/p>\n\n\t\t\t\t<\/div>\n\t\t\t\t\t\t\t\t\t\t\t\t\t\t\t\t<a href=\"mailto:liina.juuse@ut.ee\" class=\"mb-0\">liina.juuse@ut.ee<\/a>\n\t\t\t\t\t<\/div>\n\t<\/div>\n\t\t\t<div class=\"person-card__description mt-2\">\n\t\t\t<p>Liina doktorit\u00f6\u00f6 k\u00e4sitleb emotsioonitaju ning \u2013 v\u00e4ljendusega seotud bioelektrilisi korrelaate, emotsioonin\u00e4gude v\u00f5rdlemist inimhinnangute ja masin\u00f5ppe lahendustega. Olulisteks probleemideks antud valdkonnas on masin\u00f5ppeks kasutatavate andmebaaside ps\u00fchholoogiline valiidsus, poseeritud emotsiooniv\u00e4ljenduste \u00fclekantavus p\u00e4ris-ellu, sega-emotsioonide olemasolu ning suhestumine inimese enda tunnetatud kogemusega. Uurimist\u00f6\u00f6 toimub koost\u00f6\u00f6s professor Gholamreza Anbarjafari juhitud Tartu \u00dclikooli intelligentse arvutin\u00e4gemise uurimislaboriga (iCV). <a href=\"https:\/\/www.etis.ee\/CV\/Liina_Juuse\/\" title=\"ETIS\" target=\"_blank\">ETIS<\/a><\/p>\n\n\t\t<\/div>\n\t<\/div>\n\n\n<div class=\"person-card border rounded p-2 pb-4 mb-4\">\n\t<div class=\"d-flex \">\n\t\t\t\t\t<img loading=\"lazy\" decoding=\"async\" width=\"150\" height=\"150\" src=\"https:\/\/sisu.ut.ee\/wp-content\/uploads\/sites\/561\/kask_liis_ruut-150x150.png\" class=\"flex-shrink-0 object-fit-cover person-card__image img-fluid rounded mb-2 me-2\" alt=\"pilt\" srcset=\"https:\/\/sisu.ut.ee\/wp-content\/uploads\/sites\/561\/kask_liis_ruut-150x150.png 150w, https:\/\/sisu.ut.ee\/wp-content\/uploads\/sites\/561\/kask_liis_ruut.png 220w\" sizes=\"auto, (max-width: 150px) 100vw, 150px\">\n\t\t\t\t<div class=\"person-card__info\">\n\t\t\t\t\t\t\t<h3 class=\"h4 mb-2\">Liis Kask<\/h3>\n\t\t\t\t\t\t\t\t\t\t<div class=\"mb-2\">\n\t\t\t\t\t<p>T\u00dc ps\u00fchholoogia doktorant, eksperimentaalps\u00fchholoogia nooremteadur<\/p>\n\n\t\t\t\t<\/div>\n\t\t\t\t\t\t\t\t\t\t\t\t\t\t\t\t<a href=\"mailto:liis.kask@ut.ee\" class=\"mb-0\">liis.kask@ut.ee<\/a>\n\t\t\t\t\t<\/div>\n\t<\/div>\n\t\t\t<div class=\"person-card__description mt-2\">\n\t\t\t<p>Liis uurib projekti raames keele- ja kuulmisinformatsiooni t\u00f6\u00f6tluse ning keele\u00f5ppe ajumehhanisme, keskendudes eelk\u00f5ige eesti keele spetsiifikale. <a href=\"https:\/\/www.etis.ee\/CV\/Liis_Kask\" title=\"ETIS\" target=\"_blank\">ETIS<\/a><\/p>\n\n\t\t<\/div>\n\t<\/div>\n\n\n<div class=\"person-card border rounded p-2 pb-4 mb-4\">\n\t<div class=\"d-flex \">\n\t\t\t\t\t<img loading=\"lazy\" decoding=\"async\" width=\"150\" height=\"150\" src=\"https:\/\/sisu.ut.ee\/wp-content\/uploads\/sites\/561\/liis_t_ruut_512px-150x150.jpg\" class=\"flex-shrink-0 object-fit-cover person-card__image img-fluid rounded mb-2 me-2\" alt=\"pilt\" srcset=\"https:\/\/sisu.ut.ee\/wp-content\/uploads\/sites\/561\/liis_t_ruut_512px-150x150.jpg 150w, https:\/\/sisu.ut.ee\/wp-content\/uploads\/sites\/561\/liis_t_ruut_512px-300x300.jpg 300w, https:\/\/sisu.ut.ee\/wp-content\/uploads\/sites\/561\/liis_t_ruut_512px.jpg 512w\" sizes=\"auto, (max-width: 150px) 100vw, 150px\">\n\t\t\t\t<div class=\"person-card__info\">\n\t\t\t\t\t\t\t<h3 class=\"h4 mb-2\">Liis Themas<\/h3>\n\t\t\t\t\t\t\t\t\t\t<div class=\"mb-2\">\n\t\t\t\t\t<p>T\u00dc eesti ja \u00fcldkeeleteaduse doktorant, keeletaju nooremteadur<\/p>\n\n\t\t\t\t<\/div>\n\t\t\t\t\t\t\t\t\t\t\t\t\t\t\t\t<a href=\"mailto:liis.themas@ut.ee\" class=\"mb-0\">liis.themas@ut.ee<\/a>\n\t\t\t\t\t<\/div>\n\t<\/div>\n\t\t\t<div class=\"person-card__description mt-2\">\n\t\t\t<p>Liis on ametilt logopeed ja enda praktilises t\u00f6\u00f6s spetsialiseerunud varajasele sekkumisele, vanemate n\u00f5ustamisele ning \u00f5petajate koolitamisele. Liisi doktorit\u00f6\u00f6 fookuseks on laste t\u00e4helepanueelne k\u00f5net\u00f6\u00f6tlus ehk kuidas tajuvad eesti keele v\u00e4lteid eakohase arenguga lapsed ning lapsed, kellel on arenguline keelepuue. <a href=\"https:\/\/www.etis.ee\/CV\/Liis_Themas\/\" title=\"ETIS\" target=\"_blank\">ETIS<\/a><\/p>\n\n\t\t<\/div>\n\t<\/div>\n\n\n<div class=\"person-card border rounded p-2 pb-4 mb-4\">\n\t<div class=\"d-flex \">\n\t\t\t\t\t<img loading=\"lazy\" decoding=\"async\" width=\"150\" height=\"150\" src=\"https:\/\/sisu.ut.ee\/wp-content\/uploads\/sites\/561\/mai_liis_ruut_512px-150x150.png\" class=\"flex-shrink-0 object-fit-cover person-card__image img-fluid rounded mb-2 me-2\" alt=\"pilt\" srcset=\"https:\/\/sisu.ut.ee\/wp-content\/uploads\/sites\/561\/mai_liis_ruut_512px-150x150.png 150w, https:\/\/sisu.ut.ee\/wp-content\/uploads\/sites\/561\/mai_liis_ruut_512px-300x300.png 300w, https:\/\/sisu.ut.ee\/wp-content\/uploads\/sites\/561\/mai_liis_ruut_512px.png 512w\" sizes=\"auto, (max-width: 150px) 100vw, 150px\">\n\t\t\t\t<div class=\"person-card__info\">\n\t\t\t\t\t\t\t<h3 class=\"h4 mb-2\">Mai-Liis Liiser<\/h3>\n\t\t\t\t\t\t\t\t\t\t<div class=\"mb-2\">\n\t\t\t\t\t<p>T\u00dc ps\u00fchholoogia doktorant, eksperimentaalps\u00fchholoogia nooremteadur<\/p>\n\n\t\t\t\t<\/div>\n\t\t\t\t\t\t\t\t\t\t\t\t\t\t\t\t<a href=\"mailto:mai-liis.liiser@ut.ee\" class=\"mb-0\">mai-liis.liiser@ut.ee<\/a>\n\t\t\t\t\t<\/div>\n\t<\/div>\n\t\t\t<div class=\"person-card__description mt-2\">\n\t\t\t<p>Mai-Liisi doktorit\u00f6\u00f6 keskendub impulsiivsuse ja eelt\u00e4helepanulise infot\u00f6\u00f6tluse uurimisele. Magistrit\u00f6\u00f6s kirjeldas ta t\u00e4helepanueelse infot\u00f6\u00f6tluse ja k\u00e4itumuslike m\u00f5\u00f5dikute vahelisi seoseid.<\/p>\n\n\t\t<\/div>\n\t<\/div>\n\n\n<div class=\"person-card border rounded p-2 pb-4 mb-4\">\n\t<div class=\"d-flex \">\n\t\t\t\t\t<img loading=\"lazy\" decoding=\"async\" width=\"150\" height=\"150\" src=\"https:\/\/sisu.ut.ee\/wp-content\/uploads\/sites\/561\/ZFkarbitud-150x150.jpg\" class=\"flex-shrink-0 object-fit-cover person-card__image img-fluid rounded mb-2 me-2\" alt=\"\">\n\t\t\t\t<div class=\"person-card__info\">\n\t\t\t\t\t\t\t<h3 class=\"h4 mb-2\">Zigmunds Freibergs<\/h3>\n\t\t\t\t\t\t\t\t\t\t<div class=\"mb-2\">\n\t\t\t\t\t<p>T\u00dc ps\u00fchholoogia doktorant, eksperimentaalps\u00fchholoogia nooremteadur<\/p>\n\n\t\t\t\t<\/div>\n\t\t\t\t\t\t\t\t\t\t\t\t\t\t\t\t<a href=\"mailto:zigmunds.freibergs@ut.ee\" class=\"mb-0\">zigmunds.freibergs@ut.ee<\/a>\n\t\t\t\t\t<\/div>\n\t<\/div>\n\t\t\t<div class=\"person-card__description mt-2\">\n\t\t\t<p>Zigmundsi doktorit\u00f6\u00f6 keskendub sellele, kuidas jaotatakse elukaare erinevatel etappidel t\u00f6\u00f6m\u00e4lu ja t\u00e4helepanu vahel n\u00e4rvis\u00fcsteemi ressursse. Samuti kuidas muutuvad need protsessid f\u00fcsioloogilise ja patoloogilise vananemise korral \u2013 eelk\u00f5ige kerge kognitiivse languse, dementsuse, Alzheimeri t\u00f5ve ning kognitiivse languse geneetilise eelsoodumuse kontekstis.<\/p>\n<p>Laiemalt kuuluvad Zigmundsi huvide hulka kognitiivsed protsessid, nt t\u00f6\u00f6m\u00e4lu ja t\u00e4helepanu ning ekspertsuse saavutamine. Uurimismeetoditest on tema huvideks muu seas EEG (ERPd, aeg-sagedus anal\u00fc\u00fcs, EEG-p\u00f5hine aju v\u00f5rgustiku anal\u00fc\u00fcs, puhkeoleku EEG) ning silmaliigutuste j\u00e4lgimine. Laiemalt huvitub ta v\u00f5rgustik-neuroteadustest, neurobioloogiast ja neurops\u00fchholoogiast. <a title=\"ETIS\" href=\"https:\/\/www.etis.ee\/CV\/Zigmunds_Freibergs001\/\" target=\"_blank\" rel=\"noopener\">ETIS<\/a> \/ <a title=\"GoogleScholar\" href=\"https:\/\/scholar.google.com\/citations?user=xgP2_xQAAAAJ&amp;hl=en\" target=\"_blank\" rel=\"noopener\">GoogleScholar<\/a><\/p>\n\n\t\t<\/div>\n\t<\/div>\n\n\n<div class=\"person-card border rounded p-2 pb-4 mb-4\">\n\t<div class=\"d-flex \">\n\t\t\t\t\t<img loading=\"lazy\" decoding=\"async\" width=\"150\" height=\"150\" src=\"https:\/\/sisu.ut.ee\/wp-content\/uploads\/sites\/561\/sofia_ruut_511px-150x150.jpg\" class=\"flex-shrink-0 object-fit-cover person-card__image img-fluid rounded mb-2 me-2\" alt=\"Pilt\" srcset=\"https:\/\/sisu.ut.ee\/wp-content\/uploads\/sites\/561\/sofia_ruut_511px-150x150.jpg 150w, https:\/\/sisu.ut.ee\/wp-content\/uploads\/sites\/561\/sofia_ruut_511px-300x300.jpg 300w, https:\/\/sisu.ut.ee\/wp-content\/uploads\/sites\/561\/sofia_ruut_511px.jpg 551w\" sizes=\"auto, (max-width: 150px) 100vw, 150px\">\n\t\t\t\t<div class=\"person-card__info\">\n\t\t\t\t\t\t\t<h3 class=\"h4 mb-2\">Sofia Lutter<\/h3>\n\t\t\t\t\t\t\t\t\t\t<div class=\"mb-2\">\n\t\t\t\t\t<p>T\u00dc eesti ja \u00fcldkeeleteaduse doktorant<\/p>\n\n\t\t\t\t<\/div>\n\t\t\t\t\t\t\t\t\t\t\t\t\t\t\t\t<a href=\"mailto:sofia.lutter@ut.ee\" class=\"mb-0\">sofia.lutter@ut.ee<\/a>\n\t\t\t\t\t<\/div>\n\t<\/div>\n\t\t\t<div class=\"person-card__description mt-2\">\n\t\t\t<p>Sofia uurib, kuidas vene-eesti kakskeelsed inimesed tajuvad v\u00e4lteid. Ta soovib selgeks saada, kas ja kuidas erineb v\u00e4ltetaju s\u00f5ltuvalt sellest, mis vanusel inimene hakkas eesti keelt omandama.<\/p>\n\n\t\t<\/div>\n\t<\/div>\n\n\n<div class=\"person-card border rounded p-2 pb-4 mb-4\">\n\t<div class=\"d-flex \">\n\t\t\t\t\t<img loading=\"lazy\" decoding=\"async\" width=\"150\" height=\"150\" src=\"https:\/\/sisu.ut.ee\/wp-content\/uploads\/sites\/561\/anna_d_ruut_511px-150x150.jpg\" class=\"flex-shrink-0 object-fit-cover person-card__image img-fluid rounded mb-2 me-2\" alt=\"pilt\" srcset=\"https:\/\/sisu.ut.ee\/wp-content\/uploads\/sites\/561\/anna_d_ruut_511px-150x150.jpg 150w, https:\/\/sisu.ut.ee\/wp-content\/uploads\/sites\/561\/anna_d_ruut_511px-300x300.jpg 300w, https:\/\/sisu.ut.ee\/wp-content\/uploads\/sites\/561\/anna_d_ruut_511px.jpg 511w\" sizes=\"auto, (max-width: 150px) 100vw, 150px\">\n\t\t\t\t<div class=\"person-card__info\">\n\t\t\t\t\t\t\t<h3 class=\"h4 mb-2\">Anna Dadatskaja<\/h3>\n\t\t\t\t\t\t\t\t\t\t<div class=\"mb-2\">\n\t\t\t\t\t<p>eksperimentaalps\u00fchholoogia laborant<\/p>\n\n\t\t\t\t<\/div>\n\t\t\t\t\t\t\t\t\t\t\t\t\t\t\t\t<a href=\"mailto:anna.dadatskaja@ut.ee\" class=\"mb-0\">anna.dadatskaja@ut.ee<\/a>\n\t\t\t\t\t<\/div>\n\t<\/div>\n\t\t\t<div class=\"person-card__description mt-2\">\n\t\t\t<p>Anna uurib \u201cpuhta emotsiooni\u201d eelt\u00e4helepanulist t\u00f6\u00f6tlust depressiivsuse ja \u00e4revuse esinemisel. T\u00e4psemalt uurib ta, kuidas depressioon ja \u00e4revus vahendavad skemaatiliste emotsionaalsete n\u00e4gude eelt\u00e4helepanulist t\u00f6\u00f6tlust.<\/p>\n\n\t\t<\/div>\n\t<\/div>\n\n\n<div class=\"person-card border rounded p-2 pb-4 mb-4\">\n\t<div class=\"d-flex \">\n\t\t\t\t\t<img loading=\"lazy\" decoding=\"async\" width=\"150\" height=\"150\" src=\"https:\/\/sisu.ut.ee\/wp-content\/uploads\/sites\/561\/IMG_9051-scaled-e1742819932141-150x150.jpg\" class=\"flex-shrink-0 object-fit-cover person-card__image img-fluid rounded mb-2 me-2\" alt=\"\" srcset=\"https:\/\/sisu.ut.ee\/wp-content\/uploads\/sites\/561\/IMG_9051-scaled-e1742819932141-150x150.jpg 150w, https:\/\/sisu.ut.ee\/wp-content\/uploads\/sites\/561\/IMG_9051-scaled-e1742819932141-300x300.jpg 300w, https:\/\/sisu.ut.ee\/wp-content\/uploads\/sites\/561\/IMG_9051-scaled-e1742819932141-1024x1024.jpg 1024w, https:\/\/sisu.ut.ee\/wp-content\/uploads\/sites\/561\/IMG_9051-scaled-e1742819932141-768x768.jpg 768w, https:\/\/sisu.ut.ee\/wp-content\/uploads\/sites\/561\/IMG_9051-scaled-e1742819932141-1536x1536.jpg 1536w\" sizes=\"auto, (max-width: 150px) 100vw, 150px\">\n\t\t\t\t<div class=\"person-card__info\">\n\t\t\t\t\t\t\t<h3 class=\"h4 mb-2\">Kristiina Averin<\/h3>\n\t\t\t\t\t\t\t\t\t\t<div class=\"mb-2\">\n\t\t\t\t\t<p>eksperimentaalps\u00fchholoogia andmebaaside spetsialist<\/p>\n\n\t\t\t\t<\/div>\n\t\t\t\t\t\t\t\t\t\t\t\t\t\t\t\t<a href=\"mailto:kristiina.averin@ut.ee\" class=\"mb-0\">kristiina.averin@ut.ee<\/a>\n\t\t\t\t\t<\/div>\n\t<\/div>\n\t\t\t<div class=\"person-card__description mt-2\">\n\t\t\t<p>Kristiina uurib inimese n\u00e4gemiss\u00fcsteemi efektiivsust arvukuse hindamisel ning arvukuse hindamise efektiivsust m\u00f5jutavaid tegureid. <a href=\"https:\/\/www.etis.ee\/CV\/Kristiina_Averin\/\" title=\"ETIS\" target=\"_blank\">ETIS<\/a><\/p>\n\n\t\t<\/div>\n\t<\/div>\n\n\n\n<div class=\"wp-block-buttons is-vertical is-content-justification-left is-layout-flex wp-container-core-buttons-is-layout-c0ca7d81 wp-block-buttons-is-layout-flex\">\n<div class=\"wp-block-button has-custom-width wp-block-button__width-100 is-style-outline is-style-outline--1\"><a class=\"wp-block-button__link has-large-font-size has-custom-font-size wp-element-button\" href=\"https:\/\/sisu.ut.ee\/abc\/tudengid-0\/\">Tudengid<\/a><\/div>\n\n\n\n<div class=\"wp-block-button has-custom-width wp-block-button__width-100 is-style-outline is-style-outline--2\"><a class=\"wp-block-button__link has-large-font-size has-custom-font-size wp-element-button\" href=\"https:\/\/sisu.ut.ee\/abc\/kaastootajad\/\">Kaast\u00f6\u00f6tajad<\/a><\/div>\n<\/div>\n","protected":false},"excerpt":{"rendered":"<p>Uurijad ja doktorandid<\/p>\n","protected":false},"author":282,"featured_media":0,"parent":0,"menu_order":0,"comment_status":"closed","ping_status":"closed","template":"","meta":{"_acf_changed":false,"inline_featured_image":false,"footnotes":""},"class_list":["post-22","page","type-page","status-publish","hentry"],"acf":[],"_links":{"self":[{"href":"https:\/\/sisu.ut.ee\/abc\/wp-json\/wp\/v2\/pages\/22","targetHints":{"allow":["GET"]}}],"collection":[{"href":"https:\/\/sisu.ut.ee\/abc\/wp-json\/wp\/v2\/pages"}],"about":[{"href":"https:\/\/sisu.ut.ee\/abc\/wp-json\/wp\/v2\/types\/page"}],"author":[{"embeddable":true,"href":"https:\/\/sisu.ut.ee\/abc\/wp-json\/wp\/v2\/users\/282"}],"replies":[{"embeddable":true,"href":"https:\/\/sisu.ut.ee\/abc\/wp-json\/wp\/v2\/comments?post=22"}],"version-history":[{"count":29,"href":"https:\/\/sisu.ut.ee\/abc\/wp-json\/wp\/v2\/pages\/22\/revisions"}],"predecessor-version":[{"id":1180,"href":"https:\/\/sisu.ut.ee\/abc\/wp-json\/wp\/v2\/pages\/22\/revisions\/1180"}],"wp:attachment":[{"href":"https:\/\/sisu.ut.ee\/abc\/wp-json\/wp\/v2\/media?parent=22"}],"curies":[{"name":"wp","href":"https:\/\/api.w.org\/{rel}","templated":true}]}}